{"id":61883,"date":"2025-07-09T13:59:33","date_gmt":"2025-07-09T11:59:33","guid":{"rendered":"https:\/\/arcticexcursions.com\/?post_type=product&#038;p=61883"},"modified":"2026-04-18T11:28:15","modified_gmt":"2026-04-18T09:28:15","slug":"fjordcruise-8-knots","status":"publish","type":"product","link":"https:\/\/arcticexcursions.com\/da\/udflugter\/fjordcruise-8-knots\/","title":{"rendered":"Aftentur Fjord Cruise"},"content":{"rendered":"<p>B\u00e5den sejler 8 knob, perfekt til safariture. Se Nuuk fra vandsiden, og vores fokus vil v\u00e6re p\u00e5 hvaler, isbjerge og Sermitsiaq-vandfaldet. <\/p>\n<p>Du vil have god tid til at slappe af, tage billeder, se den smukke natur og bare sidde ned og nyde turen p\u00e5 \u00f8verste d\u00e6k.<\/p>\n<p><b>Varighed:<\/b> Afh\u00e6ngigt af dagen kan turen tage op til 3,5 eller 4 timer, hvis vi kan se hvaler i n\u00e6rheden. Det er ikke en garanti, kun en mulighed.<\/p>\n<p><b>Deltagere:<\/b> Bem\u00e6rk venligst, at udflugten kun gennemf\u00f8res, hvis der er mindst 4 bookede billetter i alt. Hvis du for eksempel booker 2 billetter, skal der s\u00e6lges mindst 2 yderligere billetter til andre kunder, f\u00f8r turen kan finde sted. Der vil deltage maksimalt 12 personer.<\/p>\n<p><b>Sprog:<\/b> Guiden\/kaptajnen taler dansk, engelsk og gr\u00f8nlandsk<\/p>\n<p><b>B\u00e5dtype:<\/b> lukket b\u00e5d<\/p>\n<p><b>Toiletforhold:<\/b> Der er toilet p\u00e5 b\u00e5den<\/p>\n<p><b>Forplejning:<\/b> Kaffe og te serveres p\u00e5 b\u00e5den<\/p>\n<p><b>Anbefalet p\u00e5kl\u00e6dning:<\/b> Varmt t\u00f8j inkl. hue og handsker hele \u00e5ret. Solbriller. Solcreme om sommeren.<\/p>\n","protected":false},"excerpt":{"rendered":"<p>Tag med os p\u00e5 en 3 timers aftentur med vores 12-personers passagerb\u00e5d IVIK.<\/p>\n","protected":false},"featured_media":61880,"comment_status":"open","ping_status":"closed","template":"","meta":{"_acf_changed":false},"product_brand":[],"product_cat":[101,170],"product_tag":[],"class_list":{"0":"post-61883","1":"product","2":"type-product","3":"status-publish","4":"has-post-thumbnail","6":"product_cat-tour","7":"product_cat-udflugt","8":"pa_dato-5949","9":"pa_dato-5966","10":"pa_dato-5974","11":"pa_dato-6000","12":"pa_dato-5882","13":"pa_dato-5925","14":"pa_dato-5953","15":"pa_dato-5965","16":"pa_dato-5975","17":"pa_dato-5976","18":"pa_dato-6046","19":"pa_dato-6087","20":"pa_dato-5954","21":"pa_dato-5880","22":"pa_dato-5937","23":"pa_dato-5964","24":"pa_dato-6067","25":"pa_dato-6023","26":"pa_dato-5926","27":"pa_dato-6006","28":"pa_dato-5955","29":"pa_dato-6062","30":"pa_dato-5939","31":"pa_dato-6186","32":"pa_dato-6176","33":"pa_dato-6239","34":"pa_dato-6459","35":"pa_dato-6383","36":"pa_dato-6428","37":"pa_dato-6470","38":"pa_dato-6240","39":"pa_tidspunkt-6324","40":"pa_tidspunkt-308","41":"pa_tidspunkt-205","42":"pa_tidspunkt-770","43":"pa_tidspunkt-255","44":"tour_location-nuuk-da","45":"tour_type-baadture","46":"tour_state-pending_review","47":"tour_tickettype-arctic_excursions","48":"tour_tickettype-greenland_travel_tour","49":"tour_tickettype-greenland_travel_team","50":"tour_operator-kang-tourism","52":"first","53":"instock","54":"shipping-taxable","55":"purchasable","56":"product-type-variable"},"acf":[],"yoast_head":"<!-- This site is optimized with the Yoast SEO plugin v23.6 - https:\/\/yoast.com\/wordpress\/plugins\/seo\/ -->\n<title>Arctic Excursions<\/title>\n<meta name=\"robots\" content=\"index, follow, max-snippet:-1, max-image-preview:large, max-video-preview:-1\" \/>\n<link rel=\"canonical\" href=\"https:\/\/arcticexcursions.com\/da\/udflugter\/fjordcruise-8-knots\/\" \/>\n<meta property=\"og:locale\" content=\"da_DK\" \/>\n<meta property=\"og:type\" content=\"article\" \/>\n<meta property=\"og:title\" content=\"Aftentur Fjord Cruise - Arctic Excursions\" \/>\n<meta property=\"og:description\" content=\"Tag med os p\u00e5 en 3 timers aftentur med vores 12-personers passagerb\u00e5d IVIK.\" \/>\n<meta property=\"og:url\" content=\"https:\/\/arcticexcursions.com\/da\/udflugter\/fjordcruise-8-knots\/\" \/>\n<meta property=\"og:site_name\" content=\"Arctic Excursions\" \/>\n<meta property=\"article:modified_time\" content=\"2026-04-18T09:28:15+00:00\" \/>\n<meta property=\"og:image\" content=\"https:\/\/arcticexcursions.com\/wp-content\/uploads\/2025\/07\/274128643_2167800763383160_3257490071561992858_n.jpg\" \/>\n\t<meta property=\"og:image:width\" content=\"960\" \/>\n\t<meta property=\"og:image:height\" content=\"640\" \/>\n\t<meta property=\"og:image:type\" content=\"image\/jpeg\" \/>\n<meta name=\"twitter:card\" content=\"summary_large_image\" \/>\n<meta name=\"twitter:label1\" content=\"Estimeret l\u00e6setid\" \/>\n\t<meta name=\"twitter:data1\" content=\"1 minut\" \/>\n<script type=\"application\/ld+json\" class=\"yoast-schema-graph\">{\"@context\":\"https:\/\/schema.org\",\"@graph\":[{\"@type\":\"WebPage\",\"@id\":\"https:\/\/arcticexcursions.com\/da\/udflugter\/fjordcruise-8-knots\/\",\"url\":\"https:\/\/arcticexcursions.com\/da\/udflugter\/fjordcruise-8-knots\/\",\"name\":\"Aftentur Fjord Cruise - Arctic Excursions\",\"isPartOf\":{\"@id\":\"https:\/\/arcticexcursions.com\/#website\"},\"primaryImageOfPage\":{\"@id\":\"https:\/\/arcticexcursions.com\/da\/udflugter\/fjordcruise-8-knots\/#primaryimage\"},\"image\":{\"@id\":\"https:\/\/arcticexcursions.com\/da\/udflugter\/fjordcruise-8-knots\/#primaryimage\"},\"thumbnailUrl\":\"https:\/\/arcticexcursions.com\/wp-content\/uploads\/2025\/07\/274128643_2167800763383160_3257490071561992858_n.jpg\",\"datePublished\":\"2025-07-09T11:59:33+00:00\",\"dateModified\":\"2026-04-18T09:28:15+00:00\",\"breadcrumb\":{\"@id\":\"https:\/\/arcticexcursions.com\/da\/udflugter\/fjordcruise-8-knots\/#breadcrumb\"},\"inLanguage\":\"da-DK\",\"potentialAction\":[{\"@type\":\"ReadAction\",\"target\":[\"https:\/\/arcticexcursions.com\/da\/udflugter\/fjordcruise-8-knots\/\"]}]},{\"@type\":\"ImageObject\",\"inLanguage\":\"da-DK\",\"@id\":\"https:\/\/arcticexcursions.com\/da\/udflugter\/fjordcruise-8-knots\/#primaryimage\",\"url\":\"https:\/\/arcticexcursions.com\/wp-content\/uploads\/2025\/07\/274128643_2167800763383160_3257490071561992858_n.jpg\",\"contentUrl\":\"https:\/\/arcticexcursions.com\/wp-content\/uploads\/2025\/07\/274128643_2167800763383160_3257490071561992858_n.jpg\",\"width\":960,\"height\":640},{\"@type\":\"BreadcrumbList\",\"@id\":\"https:\/\/arcticexcursions.com\/da\/udflugter\/fjordcruise-8-knots\/#breadcrumb\",\"itemListElement\":[{\"@type\":\"ListItem\",\"position\":1,\"name\":\"Home\",\"item\":\"https:\/\/arcticexcursions.com\/da\/\"},{\"@type\":\"ListItem\",\"position\":2,\"name\":\"Udflugter i Gr\u00f8nland\",\"item\":\"https:\/\/arcticexcursions.com\/da\/udflugter\/\"},{\"@type\":\"ListItem\",\"position\":3,\"name\":\"Aftentur Fjord Cruise\"}]},{\"@type\":\"WebSite\",\"@id\":\"https:\/\/arcticexcursions.com\/#website\",\"url\":\"https:\/\/arcticexcursions.com\/\",\"name\":\"Arctic Excursions\",\"description\":\"New adventures. Every day.\",\"publisher\":{\"@id\":\"https:\/\/arcticexcursions.com\/#organization\"},\"potentialAction\":[{\"@type\":\"SearchAction\",\"target\":{\"@type\":\"EntryPoint\",\"urlTemplate\":\"https:\/\/arcticexcursions.com\/?s={search_term_string}\"},\"query-input\":{\"@type\":\"PropertyValueSpecification\",\"valueRequired\":true,\"valueName\":\"search_term_string\"}}],\"inLanguage\":\"da-DK\"},{\"@type\":\"Organization\",\"@id\":\"https:\/\/arcticexcursions.com\/#organization\",\"name\":\"Arctic Excursions\",\"url\":\"https:\/\/arcticexcursions.com\/\",\"logo\":{\"@type\":\"ImageObject\",\"inLanguage\":\"da-DK\",\"@id\":\"https:\/\/arcticexcursions.com\/#\/schema\/logo\/image\/\",\"url\":\"https:\/\/arcticexcursions.com\/wp-content\/uploads\/2022\/11\/fb-logo.png\",\"contentUrl\":\"https:\/\/arcticexcursions.com\/wp-content\/uploads\/2022\/11\/fb-logo.png\",\"width\":523,\"height\":523,\"caption\":\"Arctic Excursions\"},\"image\":{\"@id\":\"https:\/\/arcticexcursions.com\/#\/schema\/logo\/image\/\"}}]}<\/script>\n<!-- \/ Yoast SEO plugin. -->","yoast_head_json":{"title":"Arctic Excursions","robots":{"index":"index","follow":"follow","max-snippet":"max-snippet:-1","max-image-preview":"max-image-preview:large","max-video-preview":"max-video-preview:-1"},"canonical":"https:\/\/arcticexcursions.com\/da\/udflugter\/fjordcruise-8-knots\/","og_locale":"da_DK","og_type":"article","og_title":"Aftentur Fjord Cruise - Arctic Excursions","og_description":"Tag med os p\u00e5 en 3 timers aftentur med vores 12-personers passagerb\u00e5d IVIK.","og_url":"https:\/\/arcticexcursions.com\/da\/udflugter\/fjordcruise-8-knots\/","og_site_name":"Arctic Excursions","article_modified_time":"2026-04-18T09:28:15+00:00","og_image":[{"width":960,"height":640,"url":"https:\/\/arcticexcursions.com\/wp-content\/uploads\/2025\/07\/274128643_2167800763383160_3257490071561992858_n.jpg","type":"image\/jpeg"}],"twitter_card":"summary_large_image","twitter_misc":{"Estimeret l\u00e6setid":"1 minut"},"schema":{"@context":"https:\/\/schema.org","@graph":[{"@type":"WebPage","@id":"https:\/\/arcticexcursions.com\/da\/udflugter\/fjordcruise-8-knots\/","url":"https:\/\/arcticexcursions.com\/da\/udflugter\/fjordcruise-8-knots\/","name":"Aftentur Fjord Cruise - Arctic Excursions","isPartOf":{"@id":"https:\/\/arcticexcursions.com\/#website"},"primaryImageOfPage":{"@id":"https:\/\/arcticexcursions.com\/da\/udflugter\/fjordcruise-8-knots\/#primaryimage"},"image":{"@id":"https:\/\/arcticexcursions.com\/da\/udflugter\/fjordcruise-8-knots\/#primaryimage"},"thumbnailUrl":"https:\/\/arcticexcursions.com\/wp-content\/uploads\/2025\/07\/274128643_2167800763383160_3257490071561992858_n.jpg","datePublished":"2025-07-09T11:59:33+00:00","dateModified":"2026-04-18T09:28:15+00:00","breadcrumb":{"@id":"https:\/\/arcticexcursions.com\/da\/udflugter\/fjordcruise-8-knots\/#breadcrumb"},"inLanguage":"da-DK","potentialAction":[{"@type":"ReadAction","target":["https:\/\/arcticexcursions.com\/da\/udflugter\/fjordcruise-8-knots\/"]}]},{"@type":"ImageObject","inLanguage":"da-DK","@id":"https:\/\/arcticexcursions.com\/da\/udflugter\/fjordcruise-8-knots\/#primaryimage","url":"https:\/\/arcticexcursions.com\/wp-content\/uploads\/2025\/07\/274128643_2167800763383160_3257490071561992858_n.jpg","contentUrl":"https:\/\/arcticexcursions.com\/wp-content\/uploads\/2025\/07\/274128643_2167800763383160_3257490071561992858_n.jpg","width":960,"height":640},{"@type":"BreadcrumbList","@id":"https:\/\/arcticexcursions.com\/da\/udflugter\/fjordcruise-8-knots\/#breadcrumb","itemListElement":[{"@type":"ListItem","position":1,"name":"Home","item":"https:\/\/arcticexcursions.com\/da\/"},{"@type":"ListItem","position":2,"name":"Udflugter i Gr\u00f8nland","item":"https:\/\/arcticexcursions.com\/da\/udflugter\/"},{"@type":"ListItem","position":3,"name":"Aftentur Fjord Cruise"}]},{"@type":"WebSite","@id":"https:\/\/arcticexcursions.com\/#website","url":"https:\/\/arcticexcursions.com\/","name":"Arctic Excursions","description":"New adventures. Every day.","publisher":{"@id":"https:\/\/arcticexcursions.com\/#organization"},"potentialAction":[{"@type":"SearchAction","target":{"@type":"EntryPoint","urlTemplate":"https:\/\/arcticexcursions.com\/?s={search_term_string}"},"query-input":{"@type":"PropertyValueSpecification","valueRequired":true,"valueName":"search_term_string"}}],"inLanguage":"da-DK"},{"@type":"Organization","@id":"https:\/\/arcticexcursions.com\/#organization","name":"Arctic Excursions","url":"https:\/\/arcticexcursions.com\/","logo":{"@type":"ImageObject","inLanguage":"da-DK","@id":"https:\/\/arcticexcursions.com\/#\/schema\/logo\/image\/","url":"https:\/\/arcticexcursions.com\/wp-content\/uploads\/2022\/11\/fb-logo.png","contentUrl":"https:\/\/arcticexcursions.com\/wp-content\/uploads\/2022\/11\/fb-logo.png","width":523,"height":523,"caption":"Arctic Excursions"},"image":{"@id":"https:\/\/arcticexcursions.com\/#\/schema\/logo\/image\/"}}]}},"_links":{"self":[{"href":"https:\/\/arcticexcursions.com\/da\/wp-json\/wp\/v2\/product\/61883"}],"collection":[{"href":"https:\/\/arcticexcursions.com\/da\/wp-json\/wp\/v2\/product"}],"about":[{"href":"https:\/\/arcticexcursions.com\/da\/wp-json\/wp\/v2\/types\/product"}],"replies":[{"embeddable":true,"href":"https:\/\/arcticexcursions.com\/da\/wp-json\/wp\/v2\/comments?post=61883"}],"wp:featuredmedia":[{"embeddable":true,"href":"https:\/\/arcticexcursions.com\/da\/wp-json\/wp\/v2\/media\/61880"}],"wp:attachment":[{"href":"https:\/\/arcticexcursions.com\/da\/wp-json\/wp\/v2\/media?parent=61883"}],"wp:term":[{"taxonomy":"product_brand","embeddable":true,"href":"https:\/\/arcticexcursions.com\/da\/wp-json\/wp\/v2\/product_brand?post=61883"},{"taxonomy":"product_cat","embeddable":true,"href":"https:\/\/arcticexcursions.com\/da\/wp-json\/wp\/v2\/product_cat?post=61883"},{"taxonomy":"product_tag","embeddable":true,"href":"https:\/\/arcticexcursions.com\/da\/wp-json\/wp\/v2\/product_tag?post=61883"}],"curies":[{"name":"wp","href":"https:\/\/api.w.org\/{rel}","templated":true}]}}