{"id":62346,"date":"2025-07-11T12:21:50","date_gmt":"2025-07-11T10:21:50","guid":{"rendered":"https:\/\/arcticexcursions.com\/?post_type=product&#038;p=62346"},"modified":"2026-03-03T16:34:51","modified_gmt":"2026-03-03T14:34:51","slug":"explore-nuuk-on-e-bike","status":"publish","type":"product","link":"https:\/\/arcticexcursions.com\/da\/udflugter\/explore-nuuk-on-e-bike\/","title":{"rendered":"Udforsk Nuuk p\u00e5 elcykel"},"content":{"rendered":"<p><b>Udforsk Nuuk p\u00e5 E-Bike<\/b><br \/>\nInuk Travel tilbyder nu en ny og milj\u00f8venlig m\u00e5de at opleve Nuuk p\u00e5 med vores 10 elektriske cykler, som er klar til udlejning.<\/p>\n<p>Hvis du gerne vil udforske byen i dit eget tempo, er en e bike en rigtig god l\u00f8sning. Du kan nemt cykle rundt i byen, langs kysten og op til udsigtspunkter.<\/p>\n<p><b>Lej en E Bike, Selv Guidet<\/b><br \/>\nPerfekt til dig, der vil opleve Nuuk p\u00e5 egen h\u00e5nd og i dit eget tempo.<\/p>\n<p><b>Inkluderet i lejen<\/b><br \/>\nHjelm, grundl\u00e6ggende instruktion i brug af e bike og lokale tips til gode ruter.<\/p>\n<p><b>Derfor skal du v\u00e6lge en E Bike i Nuuk<\/b><br \/>\nHurtig og nem transport, milj\u00f8venligt valg, passer til alle niveauer af kondition, du n\u00e5r at se mere p\u00e5 kortere tid.<\/p>\n<p>Bem\u00e6rk: Ved leje i mere end 24 timer vil der blive opkr\u00e6vet et depositum.<\/p>\n","protected":false},"excerpt":{"rendered":"<p>Tag p\u00e5 en selvguidet tur i Nuuk med en elcykel.<\/p>\n","protected":false},"featured_media":62338,"comment_status":"open","ping_status":"closed","template":"","meta":{"_acf_changed":false},"product_brand":[],"product_cat":[101,170],"product_tag":[],"class_list":{"0":"post-62346","1":"product","2":"type-product","3":"status-publish","4":"has-post-thumbnail","6":"product_cat-tour","7":"product_cat-udflugt","8":"pa_dato-5954","9":"pa_dato-5880","10":"pa_dato-5964","11":"pa_dato-5931","12":"pa_dato-6345","13":"pa_dato-6326","14":"pa_dato-6076","15":"pa_dato-6490","16":"pa_tidspunkt-40","17":"tour_location-nuuk-da","18":"tour_type-byvandring","19":"tour_tickettype-arctic_excursions","20":"tour_tickettype-greenland_travel_tour","21":"tour_tickettype-greenland_travel_team","22":"tour_operator-inuk-travel","24":"first","25":"instock","26":"shipping-taxable","27":"purchasable","28":"product-type-variable"},"acf":[],"yoast_head":"<!-- This site is optimized with the Yoast SEO plugin v23.6 - https:\/\/yoast.com\/wordpress\/plugins\/seo\/ -->\n<title>Arctic Excursions<\/title>\n<meta name=\"robots\" content=\"index, follow, max-snippet:-1, max-image-preview:large, max-video-preview:-1\" \/>\n<link rel=\"canonical\" href=\"https:\/\/arcticexcursions.com\/da\/udflugter\/explore-nuuk-on-e-bike\/\" \/>\n<meta property=\"og:locale\" content=\"da_DK\" \/>\n<meta property=\"og:type\" content=\"article\" \/>\n<meta property=\"og:title\" content=\"Udforsk Nuuk p\u00e5 elcykel - Arctic Excursions\" \/>\n<meta property=\"og:description\" content=\"Tag p\u00e5 en selvguidet tur i Nuuk med en elcykel.\" \/>\n<meta property=\"og:url\" content=\"https:\/\/arcticexcursions.com\/da\/udflugter\/explore-nuuk-on-e-bike\/\" \/>\n<meta property=\"og:site_name\" content=\"Arctic Excursions\" \/>\n<meta property=\"article:modified_time\" content=\"2026-03-03T14:34:51+00:00\" \/>\n<meta property=\"og:image\" content=\"https:\/\/arcticexcursions.com\/wp-content\/uploads\/2025\/07\/E-bike.png\" \/>\n\t<meta property=\"og:image:width\" content=\"701\" \/>\n\t<meta property=\"og:image:height\" content=\"797\" \/>\n\t<meta property=\"og:image:type\" content=\"image\/png\" \/>\n<meta name=\"twitter:card\" content=\"summary_large_image\" \/>\n<meta name=\"twitter:label1\" content=\"Estimeret l\u00e6setid\" \/>\n\t<meta name=\"twitter:data1\" content=\"1 minut\" \/>\n<script type=\"application\/ld+json\" class=\"yoast-schema-graph\">{\"@context\":\"https:\/\/schema.org\",\"@graph\":[{\"@type\":\"WebPage\",\"@id\":\"https:\/\/arcticexcursions.com\/da\/udflugter\/explore-nuuk-on-e-bike\/\",\"url\":\"https:\/\/arcticexcursions.com\/da\/udflugter\/explore-nuuk-on-e-bike\/\",\"name\":\"Udforsk Nuuk p\u00e5 elcykel - Arctic Excursions\",\"isPartOf\":{\"@id\":\"https:\/\/arcticexcursions.com\/#website\"},\"primaryImageOfPage\":{\"@id\":\"https:\/\/arcticexcursions.com\/da\/udflugter\/explore-nuuk-on-e-bike\/#primaryimage\"},\"image\":{\"@id\":\"https:\/\/arcticexcursions.com\/da\/udflugter\/explore-nuuk-on-e-bike\/#primaryimage\"},\"thumbnailUrl\":\"https:\/\/arcticexcursions.com\/wp-content\/uploads\/2025\/07\/E-bike.png\",\"datePublished\":\"2025-07-11T10:21:50+00:00\",\"dateModified\":\"2026-03-03T14:34:51+00:00\",\"breadcrumb\":{\"@id\":\"https:\/\/arcticexcursions.com\/da\/udflugter\/explore-nuuk-on-e-bike\/#breadcrumb\"},\"inLanguage\":\"da-DK\",\"potentialAction\":[{\"@type\":\"ReadAction\",\"target\":[\"https:\/\/arcticexcursions.com\/da\/udflugter\/explore-nuuk-on-e-bike\/\"]}]},{\"@type\":\"ImageObject\",\"inLanguage\":\"da-DK\",\"@id\":\"https:\/\/arcticexcursions.com\/da\/udflugter\/explore-nuuk-on-e-bike\/#primaryimage\",\"url\":\"https:\/\/arcticexcursions.com\/wp-content\/uploads\/2025\/07\/E-bike.png\",\"contentUrl\":\"https:\/\/arcticexcursions.com\/wp-content\/uploads\/2025\/07\/E-bike.png\",\"width\":701,\"height\":797},{\"@type\":\"BreadcrumbList\",\"@id\":\"https:\/\/arcticexcursions.com\/da\/udflugter\/explore-nuuk-on-e-bike\/#breadcrumb\",\"itemListElement\":[{\"@type\":\"ListItem\",\"position\":1,\"name\":\"Home\",\"item\":\"https:\/\/arcticexcursions.com\/da\/\"},{\"@type\":\"ListItem\",\"position\":2,\"name\":\"Udflugter i Gr\u00f8nland\",\"item\":\"https:\/\/arcticexcursions.com\/da\/udflugter\/\"},{\"@type\":\"ListItem\",\"position\":3,\"name\":\"Udforsk Nuuk p\u00e5 elcykel\"}]},{\"@type\":\"WebSite\",\"@id\":\"https:\/\/arcticexcursions.com\/#website\",\"url\":\"https:\/\/arcticexcursions.com\/\",\"name\":\"Arctic Excursions\",\"description\":\"New adventures. Every day.\",\"publisher\":{\"@id\":\"https:\/\/arcticexcursions.com\/#organization\"},\"potentialAction\":[{\"@type\":\"SearchAction\",\"target\":{\"@type\":\"EntryPoint\",\"urlTemplate\":\"https:\/\/arcticexcursions.com\/?s={search_term_string}\"},\"query-input\":{\"@type\":\"PropertyValueSpecification\",\"valueRequired\":true,\"valueName\":\"search_term_string\"}}],\"inLanguage\":\"da-DK\"},{\"@type\":\"Organization\",\"@id\":\"https:\/\/arcticexcursions.com\/#organization\",\"name\":\"Arctic Excursions\",\"url\":\"https:\/\/arcticexcursions.com\/\",\"logo\":{\"@type\":\"ImageObject\",\"inLanguage\":\"da-DK\",\"@id\":\"https:\/\/arcticexcursions.com\/#\/schema\/logo\/image\/\",\"url\":\"https:\/\/arcticexcursions.com\/wp-content\/uploads\/2022\/11\/fb-logo.png\",\"contentUrl\":\"https:\/\/arcticexcursions.com\/wp-content\/uploads\/2022\/11\/fb-logo.png\",\"width\":523,\"height\":523,\"caption\":\"Arctic Excursions\"},\"image\":{\"@id\":\"https:\/\/arcticexcursions.com\/#\/schema\/logo\/image\/\"}}]}<\/script>\n<!-- \/ Yoast SEO plugin. -->","yoast_head_json":{"title":"Arctic Excursions","robots":{"index":"index","follow":"follow","max-snippet":"max-snippet:-1","max-image-preview":"max-image-preview:large","max-video-preview":"max-video-preview:-1"},"canonical":"https:\/\/arcticexcursions.com\/da\/udflugter\/explore-nuuk-on-e-bike\/","og_locale":"da_DK","og_type":"article","og_title":"Udforsk Nuuk p\u00e5 elcykel - Arctic Excursions","og_description":"Tag p\u00e5 en selvguidet tur i Nuuk med en elcykel.","og_url":"https:\/\/arcticexcursions.com\/da\/udflugter\/explore-nuuk-on-e-bike\/","og_site_name":"Arctic Excursions","article_modified_time":"2026-03-03T14:34:51+00:00","og_image":[{"width":701,"height":797,"url":"https:\/\/arcticexcursions.com\/wp-content\/uploads\/2025\/07\/E-bike.png","type":"image\/png"}],"twitter_card":"summary_large_image","twitter_misc":{"Estimeret l\u00e6setid":"1 minut"},"schema":{"@context":"https:\/\/schema.org","@graph":[{"@type":"WebPage","@id":"https:\/\/arcticexcursions.com\/da\/udflugter\/explore-nuuk-on-e-bike\/","url":"https:\/\/arcticexcursions.com\/da\/udflugter\/explore-nuuk-on-e-bike\/","name":"Udforsk Nuuk p\u00e5 elcykel - Arctic Excursions","isPartOf":{"@id":"https:\/\/arcticexcursions.com\/#website"},"primaryImageOfPage":{"@id":"https:\/\/arcticexcursions.com\/da\/udflugter\/explore-nuuk-on-e-bike\/#primaryimage"},"image":{"@id":"https:\/\/arcticexcursions.com\/da\/udflugter\/explore-nuuk-on-e-bike\/#primaryimage"},"thumbnailUrl":"https:\/\/arcticexcursions.com\/wp-content\/uploads\/2025\/07\/E-bike.png","datePublished":"2025-07-11T10:21:50+00:00","dateModified":"2026-03-03T14:34:51+00:00","breadcrumb":{"@id":"https:\/\/arcticexcursions.com\/da\/udflugter\/explore-nuuk-on-e-bike\/#breadcrumb"},"inLanguage":"da-DK","potentialAction":[{"@type":"ReadAction","target":["https:\/\/arcticexcursions.com\/da\/udflugter\/explore-nuuk-on-e-bike\/"]}]},{"@type":"ImageObject","inLanguage":"da-DK","@id":"https:\/\/arcticexcursions.com\/da\/udflugter\/explore-nuuk-on-e-bike\/#primaryimage","url":"https:\/\/arcticexcursions.com\/wp-content\/uploads\/2025\/07\/E-bike.png","contentUrl":"https:\/\/arcticexcursions.com\/wp-content\/uploads\/2025\/07\/E-bike.png","width":701,"height":797},{"@type":"BreadcrumbList","@id":"https:\/\/arcticexcursions.com\/da\/udflugter\/explore-nuuk-on-e-bike\/#breadcrumb","itemListElement":[{"@type":"ListItem","position":1,"name":"Home","item":"https:\/\/arcticexcursions.com\/da\/"},{"@type":"ListItem","position":2,"name":"Udflugter i Gr\u00f8nland","item":"https:\/\/arcticexcursions.com\/da\/udflugter\/"},{"@type":"ListItem","position":3,"name":"Udforsk Nuuk p\u00e5 elcykel"}]},{"@type":"WebSite","@id":"https:\/\/arcticexcursions.com\/#website","url":"https:\/\/arcticexcursions.com\/","name":"Arctic Excursions","description":"New adventures. Every day.","publisher":{"@id":"https:\/\/arcticexcursions.com\/#organization"},"potentialAction":[{"@type":"SearchAction","target":{"@type":"EntryPoint","urlTemplate":"https:\/\/arcticexcursions.com\/?s={search_term_string}"},"query-input":{"@type":"PropertyValueSpecification","valueRequired":true,"valueName":"search_term_string"}}],"inLanguage":"da-DK"},{"@type":"Organization","@id":"https:\/\/arcticexcursions.com\/#organization","name":"Arctic Excursions","url":"https:\/\/arcticexcursions.com\/","logo":{"@type":"ImageObject","inLanguage":"da-DK","@id":"https:\/\/arcticexcursions.com\/#\/schema\/logo\/image\/","url":"https:\/\/arcticexcursions.com\/wp-content\/uploads\/2022\/11\/fb-logo.png","contentUrl":"https:\/\/arcticexcursions.com\/wp-content\/uploads\/2022\/11\/fb-logo.png","width":523,"height":523,"caption":"Arctic Excursions"},"image":{"@id":"https:\/\/arcticexcursions.com\/#\/schema\/logo\/image\/"}}]}},"_links":{"self":[{"href":"https:\/\/arcticexcursions.com\/da\/wp-json\/wp\/v2\/product\/62346"}],"collection":[{"href":"https:\/\/arcticexcursions.com\/da\/wp-json\/wp\/v2\/product"}],"about":[{"href":"https:\/\/arcticexcursions.com\/da\/wp-json\/wp\/v2\/types\/product"}],"replies":[{"embeddable":true,"href":"https:\/\/arcticexcursions.com\/da\/wp-json\/wp\/v2\/comments?post=62346"}],"wp:featuredmedia":[{"embeddable":true,"href":"https:\/\/arcticexcursions.com\/da\/wp-json\/wp\/v2\/media\/62338"}],"wp:attachment":[{"href":"https:\/\/arcticexcursions.com\/da\/wp-json\/wp\/v2\/media?parent=62346"}],"wp:term":[{"taxonomy":"product_brand","embeddable":true,"href":"https:\/\/arcticexcursions.com\/da\/wp-json\/wp\/v2\/product_brand?post=62346"},{"taxonomy":"product_cat","embeddable":true,"href":"https:\/\/arcticexcursions.com\/da\/wp-json\/wp\/v2\/product_cat?post=62346"},{"taxonomy":"product_tag","embeddable":true,"href":"https:\/\/arcticexcursions.com\/da\/wp-json\/wp\/v2\/product_tag?post=62346"}],"curies":[{"name":"wp","href":"https:\/\/api.w.org\/{rel}","templated":true}]}}