{"id":6340,"date":"2022-12-16T11:26:53","date_gmt":"2022-12-16T09:26:53","guid":{"rendered":"https:\/\/arcticexcursions.com\/?post_type=product&#038;p=6340"},"modified":"2025-11-03T18:21:27","modified_gmt":"2025-11-03T16:21:27","slug":"baad-dagstur-tiilerilaaq-og-sermerlik-isfjord","status":"publish","type":"product","link":"https:\/\/arcticexcursions.com\/da\/udflugter\/baad-dagstur-tiilerilaaq-og-sermerlik-isfjord\/","title":{"rendered":"Dagstur med b\u00e5d til Tiilerilaaq og Sermerlik Isfjord"},"content":{"rendered":"<p>Vi sejler langs Ammassalik-\u00f8en gennem det smukke landskab og passerer flydende is, som har forskellige st\u00f8rrelser og former.  Vores f\u00f8rste stop er efter 1 -2 timers sejlads, hvor vi ankommer til en lille bebyggelse kaldet Tiilerilaaq, som betyder \u201dstr\u00e6det, der l\u00f8ber t\u00f8r ved lavvande\u201d p\u00e5 gr\u00f8nlandsk. Tiilerilaaq har en udsigt over Sermilikfjorden, som betyder \u201disfjorden\u201d p\u00e5 gr\u00f8nlandsk. Udsigten er enest\u00e5ende og omgivelserne er noget helt specielt. Vi nyder frokosten med udsigt over Sermilik fjord, og hvis tiden tillader det, kan man g\u00e5 en lille tur gennem bygden.<br \/>\nEfter vores stop i Tiilerilaaq sejler vi stille og roligt tilbage til Tasiilaq. <\/p>\n<p><b>Varighed:<\/b> 7-8 timer<\/p>\n<p><b>Deltagere:<\/b> Bem\u00e6rk venligst, at udflugten kun gennemf\u00f8res, hvis der er mindst 4 bookede billetter i alt. Hvis du for eksempel booker 2 billetter, skal der s\u00e6lges mindst 2 yderligere billetter til andre kunder, f\u00f8r turen kan finde sted. Der kan deltage maksimalt 10 personer.<\/p>\n<p><b>Sprog:<\/b> Guiden\/kaptajnen taler dansk, engelsk og gr\u00f8nlandsk<\/p>\n<p><b>B\u00e5dtype:<\/b> \u00c5ben\/lukket b\u00e5d<\/p>\n<p><b>Forplejning:<\/b> Kaffe og te serveres p\u00e5 b\u00e5den<\/p>\n<p><b>Anbefalet p\u00e5kl\u00e6dning:<\/b> Varmt t\u00f8j inkl. hue og handsker hele \u00e5ret. Solbriller. Solcreme om sommeren.<\/p>\n","protected":false},"excerpt":{"rendered":"<p>Dagstur med b\u00e5d hvor vi bes\u00f8ger en gammel vinter boplads &#8211; Tiilerilaaq og Sermerlik isfjorden med store isbjerge og med lidt held, hvaler.<\/p>\n","protected":false},"featured_media":6327,"comment_status":"open","ping_status":"closed","template":"","meta":{"_acf_changed":false},"product_brand":[],"product_cat":[170],"product_tag":[],"class_list":{"0":"post-6340","1":"product","2":"type-product","3":"status-publish","4":"has-post-thumbnail","6":"product_cat-udflugt","7":"pa_dato-539","8":"pa_dato-547","9":"pa_dato-554","10":"pa_dato-559","11":"pa_dato-687","12":"pa_dato-694","13":"pa_dato-695","14":"pa_dato-5891","15":"pa_dato-6058","16":"pa_tidspunkt-72","17":"tour_location-tasiilaq-da","18":"tour_type-baadture","19":"tour_tickettype-arctic_excursions","20":"tour_operator-arctic-dream","22":"first","23":"outofstock","24":"shipping-taxable","25":"product-type-variable"},"acf":[],"yoast_head":"<!-- This site is optimized with the Yoast SEO plugin v23.6 - https:\/\/yoast.com\/wordpress\/plugins\/seo\/ -->\n<title>Arctic Excursions<\/title>\n<meta name=\"robots\" content=\"index, follow, max-snippet:-1, max-image-preview:large, max-video-preview:-1\" \/>\n<link rel=\"canonical\" href=\"https:\/\/arcticexcursions.com\/udflugter\/day-boat-tour-to-tiilerilaaq-and-sermerlik-icefjord\/\" \/>\n<meta property=\"og:locale\" content=\"da_DK\" \/>\n<meta property=\"og:type\" content=\"article\" \/>\n<meta property=\"og:title\" content=\"Dagstur med b\u00e5d til Tiilerilaaq og Sermerlik Isfjord - Arctic Excursions\" \/>\n<meta property=\"og:description\" content=\"Dagstur med b\u00e5d hvor vi bes\u00f8ger en gammel vinter boplads - Tiilerilaaq og Sermerlik isfjorden med store isbjerge og med lidt held, hvaler.\" \/>\n<meta property=\"og:url\" content=\"https:\/\/arcticexcursions.com\/udflugter\/day-boat-tour-to-tiilerilaaq-and-sermerlik-icefjord\/\" \/>\n<meta property=\"og:site_name\" content=\"Arctic Excursions\" \/>\n<meta property=\"article:modified_time\" content=\"2025-11-03T16:21:27+00:00\" \/>\n<meta property=\"og:image\" content=\"https:\/\/arcticexcursions.com\/wp-content\/uploads\/2022\/12\/Tinit-frokost.jpg\" \/>\n\t<meta property=\"og:image:width\" content=\"2048\" \/>\n\t<meta property=\"og:image:height\" content=\"1735\" \/>\n\t<meta property=\"og:image:type\" content=\"image\/jpeg\" \/>\n<meta name=\"twitter:card\" content=\"summary_large_image\" \/>\n<meta name=\"twitter:label1\" content=\"Estimeret l\u00e6setid\" \/>\n\t<meta name=\"twitter:data1\" content=\"1 minut\" \/>\n<script type=\"application\/ld+json\" class=\"yoast-schema-graph\">{\"@context\":\"https:\/\/schema.org\",\"@graph\":[{\"@type\":\"WebPage\",\"@id\":\"https:\/\/arcticexcursions.com\/udflugter\/day-boat-tour-to-tiilerilaaq-and-sermerlik-icefjord\/\",\"url\":\"https:\/\/arcticexcursions.com\/udflugter\/day-boat-tour-to-tiilerilaaq-and-sermerlik-icefjord\/\",\"name\":\"Dagstur med b\u00e5d til Tiilerilaaq og Sermerlik Isfjord - Arctic Excursions\",\"isPartOf\":{\"@id\":\"https:\/\/arcticexcursions.com\/#website\"},\"primaryImageOfPage\":{\"@id\":\"https:\/\/arcticexcursions.com\/udflugter\/day-boat-tour-to-tiilerilaaq-and-sermerlik-icefjord\/#primaryimage\"},\"image\":{\"@id\":\"https:\/\/arcticexcursions.com\/udflugter\/day-boat-tour-to-tiilerilaaq-and-sermerlik-icefjord\/#primaryimage\"},\"thumbnailUrl\":\"https:\/\/arcticexcursions.com\/wp-content\/uploads\/2022\/12\/Tinit-frokost.jpg\",\"datePublished\":\"2022-12-16T09:26:53+00:00\",\"dateModified\":\"2025-11-03T16:21:27+00:00\",\"breadcrumb\":{\"@id\":\"https:\/\/arcticexcursions.com\/udflugter\/day-boat-tour-to-tiilerilaaq-and-sermerlik-icefjord\/#breadcrumb\"},\"inLanguage\":\"da-DK\",\"potentialAction\":[{\"@type\":\"ReadAction\",\"target\":[\"https:\/\/arcticexcursions.com\/udflugter\/day-boat-tour-to-tiilerilaaq-and-sermerlik-icefjord\/\"]}]},{\"@type\":\"ImageObject\",\"inLanguage\":\"da-DK\",\"@id\":\"https:\/\/arcticexcursions.com\/udflugter\/day-boat-tour-to-tiilerilaaq-and-sermerlik-icefjord\/#primaryimage\",\"url\":\"https:\/\/arcticexcursions.com\/wp-content\/uploads\/2022\/12\/Tinit-frokost.jpg\",\"contentUrl\":\"https:\/\/arcticexcursions.com\/wp-content\/uploads\/2022\/12\/Tinit-frokost.jpg\",\"width\":2048,\"height\":1735},{\"@type\":\"BreadcrumbList\",\"@id\":\"https:\/\/arcticexcursions.com\/udflugter\/day-boat-tour-to-tiilerilaaq-and-sermerlik-icefjord\/#breadcrumb\",\"itemListElement\":[{\"@type\":\"ListItem\",\"position\":1,\"name\":\"Home\",\"item\":\"https:\/\/arcticexcursions.com\/da\/\"},{\"@type\":\"ListItem\",\"position\":2,\"name\":\"Udflugter i Gr\u00f8nland\",\"item\":\"https:\/\/arcticexcursions.com\/da\/udflugter\/\"},{\"@type\":\"ListItem\",\"position\":3,\"name\":\"Dagstur med b\u00e5d til Tiilerilaaq og Sermerlik Isfjord\"}]},{\"@type\":\"WebSite\",\"@id\":\"https:\/\/arcticexcursions.com\/#website\",\"url\":\"https:\/\/arcticexcursions.com\/\",\"name\":\"Arctic Excursions\",\"description\":\"New adventures. Every day.\",\"publisher\":{\"@id\":\"https:\/\/arcticexcursions.com\/#organization\"},\"potentialAction\":[{\"@type\":\"SearchAction\",\"target\":{\"@type\":\"EntryPoint\",\"urlTemplate\":\"https:\/\/arcticexcursions.com\/?s={search_term_string}\"},\"query-input\":{\"@type\":\"PropertyValueSpecification\",\"valueRequired\":true,\"valueName\":\"search_term_string\"}}],\"inLanguage\":\"da-DK\"},{\"@type\":\"Organization\",\"@id\":\"https:\/\/arcticexcursions.com\/#organization\",\"name\":\"Arctic Excursions\",\"url\":\"https:\/\/arcticexcursions.com\/\",\"logo\":{\"@type\":\"ImageObject\",\"inLanguage\":\"da-DK\",\"@id\":\"https:\/\/arcticexcursions.com\/#\/schema\/logo\/image\/\",\"url\":\"https:\/\/arcticexcursions.com\/wp-content\/uploads\/2022\/11\/fb-logo.png\",\"contentUrl\":\"https:\/\/arcticexcursions.com\/wp-content\/uploads\/2022\/11\/fb-logo.png\",\"width\":523,\"height\":523,\"caption\":\"Arctic Excursions\"},\"image\":{\"@id\":\"https:\/\/arcticexcursions.com\/#\/schema\/logo\/image\/\"}}]}<\/script>\n<!-- \/ Yoast SEO plugin. -->","yoast_head_json":{"title":"Arctic Excursions","robots":{"index":"index","follow":"follow","max-snippet":"max-snippet:-1","max-image-preview":"max-image-preview:large","max-video-preview":"max-video-preview:-1"},"canonical":"https:\/\/arcticexcursions.com\/udflugter\/day-boat-tour-to-tiilerilaaq-and-sermerlik-icefjord\/","og_locale":"da_DK","og_type":"article","og_title":"Dagstur med b\u00e5d til Tiilerilaaq og Sermerlik Isfjord - Arctic Excursions","og_description":"Dagstur med b\u00e5d hvor vi bes\u00f8ger en gammel vinter boplads - Tiilerilaaq og Sermerlik isfjorden med store isbjerge og med lidt held, hvaler.","og_url":"https:\/\/arcticexcursions.com\/udflugter\/day-boat-tour-to-tiilerilaaq-and-sermerlik-icefjord\/","og_site_name":"Arctic Excursions","article_modified_time":"2025-11-03T16:21:27+00:00","og_image":[{"width":2048,"height":1735,"url":"https:\/\/arcticexcursions.com\/wp-content\/uploads\/2022\/12\/Tinit-frokost.jpg","type":"image\/jpeg"}],"twitter_card":"summary_large_image","twitter_misc":{"Estimeret l\u00e6setid":"1 minut"},"schema":{"@context":"https:\/\/schema.org","@graph":[{"@type":"WebPage","@id":"https:\/\/arcticexcursions.com\/udflugter\/day-boat-tour-to-tiilerilaaq-and-sermerlik-icefjord\/","url":"https:\/\/arcticexcursions.com\/udflugter\/day-boat-tour-to-tiilerilaaq-and-sermerlik-icefjord\/","name":"Dagstur med b\u00e5d til Tiilerilaaq og Sermerlik Isfjord - Arctic Excursions","isPartOf":{"@id":"https:\/\/arcticexcursions.com\/#website"},"primaryImageOfPage":{"@id":"https:\/\/arcticexcursions.com\/udflugter\/day-boat-tour-to-tiilerilaaq-and-sermerlik-icefjord\/#primaryimage"},"image":{"@id":"https:\/\/arcticexcursions.com\/udflugter\/day-boat-tour-to-tiilerilaaq-and-sermerlik-icefjord\/#primaryimage"},"thumbnailUrl":"https:\/\/arcticexcursions.com\/wp-content\/uploads\/2022\/12\/Tinit-frokost.jpg","datePublished":"2022-12-16T09:26:53+00:00","dateModified":"2025-11-03T16:21:27+00:00","breadcrumb":{"@id":"https:\/\/arcticexcursions.com\/udflugter\/day-boat-tour-to-tiilerilaaq-and-sermerlik-icefjord\/#breadcrumb"},"inLanguage":"da-DK","potentialAction":[{"@type":"ReadAction","target":["https:\/\/arcticexcursions.com\/udflugter\/day-boat-tour-to-tiilerilaaq-and-sermerlik-icefjord\/"]}]},{"@type":"ImageObject","inLanguage":"da-DK","@id":"https:\/\/arcticexcursions.com\/udflugter\/day-boat-tour-to-tiilerilaaq-and-sermerlik-icefjord\/#primaryimage","url":"https:\/\/arcticexcursions.com\/wp-content\/uploads\/2022\/12\/Tinit-frokost.jpg","contentUrl":"https:\/\/arcticexcursions.com\/wp-content\/uploads\/2022\/12\/Tinit-frokost.jpg","width":2048,"height":1735},{"@type":"BreadcrumbList","@id":"https:\/\/arcticexcursions.com\/udflugter\/day-boat-tour-to-tiilerilaaq-and-sermerlik-icefjord\/#breadcrumb","itemListElement":[{"@type":"ListItem","position":1,"name":"Home","item":"https:\/\/arcticexcursions.com\/da\/"},{"@type":"ListItem","position":2,"name":"Udflugter i Gr\u00f8nland","item":"https:\/\/arcticexcursions.com\/da\/udflugter\/"},{"@type":"ListItem","position":3,"name":"Dagstur med b\u00e5d til Tiilerilaaq og Sermerlik Isfjord"}]},{"@type":"WebSite","@id":"https:\/\/arcticexcursions.com\/#website","url":"https:\/\/arcticexcursions.com\/","name":"Arctic Excursions","description":"New adventures. Every day.","publisher":{"@id":"https:\/\/arcticexcursions.com\/#organization"},"potentialAction":[{"@type":"SearchAction","target":{"@type":"EntryPoint","urlTemplate":"https:\/\/arcticexcursions.com\/?s={search_term_string}"},"query-input":{"@type":"PropertyValueSpecification","valueRequired":true,"valueName":"search_term_string"}}],"inLanguage":"da-DK"},{"@type":"Organization","@id":"https:\/\/arcticexcursions.com\/#organization","name":"Arctic Excursions","url":"https:\/\/arcticexcursions.com\/","logo":{"@type":"ImageObject","inLanguage":"da-DK","@id":"https:\/\/arcticexcursions.com\/#\/schema\/logo\/image\/","url":"https:\/\/arcticexcursions.com\/wp-content\/uploads\/2022\/11\/fb-logo.png","contentUrl":"https:\/\/arcticexcursions.com\/wp-content\/uploads\/2022\/11\/fb-logo.png","width":523,"height":523,"caption":"Arctic Excursions"},"image":{"@id":"https:\/\/arcticexcursions.com\/#\/schema\/logo\/image\/"}}]}},"_links":{"self":[{"href":"https:\/\/arcticexcursions.com\/da\/wp-json\/wp\/v2\/product\/6340"}],"collection":[{"href":"https:\/\/arcticexcursions.com\/da\/wp-json\/wp\/v2\/product"}],"about":[{"href":"https:\/\/arcticexcursions.com\/da\/wp-json\/wp\/v2\/types\/product"}],"replies":[{"embeddable":true,"href":"https:\/\/arcticexcursions.com\/da\/wp-json\/wp\/v2\/comments?post=6340"}],"wp:featuredmedia":[{"embeddable":true,"href":"https:\/\/arcticexcursions.com\/da\/wp-json\/wp\/v2\/media\/6327"}],"wp:attachment":[{"href":"https:\/\/arcticexcursions.com\/da\/wp-json\/wp\/v2\/media?parent=6340"}],"wp:term":[{"taxonomy":"product_brand","embeddable":true,"href":"https:\/\/arcticexcursions.com\/da\/wp-json\/wp\/v2\/product_brand?post=6340"},{"taxonomy":"product_cat","embeddable":true,"href":"https:\/\/arcticexcursions.com\/da\/wp-json\/wp\/v2\/product_cat?post=6340"},{"taxonomy":"product_tag","embeddable":true,"href":"https:\/\/arcticexcursions.com\/da\/wp-json\/wp\/v2\/product_tag?post=6340"}],"curies":[{"name":"wp","href":"https:\/\/api.w.org\/{rel}","templated":true}]}}