{"id":63433,"date":"2025-07-22T13:57:58","date_gmt":"2025-07-22T11:57:58","guid":{"rendered":"https:\/\/arcticexcursions.com\/?post_type=product&#038;p=63433"},"modified":"2026-03-15T02:05:15","modified_gmt":"2026-03-15T00:05:15","slug":"ny-hvalsafari-hvalgaranti","status":"publish","type":"product","link":"https:\/\/arcticexcursions.com\/da\/udflugter\/ny-hvalsafari-hvalgaranti\/","title":{"rendered":"Hvalsafari &#8211; *Hvalgaranti*"},"content":{"rendered":"<p>Hvalsafarien varer 3 timer i Diskobugten med en kvalitetsb\u00e5d fra Disko Line.<\/p>\n<p>Der vil v\u00e6re en guide ombord p\u00e5 b\u00e5den, som vil give information om hvaler undervejs.<\/p>\n<p>Kaffe og te serveres undervejs p\u00e5 hele turen.<\/p>\n<p>Der vil v\u00e6re transfer til havnen f\u00f8r afgang og retur til Disko Line Explorers kontor efter turen.<\/p>\n<p>Fra 10. juni til 15. september garanterer vi, at du kan komme gratis med p\u00e5 den n\u00e6ste ledige hvalsafari, hvis du ikke ser nogen hvaler p\u00e5 din f\u00f8rste afgang. <\/p>\n<p><b>Varighed:<\/b> 3 timer<\/p>\n<p><b>S\u00e6son:<\/b> Turen afvikles i sommerperioden fra juni til september. Husk varmt t\u00f8j. Det er koldt ude p\u00e5 turen, ogs\u00e5 selvom det er sommer.<\/p>\n<p><b>Deltagere:<\/b> Bem\u00e6rk venligst, at udflugten kun gennemf\u00f8res, hvis der er mindst 4 bookede billetter i alt. Hvis du for eksempel booker 2 billetter, skal der s\u00e6lges mindst 2 yderligere billetter til andre kunder, f\u00f8r turen kan finde sted.<\/p>\n<p><b>Sprog:<\/b> Guiden\/kaptajnen taler dansk, engelsk og gr\u00f8nlandsk<\/p>\n<p><b>B\u00e5dtype:<\/b> Lukket b\u00e5d<\/p>\n<p><b>Toiletforhold:<\/b> Der er toilet p\u00e5 b\u00e5den<\/p>\n<p><b>Anbefalet p\u00e5kl\u00e6dning:<\/b> Varmt t\u00f8j inkl. hue og handsker hele \u00e5ret. Solbriller. Solcreme om sommeren.<\/p>\n","protected":false},"excerpt":{"rendered":"<p>En oplevelse du aldrig glemmer!<br \/>\nTag med p\u00e5 hvalsafari i Diskobugten og f\u00e5 en enest\u00e5ende oplevelse, hvor du ofte kommer helt t\u00e6t p\u00e5 havets gigantiske k\u00e6mper.<br \/>\n*Hval-garanti fra 10. juni til 15. september.<\/p>\n","protected":false},"featured_media":40879,"comment_status":"open","ping_status":"closed","template":"","meta":{"_acf_changed":false},"product_brand":[],"product_cat":[170],"product_tag":[],"class_list":{"0":"post-63433","1":"product","2":"type-product","3":"status-publish","4":"has-post-thumbnail","6":"product_cat-udflugt","7":"pa_dato-5964","8":"pa_dato-6023","9":"pa_dato-6024","10":"pa_dato-5931","11":"pa_dato-5926","12":"pa_dato-6006","13":"pa_dato-6025","14":"pa_dato-5883","15":"pa_dato-5888","16":"pa_dato-5988","17":"pa_dato-5924","18":"pa_dato-5946","19":"pa_dato-5958","20":"pa_dato-5938","21":"pa_dato-5956","22":"pa_dato-5980","23":"pa_dato-5977","24":"pa_dato-6002","25":"pa_dato-5961","26":"pa_dato-6060","27":"pa_dato-5939","28":"pa_dato-5918","29":"pa_dato-5978","30":"pa_dato-6026","31":"pa_dato-5990","32":"pa_dato-6061","33":"pa_dato-5940","34":"pa_dato-6027","35":"pa_dato-5957","36":"pa_dato-6074","37":"pa_dato-5942","38":"pa_dato-5943","39":"pa_dato-6078","40":"pa_dato-5982","41":"pa_dato-6028","42":"pa_dato-6088","43":"pa_dato-6284","44":"pa_dato-6357","45":"pa_dato-6108","46":"pa_dato-6258","47":"pa_dato-6248","48":"pa_dato-6394","49":"pa_dato-6350","50":"pa_dato-6365","51":"pa_dato-6395","52":"pa_dato-6346","53":"pa_dato-6246","54":"pa_dato-6244","55":"pa_dato-6396","56":"pa_dato-6329","57":"pa_tidspunkt-72","58":"pa_tidspunkt-177","59":"pa_tidspunkt-57","60":"tour_location-ilulissat-da","61":"tour_type-hvalsafari","62":"tour_tickettype-arctic_excursions","63":"tour_operator-disko-line-explorer","65":"first","66":"instock","67":"shipping-taxable","68":"purchasable","69":"product-type-variable"},"acf":[],"yoast_head":"<!-- This site is optimized with the Yoast SEO plugin v23.6 - https:\/\/yoast.com\/wordpress\/plugins\/seo\/ -->\n<title>Arctic Excursions<\/title>\n<meta name=\"robots\" content=\"index, follow, max-snippet:-1, max-image-preview:large, max-video-preview:-1\" \/>\n<link rel=\"canonical\" href=\"https:\/\/arcticexcursions.com\/da\/udflugter\/ny-hvalsafari-hvalgaranti\/\" \/>\n<meta property=\"og:locale\" content=\"da_DK\" \/>\n<meta property=\"og:type\" content=\"article\" \/>\n<meta property=\"og:title\" content=\"Hvalsafari - *Hvalgaranti* - Arctic Excursions\" \/>\n<meta property=\"og:description\" content=\"En oplevelse du aldrig glemmer! Tag med p\u00e5 hvalsafari i Diskobugten og f\u00e5 en enest\u00e5ende oplevelse, hvor du ofte kommer helt t\u00e6t p\u00e5 havets gigantiske k\u00e6mper. *Hval-garanti fra 10. juni til 15. september.\" \/>\n<meta property=\"og:url\" content=\"https:\/\/arcticexcursions.com\/da\/udflugter\/ny-hvalsafari-hvalgaranti\/\" \/>\n<meta property=\"og:site_name\" content=\"Arctic Excursions\" \/>\n<meta property=\"article:modified_time\" content=\"2026-03-15T00:05:15+00:00\" \/>\n<meta property=\"og:image\" content=\"https:\/\/arcticexcursions.com\/wp-content\/uploads\/2024\/09\/hval-2.png\" \/>\n\t<meta property=\"og:image:width\" content=\"914\" \/>\n\t<meta property=\"og:image:height\" content=\"803\" \/>\n\t<meta property=\"og:image:type\" content=\"image\/png\" \/>\n<meta name=\"twitter:card\" content=\"summary_large_image\" \/>\n<meta name=\"twitter:label1\" content=\"Estimeret l\u00e6setid\" \/>\n\t<meta name=\"twitter:data1\" content=\"1 minut\" \/>\n<script type=\"application\/ld+json\" class=\"yoast-schema-graph\">{\"@context\":\"https:\/\/schema.org\",\"@graph\":[{\"@type\":\"WebPage\",\"@id\":\"https:\/\/arcticexcursions.com\/da\/udflugter\/ny-hvalsafari-hvalgaranti\/\",\"url\":\"https:\/\/arcticexcursions.com\/da\/udflugter\/ny-hvalsafari-hvalgaranti\/\",\"name\":\"Hvalsafari - *Hvalgaranti* - Arctic Excursions\",\"isPartOf\":{\"@id\":\"https:\/\/arcticexcursions.com\/#website\"},\"primaryImageOfPage\":{\"@id\":\"https:\/\/arcticexcursions.com\/da\/udflugter\/ny-hvalsafari-hvalgaranti\/#primaryimage\"},\"image\":{\"@id\":\"https:\/\/arcticexcursions.com\/da\/udflugter\/ny-hvalsafari-hvalgaranti\/#primaryimage\"},\"thumbnailUrl\":\"https:\/\/arcticexcursions.com\/wp-content\/uploads\/2024\/09\/hval-2.png\",\"datePublished\":\"2025-07-22T11:57:58+00:00\",\"dateModified\":\"2026-03-15T00:05:15+00:00\",\"breadcrumb\":{\"@id\":\"https:\/\/arcticexcursions.com\/da\/udflugter\/ny-hvalsafari-hvalgaranti\/#breadcrumb\"},\"inLanguage\":\"da-DK\",\"potentialAction\":[{\"@type\":\"ReadAction\",\"target\":[\"https:\/\/arcticexcursions.com\/da\/udflugter\/ny-hvalsafari-hvalgaranti\/\"]}]},{\"@type\":\"ImageObject\",\"inLanguage\":\"da-DK\",\"@id\":\"https:\/\/arcticexcursions.com\/da\/udflugter\/ny-hvalsafari-hvalgaranti\/#primaryimage\",\"url\":\"https:\/\/arcticexcursions.com\/wp-content\/uploads\/2024\/09\/hval-2.png\",\"contentUrl\":\"https:\/\/arcticexcursions.com\/wp-content\/uploads\/2024\/09\/hval-2.png\",\"width\":914,\"height\":803},{\"@type\":\"BreadcrumbList\",\"@id\":\"https:\/\/arcticexcursions.com\/da\/udflugter\/ny-hvalsafari-hvalgaranti\/#breadcrumb\",\"itemListElement\":[{\"@type\":\"ListItem\",\"position\":1,\"name\":\"Home\",\"item\":\"https:\/\/arcticexcursions.com\/da\/\"},{\"@type\":\"ListItem\",\"position\":2,\"name\":\"Udflugter i Gr\u00f8nland\",\"item\":\"https:\/\/arcticexcursions.com\/da\/udflugter\/\"},{\"@type\":\"ListItem\",\"position\":3,\"name\":\"Hvalsafari &#8211; *Hvalgaranti*\"}]},{\"@type\":\"WebSite\",\"@id\":\"https:\/\/arcticexcursions.com\/#website\",\"url\":\"https:\/\/arcticexcursions.com\/\",\"name\":\"Arctic Excursions\",\"description\":\"New adventures. Every day.\",\"publisher\":{\"@id\":\"https:\/\/arcticexcursions.com\/#organization\"},\"potentialAction\":[{\"@type\":\"SearchAction\",\"target\":{\"@type\":\"EntryPoint\",\"urlTemplate\":\"https:\/\/arcticexcursions.com\/?s={search_term_string}\"},\"query-input\":{\"@type\":\"PropertyValueSpecification\",\"valueRequired\":true,\"valueName\":\"search_term_string\"}}],\"inLanguage\":\"da-DK\"},{\"@type\":\"Organization\",\"@id\":\"https:\/\/arcticexcursions.com\/#organization\",\"name\":\"Arctic Excursions\",\"url\":\"https:\/\/arcticexcursions.com\/\",\"logo\":{\"@type\":\"ImageObject\",\"inLanguage\":\"da-DK\",\"@id\":\"https:\/\/arcticexcursions.com\/#\/schema\/logo\/image\/\",\"url\":\"https:\/\/arcticexcursions.com\/wp-content\/uploads\/2022\/11\/fb-logo.png\",\"contentUrl\":\"https:\/\/arcticexcursions.com\/wp-content\/uploads\/2022\/11\/fb-logo.png\",\"width\":523,\"height\":523,\"caption\":\"Arctic Excursions\"},\"image\":{\"@id\":\"https:\/\/arcticexcursions.com\/#\/schema\/logo\/image\/\"}}]}<\/script>\n<!-- \/ Yoast SEO plugin. -->","yoast_head_json":{"title":"Arctic Excursions","robots":{"index":"index","follow":"follow","max-snippet":"max-snippet:-1","max-image-preview":"max-image-preview:large","max-video-preview":"max-video-preview:-1"},"canonical":"https:\/\/arcticexcursions.com\/da\/udflugter\/ny-hvalsafari-hvalgaranti\/","og_locale":"da_DK","og_type":"article","og_title":"Hvalsafari - *Hvalgaranti* - Arctic Excursions","og_description":"En oplevelse du aldrig glemmer! Tag med p\u00e5 hvalsafari i Diskobugten og f\u00e5 en enest\u00e5ende oplevelse, hvor du ofte kommer helt t\u00e6t p\u00e5 havets gigantiske k\u00e6mper. *Hval-garanti fra 10. juni til 15. september.","og_url":"https:\/\/arcticexcursions.com\/da\/udflugter\/ny-hvalsafari-hvalgaranti\/","og_site_name":"Arctic Excursions","article_modified_time":"2026-03-15T00:05:15+00:00","og_image":[{"width":914,"height":803,"url":"https:\/\/arcticexcursions.com\/wp-content\/uploads\/2024\/09\/hval-2.png","type":"image\/png"}],"twitter_card":"summary_large_image","twitter_misc":{"Estimeret l\u00e6setid":"1 minut"},"schema":{"@context":"https:\/\/schema.org","@graph":[{"@type":"WebPage","@id":"https:\/\/arcticexcursions.com\/da\/udflugter\/ny-hvalsafari-hvalgaranti\/","url":"https:\/\/arcticexcursions.com\/da\/udflugter\/ny-hvalsafari-hvalgaranti\/","name":"Hvalsafari - *Hvalgaranti* - Arctic Excursions","isPartOf":{"@id":"https:\/\/arcticexcursions.com\/#website"},"primaryImageOfPage":{"@id":"https:\/\/arcticexcursions.com\/da\/udflugter\/ny-hvalsafari-hvalgaranti\/#primaryimage"},"image":{"@id":"https:\/\/arcticexcursions.com\/da\/udflugter\/ny-hvalsafari-hvalgaranti\/#primaryimage"},"thumbnailUrl":"https:\/\/arcticexcursions.com\/wp-content\/uploads\/2024\/09\/hval-2.png","datePublished":"2025-07-22T11:57:58+00:00","dateModified":"2026-03-15T00:05:15+00:00","breadcrumb":{"@id":"https:\/\/arcticexcursions.com\/da\/udflugter\/ny-hvalsafari-hvalgaranti\/#breadcrumb"},"inLanguage":"da-DK","potentialAction":[{"@type":"ReadAction","target":["https:\/\/arcticexcursions.com\/da\/udflugter\/ny-hvalsafari-hvalgaranti\/"]}]},{"@type":"ImageObject","inLanguage":"da-DK","@id":"https:\/\/arcticexcursions.com\/da\/udflugter\/ny-hvalsafari-hvalgaranti\/#primaryimage","url":"https:\/\/arcticexcursions.com\/wp-content\/uploads\/2024\/09\/hval-2.png","contentUrl":"https:\/\/arcticexcursions.com\/wp-content\/uploads\/2024\/09\/hval-2.png","width":914,"height":803},{"@type":"BreadcrumbList","@id":"https:\/\/arcticexcursions.com\/da\/udflugter\/ny-hvalsafari-hvalgaranti\/#breadcrumb","itemListElement":[{"@type":"ListItem","position":1,"name":"Home","item":"https:\/\/arcticexcursions.com\/da\/"},{"@type":"ListItem","position":2,"name":"Udflugter i Gr\u00f8nland","item":"https:\/\/arcticexcursions.com\/da\/udflugter\/"},{"@type":"ListItem","position":3,"name":"Hvalsafari &#8211; *Hvalgaranti*"}]},{"@type":"WebSite","@id":"https:\/\/arcticexcursions.com\/#website","url":"https:\/\/arcticexcursions.com\/","name":"Arctic Excursions","description":"New adventures. Every day.","publisher":{"@id":"https:\/\/arcticexcursions.com\/#organization"},"potentialAction":[{"@type":"SearchAction","target":{"@type":"EntryPoint","urlTemplate":"https:\/\/arcticexcursions.com\/?s={search_term_string}"},"query-input":{"@type":"PropertyValueSpecification","valueRequired":true,"valueName":"search_term_string"}}],"inLanguage":"da-DK"},{"@type":"Organization","@id":"https:\/\/arcticexcursions.com\/#organization","name":"Arctic Excursions","url":"https:\/\/arcticexcursions.com\/","logo":{"@type":"ImageObject","inLanguage":"da-DK","@id":"https:\/\/arcticexcursions.com\/#\/schema\/logo\/image\/","url":"https:\/\/arcticexcursions.com\/wp-content\/uploads\/2022\/11\/fb-logo.png","contentUrl":"https:\/\/arcticexcursions.com\/wp-content\/uploads\/2022\/11\/fb-logo.png","width":523,"height":523,"caption":"Arctic Excursions"},"image":{"@id":"https:\/\/arcticexcursions.com\/#\/schema\/logo\/image\/"}}]}},"_links":{"self":[{"href":"https:\/\/arcticexcursions.com\/da\/wp-json\/wp\/v2\/product\/63433"}],"collection":[{"href":"https:\/\/arcticexcursions.com\/da\/wp-json\/wp\/v2\/product"}],"about":[{"href":"https:\/\/arcticexcursions.com\/da\/wp-json\/wp\/v2\/types\/product"}],"replies":[{"embeddable":true,"href":"https:\/\/arcticexcursions.com\/da\/wp-json\/wp\/v2\/comments?post=63433"}],"wp:featuredmedia":[{"embeddable":true,"href":"https:\/\/arcticexcursions.com\/da\/wp-json\/wp\/v2\/media\/40879"}],"wp:attachment":[{"href":"https:\/\/arcticexcursions.com\/da\/wp-json\/wp\/v2\/media?parent=63433"}],"wp:term":[{"taxonomy":"product_brand","embeddable":true,"href":"https:\/\/arcticexcursions.com\/da\/wp-json\/wp\/v2\/product_brand?post=63433"},{"taxonomy":"product_cat","embeddable":true,"href":"https:\/\/arcticexcursions.com\/da\/wp-json\/wp\/v2\/product_cat?post=63433"},{"taxonomy":"product_tag","embeddable":true,"href":"https:\/\/arcticexcursions.com\/da\/wp-json\/wp\/v2\/product_tag?post=63433"}],"curies":[{"name":"wp","href":"https:\/\/api.w.org\/{rel}","templated":true}]}}