{"id":63435,"date":"2025-07-22T13:54:44","date_gmt":"2025-07-22T11:54:44","guid":{"rendered":"https:\/\/arcticexcursions.com\/?post_type=product&#038;p=63435"},"modified":"2026-04-02T23:24:26","modified_gmt":"2026-04-02T21:24:26","slug":"ny-sermermiut-vandring","status":"publish","type":"product","link":"https:\/\/arcticexcursions.com\/da\/udflugter\/ny-sermermiut-vandring\/","title":{"rendered":"Vandretur til Sermermiut"},"content":{"rendered":"<p><b>Et sted med 4400 \u00e5rs Historie<\/b><br \/>\nKom med p\u00e5 en tur til en kulturhistorisk og natursk\u00f8n perle, der kan tage luften fra de fleste. Sermermiut er resterne af en gammel inuit boplads, der str\u00e6kker sig 4400 \u00e5r tilbage i tiden og ligger i det fredede UNESCO-omr\u00e5de. Den sp\u00e6ndene kulturhistorie og smukke udsigt over Ilulissat isfjord g\u00f8r denne tur til noget helt unik, du ikke m\u00e5 g\u00e5 glip af!<\/p>\n<p>Vi starter turen fra Disko Line Explorers kontor og k\u00f8rer til Isfjordscenteret ved den gamle heliport. Herfra f\u00f8lger vi den anlagte gangbro, der snor sig hele vejen ned igennem Sermermiutdalen. Undervejs fort\u00e6ller vores guide b\u00e5de om den gamle inuitboplads, kulturhistorien og den smukke natur. For enden af gangbroen vil vi blive m\u00f8dt at et fantastisk syn, den enorme Ilulissat Isfjord, der str\u00e6kker sig 70 km ind i landet.<\/p>\n<p>Her vil vi holde en pause og nyde det spektakul\u00e6re syn. Vi serverer samtidig kaffe, te og en l\u00e6kker snack. Efter pausen g\u00e5r vi retur til Isfjordscenteret, hvor vi bliver hentet og k\u00f8rt retur til Disko Line Explorers kontor.<\/p>\n<p><b>VARIGHED:<\/b> 2 timer<\/p>\n<p><b>Deltagere:<\/b> Bem\u00e6rk venligst, at udflugten kun gennemf\u00f8res, hvis der er mindst 2 bookede billetter i alt. Hvis du for eksempel booker 1 billet, skal der s\u00e6lges mindst 1 yderligere billet til andre kunder, f\u00f8r turen kan finde sted. <\/p>\n<p><b>S\u00c6SON:<\/b> Turen afvikles \u00e5ret rundt<\/p>\n<p><b>Sprog:<\/b> Guiden taler dansk, engelsk og gr\u00f8nlandsk<\/p>\n<p><b>Sv\u00e6rhedsgrad:<\/b> Begyndervenlig tur. Anbefales ikke hvis du har rygproblemer.<\/p>\n<p><b>Forplejning:<\/b> Kaffe og te serveres<\/p>\n<p><b>Anbefalet p\u00e5kl\u00e6dning:<\/b> Varmt, praktisk t\u00f8j og vandresko.<\/p>\n<p><b>VIGTIGT:<\/b> Et gyldigt UNESCO-stedspas er ogs\u00e5 p\u00e5kr\u00e6vet for at deltage i denne tur.<\/p>\n<p>B\u00f8rn under 18 \u00e5r og lokale beboere er undtaget fra kravet om UNESCO-stedspas.<\/p>\n","protected":false},"excerpt":{"rendered":"<p>Kulturhistorisk vandretur med isbjergsudsigt<\/p>\n","protected":false},"featured_media":40883,"comment_status":"open","ping_status":"closed","template":"","meta":{"_acf_changed":false},"product_brand":[],"product_cat":[170],"product_tag":[],"class_list":{"0":"post-63435","1":"product","2":"type-product","3":"status-publish","4":"has-post-thumbnail","6":"product_cat-udflugt","7":"pa_dato-6067","8":"pa_dato-6024","9":"pa_dato-6006","10":"pa_dato-5955","11":"pa_dato-6025","12":"pa_dato-5883","13":"pa_dato-5929","14":"pa_dato-5988","15":"pa_dato-5938","16":"pa_dato-5963","17":"pa_dato-5980","18":"pa_dato-5977","19":"pa_dato-6060","20":"pa_dato-5992","21":"pa_dato-6148","22":"pa_dato-6093","23":"pa_dato-6132","24":"pa_dato-6179","25":"pa_dato-6170","26":"pa_dato-6185","27":"pa_dato-6307","28":"pa_dato-6256","29":"pa_dato-6257","30":"pa_dato-6259","31":"pa_dato-6134","32":"pa_dato-6131","33":"pa_dato-6181","34":"pa_dato-6261","35":"pa_dato-6183","36":"pa_dato-6158","37":"pa_dato-6262","38":"pa_dato-6263","39":"pa_dato-6161","40":"pa_dato-6359","41":"pa_dato-6362","42":"pa_dato-6367","43":"pa_dato-6368","44":"pa_dato-6371","45":"pa_dato-6372","46":"pa_dato-6373","47":"pa_dato-6374","48":"pa_dato-6370","49":"pa_dato-6369","50":"pa_dato-6204","51":"pa_dato-6206","52":"pa_dato-6195","53":"pa_dato-6207","54":"pa_dato-6208","55":"pa_dato-6196","56":"pa_dato-6197","57":"pa_dato-6210","58":"pa_dato-6198","59":"pa_dato-6211","60":"pa_dato-6200","61":"pa_dato-6201","62":"pa_dato-6446","63":"pa_dato-6434","64":"pa_dato-6274","65":"pa_dato-6202","66":"pa_dato-6435","67":"pa_dato-6203","68":"pa_dato-6120","69":"pa_dato-6166","70":"pa_dato-6269","71":"pa_dato-6270","72":"pa_dato-6319","73":"pa_dato-6213","74":"pa_dato-6115","75":"pa_dato-6314","76":"pa_dato-6223","77":"pa_dato-6377","78":"pa_dato-6443","79":"pa_dato-6138","80":"pa_dato-6235","81":"pa_dato-6228","82":"pa_dato-6236","83":"pa_dato-6237","84":"pa_dato-6293","85":"pa_dato-6356","86":"pa_dato-6471","87":"pa_dato-6176","88":"pa_dato-6239","89":"pa_dato-6177","90":"pa_dato-6317","91":"pa_dato-6250","92":"pa_tidspunkt-40","93":"pa_tidspunkt-76","94":"pa_tidspunkt-308","95":"tour_location-ilulissat-da","96":"tour_type-vandreture","97":"tour_tickettype-arctic_excursions","98":"tour_operator-disko-line-explorer","100":"first","101":"instock","102":"shipping-taxable","103":"purchasable","104":"product-type-variable"},"acf":[],"yoast_head":"<!-- This site is optimized with the Yoast SEO plugin v23.6 - https:\/\/yoast.com\/wordpress\/plugins\/seo\/ -->\n<title>Arctic Excursions<\/title>\n<meta name=\"robots\" content=\"index, follow, max-snippet:-1, max-image-preview:large, max-video-preview:-1\" \/>\n<link rel=\"canonical\" href=\"https:\/\/arcticexcursions.com\/da\/udflugter\/ny-sermermiut-vandring\/\" \/>\n<meta property=\"og:locale\" content=\"da_DK\" \/>\n<meta property=\"og:type\" content=\"article\" \/>\n<meta property=\"og:title\" content=\"Vandretur til Sermermiut - Arctic Excursions\" \/>\n<meta property=\"og:description\" content=\"Kulturhistorisk vandretur med isbjergsudsigt\" \/>\n<meta property=\"og:url\" content=\"https:\/\/arcticexcursions.com\/da\/udflugter\/ny-sermermiut-vandring\/\" \/>\n<meta property=\"og:site_name\" content=\"Arctic Excursions\" \/>\n<meta property=\"article:modified_time\" content=\"2026-04-02T21:24:26+00:00\" \/>\n<meta property=\"og:image\" content=\"https:\/\/arcticexcursions.com\/wp-content\/uploads\/2024\/09\/Sermermiut-2-1024x683.jpg\" \/>\n\t<meta property=\"og:image:width\" content=\"1024\" \/>\n\t<meta property=\"og:image:height\" content=\"683\" \/>\n\t<meta property=\"og:image:type\" content=\"image\/jpeg\" \/>\n<meta name=\"twitter:card\" content=\"summary_large_image\" \/>\n<meta name=\"twitter:label1\" content=\"Estimeret l\u00e6setid\" \/>\n\t<meta name=\"twitter:data1\" content=\"1 minut\" \/>\n<script type=\"application\/ld+json\" class=\"yoast-schema-graph\">{\"@context\":\"https:\/\/schema.org\",\"@graph\":[{\"@type\":\"WebPage\",\"@id\":\"https:\/\/arcticexcursions.com\/da\/udflugter\/ny-sermermiut-vandring\/\",\"url\":\"https:\/\/arcticexcursions.com\/da\/udflugter\/ny-sermermiut-vandring\/\",\"name\":\"Vandretur til Sermermiut - Arctic Excursions\",\"isPartOf\":{\"@id\":\"https:\/\/arcticexcursions.com\/#website\"},\"primaryImageOfPage\":{\"@id\":\"https:\/\/arcticexcursions.com\/da\/udflugter\/ny-sermermiut-vandring\/#primaryimage\"},\"image\":{\"@id\":\"https:\/\/arcticexcursions.com\/da\/udflugter\/ny-sermermiut-vandring\/#primaryimage\"},\"thumbnailUrl\":\"https:\/\/arcticexcursions.com\/wp-content\/uploads\/2024\/09\/Sermermiut-2.jpg\",\"datePublished\":\"2025-07-22T11:54:44+00:00\",\"dateModified\":\"2026-04-02T21:24:26+00:00\",\"breadcrumb\":{\"@id\":\"https:\/\/arcticexcursions.com\/da\/udflugter\/ny-sermermiut-vandring\/#breadcrumb\"},\"inLanguage\":\"da-DK\",\"potentialAction\":[{\"@type\":\"ReadAction\",\"target\":[\"https:\/\/arcticexcursions.com\/da\/udflugter\/ny-sermermiut-vandring\/\"]}]},{\"@type\":\"ImageObject\",\"inLanguage\":\"da-DK\",\"@id\":\"https:\/\/arcticexcursions.com\/da\/udflugter\/ny-sermermiut-vandring\/#primaryimage\",\"url\":\"https:\/\/arcticexcursions.com\/wp-content\/uploads\/2024\/09\/Sermermiut-2.jpg\",\"contentUrl\":\"https:\/\/arcticexcursions.com\/wp-content\/uploads\/2024\/09\/Sermermiut-2.jpg\",\"width\":8192,\"height\":5464},{\"@type\":\"BreadcrumbList\",\"@id\":\"https:\/\/arcticexcursions.com\/da\/udflugter\/ny-sermermiut-vandring\/#breadcrumb\",\"itemListElement\":[{\"@type\":\"ListItem\",\"position\":1,\"name\":\"Home\",\"item\":\"https:\/\/arcticexcursions.com\/da\/\"},{\"@type\":\"ListItem\",\"position\":2,\"name\":\"Udflugter i Gr\u00f8nland\",\"item\":\"https:\/\/arcticexcursions.com\/da\/udflugter\/\"},{\"@type\":\"ListItem\",\"position\":3,\"name\":\"Vandretur til Sermermiut\"}]},{\"@type\":\"WebSite\",\"@id\":\"https:\/\/arcticexcursions.com\/#website\",\"url\":\"https:\/\/arcticexcursions.com\/\",\"name\":\"Arctic Excursions\",\"description\":\"New adventures. Every day.\",\"publisher\":{\"@id\":\"https:\/\/arcticexcursions.com\/#organization\"},\"potentialAction\":[{\"@type\":\"SearchAction\",\"target\":{\"@type\":\"EntryPoint\",\"urlTemplate\":\"https:\/\/arcticexcursions.com\/?s={search_term_string}\"},\"query-input\":{\"@type\":\"PropertyValueSpecification\",\"valueRequired\":true,\"valueName\":\"search_term_string\"}}],\"inLanguage\":\"da-DK\"},{\"@type\":\"Organization\",\"@id\":\"https:\/\/arcticexcursions.com\/#organization\",\"name\":\"Arctic Excursions\",\"url\":\"https:\/\/arcticexcursions.com\/\",\"logo\":{\"@type\":\"ImageObject\",\"inLanguage\":\"da-DK\",\"@id\":\"https:\/\/arcticexcursions.com\/#\/schema\/logo\/image\/\",\"url\":\"https:\/\/arcticexcursions.com\/wp-content\/uploads\/2022\/11\/fb-logo.png\",\"contentUrl\":\"https:\/\/arcticexcursions.com\/wp-content\/uploads\/2022\/11\/fb-logo.png\",\"width\":523,\"height\":523,\"caption\":\"Arctic Excursions\"},\"image\":{\"@id\":\"https:\/\/arcticexcursions.com\/#\/schema\/logo\/image\/\"}}]}<\/script>\n<!-- \/ Yoast SEO plugin. -->","yoast_head_json":{"title":"Arctic Excursions","robots":{"index":"index","follow":"follow","max-snippet":"max-snippet:-1","max-image-preview":"max-image-preview:large","max-video-preview":"max-video-preview:-1"},"canonical":"https:\/\/arcticexcursions.com\/da\/udflugter\/ny-sermermiut-vandring\/","og_locale":"da_DK","og_type":"article","og_title":"Vandretur til Sermermiut - Arctic Excursions","og_description":"Kulturhistorisk vandretur med isbjergsudsigt","og_url":"https:\/\/arcticexcursions.com\/da\/udflugter\/ny-sermermiut-vandring\/","og_site_name":"Arctic Excursions","article_modified_time":"2026-04-02T21:24:26+00:00","og_image":[{"width":1024,"height":683,"url":"https:\/\/arcticexcursions.com\/wp-content\/uploads\/2024\/09\/Sermermiut-2-1024x683.jpg","type":"image\/jpeg"}],"twitter_card":"summary_large_image","twitter_misc":{"Estimeret l\u00e6setid":"1 minut"},"schema":{"@context":"https:\/\/schema.org","@graph":[{"@type":"WebPage","@id":"https:\/\/arcticexcursions.com\/da\/udflugter\/ny-sermermiut-vandring\/","url":"https:\/\/arcticexcursions.com\/da\/udflugter\/ny-sermermiut-vandring\/","name":"Vandretur til Sermermiut - Arctic Excursions","isPartOf":{"@id":"https:\/\/arcticexcursions.com\/#website"},"primaryImageOfPage":{"@id":"https:\/\/arcticexcursions.com\/da\/udflugter\/ny-sermermiut-vandring\/#primaryimage"},"image":{"@id":"https:\/\/arcticexcursions.com\/da\/udflugter\/ny-sermermiut-vandring\/#primaryimage"},"thumbnailUrl":"https:\/\/arcticexcursions.com\/wp-content\/uploads\/2024\/09\/Sermermiut-2.jpg","datePublished":"2025-07-22T11:54:44+00:00","dateModified":"2026-04-02T21:24:26+00:00","breadcrumb":{"@id":"https:\/\/arcticexcursions.com\/da\/udflugter\/ny-sermermiut-vandring\/#breadcrumb"},"inLanguage":"da-DK","potentialAction":[{"@type":"ReadAction","target":["https:\/\/arcticexcursions.com\/da\/udflugter\/ny-sermermiut-vandring\/"]}]},{"@type":"ImageObject","inLanguage":"da-DK","@id":"https:\/\/arcticexcursions.com\/da\/udflugter\/ny-sermermiut-vandring\/#primaryimage","url":"https:\/\/arcticexcursions.com\/wp-content\/uploads\/2024\/09\/Sermermiut-2.jpg","contentUrl":"https:\/\/arcticexcursions.com\/wp-content\/uploads\/2024\/09\/Sermermiut-2.jpg","width":8192,"height":5464},{"@type":"BreadcrumbList","@id":"https:\/\/arcticexcursions.com\/da\/udflugter\/ny-sermermiut-vandring\/#breadcrumb","itemListElement":[{"@type":"ListItem","position":1,"name":"Home","item":"https:\/\/arcticexcursions.com\/da\/"},{"@type":"ListItem","position":2,"name":"Udflugter i Gr\u00f8nland","item":"https:\/\/arcticexcursions.com\/da\/udflugter\/"},{"@type":"ListItem","position":3,"name":"Vandretur til Sermermiut"}]},{"@type":"WebSite","@id":"https:\/\/arcticexcursions.com\/#website","url":"https:\/\/arcticexcursions.com\/","name":"Arctic Excursions","description":"New adventures. Every day.","publisher":{"@id":"https:\/\/arcticexcursions.com\/#organization"},"potentialAction":[{"@type":"SearchAction","target":{"@type":"EntryPoint","urlTemplate":"https:\/\/arcticexcursions.com\/?s={search_term_string}"},"query-input":{"@type":"PropertyValueSpecification","valueRequired":true,"valueName":"search_term_string"}}],"inLanguage":"da-DK"},{"@type":"Organization","@id":"https:\/\/arcticexcursions.com\/#organization","name":"Arctic Excursions","url":"https:\/\/arcticexcursions.com\/","logo":{"@type":"ImageObject","inLanguage":"da-DK","@id":"https:\/\/arcticexcursions.com\/#\/schema\/logo\/image\/","url":"https:\/\/arcticexcursions.com\/wp-content\/uploads\/2022\/11\/fb-logo.png","contentUrl":"https:\/\/arcticexcursions.com\/wp-content\/uploads\/2022\/11\/fb-logo.png","width":523,"height":523,"caption":"Arctic Excursions"},"image":{"@id":"https:\/\/arcticexcursions.com\/#\/schema\/logo\/image\/"}}]}},"_links":{"self":[{"href":"https:\/\/arcticexcursions.com\/da\/wp-json\/wp\/v2\/product\/63435"}],"collection":[{"href":"https:\/\/arcticexcursions.com\/da\/wp-json\/wp\/v2\/product"}],"about":[{"href":"https:\/\/arcticexcursions.com\/da\/wp-json\/wp\/v2\/types\/product"}],"replies":[{"embeddable":true,"href":"https:\/\/arcticexcursions.com\/da\/wp-json\/wp\/v2\/comments?post=63435"}],"wp:featuredmedia":[{"embeddable":true,"href":"https:\/\/arcticexcursions.com\/da\/wp-json\/wp\/v2\/media\/40883"}],"wp:attachment":[{"href":"https:\/\/arcticexcursions.com\/da\/wp-json\/wp\/v2\/media?parent=63435"}],"wp:term":[{"taxonomy":"product_brand","embeddable":true,"href":"https:\/\/arcticexcursions.com\/da\/wp-json\/wp\/v2\/product_brand?post=63435"},{"taxonomy":"product_cat","embeddable":true,"href":"https:\/\/arcticexcursions.com\/da\/wp-json\/wp\/v2\/product_cat?post=63435"},{"taxonomy":"product_tag","embeddable":true,"href":"https:\/\/arcticexcursions.com\/da\/wp-json\/wp\/v2\/product_tag?post=63435"}],"curies":[{"name":"wp","href":"https:\/\/api.w.org\/{rel}","templated":true}]}}