{"id":63436,"date":"2025-07-22T13:51:36","date_gmt":"2025-07-22T11:51:36","guid":{"rendered":"https:\/\/arcticexcursions.com\/?post_type=product&#038;p=63436"},"modified":"2026-04-17T18:20:51","modified_gmt":"2026-04-17T16:20:51","slug":"ny-byvandring","status":"publish","type":"product","link":"https:\/\/arcticexcursions.com\/da\/udflugter\/ny-byvandring\/","title":{"rendered":"Byvandring"},"content":{"rendered":"<p>Tag med vores guide p\u00e5 en 2 timers kulturhistorisk rundvisning i Ilulissats gamle bydel og bliv klogere p\u00e5 300 \u00e5rs fascinerende kulturhistorie nord for polarcirklen.<\/p>\n<p>Vi starter turen fra Disko Line Explorers kontor og bev\u00e6ger os imod den gamle del af byen. Vi kommer bl.a. forbi Knud Rasmussens f\u00f8dehus, Zions kirken, havnens mylder af liv og historie, og sygehusets r\u00f8d- og hvidmalede facade. Efter 2 timers sp\u00e6ndende rundtur slutter vi, hvor vi startede ved Disko Line Explorers kontor.<\/p>\n<p><b>VARIGHED:<\/b> ~2 timer<\/p>\n<p><b>S\u00c6SON:<\/b> Hele \u00e5ret<\/p>\n<p><b>Deltagere:<\/b> Bem\u00e6rk venligst, at udflugten kun gennemf\u00f8res, hvis der er mindst 2 bookede billetter i alt. Hvis du for eksempel booker 1 billet, skal der s\u00e6lges mindst 1 yderligere billet til andre kunder, f\u00f8r turen kan finde sted.<\/p>\n<p><b>Sprog:<\/b> Guiden taler dansk, engelsk og gr\u00f8nlandsk<\/p>\n<p><b>Sv\u00e6rhedsgrad:<\/b> Alle der kan g\u00e5 i roligt tempo med pauser ved sev\u00e6rdighederne, kan deltage i denne tur.<\/p>\n<p><b>Anbefalet p\u00e5kl\u00e6dning:<\/b> Praktiske sko og varmt t\u00f8j hvis temperaturen er lav. Solbriller og solcreme om sommeren.<\/p>\n","protected":false},"excerpt":{"rendered":"<p>G\u00e5tur i isbjergenes by<\/p>\n","protected":false},"featured_media":41104,"comment_status":"open","ping_status":"closed","template":"","meta":{"_acf_changed":false},"product_brand":[],"product_cat":[170],"product_tag":[],"class_list":{"0":"post-63436","1":"product","2":"type-product","3":"status-publish","4":"has-post-thumbnail","6":"product_cat-udflugt","7":"pa_dato-6087","8":"pa_dato-5955","9":"pa_dato-5930","10":"pa_dato-5889","11":"pa_dato-5963","12":"pa_dato-5980","13":"pa_dato-5961","14":"pa_dato-6026","15":"pa_dato-6061","16":"pa_dato-6094","17":"pa_dato-5992","18":"pa_dato-6148","19":"pa_dato-6119","20":"pa_dato-6093","21":"pa_dato-6169","22":"pa_dato-6164","23":"pa_dato-6252","24":"pa_dato-6253","25":"pa_dato-6254","26":"pa_dato-6180","27":"pa_dato-6255","28":"pa_dato-6157","29":"pa_dato-6159","30":"pa_dato-6160","31":"pa_dato-6363","32":"pa_dato-6321","33":"pa_dato-6401","34":"pa_dato-6402","35":"pa_dato-6408","36":"pa_dato-6303","37":"pa_dato-6192","38":"pa_dato-6194","39":"pa_dato-6206","40":"pa_dato-6195","41":"pa_dato-6207","42":"pa_dato-6208","43":"pa_dato-6196","44":"pa_dato-6197","45":"pa_dato-6210","46":"pa_dato-6198","47":"pa_dato-6211","48":"pa_dato-6200","49":"pa_dato-6121","50":"pa_dato-6201","51":"pa_dato-6446","52":"pa_dato-6434","53":"pa_dato-6274","54":"pa_dato-6202","55":"pa_dato-6435","56":"pa_dato-6203","57":"pa_dato-6120","58":"pa_dato-6166","59":"pa_dato-6269","60":"pa_dato-6270","61":"pa_dato-6319","62":"pa_dato-6213","63":"pa_dato-6115","64":"pa_dato-6314","65":"pa_dato-6334","66":"pa_dato-6223","67":"pa_dato-6217","68":"pa_dato-6251","69":"pa_dato-6426","70":"pa_dato-6280","71":"pa_dato-6138","72":"pa_dato-6235","73":"pa_dato-6228","74":"pa_dato-6236","75":"pa_dato-6237","76":"pa_dato-6293","77":"pa_dato-6356","78":"pa_dato-6471","79":"pa_dato-6176","80":"pa_dato-6239","81":"pa_dato-6177","82":"pa_dato-6231","83":"pa_dato-6249","84":"pa_dato-6273","85":"pa_tidspunkt-40","86":"pa_tidspunkt-308","87":"pa_tidspunkt-27","88":"tour_location-ilulissat-da","89":"tour_type-byvandring","90":"tour_tickettype-arctic_excursions","91":"tour_operator-disko-line-explorer","93":"first","94":"instock","95":"shipping-taxable","96":"purchasable","97":"product-type-variable"},"acf":[],"yoast_head":"<!-- This site is optimized with the Yoast SEO plugin v23.6 - https:\/\/yoast.com\/wordpress\/plugins\/seo\/ -->\n<title>Arctic Excursions<\/title>\n<meta name=\"robots\" content=\"index, follow, max-snippet:-1, max-image-preview:large, max-video-preview:-1\" \/>\n<link rel=\"canonical\" href=\"https:\/\/arcticexcursions.com\/da\/udflugter\/ny-byvandring\/\" \/>\n<meta property=\"og:locale\" content=\"da_DK\" \/>\n<meta property=\"og:type\" content=\"article\" \/>\n<meta property=\"og:title\" content=\"Byvandring - Arctic Excursions\" \/>\n<meta property=\"og:description\" content=\"G\u00e5tur i isbjergenes by\" \/>\n<meta property=\"og:url\" content=\"https:\/\/arcticexcursions.com\/da\/udflugter\/ny-byvandring\/\" \/>\n<meta property=\"og:site_name\" content=\"Arctic Excursions\" \/>\n<meta property=\"article:modified_time\" content=\"2026-04-17T16:20:51+00:00\" \/>\n<meta property=\"og:image\" content=\"https:\/\/arcticexcursions.com\/wp-content\/uploads\/2024\/09\/DSC_9358-scaled.jpg\" \/>\n\t<meta property=\"og:image:width\" content=\"2560\" \/>\n\t<meta property=\"og:image:height\" content=\"1707\" \/>\n\t<meta property=\"og:image:type\" content=\"image\/jpeg\" \/>\n<meta name=\"twitter:card\" content=\"summary_large_image\" \/>\n<meta name=\"twitter:label1\" content=\"Estimeret l\u00e6setid\" \/>\n\t<meta name=\"twitter:data1\" content=\"1 minut\" \/>\n<script type=\"application\/ld+json\" class=\"yoast-schema-graph\">{\"@context\":\"https:\/\/schema.org\",\"@graph\":[{\"@type\":\"WebPage\",\"@id\":\"https:\/\/arcticexcursions.com\/da\/udflugter\/ny-byvandring\/\",\"url\":\"https:\/\/arcticexcursions.com\/da\/udflugter\/ny-byvandring\/\",\"name\":\"Byvandring - Arctic Excursions\",\"isPartOf\":{\"@id\":\"https:\/\/arcticexcursions.com\/#website\"},\"primaryImageOfPage\":{\"@id\":\"https:\/\/arcticexcursions.com\/da\/udflugter\/ny-byvandring\/#primaryimage\"},\"image\":{\"@id\":\"https:\/\/arcticexcursions.com\/da\/udflugter\/ny-byvandring\/#primaryimage\"},\"thumbnailUrl\":\"https:\/\/arcticexcursions.com\/wp-content\/uploads\/2024\/09\/DSC_9358-scaled.jpg\",\"datePublished\":\"2025-07-22T11:51:36+00:00\",\"dateModified\":\"2026-04-17T16:20:51+00:00\",\"breadcrumb\":{\"@id\":\"https:\/\/arcticexcursions.com\/da\/udflugter\/ny-byvandring\/#breadcrumb\"},\"inLanguage\":\"da-DK\",\"potentialAction\":[{\"@type\":\"ReadAction\",\"target\":[\"https:\/\/arcticexcursions.com\/da\/udflugter\/ny-byvandring\/\"]}]},{\"@type\":\"ImageObject\",\"inLanguage\":\"da-DK\",\"@id\":\"https:\/\/arcticexcursions.com\/da\/udflugter\/ny-byvandring\/#primaryimage\",\"url\":\"https:\/\/arcticexcursions.com\/wp-content\/uploads\/2024\/09\/DSC_9358-scaled.jpg\",\"contentUrl\":\"https:\/\/arcticexcursions.com\/wp-content\/uploads\/2024\/09\/DSC_9358-scaled.jpg\",\"width\":2560,\"height\":1707,\"caption\":\"A\"},{\"@type\":\"BreadcrumbList\",\"@id\":\"https:\/\/arcticexcursions.com\/da\/udflugter\/ny-byvandring\/#breadcrumb\",\"itemListElement\":[{\"@type\":\"ListItem\",\"position\":1,\"name\":\"Home\",\"item\":\"https:\/\/arcticexcursions.com\/da\/\"},{\"@type\":\"ListItem\",\"position\":2,\"name\":\"Udflugter i Gr\u00f8nland\",\"item\":\"https:\/\/arcticexcursions.com\/da\/udflugter\/\"},{\"@type\":\"ListItem\",\"position\":3,\"name\":\"Byvandring\"}]},{\"@type\":\"WebSite\",\"@id\":\"https:\/\/arcticexcursions.com\/#website\",\"url\":\"https:\/\/arcticexcursions.com\/\",\"name\":\"Arctic Excursions\",\"description\":\"New adventures. Every day.\",\"publisher\":{\"@id\":\"https:\/\/arcticexcursions.com\/#organization\"},\"potentialAction\":[{\"@type\":\"SearchAction\",\"target\":{\"@type\":\"EntryPoint\",\"urlTemplate\":\"https:\/\/arcticexcursions.com\/?s={search_term_string}\"},\"query-input\":{\"@type\":\"PropertyValueSpecification\",\"valueRequired\":true,\"valueName\":\"search_term_string\"}}],\"inLanguage\":\"da-DK\"},{\"@type\":\"Organization\",\"@id\":\"https:\/\/arcticexcursions.com\/#organization\",\"name\":\"Arctic Excursions\",\"url\":\"https:\/\/arcticexcursions.com\/\",\"logo\":{\"@type\":\"ImageObject\",\"inLanguage\":\"da-DK\",\"@id\":\"https:\/\/arcticexcursions.com\/#\/schema\/logo\/image\/\",\"url\":\"https:\/\/arcticexcursions.com\/wp-content\/uploads\/2022\/11\/fb-logo.png\",\"contentUrl\":\"https:\/\/arcticexcursions.com\/wp-content\/uploads\/2022\/11\/fb-logo.png\",\"width\":523,\"height\":523,\"caption\":\"Arctic Excursions\"},\"image\":{\"@id\":\"https:\/\/arcticexcursions.com\/#\/schema\/logo\/image\/\"}}]}<\/script>\n<!-- \/ Yoast SEO plugin. -->","yoast_head_json":{"title":"Arctic Excursions","robots":{"index":"index","follow":"follow","max-snippet":"max-snippet:-1","max-image-preview":"max-image-preview:large","max-video-preview":"max-video-preview:-1"},"canonical":"https:\/\/arcticexcursions.com\/da\/udflugter\/ny-byvandring\/","og_locale":"da_DK","og_type":"article","og_title":"Byvandring - Arctic Excursions","og_description":"G\u00e5tur i isbjergenes by","og_url":"https:\/\/arcticexcursions.com\/da\/udflugter\/ny-byvandring\/","og_site_name":"Arctic Excursions","article_modified_time":"2026-04-17T16:20:51+00:00","og_image":[{"width":2560,"height":1707,"url":"https:\/\/arcticexcursions.com\/wp-content\/uploads\/2024\/09\/DSC_9358-scaled.jpg","type":"image\/jpeg"}],"twitter_card":"summary_large_image","twitter_misc":{"Estimeret l\u00e6setid":"1 minut"},"schema":{"@context":"https:\/\/schema.org","@graph":[{"@type":"WebPage","@id":"https:\/\/arcticexcursions.com\/da\/udflugter\/ny-byvandring\/","url":"https:\/\/arcticexcursions.com\/da\/udflugter\/ny-byvandring\/","name":"Byvandring - Arctic Excursions","isPartOf":{"@id":"https:\/\/arcticexcursions.com\/#website"},"primaryImageOfPage":{"@id":"https:\/\/arcticexcursions.com\/da\/udflugter\/ny-byvandring\/#primaryimage"},"image":{"@id":"https:\/\/arcticexcursions.com\/da\/udflugter\/ny-byvandring\/#primaryimage"},"thumbnailUrl":"https:\/\/arcticexcursions.com\/wp-content\/uploads\/2024\/09\/DSC_9358-scaled.jpg","datePublished":"2025-07-22T11:51:36+00:00","dateModified":"2026-04-17T16:20:51+00:00","breadcrumb":{"@id":"https:\/\/arcticexcursions.com\/da\/udflugter\/ny-byvandring\/#breadcrumb"},"inLanguage":"da-DK","potentialAction":[{"@type":"ReadAction","target":["https:\/\/arcticexcursions.com\/da\/udflugter\/ny-byvandring\/"]}]},{"@type":"ImageObject","inLanguage":"da-DK","@id":"https:\/\/arcticexcursions.com\/da\/udflugter\/ny-byvandring\/#primaryimage","url":"https:\/\/arcticexcursions.com\/wp-content\/uploads\/2024\/09\/DSC_9358-scaled.jpg","contentUrl":"https:\/\/arcticexcursions.com\/wp-content\/uploads\/2024\/09\/DSC_9358-scaled.jpg","width":2560,"height":1707,"caption":"A"},{"@type":"BreadcrumbList","@id":"https:\/\/arcticexcursions.com\/da\/udflugter\/ny-byvandring\/#breadcrumb","itemListElement":[{"@type":"ListItem","position":1,"name":"Home","item":"https:\/\/arcticexcursions.com\/da\/"},{"@type":"ListItem","position":2,"name":"Udflugter i Gr\u00f8nland","item":"https:\/\/arcticexcursions.com\/da\/udflugter\/"},{"@type":"ListItem","position":3,"name":"Byvandring"}]},{"@type":"WebSite","@id":"https:\/\/arcticexcursions.com\/#website","url":"https:\/\/arcticexcursions.com\/","name":"Arctic Excursions","description":"New adventures. Every day.","publisher":{"@id":"https:\/\/arcticexcursions.com\/#organization"},"potentialAction":[{"@type":"SearchAction","target":{"@type":"EntryPoint","urlTemplate":"https:\/\/arcticexcursions.com\/?s={search_term_string}"},"query-input":{"@type":"PropertyValueSpecification","valueRequired":true,"valueName":"search_term_string"}}],"inLanguage":"da-DK"},{"@type":"Organization","@id":"https:\/\/arcticexcursions.com\/#organization","name":"Arctic Excursions","url":"https:\/\/arcticexcursions.com\/","logo":{"@type":"ImageObject","inLanguage":"da-DK","@id":"https:\/\/arcticexcursions.com\/#\/schema\/logo\/image\/","url":"https:\/\/arcticexcursions.com\/wp-content\/uploads\/2022\/11\/fb-logo.png","contentUrl":"https:\/\/arcticexcursions.com\/wp-content\/uploads\/2022\/11\/fb-logo.png","width":523,"height":523,"caption":"Arctic Excursions"},"image":{"@id":"https:\/\/arcticexcursions.com\/#\/schema\/logo\/image\/"}}]}},"_links":{"self":[{"href":"https:\/\/arcticexcursions.com\/da\/wp-json\/wp\/v2\/product\/63436"}],"collection":[{"href":"https:\/\/arcticexcursions.com\/da\/wp-json\/wp\/v2\/product"}],"about":[{"href":"https:\/\/arcticexcursions.com\/da\/wp-json\/wp\/v2\/types\/product"}],"replies":[{"embeddable":true,"href":"https:\/\/arcticexcursions.com\/da\/wp-json\/wp\/v2\/comments?post=63436"}],"wp:featuredmedia":[{"embeddable":true,"href":"https:\/\/arcticexcursions.com\/da\/wp-json\/wp\/v2\/media\/41104"}],"wp:attachment":[{"href":"https:\/\/arcticexcursions.com\/da\/wp-json\/wp\/v2\/media?parent=63436"}],"wp:term":[{"taxonomy":"product_brand","embeddable":true,"href":"https:\/\/arcticexcursions.com\/da\/wp-json\/wp\/v2\/product_brand?post=63436"},{"taxonomy":"product_cat","embeddable":true,"href":"https:\/\/arcticexcursions.com\/da\/wp-json\/wp\/v2\/product_cat?post=63436"},{"taxonomy":"product_tag","embeddable":true,"href":"https:\/\/arcticexcursions.com\/da\/wp-json\/wp\/v2\/product_tag?post=63436"}],"curies":[{"name":"wp","href":"https:\/\/api.w.org\/{rel}","templated":true}]}}