{"id":63457,"date":"2025-07-22T13:47:29","date_gmt":"2025-07-22T11:47:29","guid":{"rendered":"https:\/\/arcticexcursions.com\/?post_type=product&#038;p=63457"},"modified":"2026-03-24T02:30:27","modified_gmt":"2026-03-24T00:30:27","slug":"ny-baadtur-nordlystur","status":"publish","type":"product","link":"https:\/\/arcticexcursions.com\/da\/udflugter\/ny-baadtur-nordlystur\/","title":{"rendered":"Nordlystur p\u00e5 vandet"},"content":{"rendered":"<p>Bliv betaget af det dansende nordlys under den klare aftenhimmel p\u00e5 en sejltur i blandt de majest\u00e6tiske isbjerge i Diskobugten.<\/p>\n<p>Sejleturen varer 2 timers i Diskobugt-omr\u00e5det med en st\u00e5lb\u00e5d fra Disko Line \u2013 Gr\u00f8nlands st\u00f8rste passagerrederi.<\/p>\n<p>Der vil v\u00e6re en guide ombord p\u00e5 b\u00e5den, som vil give information om nordlys undervejs.<\/p>\n<p>Der vil blive serveret varm kakao med skumfiduser under turen. <\/p>\n<p>Der vil v\u00e6re shuttle til havnen f\u00f8r afgang og retur til Disko Line Explorers kontor efter turen.<\/p>\n<p><b>VARIGHED:<\/b> 2 timer<\/p>\n<p><b>S\u00c6SON:<\/b> Turen afvikles i vinterperioden i oktober og marts.<br \/>\n<b>Anbefalet p\u00e5kl\u00e6dning:<\/b> Varmt t\u00f8j inkl. hue og handsker.<\/p>\n<p><b>Sprog:<\/b> Guiden\/kaptajnen taler dansk, engelsk og gr\u00f8nlandsk<\/p>\n<p><b>B\u00e5dtype:<\/b> Lukket b\u00e5d<\/p>\n<p><b>Toiletforhold:<\/b> Der er toilet p\u00e5 b\u00e5den<\/p>\n<p><b>BEM\u00c6RK:<\/b> Vi sejler kun ud, n\u00e5r vejrudsigten melder klar himmel, s\u00e5 chancerne for at se nordlys er st\u00f8rst. Vi kan derfor v\u00e6lge at aflyse turen i sidste \u00f8jeblik, hvis det bliver overskyet. Hertil vil vi pr\u00f8ve p\u00e5 bedste vis at ombooke til en anden dag.<\/p>\n","protected":false},"excerpt":{"rendered":"<p>Oplev nordlys i Gr\u00f8nland<\/p>\n","protected":false},"featured_media":40971,"comment_status":"open","ping_status":"closed","template":"","meta":{"_acf_changed":false},"product_brand":[],"product_cat":[170],"product_tag":[],"class_list":{"0":"post-63457","1":"product","2":"type-product","3":"status-publish","4":"has-post-thumbnail","6":"product_cat-udflugt","7":"pa_dato-6256","8":"pa_dato-6257","9":"pa_dato-6259","10":"pa_dato-6134","11":"pa_dato-6131","12":"pa_dato-6181","13":"pa_dato-6261","14":"pa_dato-6183","15":"pa_dato-6158","16":"pa_dato-6262","17":"pa_dato-6263","18":"pa_dato-6161","19":"pa_dato-6359","20":"pa_dato-6362","21":"pa_dato-6367","22":"pa_dato-6368","23":"pa_dato-6371","24":"pa_dato-6372","25":"pa_dato-6373","26":"pa_dato-6192","27":"pa_dato-6194","28":"pa_dato-6207","29":"pa_dato-6196","30":"pa_dato-6197","31":"pa_dato-6200","32":"pa_dato-6201","33":"pa_dato-6142","34":"pa_dato-6202","35":"pa_dato-6203","36":"pa_dato-6268","37":"pa_dato-6336","38":"pa_dato-6212","39":"pa_dato-6331","40":"pa_dato-6222","41":"pa_dato-6440","42":"pa_dato-6441","43":"pa_dato-6251","44":"pa_dato-6378","45":"pa_dato-6349","46":"pa_dato-6444","47":"pa_dato-6283","48":"pa_dato-6173","49":"pa_dato-6300","50":"pa_tidspunkt-86","51":"pa_tidspunkt-80","52":"pa_tidspunkt-231","53":"pa_tidspunkt-82","54":"pa_tidspunkt-6392","55":"pa_tidspunkt-463","56":"pa_tidspunkt-81","57":"tour_location-ilulissat-da","58":"tour_type-nordlys","59":"tour_tickettype-arctic_excursions","60":"tour_operator-disko-line-explorer","62":"first","63":"instock","64":"shipping-taxable","65":"purchasable","66":"product-type-variable"},"acf":[],"yoast_head":"<!-- This site is optimized with the Yoast SEO plugin v23.6 - https:\/\/yoast.com\/wordpress\/plugins\/seo\/ -->\n<title>Arctic Excursions<\/title>\n<meta name=\"robots\" content=\"index, follow, max-snippet:-1, max-image-preview:large, max-video-preview:-1\" \/>\n<link rel=\"canonical\" href=\"https:\/\/arcticexcursions.com\/udflugter\/ny-baadtur-nordlystur\/\" \/>\n<meta property=\"og:locale\" content=\"da_DK\" \/>\n<meta property=\"og:type\" content=\"article\" \/>\n<meta property=\"og:title\" content=\"Nordlystur p\u00e5 vandet - Arctic Excursions\" \/>\n<meta property=\"og:description\" content=\"Oplev nordlys i Gr\u00f8nland\" \/>\n<meta property=\"og:url\" content=\"https:\/\/arcticexcursions.com\/udflugter\/ny-baadtur-nordlystur\/\" \/>\n<meta property=\"og:site_name\" content=\"Arctic Excursions\" \/>\n<meta property=\"article:modified_time\" content=\"2026-03-24T00:30:27+00:00\" \/>\n<meta property=\"og:image\" content=\"https:\/\/arcticexcursions.com\/wp-content\/uploads\/2024\/09\/DSC04608-scaled.jpg\" \/>\n\t<meta property=\"og:image:width\" content=\"2560\" \/>\n\t<meta property=\"og:image:height\" content=\"1710\" \/>\n\t<meta property=\"og:image:type\" content=\"image\/jpeg\" \/>\n<meta name=\"twitter:card\" content=\"summary_large_image\" \/>\n<meta name=\"twitter:label1\" content=\"Estimeret l\u00e6setid\" \/>\n\t<meta name=\"twitter:data1\" content=\"1 minut\" \/>\n<script type=\"application\/ld+json\" class=\"yoast-schema-graph\">{\"@context\":\"https:\/\/schema.org\",\"@graph\":[{\"@type\":\"WebPage\",\"@id\":\"https:\/\/arcticexcursions.com\/udflugter\/ny-baadtur-nordlystur\/\",\"url\":\"https:\/\/arcticexcursions.com\/udflugter\/ny-baadtur-nordlystur\/\",\"name\":\"Nordlystur p\u00e5 vandet - Arctic Excursions\",\"isPartOf\":{\"@id\":\"https:\/\/arcticexcursions.com\/#website\"},\"primaryImageOfPage\":{\"@id\":\"https:\/\/arcticexcursions.com\/udflugter\/ny-baadtur-nordlystur\/#primaryimage\"},\"image\":{\"@id\":\"https:\/\/arcticexcursions.com\/udflugter\/ny-baadtur-nordlystur\/#primaryimage\"},\"thumbnailUrl\":\"https:\/\/arcticexcursions.com\/wp-content\/uploads\/2024\/09\/DSC04608-scaled.jpg\",\"datePublished\":\"2025-07-22T11:47:29+00:00\",\"dateModified\":\"2026-03-24T00:30:27+00:00\",\"breadcrumb\":{\"@id\":\"https:\/\/arcticexcursions.com\/udflugter\/ny-baadtur-nordlystur\/#breadcrumb\"},\"inLanguage\":\"da-DK\",\"potentialAction\":[{\"@type\":\"ReadAction\",\"target\":[\"https:\/\/arcticexcursions.com\/udflugter\/ny-baadtur-nordlystur\/\"]}]},{\"@type\":\"ImageObject\",\"inLanguage\":\"da-DK\",\"@id\":\"https:\/\/arcticexcursions.com\/udflugter\/ny-baadtur-nordlystur\/#primaryimage\",\"url\":\"https:\/\/arcticexcursions.com\/wp-content\/uploads\/2024\/09\/DSC04608-scaled.jpg\",\"contentUrl\":\"https:\/\/arcticexcursions.com\/wp-content\/uploads\/2024\/09\/DSC04608-scaled.jpg\",\"width\":2560,\"height\":1710},{\"@type\":\"BreadcrumbList\",\"@id\":\"https:\/\/arcticexcursions.com\/udflugter\/ny-baadtur-nordlystur\/#breadcrumb\",\"itemListElement\":[{\"@type\":\"ListItem\",\"position\":1,\"name\":\"Home\",\"item\":\"https:\/\/arcticexcursions.com\/da\/\"},{\"@type\":\"ListItem\",\"position\":2,\"name\":\"Udflugter i Gr\u00f8nland\",\"item\":\"https:\/\/arcticexcursions.com\/da\/udflugter\/\"},{\"@type\":\"ListItem\",\"position\":3,\"name\":\"Nordlystur p\u00e5 vandet\"}]},{\"@type\":\"WebSite\",\"@id\":\"https:\/\/arcticexcursions.com\/#website\",\"url\":\"https:\/\/arcticexcursions.com\/\",\"name\":\"Arctic Excursions\",\"description\":\"New adventures. Every day.\",\"publisher\":{\"@id\":\"https:\/\/arcticexcursions.com\/#organization\"},\"potentialAction\":[{\"@type\":\"SearchAction\",\"target\":{\"@type\":\"EntryPoint\",\"urlTemplate\":\"https:\/\/arcticexcursions.com\/?s={search_term_string}\"},\"query-input\":{\"@type\":\"PropertyValueSpecification\",\"valueRequired\":true,\"valueName\":\"search_term_string\"}}],\"inLanguage\":\"da-DK\"},{\"@type\":\"Organization\",\"@id\":\"https:\/\/arcticexcursions.com\/#organization\",\"name\":\"Arctic Excursions\",\"url\":\"https:\/\/arcticexcursions.com\/\",\"logo\":{\"@type\":\"ImageObject\",\"inLanguage\":\"da-DK\",\"@id\":\"https:\/\/arcticexcursions.com\/#\/schema\/logo\/image\/\",\"url\":\"https:\/\/arcticexcursions.com\/wp-content\/uploads\/2022\/11\/fb-logo.png\",\"contentUrl\":\"https:\/\/arcticexcursions.com\/wp-content\/uploads\/2022\/11\/fb-logo.png\",\"width\":523,\"height\":523,\"caption\":\"Arctic Excursions\"},\"image\":{\"@id\":\"https:\/\/arcticexcursions.com\/#\/schema\/logo\/image\/\"}}]}<\/script>\n<!-- \/ Yoast SEO plugin. -->","yoast_head_json":{"title":"Arctic Excursions","robots":{"index":"index","follow":"follow","max-snippet":"max-snippet:-1","max-image-preview":"max-image-preview:large","max-video-preview":"max-video-preview:-1"},"canonical":"https:\/\/arcticexcursions.com\/udflugter\/ny-baadtur-nordlystur\/","og_locale":"da_DK","og_type":"article","og_title":"Nordlystur p\u00e5 vandet - Arctic Excursions","og_description":"Oplev nordlys i Gr\u00f8nland","og_url":"https:\/\/arcticexcursions.com\/udflugter\/ny-baadtur-nordlystur\/","og_site_name":"Arctic Excursions","article_modified_time":"2026-03-24T00:30:27+00:00","og_image":[{"width":2560,"height":1710,"url":"https:\/\/arcticexcursions.com\/wp-content\/uploads\/2024\/09\/DSC04608-scaled.jpg","type":"image\/jpeg"}],"twitter_card":"summary_large_image","twitter_misc":{"Estimeret l\u00e6setid":"1 minut"},"schema":{"@context":"https:\/\/schema.org","@graph":[{"@type":"WebPage","@id":"https:\/\/arcticexcursions.com\/udflugter\/ny-baadtur-nordlystur\/","url":"https:\/\/arcticexcursions.com\/udflugter\/ny-baadtur-nordlystur\/","name":"Nordlystur p\u00e5 vandet - Arctic Excursions","isPartOf":{"@id":"https:\/\/arcticexcursions.com\/#website"},"primaryImageOfPage":{"@id":"https:\/\/arcticexcursions.com\/udflugter\/ny-baadtur-nordlystur\/#primaryimage"},"image":{"@id":"https:\/\/arcticexcursions.com\/udflugter\/ny-baadtur-nordlystur\/#primaryimage"},"thumbnailUrl":"https:\/\/arcticexcursions.com\/wp-content\/uploads\/2024\/09\/DSC04608-scaled.jpg","datePublished":"2025-07-22T11:47:29+00:00","dateModified":"2026-03-24T00:30:27+00:00","breadcrumb":{"@id":"https:\/\/arcticexcursions.com\/udflugter\/ny-baadtur-nordlystur\/#breadcrumb"},"inLanguage":"da-DK","potentialAction":[{"@type":"ReadAction","target":["https:\/\/arcticexcursions.com\/udflugter\/ny-baadtur-nordlystur\/"]}]},{"@type":"ImageObject","inLanguage":"da-DK","@id":"https:\/\/arcticexcursions.com\/udflugter\/ny-baadtur-nordlystur\/#primaryimage","url":"https:\/\/arcticexcursions.com\/wp-content\/uploads\/2024\/09\/DSC04608-scaled.jpg","contentUrl":"https:\/\/arcticexcursions.com\/wp-content\/uploads\/2024\/09\/DSC04608-scaled.jpg","width":2560,"height":1710},{"@type":"BreadcrumbList","@id":"https:\/\/arcticexcursions.com\/udflugter\/ny-baadtur-nordlystur\/#breadcrumb","itemListElement":[{"@type":"ListItem","position":1,"name":"Home","item":"https:\/\/arcticexcursions.com\/da\/"},{"@type":"ListItem","position":2,"name":"Udflugter i Gr\u00f8nland","item":"https:\/\/arcticexcursions.com\/da\/udflugter\/"},{"@type":"ListItem","position":3,"name":"Nordlystur p\u00e5 vandet"}]},{"@type":"WebSite","@id":"https:\/\/arcticexcursions.com\/#website","url":"https:\/\/arcticexcursions.com\/","name":"Arctic Excursions","description":"New adventures. Every day.","publisher":{"@id":"https:\/\/arcticexcursions.com\/#organization"},"potentialAction":[{"@type":"SearchAction","target":{"@type":"EntryPoint","urlTemplate":"https:\/\/arcticexcursions.com\/?s={search_term_string}"},"query-input":{"@type":"PropertyValueSpecification","valueRequired":true,"valueName":"search_term_string"}}],"inLanguage":"da-DK"},{"@type":"Organization","@id":"https:\/\/arcticexcursions.com\/#organization","name":"Arctic Excursions","url":"https:\/\/arcticexcursions.com\/","logo":{"@type":"ImageObject","inLanguage":"da-DK","@id":"https:\/\/arcticexcursions.com\/#\/schema\/logo\/image\/","url":"https:\/\/arcticexcursions.com\/wp-content\/uploads\/2022\/11\/fb-logo.png","contentUrl":"https:\/\/arcticexcursions.com\/wp-content\/uploads\/2022\/11\/fb-logo.png","width":523,"height":523,"caption":"Arctic Excursions"},"image":{"@id":"https:\/\/arcticexcursions.com\/#\/schema\/logo\/image\/"}}]}},"_links":{"self":[{"href":"https:\/\/arcticexcursions.com\/da\/wp-json\/wp\/v2\/product\/63457"}],"collection":[{"href":"https:\/\/arcticexcursions.com\/da\/wp-json\/wp\/v2\/product"}],"about":[{"href":"https:\/\/arcticexcursions.com\/da\/wp-json\/wp\/v2\/types\/product"}],"replies":[{"embeddable":true,"href":"https:\/\/arcticexcursions.com\/da\/wp-json\/wp\/v2\/comments?post=63457"}],"wp:featuredmedia":[{"embeddable":true,"href":"https:\/\/arcticexcursions.com\/da\/wp-json\/wp\/v2\/media\/40971"}],"wp:attachment":[{"href":"https:\/\/arcticexcursions.com\/da\/wp-json\/wp\/v2\/media?parent=63457"}],"wp:term":[{"taxonomy":"product_brand","embeddable":true,"href":"https:\/\/arcticexcursions.com\/da\/wp-json\/wp\/v2\/product_brand?post=63457"},{"taxonomy":"product_cat","embeddable":true,"href":"https:\/\/arcticexcursions.com\/da\/wp-json\/wp\/v2\/product_cat?post=63457"},{"taxonomy":"product_tag","embeddable":true,"href":"https:\/\/arcticexcursions.com\/da\/wp-json\/wp\/v2\/product_tag?post=63457"}],"curies":[{"name":"wp","href":"https:\/\/api.w.org\/{rel}","templated":true}]}}