{"id":6347,"date":"2022-12-15T16:28:07","date_gmt":"2022-12-15T14:28:07","guid":{"rendered":"https:\/\/arcticexcursions.com\/?post_type=product&#038;p=6347"},"modified":"2025-11-03T18:18:56","modified_gmt":"2025-11-03T16:18:56","slug":"visit-an-ice-cave","status":"publish","type":"product","link":"https:\/\/arcticexcursions.com\/da\/udflugter\/visit-an-ice-cave\/","title":{"rendered":"Bes\u00f8g en isgrotte"},"content":{"rendered":"<p>P\u00e5 denne tur f\u00e5r du muligheden for at kombinere oplevelsen af de store isbjerge med oplevelsen af at komme ind i en dyb ishule, som er placeret t\u00e6t p\u00e5 Tasiilaq og Kulusuk.<br \/>\nVi sejler hen over Atlanterhavet, og p\u00e5 denne sejltur kommer du til at opleve enorme m\u00e6ngder af isbjerge i alle former og st\u00f8rrelser. Hvis man er heldig, kan man indimellem se pukkelhvaler, v\u00e5gehvaler og finhvaler.<br \/>\nVores f\u00f8rste stop er ved Aputisaq-gletsjeren, hvor vi begynder vores rejse ind i ishulen. Inden vi drager ind i gletsjeren, vil vores gletsjerguide l\u00e6re os om de sikkerhedsf\u00e6rdigheder, som vi f\u00e5r brug for til denne oplevelse. Vi g\u00e5r ca. 20 min under gletsjeren, og du kommer til at opleve en helt ny verden. Efter vores g\u00e5tur under ishulen, vender vi tilbage til b\u00e5den, og sejler stille og roligt tilbage til Tasiilaq. <\/p>\n<p><b>Varighed:<\/b> 3-4 timer<\/p>\n<p><b>Deltagere:<\/b> Bem\u00e6rk venligst, at udflugten kun gennemf\u00f8res, hvis der er mindst 4 bookede billetter i alt. Hvis du for eksempel booker 2 billetter, skal der s\u00e6lges mindst 2 yderligere billetter til andre kunder, f\u00f8r turen kan finde sted. Der kan deltage maksimalt 10 personer.<\/p>\n<p><b>Sprog:<\/b> Guiden\/kaptajnen taler dansk, engelsk og gr\u00f8nlandsk<\/p>\n<p><b>B\u00e5dtype:<\/b> \u00c5ben\/lukket b\u00e5d<\/p>\n<p><b>Forplejning:<\/b> Kaffe og te serveres p\u00e5 b\u00e5den<\/p>\n<p><b>Anbefalet p\u00e5kl\u00e6dning:<\/b> Varmt t\u00f8j inkl. hue og handsker hele \u00e5ret. Solbriller. Solcreme om sommeren.<\/p>\n","protected":false},"excerpt":{"rendered":"<p>Bes\u00f8g en 40 meter dyb isgrotte med Gletsjer-guide <\/p>\n","protected":false},"featured_media":6341,"comment_status":"open","ping_status":"closed","template":"","meta":{"_acf_changed":false},"product_brand":[],"product_cat":[170],"product_tag":[],"class_list":{"0":"post-6347","1":"product","2":"type-product","3":"status-publish","4":"has-post-thumbnail","6":"product_cat-udflugt","7":"pa_dato-537","8":"pa_dato-543","9":"pa_dato-552","10":"pa_dato-521","11":"pa_dato-589","12":"pa_dato-594","13":"pa_dato-511","14":"pa_dato-1065","15":"pa_dato-988","16":"pa_dato-990","17":"pa_dato-989","18":"pa_dato-991","19":"pa_dato-993","20":"pa_dato-994","21":"pa_dato-995","22":"pa_dato-1034","23":"pa_dato-997","24":"pa_dato-998","25":"pa_dato-999","26":"pa_dato-1000","27":"pa_dato-1002","28":"pa_dato-1003","29":"pa_dato-1004","30":"pa_dato-1005","31":"pa_dato-1008","32":"pa_dato-1009","33":"pa_dato-1010","34":"pa_dato-1012","35":"pa_dato-1017","36":"pa_dato-1373","37":"pa_dato-5922","38":"pa_dato-5881","39":"pa_dato-5923","40":"pa_dato-5921","41":"pa_dato-6042","42":"pa_dato-5891","43":"pa_dato-6043","44":"pa_dato-5890","45":"pa_dato-5916","46":"pa_dato-5934","47":"pa_dato-6072","48":"pa_dato-6066","49":"pa_dato-6065","50":"pa_dato-5878","51":"pa_dato-6017","52":"pa_dato-6071","53":"pa_dato-6075","54":"pa_dato-5993","55":"pa_dato-5936","56":"pa_dato-6070","57":"pa_dato-6018","58":"pa_dato-6019","59":"pa_dato-5947","60":"pa_dato-6064","61":"pa_dato-6047","62":"pa_dato-5932","63":"pa_dato-5999","64":"pa_dato-5974","65":"pa_dato-6059","66":"pa_tidspunkt-72","67":"pa_tidspunkt-40","68":"tour_location-tasiilaq-da","69":"tour_type-baadture","70":"tour_tickettype-arctic_excursions","71":"tour_operator-arctic-dream","73":"first","74":"outofstock","75":"shipping-taxable","76":"product-type-variable"},"acf":[],"yoast_head":"<!-- This site is optimized with the Yoast SEO plugin v23.6 - https:\/\/yoast.com\/wordpress\/plugins\/seo\/ -->\n<title>Arctic Excursions<\/title>\n<meta name=\"robots\" content=\"index, follow, max-snippet:-1, max-image-preview:large, max-video-preview:-1\" \/>\n<link rel=\"canonical\" href=\"https:\/\/arcticexcursions.com\/udflugter\/isgrotte\/\" \/>\n<meta property=\"og:locale\" content=\"da_DK\" \/>\n<meta property=\"og:type\" content=\"article\" \/>\n<meta property=\"og:title\" content=\"Bes\u00f8g en isgrotte - Arctic Excursions\" \/>\n<meta property=\"og:description\" content=\"Bes\u00f8g en 40 meter dyb isgrotte med Gletsjer-guide\" \/>\n<meta property=\"og:url\" content=\"https:\/\/arcticexcursions.com\/udflugter\/isgrotte\/\" \/>\n<meta property=\"og:site_name\" content=\"Arctic Excursions\" \/>\n<meta property=\"article:modified_time\" content=\"2025-11-03T16:18:56+00:00\" \/>\n<meta property=\"og:image\" content=\"https:\/\/arcticexcursions.com\/wp-content\/uploads\/2022\/12\/ice-cave-scaled.jpg\" \/>\n\t<meta property=\"og:image:width\" content=\"1707\" \/>\n\t<meta property=\"og:image:height\" content=\"2560\" \/>\n\t<meta property=\"og:image:type\" content=\"image\/jpeg\" \/>\n<meta name=\"twitter:card\" content=\"summary_large_image\" \/>\n<meta name=\"twitter:label1\" content=\"Estimeret l\u00e6setid\" \/>\n\t<meta name=\"twitter:data1\" content=\"1 minut\" \/>\n<script type=\"application\/ld+json\" class=\"yoast-schema-graph\">{\"@context\":\"https:\/\/schema.org\",\"@graph\":[{\"@type\":\"WebPage\",\"@id\":\"https:\/\/arcticexcursions.com\/udflugter\/isgrotte\/\",\"url\":\"https:\/\/arcticexcursions.com\/udflugter\/isgrotte\/\",\"name\":\"Bes\u00f8g en isgrotte - Arctic Excursions\",\"isPartOf\":{\"@id\":\"https:\/\/arcticexcursions.com\/#website\"},\"primaryImageOfPage\":{\"@id\":\"https:\/\/arcticexcursions.com\/udflugter\/isgrotte\/#primaryimage\"},\"image\":{\"@id\":\"https:\/\/arcticexcursions.com\/udflugter\/isgrotte\/#primaryimage\"},\"thumbnailUrl\":\"https:\/\/arcticexcursions.com\/wp-content\/uploads\/2022\/12\/ice-cave-scaled.jpg\",\"datePublished\":\"2022-12-15T14:28:07+00:00\",\"dateModified\":\"2025-11-03T16:18:56+00:00\",\"breadcrumb\":{\"@id\":\"https:\/\/arcticexcursions.com\/udflugter\/isgrotte\/#breadcrumb\"},\"inLanguage\":\"da-DK\",\"potentialAction\":[{\"@type\":\"ReadAction\",\"target\":[\"https:\/\/arcticexcursions.com\/udflugter\/isgrotte\/\"]}]},{\"@type\":\"ImageObject\",\"inLanguage\":\"da-DK\",\"@id\":\"https:\/\/arcticexcursions.com\/udflugter\/isgrotte\/#primaryimage\",\"url\":\"https:\/\/arcticexcursions.com\/wp-content\/uploads\/2022\/12\/ice-cave-scaled.jpg\",\"contentUrl\":\"https:\/\/arcticexcursions.com\/wp-content\/uploads\/2022\/12\/ice-cave-scaled.jpg\",\"width\":1707,\"height\":2560},{\"@type\":\"BreadcrumbList\",\"@id\":\"https:\/\/arcticexcursions.com\/udflugter\/isgrotte\/#breadcrumb\",\"itemListElement\":[{\"@type\":\"ListItem\",\"position\":1,\"name\":\"Home\",\"item\":\"https:\/\/arcticexcursions.com\/da\/\"},{\"@type\":\"ListItem\",\"position\":2,\"name\":\"Udflugter i Gr\u00f8nland\",\"item\":\"https:\/\/arcticexcursions.com\/da\/udflugter\/\"},{\"@type\":\"ListItem\",\"position\":3,\"name\":\"Bes\u00f8g en isgrotte\"}]},{\"@type\":\"WebSite\",\"@id\":\"https:\/\/arcticexcursions.com\/#website\",\"url\":\"https:\/\/arcticexcursions.com\/\",\"name\":\"Arctic Excursions\",\"description\":\"New adventures. Every day.\",\"publisher\":{\"@id\":\"https:\/\/arcticexcursions.com\/#organization\"},\"potentialAction\":[{\"@type\":\"SearchAction\",\"target\":{\"@type\":\"EntryPoint\",\"urlTemplate\":\"https:\/\/arcticexcursions.com\/?s={search_term_string}\"},\"query-input\":{\"@type\":\"PropertyValueSpecification\",\"valueRequired\":true,\"valueName\":\"search_term_string\"}}],\"inLanguage\":\"da-DK\"},{\"@type\":\"Organization\",\"@id\":\"https:\/\/arcticexcursions.com\/#organization\",\"name\":\"Arctic Excursions\",\"url\":\"https:\/\/arcticexcursions.com\/\",\"logo\":{\"@type\":\"ImageObject\",\"inLanguage\":\"da-DK\",\"@id\":\"https:\/\/arcticexcursions.com\/#\/schema\/logo\/image\/\",\"url\":\"https:\/\/arcticexcursions.com\/wp-content\/uploads\/2022\/11\/fb-logo.png\",\"contentUrl\":\"https:\/\/arcticexcursions.com\/wp-content\/uploads\/2022\/11\/fb-logo.png\",\"width\":523,\"height\":523,\"caption\":\"Arctic Excursions\"},\"image\":{\"@id\":\"https:\/\/arcticexcursions.com\/#\/schema\/logo\/image\/\"}}]}<\/script>\n<!-- \/ Yoast SEO plugin. -->","yoast_head_json":{"title":"Arctic Excursions","robots":{"index":"index","follow":"follow","max-snippet":"max-snippet:-1","max-image-preview":"max-image-preview:large","max-video-preview":"max-video-preview:-1"},"canonical":"https:\/\/arcticexcursions.com\/udflugter\/isgrotte\/","og_locale":"da_DK","og_type":"article","og_title":"Bes\u00f8g en isgrotte - Arctic Excursions","og_description":"Bes\u00f8g en 40 meter dyb isgrotte med Gletsjer-guide","og_url":"https:\/\/arcticexcursions.com\/udflugter\/isgrotte\/","og_site_name":"Arctic Excursions","article_modified_time":"2025-11-03T16:18:56+00:00","og_image":[{"width":1707,"height":2560,"url":"https:\/\/arcticexcursions.com\/wp-content\/uploads\/2022\/12\/ice-cave-scaled.jpg","type":"image\/jpeg"}],"twitter_card":"summary_large_image","twitter_misc":{"Estimeret l\u00e6setid":"1 minut"},"schema":{"@context":"https:\/\/schema.org","@graph":[{"@type":"WebPage","@id":"https:\/\/arcticexcursions.com\/udflugter\/isgrotte\/","url":"https:\/\/arcticexcursions.com\/udflugter\/isgrotte\/","name":"Bes\u00f8g en isgrotte - Arctic Excursions","isPartOf":{"@id":"https:\/\/arcticexcursions.com\/#website"},"primaryImageOfPage":{"@id":"https:\/\/arcticexcursions.com\/udflugter\/isgrotte\/#primaryimage"},"image":{"@id":"https:\/\/arcticexcursions.com\/udflugter\/isgrotte\/#primaryimage"},"thumbnailUrl":"https:\/\/arcticexcursions.com\/wp-content\/uploads\/2022\/12\/ice-cave-scaled.jpg","datePublished":"2022-12-15T14:28:07+00:00","dateModified":"2025-11-03T16:18:56+00:00","breadcrumb":{"@id":"https:\/\/arcticexcursions.com\/udflugter\/isgrotte\/#breadcrumb"},"inLanguage":"da-DK","potentialAction":[{"@type":"ReadAction","target":["https:\/\/arcticexcursions.com\/udflugter\/isgrotte\/"]}]},{"@type":"ImageObject","inLanguage":"da-DK","@id":"https:\/\/arcticexcursions.com\/udflugter\/isgrotte\/#primaryimage","url":"https:\/\/arcticexcursions.com\/wp-content\/uploads\/2022\/12\/ice-cave-scaled.jpg","contentUrl":"https:\/\/arcticexcursions.com\/wp-content\/uploads\/2022\/12\/ice-cave-scaled.jpg","width":1707,"height":2560},{"@type":"BreadcrumbList","@id":"https:\/\/arcticexcursions.com\/udflugter\/isgrotte\/#breadcrumb","itemListElement":[{"@type":"ListItem","position":1,"name":"Home","item":"https:\/\/arcticexcursions.com\/da\/"},{"@type":"ListItem","position":2,"name":"Udflugter i Gr\u00f8nland","item":"https:\/\/arcticexcursions.com\/da\/udflugter\/"},{"@type":"ListItem","position":3,"name":"Bes\u00f8g en isgrotte"}]},{"@type":"WebSite","@id":"https:\/\/arcticexcursions.com\/#website","url":"https:\/\/arcticexcursions.com\/","name":"Arctic Excursions","description":"New adventures. Every day.","publisher":{"@id":"https:\/\/arcticexcursions.com\/#organization"},"potentialAction":[{"@type":"SearchAction","target":{"@type":"EntryPoint","urlTemplate":"https:\/\/arcticexcursions.com\/?s={search_term_string}"},"query-input":{"@type":"PropertyValueSpecification","valueRequired":true,"valueName":"search_term_string"}}],"inLanguage":"da-DK"},{"@type":"Organization","@id":"https:\/\/arcticexcursions.com\/#organization","name":"Arctic Excursions","url":"https:\/\/arcticexcursions.com\/","logo":{"@type":"ImageObject","inLanguage":"da-DK","@id":"https:\/\/arcticexcursions.com\/#\/schema\/logo\/image\/","url":"https:\/\/arcticexcursions.com\/wp-content\/uploads\/2022\/11\/fb-logo.png","contentUrl":"https:\/\/arcticexcursions.com\/wp-content\/uploads\/2022\/11\/fb-logo.png","width":523,"height":523,"caption":"Arctic Excursions"},"image":{"@id":"https:\/\/arcticexcursions.com\/#\/schema\/logo\/image\/"}}]}},"_links":{"self":[{"href":"https:\/\/arcticexcursions.com\/da\/wp-json\/wp\/v2\/product\/6347"}],"collection":[{"href":"https:\/\/arcticexcursions.com\/da\/wp-json\/wp\/v2\/product"}],"about":[{"href":"https:\/\/arcticexcursions.com\/da\/wp-json\/wp\/v2\/types\/product"}],"replies":[{"embeddable":true,"href":"https:\/\/arcticexcursions.com\/da\/wp-json\/wp\/v2\/comments?post=6347"}],"wp:featuredmedia":[{"embeddable":true,"href":"https:\/\/arcticexcursions.com\/da\/wp-json\/wp\/v2\/media\/6341"}],"wp:attachment":[{"href":"https:\/\/arcticexcursions.com\/da\/wp-json\/wp\/v2\/media?parent=6347"}],"wp:term":[{"taxonomy":"product_brand","embeddable":true,"href":"https:\/\/arcticexcursions.com\/da\/wp-json\/wp\/v2\/product_brand?post=6347"},{"taxonomy":"product_cat","embeddable":true,"href":"https:\/\/arcticexcursions.com\/da\/wp-json\/wp\/v2\/product_cat?post=6347"},{"taxonomy":"product_tag","embeddable":true,"href":"https:\/\/arcticexcursions.com\/da\/wp-json\/wp\/v2\/product_tag?post=6347"}],"curies":[{"name":"wp","href":"https:\/\/api.w.org\/{rel}","templated":true}]}}