{"id":64038,"date":"2025-07-22T13:42:30","date_gmt":"2025-07-22T11:42:30","guid":{"rendered":"https:\/\/arcticexcursions.com\/?post_type=product&#038;p=64038"},"modified":"2025-08-28T15:05:21","modified_gmt":"2025-08-28T13:05:21","slug":"krydstogtskib-fjord-safari","status":"publish","type":"product","link":"https:\/\/arcticexcursions.com\/da\/udflugter\/krydstogtskib-fjord-safari\/","title":{"rendered":"Fjord Safari for krydstogtg\u00e6ster"},"content":{"rendered":"<p>Med en behagelig hastighed p\u00e5 8 knob er IVIK perfekt til natursk\u00f8nne safarier. Oplev Nuuk fra vandet, hvor vi fokuserer p\u00e5 at spotte hvaler, beundre majest\u00e6tiske isbjerge og bes\u00f8ge de fantastiske sm\u00e5 \u00f8er, hvis tiden tillader det.<\/p>\n<p>Du vil have masser af tid til at slappe af, tage billeder, nyde den betagende natur og blot l\u00e6ne dig tilbage og nyde udsigten fra \u00f8verste d\u00e6k.<\/p>\n<p><b>Varighed:<\/b>: 2 timer<\/p>\n","protected":false},"excerpt":{"rendered":"<p>Tag med os p\u00e5 en 2-timers fjordsafari ombord p\u00e5 vores b\u00e5d med plads til 12 passagerer, IVIK.<\/p>\n","protected":false},"featured_media":61880,"comment_status":"open","ping_status":"closed","template":"","meta":{"_acf_changed":false},"product_brand":[],"product_cat":[170],"product_tag":[],"class_list":{"0":"post-64038","1":"product","2":"type-product","3":"status-publish","4":"has-post-thumbnail","6":"product_cat-udflugt","7":"pa_dato-5954","8":"pa_dato-5937","9":"pa_dato-5928","10":"pa_dato-6060","11":"pa_tidspunkt-92","12":"pa_tidspunkt-40","13":"pa_tidspunkt-177","14":"pa_tidspunkt-223","15":"pa_tidspunkt-314","16":"pa_tidspunkt-478","17":"pa_tidspunkt-27","18":"pa_tidspunkt-61","19":"tour_location-nuuk-da","20":"tour_type-baadture","21":"tour_tickettype-arctic_excursions","22":"tour_operator-kang-tourism","24":"first","25":"outofstock","26":"shipping-taxable","27":"product-type-variable"},"acf":[],"yoast_head":"<!-- This site is optimized with the Yoast SEO plugin v23.6 - https:\/\/yoast.com\/wordpress\/plugins\/seo\/ -->\n<title>Arctic Excursions<\/title>\n<meta name=\"robots\" content=\"index, follow, max-snippet:-1, max-image-preview:large, max-video-preview:-1\" \/>\n<link rel=\"canonical\" href=\"https:\/\/arcticexcursions.com\/da\/udflugter\/krydstogtskib-fjord-safari\/\" \/>\n<meta property=\"og:locale\" content=\"da_DK\" \/>\n<meta property=\"og:type\" content=\"article\" \/>\n<meta property=\"og:title\" content=\"Fjord Safari for krydstogtg\u00e6ster - Arctic Excursions\" \/>\n<meta property=\"og:description\" content=\"Tag med os p\u00e5 en 2-timers fjordsafari ombord p\u00e5 vores b\u00e5d med plads til 12 passagerer, IVIK.\" \/>\n<meta property=\"og:url\" content=\"https:\/\/arcticexcursions.com\/da\/udflugter\/krydstogtskib-fjord-safari\/\" \/>\n<meta property=\"og:site_name\" content=\"Arctic Excursions\" \/>\n<meta property=\"article:modified_time\" content=\"2025-08-28T13:05:21+00:00\" \/>\n<meta property=\"og:image\" content=\"https:\/\/arcticexcursions.com\/wp-content\/uploads\/2025\/07\/274128643_2167800763383160_3257490071561992858_n.jpg\" \/>\n\t<meta property=\"og:image:width\" content=\"960\" \/>\n\t<meta property=\"og:image:height\" content=\"640\" \/>\n\t<meta property=\"og:image:type\" content=\"image\/jpeg\" \/>\n<meta name=\"twitter:card\" content=\"summary_large_image\" \/>\n<script type=\"application\/ld+json\" class=\"yoast-schema-graph\">{\"@context\":\"https:\/\/schema.org\",\"@graph\":[{\"@type\":\"WebPage\",\"@id\":\"https:\/\/arcticexcursions.com\/da\/udflugter\/krydstogtskib-fjord-safari\/\",\"url\":\"https:\/\/arcticexcursions.com\/da\/udflugter\/krydstogtskib-fjord-safari\/\",\"name\":\"Fjord Safari for krydstogtg\u00e6ster - Arctic Excursions\",\"isPartOf\":{\"@id\":\"https:\/\/arcticexcursions.com\/#website\"},\"primaryImageOfPage\":{\"@id\":\"https:\/\/arcticexcursions.com\/da\/udflugter\/krydstogtskib-fjord-safari\/#primaryimage\"},\"image\":{\"@id\":\"https:\/\/arcticexcursions.com\/da\/udflugter\/krydstogtskib-fjord-safari\/#primaryimage\"},\"thumbnailUrl\":\"https:\/\/arcticexcursions.com\/wp-content\/uploads\/2025\/07\/274128643_2167800763383160_3257490071561992858_n.jpg\",\"datePublished\":\"2025-07-22T11:42:30+00:00\",\"dateModified\":\"2025-08-28T13:05:21+00:00\",\"breadcrumb\":{\"@id\":\"https:\/\/arcticexcursions.com\/da\/udflugter\/krydstogtskib-fjord-safari\/#breadcrumb\"},\"inLanguage\":\"da-DK\",\"potentialAction\":[{\"@type\":\"ReadAction\",\"target\":[\"https:\/\/arcticexcursions.com\/da\/udflugter\/krydstogtskib-fjord-safari\/\"]}]},{\"@type\":\"ImageObject\",\"inLanguage\":\"da-DK\",\"@id\":\"https:\/\/arcticexcursions.com\/da\/udflugter\/krydstogtskib-fjord-safari\/#primaryimage\",\"url\":\"https:\/\/arcticexcursions.com\/wp-content\/uploads\/2025\/07\/274128643_2167800763383160_3257490071561992858_n.jpg\",\"contentUrl\":\"https:\/\/arcticexcursions.com\/wp-content\/uploads\/2025\/07\/274128643_2167800763383160_3257490071561992858_n.jpg\",\"width\":960,\"height\":640},{\"@type\":\"BreadcrumbList\",\"@id\":\"https:\/\/arcticexcursions.com\/da\/udflugter\/krydstogtskib-fjord-safari\/#breadcrumb\",\"itemListElement\":[{\"@type\":\"ListItem\",\"position\":1,\"name\":\"Home\",\"item\":\"https:\/\/arcticexcursions.com\/da\/\"},{\"@type\":\"ListItem\",\"position\":2,\"name\":\"Udflugter i Gr\u00f8nland\",\"item\":\"https:\/\/arcticexcursions.com\/da\/udflugter\/\"},{\"@type\":\"ListItem\",\"position\":3,\"name\":\"Fjord Safari for krydstogtg\u00e6ster\"}]},{\"@type\":\"WebSite\",\"@id\":\"https:\/\/arcticexcursions.com\/#website\",\"url\":\"https:\/\/arcticexcursions.com\/\",\"name\":\"Arctic Excursions\",\"description\":\"New adventures. Every day.\",\"publisher\":{\"@id\":\"https:\/\/arcticexcursions.com\/#organization\"},\"potentialAction\":[{\"@type\":\"SearchAction\",\"target\":{\"@type\":\"EntryPoint\",\"urlTemplate\":\"https:\/\/arcticexcursions.com\/?s={search_term_string}\"},\"query-input\":{\"@type\":\"PropertyValueSpecification\",\"valueRequired\":true,\"valueName\":\"search_term_string\"}}],\"inLanguage\":\"da-DK\"},{\"@type\":\"Organization\",\"@id\":\"https:\/\/arcticexcursions.com\/#organization\",\"name\":\"Arctic Excursions\",\"url\":\"https:\/\/arcticexcursions.com\/\",\"logo\":{\"@type\":\"ImageObject\",\"inLanguage\":\"da-DK\",\"@id\":\"https:\/\/arcticexcursions.com\/#\/schema\/logo\/image\/\",\"url\":\"https:\/\/arcticexcursions.com\/wp-content\/uploads\/2022\/11\/fb-logo.png\",\"contentUrl\":\"https:\/\/arcticexcursions.com\/wp-content\/uploads\/2022\/11\/fb-logo.png\",\"width\":523,\"height\":523,\"caption\":\"Arctic Excursions\"},\"image\":{\"@id\":\"https:\/\/arcticexcursions.com\/#\/schema\/logo\/image\/\"}}]}<\/script>\n<!-- \/ Yoast SEO plugin. -->","yoast_head_json":{"title":"Arctic Excursions","robots":{"index":"index","follow":"follow","max-snippet":"max-snippet:-1","max-image-preview":"max-image-preview:large","max-video-preview":"max-video-preview:-1"},"canonical":"https:\/\/arcticexcursions.com\/da\/udflugter\/krydstogtskib-fjord-safari\/","og_locale":"da_DK","og_type":"article","og_title":"Fjord Safari for krydstogtg\u00e6ster - Arctic Excursions","og_description":"Tag med os p\u00e5 en 2-timers fjordsafari ombord p\u00e5 vores b\u00e5d med plads til 12 passagerer, IVIK.","og_url":"https:\/\/arcticexcursions.com\/da\/udflugter\/krydstogtskib-fjord-safari\/","og_site_name":"Arctic Excursions","article_modified_time":"2025-08-28T13:05:21+00:00","og_image":[{"width":960,"height":640,"url":"https:\/\/arcticexcursions.com\/wp-content\/uploads\/2025\/07\/274128643_2167800763383160_3257490071561992858_n.jpg","type":"image\/jpeg"}],"twitter_card":"summary_large_image","schema":{"@context":"https:\/\/schema.org","@graph":[{"@type":"WebPage","@id":"https:\/\/arcticexcursions.com\/da\/udflugter\/krydstogtskib-fjord-safari\/","url":"https:\/\/arcticexcursions.com\/da\/udflugter\/krydstogtskib-fjord-safari\/","name":"Fjord Safari for krydstogtg\u00e6ster - Arctic Excursions","isPartOf":{"@id":"https:\/\/arcticexcursions.com\/#website"},"primaryImageOfPage":{"@id":"https:\/\/arcticexcursions.com\/da\/udflugter\/krydstogtskib-fjord-safari\/#primaryimage"},"image":{"@id":"https:\/\/arcticexcursions.com\/da\/udflugter\/krydstogtskib-fjord-safari\/#primaryimage"},"thumbnailUrl":"https:\/\/arcticexcursions.com\/wp-content\/uploads\/2025\/07\/274128643_2167800763383160_3257490071561992858_n.jpg","datePublished":"2025-07-22T11:42:30+00:00","dateModified":"2025-08-28T13:05:21+00:00","breadcrumb":{"@id":"https:\/\/arcticexcursions.com\/da\/udflugter\/krydstogtskib-fjord-safari\/#breadcrumb"},"inLanguage":"da-DK","potentialAction":[{"@type":"ReadAction","target":["https:\/\/arcticexcursions.com\/da\/udflugter\/krydstogtskib-fjord-safari\/"]}]},{"@type":"ImageObject","inLanguage":"da-DK","@id":"https:\/\/arcticexcursions.com\/da\/udflugter\/krydstogtskib-fjord-safari\/#primaryimage","url":"https:\/\/arcticexcursions.com\/wp-content\/uploads\/2025\/07\/274128643_2167800763383160_3257490071561992858_n.jpg","contentUrl":"https:\/\/arcticexcursions.com\/wp-content\/uploads\/2025\/07\/274128643_2167800763383160_3257490071561992858_n.jpg","width":960,"height":640},{"@type":"BreadcrumbList","@id":"https:\/\/arcticexcursions.com\/da\/udflugter\/krydstogtskib-fjord-safari\/#breadcrumb","itemListElement":[{"@type":"ListItem","position":1,"name":"Home","item":"https:\/\/arcticexcursions.com\/da\/"},{"@type":"ListItem","position":2,"name":"Udflugter i Gr\u00f8nland","item":"https:\/\/arcticexcursions.com\/da\/udflugter\/"},{"@type":"ListItem","position":3,"name":"Fjord Safari for krydstogtg\u00e6ster"}]},{"@type":"WebSite","@id":"https:\/\/arcticexcursions.com\/#website","url":"https:\/\/arcticexcursions.com\/","name":"Arctic Excursions","description":"New adventures. Every day.","publisher":{"@id":"https:\/\/arcticexcursions.com\/#organization"},"potentialAction":[{"@type":"SearchAction","target":{"@type":"EntryPoint","urlTemplate":"https:\/\/arcticexcursions.com\/?s={search_term_string}"},"query-input":{"@type":"PropertyValueSpecification","valueRequired":true,"valueName":"search_term_string"}}],"inLanguage":"da-DK"},{"@type":"Organization","@id":"https:\/\/arcticexcursions.com\/#organization","name":"Arctic Excursions","url":"https:\/\/arcticexcursions.com\/","logo":{"@type":"ImageObject","inLanguage":"da-DK","@id":"https:\/\/arcticexcursions.com\/#\/schema\/logo\/image\/","url":"https:\/\/arcticexcursions.com\/wp-content\/uploads\/2022\/11\/fb-logo.png","contentUrl":"https:\/\/arcticexcursions.com\/wp-content\/uploads\/2022\/11\/fb-logo.png","width":523,"height":523,"caption":"Arctic Excursions"},"image":{"@id":"https:\/\/arcticexcursions.com\/#\/schema\/logo\/image\/"}}]}},"_links":{"self":[{"href":"https:\/\/arcticexcursions.com\/da\/wp-json\/wp\/v2\/product\/64038"}],"collection":[{"href":"https:\/\/arcticexcursions.com\/da\/wp-json\/wp\/v2\/product"}],"about":[{"href":"https:\/\/arcticexcursions.com\/da\/wp-json\/wp\/v2\/types\/product"}],"replies":[{"embeddable":true,"href":"https:\/\/arcticexcursions.com\/da\/wp-json\/wp\/v2\/comments?post=64038"}],"wp:featuredmedia":[{"embeddable":true,"href":"https:\/\/arcticexcursions.com\/da\/wp-json\/wp\/v2\/media\/61880"}],"wp:attachment":[{"href":"https:\/\/arcticexcursions.com\/da\/wp-json\/wp\/v2\/media?parent=64038"}],"wp:term":[{"taxonomy":"product_brand","embeddable":true,"href":"https:\/\/arcticexcursions.com\/da\/wp-json\/wp\/v2\/product_brand?post=64038"},{"taxonomy":"product_cat","embeddable":true,"href":"https:\/\/arcticexcursions.com\/da\/wp-json\/wp\/v2\/product_cat?post=64038"},{"taxonomy":"product_tag","embeddable":true,"href":"https:\/\/arcticexcursions.com\/da\/wp-json\/wp\/v2\/product_tag?post=64038"}],"curies":[{"name":"wp","href":"https:\/\/api.w.org\/{rel}","templated":true}]}}