{"id":64110,"date":"2025-07-22T18:10:06","date_gmt":"2025-07-22T16:10:06","guid":{"rendered":"https:\/\/arcticexcursions.com\/?post_type=product&#038;p=64110"},"modified":"2026-04-23T12:55:30","modified_gmt":"2026-04-23T10:55:30","slug":"greenlandic-maskdance","status":"publish","type":"product","link":"https:\/\/arcticexcursions.com\/da\/udflugter\/greenlandic-maskdance\/","title":{"rendered":"Gr\u00f8nlandsk maskedans"},"content":{"rendered":"<p>Forestil dig, at du sidder i en lille m\u00f8rk hytte ved siden af qulleq, den traditionelle olielampe, og s\u00e5 kommer der en person med malet ansigt ind. Denne atmosf\u00e6re vil du opleve under din frokost\/middag, hvor kunstneren kommer og fort\u00e6ller historien om gr\u00f8nlandsk maskedans, mens hun t\u00e6nder qulleq og maler sit ansigt. Bagefter vil du opleve gr\u00f8nlandsk maskedans og m\u00e5ske finde dig selv p\u00e5 kanten af din komfortzone og forh\u00e5bentlig ogs\u00e5 f\u00e5 et godt grin.<\/p>\n<p>N\u00e5r du har oplevet den gr\u00f8nlandske maskedans, kan du stille sp\u00f8rgsm\u00e5l og tage billeder med maskedanseren. <\/p>\n<p><b>Varighed:<\/b> 45-60 min.<\/p>\n<p><b>Deltagere:<\/b> Bem\u00e6rk, at udflugten kun finder sted, hvis der i alt er reserveret mindst 7 billetter. Hvis du f.eks. reserverer 2 billetter, skal der s\u00e6lges mindst 5 yderligere billetter til andre kunder, for at udflugten kan gennemf\u00f8res. Der er plads til maksimalt 24 personer.<\/p>\n","protected":false},"excerpt":{"rendered":"<p>Nyd en helt anderledes og autentisk kulturel oplevelse med kinapannguaajerneq (gr\u00f8nlandsk maskedans).<\/p>\n","protected":false},"featured_media":64089,"comment_status":"open","ping_status":"closed","template":"","meta":{"_acf_changed":false},"product_brand":[],"product_cat":[101,170],"product_tag":[],"class_list":{"0":"post-64110","1":"product","2":"type-product","3":"status-publish","4":"has-post-thumbnail","6":"product_cat-tour","7":"product_cat-udflugt","8":"pa_dato-5888","9":"pa_dato-6359","10":"pa_dato-6401","11":"pa_dato-6371","12":"pa_dato-6402","13":"pa_dato-6372","14":"pa_dato-6404","15":"pa_dato-6292","16":"pa_dato-6373","17":"pa_dato-6293","18":"pa_dato-6495","19":"pa_tidspunkt-314","20":"pa_tidspunkt-255","21":"tour_location-nuuk-da","22":"tour_type-kultur","23":"tour_tickettype-greenland_travel_team","24":"tour_tickettype-arctic_excursions","25":"tour_tickettype-greenland_travel_tour","26":"tour_operator-ivaluuummatiga-com","28":"first","29":"instock","30":"shipping-taxable","31":"purchasable","32":"product-type-variable"},"acf":[],"yoast_head":"<!-- This site is optimized with the Yoast SEO plugin v23.6 - https:\/\/yoast.com\/wordpress\/plugins\/seo\/ -->\n<title>Arctic Excursions<\/title>\n<meta name=\"robots\" content=\"index, follow, max-snippet:-1, max-image-preview:large, max-video-preview:-1\" \/>\n<link rel=\"canonical\" href=\"https:\/\/arcticexcursions.com\/da\/udflugter\/greenlandic-maskdance\/\" \/>\n<meta property=\"og:locale\" content=\"da_DK\" \/>\n<meta property=\"og:type\" content=\"article\" \/>\n<meta property=\"og:title\" content=\"Gr\u00f8nlandsk maskedans - Arctic Excursions\" \/>\n<meta property=\"og:description\" content=\"Nyd en helt anderledes og autentisk kulturel oplevelse med kinapannguaajerneq (gr\u00f8nlandsk maskedans).\" \/>\n<meta property=\"og:url\" content=\"https:\/\/arcticexcursions.com\/da\/udflugter\/greenlandic-maskdance\/\" \/>\n<meta property=\"og:site_name\" content=\"Arctic Excursions\" \/>\n<meta property=\"article:modified_time\" content=\"2026-04-23T10:55:30+00:00\" \/>\n<meta property=\"og:image\" content=\"https:\/\/arcticexcursions.com\/wp-content\/uploads\/2025\/07\/DSC09007-scaled.jpg\" \/>\n\t<meta property=\"og:image:width\" content=\"1440\" \/>\n\t<meta property=\"og:image:height\" content=\"2560\" \/>\n\t<meta property=\"og:image:type\" content=\"image\/jpeg\" \/>\n<meta name=\"twitter:card\" content=\"summary_large_image\" \/>\n<meta name=\"twitter:label1\" content=\"Estimeret l\u00e6setid\" \/>\n\t<meta name=\"twitter:data1\" content=\"1 minut\" \/>\n<script type=\"application\/ld+json\" class=\"yoast-schema-graph\">{\"@context\":\"https:\/\/schema.org\",\"@graph\":[{\"@type\":\"WebPage\",\"@id\":\"https:\/\/arcticexcursions.com\/da\/udflugter\/greenlandic-maskdance\/\",\"url\":\"https:\/\/arcticexcursions.com\/da\/udflugter\/greenlandic-maskdance\/\",\"name\":\"Gr\u00f8nlandsk maskedans - Arctic Excursions\",\"isPartOf\":{\"@id\":\"https:\/\/arcticexcursions.com\/#website\"},\"primaryImageOfPage\":{\"@id\":\"https:\/\/arcticexcursions.com\/da\/udflugter\/greenlandic-maskdance\/#primaryimage\"},\"image\":{\"@id\":\"https:\/\/arcticexcursions.com\/da\/udflugter\/greenlandic-maskdance\/#primaryimage\"},\"thumbnailUrl\":\"https:\/\/arcticexcursions.com\/wp-content\/uploads\/2025\/07\/DSC09007-scaled.jpg\",\"datePublished\":\"2025-07-22T16:10:06+00:00\",\"dateModified\":\"2026-04-23T10:55:30+00:00\",\"breadcrumb\":{\"@id\":\"https:\/\/arcticexcursions.com\/da\/udflugter\/greenlandic-maskdance\/#breadcrumb\"},\"inLanguage\":\"da-DK\",\"potentialAction\":[{\"@type\":\"ReadAction\",\"target\":[\"https:\/\/arcticexcursions.com\/da\/udflugter\/greenlandic-maskdance\/\"]}]},{\"@type\":\"ImageObject\",\"inLanguage\":\"da-DK\",\"@id\":\"https:\/\/arcticexcursions.com\/da\/udflugter\/greenlandic-maskdance\/#primaryimage\",\"url\":\"https:\/\/arcticexcursions.com\/wp-content\/uploads\/2025\/07\/DSC09007-scaled.jpg\",\"contentUrl\":\"https:\/\/arcticexcursions.com\/wp-content\/uploads\/2025\/07\/DSC09007-scaled.jpg\",\"width\":1440,\"height\":2560},{\"@type\":\"BreadcrumbList\",\"@id\":\"https:\/\/arcticexcursions.com\/da\/udflugter\/greenlandic-maskdance\/#breadcrumb\",\"itemListElement\":[{\"@type\":\"ListItem\",\"position\":1,\"name\":\"Home\",\"item\":\"https:\/\/arcticexcursions.com\/da\/\"},{\"@type\":\"ListItem\",\"position\":2,\"name\":\"Udflugter i Gr\u00f8nland\",\"item\":\"https:\/\/arcticexcursions.com\/da\/udflugter\/\"},{\"@type\":\"ListItem\",\"position\":3,\"name\":\"Gr\u00f8nlandsk maskedans\"}]},{\"@type\":\"WebSite\",\"@id\":\"https:\/\/arcticexcursions.com\/#website\",\"url\":\"https:\/\/arcticexcursions.com\/\",\"name\":\"Arctic Excursions\",\"description\":\"New adventures. Every day.\",\"publisher\":{\"@id\":\"https:\/\/arcticexcursions.com\/#organization\"},\"potentialAction\":[{\"@type\":\"SearchAction\",\"target\":{\"@type\":\"EntryPoint\",\"urlTemplate\":\"https:\/\/arcticexcursions.com\/?s={search_term_string}\"},\"query-input\":{\"@type\":\"PropertyValueSpecification\",\"valueRequired\":true,\"valueName\":\"search_term_string\"}}],\"inLanguage\":\"da-DK\"},{\"@type\":\"Organization\",\"@id\":\"https:\/\/arcticexcursions.com\/#organization\",\"name\":\"Arctic Excursions\",\"url\":\"https:\/\/arcticexcursions.com\/\",\"logo\":{\"@type\":\"ImageObject\",\"inLanguage\":\"da-DK\",\"@id\":\"https:\/\/arcticexcursions.com\/#\/schema\/logo\/image\/\",\"url\":\"https:\/\/arcticexcursions.com\/wp-content\/uploads\/2022\/11\/fb-logo.png\",\"contentUrl\":\"https:\/\/arcticexcursions.com\/wp-content\/uploads\/2022\/11\/fb-logo.png\",\"width\":523,\"height\":523,\"caption\":\"Arctic Excursions\"},\"image\":{\"@id\":\"https:\/\/arcticexcursions.com\/#\/schema\/logo\/image\/\"}}]}<\/script>\n<!-- \/ Yoast SEO plugin. -->","yoast_head_json":{"title":"Arctic Excursions","robots":{"index":"index","follow":"follow","max-snippet":"max-snippet:-1","max-image-preview":"max-image-preview:large","max-video-preview":"max-video-preview:-1"},"canonical":"https:\/\/arcticexcursions.com\/da\/udflugter\/greenlandic-maskdance\/","og_locale":"da_DK","og_type":"article","og_title":"Gr\u00f8nlandsk maskedans - Arctic Excursions","og_description":"Nyd en helt anderledes og autentisk kulturel oplevelse med kinapannguaajerneq (gr\u00f8nlandsk maskedans).","og_url":"https:\/\/arcticexcursions.com\/da\/udflugter\/greenlandic-maskdance\/","og_site_name":"Arctic Excursions","article_modified_time":"2026-04-23T10:55:30+00:00","og_image":[{"width":1440,"height":2560,"url":"https:\/\/arcticexcursions.com\/wp-content\/uploads\/2025\/07\/DSC09007-scaled.jpg","type":"image\/jpeg"}],"twitter_card":"summary_large_image","twitter_misc":{"Estimeret l\u00e6setid":"1 minut"},"schema":{"@context":"https:\/\/schema.org","@graph":[{"@type":"WebPage","@id":"https:\/\/arcticexcursions.com\/da\/udflugter\/greenlandic-maskdance\/","url":"https:\/\/arcticexcursions.com\/da\/udflugter\/greenlandic-maskdance\/","name":"Gr\u00f8nlandsk maskedans - Arctic Excursions","isPartOf":{"@id":"https:\/\/arcticexcursions.com\/#website"},"primaryImageOfPage":{"@id":"https:\/\/arcticexcursions.com\/da\/udflugter\/greenlandic-maskdance\/#primaryimage"},"image":{"@id":"https:\/\/arcticexcursions.com\/da\/udflugter\/greenlandic-maskdance\/#primaryimage"},"thumbnailUrl":"https:\/\/arcticexcursions.com\/wp-content\/uploads\/2025\/07\/DSC09007-scaled.jpg","datePublished":"2025-07-22T16:10:06+00:00","dateModified":"2026-04-23T10:55:30+00:00","breadcrumb":{"@id":"https:\/\/arcticexcursions.com\/da\/udflugter\/greenlandic-maskdance\/#breadcrumb"},"inLanguage":"da-DK","potentialAction":[{"@type":"ReadAction","target":["https:\/\/arcticexcursions.com\/da\/udflugter\/greenlandic-maskdance\/"]}]},{"@type":"ImageObject","inLanguage":"da-DK","@id":"https:\/\/arcticexcursions.com\/da\/udflugter\/greenlandic-maskdance\/#primaryimage","url":"https:\/\/arcticexcursions.com\/wp-content\/uploads\/2025\/07\/DSC09007-scaled.jpg","contentUrl":"https:\/\/arcticexcursions.com\/wp-content\/uploads\/2025\/07\/DSC09007-scaled.jpg","width":1440,"height":2560},{"@type":"BreadcrumbList","@id":"https:\/\/arcticexcursions.com\/da\/udflugter\/greenlandic-maskdance\/#breadcrumb","itemListElement":[{"@type":"ListItem","position":1,"name":"Home","item":"https:\/\/arcticexcursions.com\/da\/"},{"@type":"ListItem","position":2,"name":"Udflugter i Gr\u00f8nland","item":"https:\/\/arcticexcursions.com\/da\/udflugter\/"},{"@type":"ListItem","position":3,"name":"Gr\u00f8nlandsk maskedans"}]},{"@type":"WebSite","@id":"https:\/\/arcticexcursions.com\/#website","url":"https:\/\/arcticexcursions.com\/","name":"Arctic Excursions","description":"New adventures. Every day.","publisher":{"@id":"https:\/\/arcticexcursions.com\/#organization"},"potentialAction":[{"@type":"SearchAction","target":{"@type":"EntryPoint","urlTemplate":"https:\/\/arcticexcursions.com\/?s={search_term_string}"},"query-input":{"@type":"PropertyValueSpecification","valueRequired":true,"valueName":"search_term_string"}}],"inLanguage":"da-DK"},{"@type":"Organization","@id":"https:\/\/arcticexcursions.com\/#organization","name":"Arctic Excursions","url":"https:\/\/arcticexcursions.com\/","logo":{"@type":"ImageObject","inLanguage":"da-DK","@id":"https:\/\/arcticexcursions.com\/#\/schema\/logo\/image\/","url":"https:\/\/arcticexcursions.com\/wp-content\/uploads\/2022\/11\/fb-logo.png","contentUrl":"https:\/\/arcticexcursions.com\/wp-content\/uploads\/2022\/11\/fb-logo.png","width":523,"height":523,"caption":"Arctic Excursions"},"image":{"@id":"https:\/\/arcticexcursions.com\/#\/schema\/logo\/image\/"}}]}},"_links":{"self":[{"href":"https:\/\/arcticexcursions.com\/da\/wp-json\/wp\/v2\/product\/64110"}],"collection":[{"href":"https:\/\/arcticexcursions.com\/da\/wp-json\/wp\/v2\/product"}],"about":[{"href":"https:\/\/arcticexcursions.com\/da\/wp-json\/wp\/v2\/types\/product"}],"replies":[{"embeddable":true,"href":"https:\/\/arcticexcursions.com\/da\/wp-json\/wp\/v2\/comments?post=64110"}],"wp:featuredmedia":[{"embeddable":true,"href":"https:\/\/arcticexcursions.com\/da\/wp-json\/wp\/v2\/media\/64089"}],"wp:attachment":[{"href":"https:\/\/arcticexcursions.com\/da\/wp-json\/wp\/v2\/media?parent=64110"}],"wp:term":[{"taxonomy":"product_brand","embeddable":true,"href":"https:\/\/arcticexcursions.com\/da\/wp-json\/wp\/v2\/product_brand?post=64110"},{"taxonomy":"product_cat","embeddable":true,"href":"https:\/\/arcticexcursions.com\/da\/wp-json\/wp\/v2\/product_cat?post=64110"},{"taxonomy":"product_tag","embeddable":true,"href":"https:\/\/arcticexcursions.com\/da\/wp-json\/wp\/v2\/product_tag?post=64110"}],"curies":[{"name":"wp","href":"https:\/\/api.w.org\/{rel}","templated":true}]}}