{"id":64606,"date":"2025-07-25T14:34:21","date_gmt":"2025-07-25T12:34:21","guid":{"rendered":"https:\/\/arcticexcursions.com\/?post_type=product&#038;p=64606"},"modified":"2025-10-29T17:44:53","modified_gmt":"2025-10-29T15:44:53","slug":"fishndish","status":"publish","type":"product","link":"https:\/\/arcticexcursions.com\/da\/udflugter\/fishndish\/","title":{"rendered":"Fish\u00b4N\u00b4Dish"},"content":{"rendered":"<p>Tag med os p\u00e5 et eventyr ind i den smukke Nuuk Fjord.<\/p>\n<p>Her fanger du den friskeste fisk, som derefter bliver tilberedt til dig p\u00e5 den fantastiske Restaurant Qooqqut Nuan \u2013 lyder det ikke som den perfekte m\u00e5de at tilbringe 5-6 timer p\u00e5?<\/p>\n<p>Det tager cirka en time at sejle til vores fiskested, hvor vi fisker i omkring en time.<\/p>\n<p>Selv hvis du normalt ikke har t\u00e5lmodighed til at fiske, vil du blive grebet af sp\u00e6ndingen, n\u00e5r pilken rammer bunden \u2013 og pludselig\u2026 der er bid! (meget ofte, men ikke altid!) Er det en kampklar torsk eller en skinnende r\u00f8dfisk, der tr\u00e6kker i krogen? \u00c9n ting er sikkert: chancerne for at f\u00e5 en l\u00e6kker fangst er store.<\/p>\n<p>N\u00e5r vi har fanget nok fisk, sejler vi videre til Qooqqut Nuan, en restaurant beliggende i den fredelige fjord med en magisk udsigt over fjelde og vand. Restaurantens kokke st\u00e5r klar til at forvandle din fangst til en l\u00e6kker middag med et asiatisk twist. Vi tilbringer et par timer i Qooqqut, og efter m\u00e5ltidet kan du g\u00e5 en tur i det dejlige omr\u00e5de og se, om du kan tr\u00e6kke sv\u00e6rdet ud af stenen. Derefter sejler vi tilbage til Nuuk.<\/p>\n<p>Er du klar til at finde ud af, om der gemmer sig en \u00e6gte fisker i dig \u2013 og nyde en magisk middag i Nuuk Fjord? Book din tur med os.<\/p>\n<p><b>Varighed:<\/b> 6 timer <\/p>\n<p><b>Bem\u00e6rk:<\/b><br \/>\nVi stiller fiskegrej til r\u00e5dighed, og vores bes\u00e6tning er klar med hj\u00e6lp, tips og godt hum\u00f8r hele vejen.<br \/>\nVi reserverer et bord til dig p\u00e5 restauranten, og en hovedret er inkluderet i prisen.<br \/>\nDrikkevarer og dessert er IKKE inkluderet i prisen og skal betales p\u00e5 restauranten inden afgang.<br \/>\nBem\u00e6rk venligst, at du skal have et gyldigt fisketegn under dit ophold i Gr\u00f8nland, som kan k\u00f8bes p\u00e5 posthuset i Nuuk.<\/p>\n<p><b>Varighed<\/b> 6 timer.<\/p>\n<p><b>Gode ting at vide<\/b><br \/>\nVi anbefaler at medbringe:<br \/>\n&#8211; Varmt, vindt\u00e6t t\u00f8j (gerne lag-p\u00e5-lag)<br \/>\n&#8211; Handsker og hue<br \/>\n&#8211; Solbriller<br \/>\n&#8211; Varmt fodt\u00f8j<br \/>\n&#8211; Badet\u00f8j og h\u00e5ndkl\u00e6de<br \/>\n&#8211; Kamera (med ekstra batterier)<br \/>\n&#8211; Frokost, snacks og drikkevarer<\/p>\n<p><b>B\u00e5dtype:<\/b> Lukket b\u00e5d <\/p>\n<p><b>Toiletforhold:<\/b> Der er toilet p\u00e5 b\u00e5den <\/p>\n<p><b>Inkluderet<\/b><br \/>\n&#8211; Turen foreg\u00e5r med en lukket b\u00e5d med opvarmet kabine, med kaptajn og guide som bes\u00e6tning (engelsktalende).<br \/>\n&#8211; B\u00e5den er udstyret med alt n\u00f8dvendigt sikkerhedsudstyr, og der gives en sikkerhedsbriefing inden afgang.<br \/>\n&#8211; Kaffe og te<br \/>\n&#8211; Garanteret smukke oplevelser<\/p>\n","protected":false},"excerpt":{"rendered":"<p>Qooqqut Nuan \u2013 Fish\u2019n\u2019dish<\/p>\n","protected":false},"featured_media":64607,"comment_status":"open","ping_status":"closed","template":"","meta":{"_acf_changed":false},"product_brand":[],"product_cat":[101,170],"product_tag":[],"class_list":{"0":"post-64606","1":"product","2":"type-product","3":"status-publish","4":"has-post-thumbnail","6":"product_cat-tour","7":"product_cat-udflugt","8":"pa_dato-5954","9":"pa_tidspunkt-57","10":"tour_location-nuuk-da","11":"tour_type-baadture","12":"tour_tickettype-arctic_excursions","13":"tour_tickettype-greenland_travel_tour","14":"tour_tickettype-greenland_travel_team","15":"tour_operator-greenland-cruises","17":"first","18":"outofstock","19":"shipping-taxable","20":"product-type-variable"},"acf":[],"yoast_head":"<!-- This site is optimized with the Yoast SEO plugin v23.6 - https:\/\/yoast.com\/wordpress\/plugins\/seo\/ -->\n<title>Arctic Excursions<\/title>\n<meta name=\"robots\" content=\"index, follow, max-snippet:-1, max-image-preview:large, max-video-preview:-1\" \/>\n<link rel=\"canonical\" href=\"https:\/\/arcticexcursions.com\/udflugter\/fishndish\/\" \/>\n<meta property=\"og:locale\" content=\"da_DK\" \/>\n<meta property=\"og:type\" content=\"article\" \/>\n<meta property=\"og:title\" content=\"Fish\u00b4N\u00b4Dish - Arctic Excursions\" \/>\n<meta property=\"og:description\" content=\"Qooqqut Nuan \u2013 Fish\u2019n\u2019dish\" \/>\n<meta property=\"og:url\" content=\"https:\/\/arcticexcursions.com\/udflugter\/fishndish\/\" \/>\n<meta property=\"og:site_name\" content=\"Arctic Excursions\" \/>\n<meta property=\"article:modified_time\" content=\"2025-10-29T15:44:53+00:00\" \/>\n<meta property=\"og:image\" content=\"https:\/\/arcticexcursions.com\/wp-content\/uploads\/2025\/07\/Qooqqut-Fishndish-cover-1920-x-720-1.jpg\" \/>\n\t<meta property=\"og:image:width\" content=\"1920\" \/>\n\t<meta property=\"og:image:height\" content=\"720\" \/>\n\t<meta property=\"og:image:type\" content=\"image\/jpeg\" \/>\n<meta name=\"twitter:card\" content=\"summary_large_image\" \/>\n<meta name=\"twitter:label1\" content=\"Estimeret l\u00e6setid\" \/>\n\t<meta name=\"twitter:data1\" content=\"2 minutter\" \/>\n<script type=\"application\/ld+json\" class=\"yoast-schema-graph\">{\"@context\":\"https:\/\/schema.org\",\"@graph\":[{\"@type\":\"WebPage\",\"@id\":\"https:\/\/arcticexcursions.com\/udflugter\/fishndish\/\",\"url\":\"https:\/\/arcticexcursions.com\/udflugter\/fishndish\/\",\"name\":\"Fish\u00b4N\u00b4Dish - Arctic Excursions\",\"isPartOf\":{\"@id\":\"https:\/\/arcticexcursions.com\/#website\"},\"primaryImageOfPage\":{\"@id\":\"https:\/\/arcticexcursions.com\/udflugter\/fishndish\/#primaryimage\"},\"image\":{\"@id\":\"https:\/\/arcticexcursions.com\/udflugter\/fishndish\/#primaryimage\"},\"thumbnailUrl\":\"https:\/\/arcticexcursions.com\/wp-content\/uploads\/2025\/07\/Qooqqut-Fishndish-cover-1920-x-720-1.jpg\",\"datePublished\":\"2025-07-25T12:34:21+00:00\",\"dateModified\":\"2025-10-29T15:44:53+00:00\",\"breadcrumb\":{\"@id\":\"https:\/\/arcticexcursions.com\/udflugter\/fishndish\/#breadcrumb\"},\"inLanguage\":\"da-DK\",\"potentialAction\":[{\"@type\":\"ReadAction\",\"target\":[\"https:\/\/arcticexcursions.com\/udflugter\/fishndish\/\"]}]},{\"@type\":\"ImageObject\",\"inLanguage\":\"da-DK\",\"@id\":\"https:\/\/arcticexcursions.com\/udflugter\/fishndish\/#primaryimage\",\"url\":\"https:\/\/arcticexcursions.com\/wp-content\/uploads\/2025\/07\/Qooqqut-Fishndish-cover-1920-x-720-1.jpg\",\"contentUrl\":\"https:\/\/arcticexcursions.com\/wp-content\/uploads\/2025\/07\/Qooqqut-Fishndish-cover-1920-x-720-1.jpg\",\"width\":1920,\"height\":720},{\"@type\":\"BreadcrumbList\",\"@id\":\"https:\/\/arcticexcursions.com\/udflugter\/fishndish\/#breadcrumb\",\"itemListElement\":[{\"@type\":\"ListItem\",\"position\":1,\"name\":\"Home\",\"item\":\"https:\/\/arcticexcursions.com\/da\/\"},{\"@type\":\"ListItem\",\"position\":2,\"name\":\"Udflugter i Gr\u00f8nland\",\"item\":\"https:\/\/arcticexcursions.com\/da\/udflugter\/\"},{\"@type\":\"ListItem\",\"position\":3,\"name\":\"Fish\u00b4N\u00b4Dish\"}]},{\"@type\":\"WebSite\",\"@id\":\"https:\/\/arcticexcursions.com\/#website\",\"url\":\"https:\/\/arcticexcursions.com\/\",\"name\":\"Arctic Excursions\",\"description\":\"New adventures. Every day.\",\"publisher\":{\"@id\":\"https:\/\/arcticexcursions.com\/#organization\"},\"potentialAction\":[{\"@type\":\"SearchAction\",\"target\":{\"@type\":\"EntryPoint\",\"urlTemplate\":\"https:\/\/arcticexcursions.com\/?s={search_term_string}\"},\"query-input\":{\"@type\":\"PropertyValueSpecification\",\"valueRequired\":true,\"valueName\":\"search_term_string\"}}],\"inLanguage\":\"da-DK\"},{\"@type\":\"Organization\",\"@id\":\"https:\/\/arcticexcursions.com\/#organization\",\"name\":\"Arctic Excursions\",\"url\":\"https:\/\/arcticexcursions.com\/\",\"logo\":{\"@type\":\"ImageObject\",\"inLanguage\":\"da-DK\",\"@id\":\"https:\/\/arcticexcursions.com\/#\/schema\/logo\/image\/\",\"url\":\"https:\/\/arcticexcursions.com\/wp-content\/uploads\/2022\/11\/fb-logo.png\",\"contentUrl\":\"https:\/\/arcticexcursions.com\/wp-content\/uploads\/2022\/11\/fb-logo.png\",\"width\":523,\"height\":523,\"caption\":\"Arctic Excursions\"},\"image\":{\"@id\":\"https:\/\/arcticexcursions.com\/#\/schema\/logo\/image\/\"}}]}<\/script>\n<!-- \/ Yoast SEO plugin. -->","yoast_head_json":{"title":"Arctic Excursions","robots":{"index":"index","follow":"follow","max-snippet":"max-snippet:-1","max-image-preview":"max-image-preview:large","max-video-preview":"max-video-preview:-1"},"canonical":"https:\/\/arcticexcursions.com\/udflugter\/fishndish\/","og_locale":"da_DK","og_type":"article","og_title":"Fish\u00b4N\u00b4Dish - Arctic Excursions","og_description":"Qooqqut Nuan \u2013 Fish\u2019n\u2019dish","og_url":"https:\/\/arcticexcursions.com\/udflugter\/fishndish\/","og_site_name":"Arctic Excursions","article_modified_time":"2025-10-29T15:44:53+00:00","og_image":[{"width":1920,"height":720,"url":"https:\/\/arcticexcursions.com\/wp-content\/uploads\/2025\/07\/Qooqqut-Fishndish-cover-1920-x-720-1.jpg","type":"image\/jpeg"}],"twitter_card":"summary_large_image","twitter_misc":{"Estimeret l\u00e6setid":"2 minutter"},"schema":{"@context":"https:\/\/schema.org","@graph":[{"@type":"WebPage","@id":"https:\/\/arcticexcursions.com\/udflugter\/fishndish\/","url":"https:\/\/arcticexcursions.com\/udflugter\/fishndish\/","name":"Fish\u00b4N\u00b4Dish - Arctic Excursions","isPartOf":{"@id":"https:\/\/arcticexcursions.com\/#website"},"primaryImageOfPage":{"@id":"https:\/\/arcticexcursions.com\/udflugter\/fishndish\/#primaryimage"},"image":{"@id":"https:\/\/arcticexcursions.com\/udflugter\/fishndish\/#primaryimage"},"thumbnailUrl":"https:\/\/arcticexcursions.com\/wp-content\/uploads\/2025\/07\/Qooqqut-Fishndish-cover-1920-x-720-1.jpg","datePublished":"2025-07-25T12:34:21+00:00","dateModified":"2025-10-29T15:44:53+00:00","breadcrumb":{"@id":"https:\/\/arcticexcursions.com\/udflugter\/fishndish\/#breadcrumb"},"inLanguage":"da-DK","potentialAction":[{"@type":"ReadAction","target":["https:\/\/arcticexcursions.com\/udflugter\/fishndish\/"]}]},{"@type":"ImageObject","inLanguage":"da-DK","@id":"https:\/\/arcticexcursions.com\/udflugter\/fishndish\/#primaryimage","url":"https:\/\/arcticexcursions.com\/wp-content\/uploads\/2025\/07\/Qooqqut-Fishndish-cover-1920-x-720-1.jpg","contentUrl":"https:\/\/arcticexcursions.com\/wp-content\/uploads\/2025\/07\/Qooqqut-Fishndish-cover-1920-x-720-1.jpg","width":1920,"height":720},{"@type":"BreadcrumbList","@id":"https:\/\/arcticexcursions.com\/udflugter\/fishndish\/#breadcrumb","itemListElement":[{"@type":"ListItem","position":1,"name":"Home","item":"https:\/\/arcticexcursions.com\/da\/"},{"@type":"ListItem","position":2,"name":"Udflugter i Gr\u00f8nland","item":"https:\/\/arcticexcursions.com\/da\/udflugter\/"},{"@type":"ListItem","position":3,"name":"Fish\u00b4N\u00b4Dish"}]},{"@type":"WebSite","@id":"https:\/\/arcticexcursions.com\/#website","url":"https:\/\/arcticexcursions.com\/","name":"Arctic Excursions","description":"New adventures. Every day.","publisher":{"@id":"https:\/\/arcticexcursions.com\/#organization"},"potentialAction":[{"@type":"SearchAction","target":{"@type":"EntryPoint","urlTemplate":"https:\/\/arcticexcursions.com\/?s={search_term_string}"},"query-input":{"@type":"PropertyValueSpecification","valueRequired":true,"valueName":"search_term_string"}}],"inLanguage":"da-DK"},{"@type":"Organization","@id":"https:\/\/arcticexcursions.com\/#organization","name":"Arctic Excursions","url":"https:\/\/arcticexcursions.com\/","logo":{"@type":"ImageObject","inLanguage":"da-DK","@id":"https:\/\/arcticexcursions.com\/#\/schema\/logo\/image\/","url":"https:\/\/arcticexcursions.com\/wp-content\/uploads\/2022\/11\/fb-logo.png","contentUrl":"https:\/\/arcticexcursions.com\/wp-content\/uploads\/2022\/11\/fb-logo.png","width":523,"height":523,"caption":"Arctic Excursions"},"image":{"@id":"https:\/\/arcticexcursions.com\/#\/schema\/logo\/image\/"}}]}},"_links":{"self":[{"href":"https:\/\/arcticexcursions.com\/da\/wp-json\/wp\/v2\/product\/64606"}],"collection":[{"href":"https:\/\/arcticexcursions.com\/da\/wp-json\/wp\/v2\/product"}],"about":[{"href":"https:\/\/arcticexcursions.com\/da\/wp-json\/wp\/v2\/types\/product"}],"replies":[{"embeddable":true,"href":"https:\/\/arcticexcursions.com\/da\/wp-json\/wp\/v2\/comments?post=64606"}],"wp:featuredmedia":[{"embeddable":true,"href":"https:\/\/arcticexcursions.com\/da\/wp-json\/wp\/v2\/media\/64607"}],"wp:attachment":[{"href":"https:\/\/arcticexcursions.com\/da\/wp-json\/wp\/v2\/media?parent=64606"}],"wp:term":[{"taxonomy":"product_brand","embeddable":true,"href":"https:\/\/arcticexcursions.com\/da\/wp-json\/wp\/v2\/product_brand?post=64606"},{"taxonomy":"product_cat","embeddable":true,"href":"https:\/\/arcticexcursions.com\/da\/wp-json\/wp\/v2\/product_cat?post=64606"},{"taxonomy":"product_tag","embeddable":true,"href":"https:\/\/arcticexcursions.com\/da\/wp-json\/wp\/v2\/product_tag?post=64606"}],"curies":[{"name":"wp","href":"https:\/\/api.w.org\/{rel}","templated":true}]}}