{"id":69054,"date":"2025-09-03T10:03:04","date_gmt":"2025-09-03T08:03:04","guid":{"rendered":"https:\/\/arcticexcursions.com\/?post_type=product&#038;p=69054"},"modified":"2026-03-23T18:26:28","modified_gmt":"2026-03-23T16:26:28","slug":"nordlystur-med-utv-til-kuanninnguit","status":"publish","type":"product","link":"https:\/\/arcticexcursions.com\/da\/udflugter\/nordlystur-med-utv-til-kuanninnguit\/","title":{"rendered":"Nordlystur med UTV til Kuanninnguit"},"content":{"rendered":"<p>Turen starter med en dejlig, varm gr\u00f8nlandsk suppe i vores Inuk Restaurant.<br \/>\nDer findes ogs\u00e5 en vegetarisk mulighed for dem, der \u00f8nsker det.<\/p>\n<p>Efter cirka en times spisning vil der v\u00e6re transport til omr\u00e5det ved f\u00e6ngslet\/anstalten, hvor turen til Kuanninnguit begynder.<br \/>\nSelve turen varer omkring 1 til 1\u00bd time.<\/p>\n<p>Vi k\u00f8rer ud i det arktiske landskab, v\u00e6k fra byens lys, hvor nordlyset viser sig i sin fulde pragt.<br \/>\nHusk at tage varmt t\u00f8j p\u00e5, men du beh\u00f8ver ikke bekymre dig om kulden, for der er dejligt varmt inde i UTV\u2019en.<\/p>\n<p>M\u00f8dested: Inuk Hostels<\/p>\n<p><b>Varighed:<\/b> 1 time &#038; 30 Min. <\/p>\n<p><b>Deltagere:<\/b> Bem\u00e6rk venligst, at udflugten kun gennemf\u00f8res, hvis der er mindst 3 bookede billetter i alt. Hvis du for eksempel booker 2 billetter, skal der s\u00e6lges mindst 1 yderligere billetter til andre kunder, f\u00f8r turen kan finde sted. Der vil deltage maksimalt 4 personer.<\/p>\n<p><b>Sprog:<\/b> Guiden taler dansk, engelsk og gr\u00f8nlandsk<\/p>\n<p><b>Forplejning:<\/b>  Varm fiske suppe<\/p>\n<p><b>Anbefalet p\u00e5kl\u00e6dning:<\/b> Praktiske sko og varmt t\u00f8j, inkl. hue og handsker<\/p>\n","protected":false},"excerpt":{"rendered":"<p>Nordlystur med UTV &#8211; Spis vores dejlige, varme fiskesuppe inden turen begynder. Det er inkluderet i prisen!<\/p>\n","protected":false},"featured_media":43761,"comment_status":"open","ping_status":"closed","template":"","meta":{"_acf_changed":false},"product_brand":[],"product_cat":[170],"product_tag":[],"class_list":{"0":"post-69054","1":"product","2":"type-product","3":"status-publish","4":"has-post-thumbnail","6":"product_cat-udflugt","7":"pa_dato-6166","8":"pa_dato-6268","9":"pa_dato-6336","10":"pa_dato-6222","11":"pa_dato-6265","12":"pa_dato-6378","13":"pa_dato-6443","14":"pa_dato-6426","15":"pa_dato-6280","16":"pa_dato-6353","17":"pa_dato-6488","18":"pa_dato-6495","19":"pa_tidspunkt-722","20":"tour_location-nuuk-da","21":"tour_type-nordlys","22":"tour_tickettype-arctic_excursions","23":"tour_operator-inuk-travel","25":"first","26":"instock","27":"shipping-taxable","28":"purchasable","29":"product-type-variable"},"acf":[],"yoast_head":"<!-- This site is optimized with the Yoast SEO plugin v23.6 - https:\/\/yoast.com\/wordpress\/plugins\/seo\/ -->\n<title>Arctic Excursions<\/title>\n<meta name=\"robots\" content=\"index, follow, max-snippet:-1, max-image-preview:large, max-video-preview:-1\" \/>\n<link rel=\"canonical\" href=\"https:\/\/arcticexcursions.com\/udflugter\/nordlystur-med-utv-til-kuanninnguit\/\" \/>\n<meta property=\"og:locale\" content=\"da_DK\" \/>\n<meta property=\"og:type\" content=\"article\" \/>\n<meta property=\"og:title\" content=\"Nordlystur med UTV til Kuanninnguit - Arctic Excursions\" \/>\n<meta property=\"og:description\" content=\"Nordlystur med UTV - Spis vores dejlige, varme fiskesuppe inden turen begynder. Det er inkluderet i prisen!\" \/>\n<meta property=\"og:url\" content=\"https:\/\/arcticexcursions.com\/udflugter\/nordlystur-med-utv-til-kuanninnguit\/\" \/>\n<meta property=\"og:site_name\" content=\"Arctic Excursions\" \/>\n<meta property=\"article:modified_time\" content=\"2026-03-23T16:26:28+00:00\" \/>\n<meta property=\"og:image\" content=\"https:\/\/arcticexcursions.com\/wp-content\/uploads\/2025\/01\/Gert-Nordlys-6.jpg\" \/>\n\t<meta property=\"og:image:width\" content=\"640\" \/>\n\t<meta property=\"og:image:height\" content=\"480\" \/>\n\t<meta property=\"og:image:type\" content=\"image\/jpeg\" \/>\n<meta name=\"twitter:card\" content=\"summary_large_image\" \/>\n<meta name=\"twitter:label1\" content=\"Estimeret l\u00e6setid\" \/>\n\t<meta name=\"twitter:data1\" content=\"1 minut\" \/>\n<script type=\"application\/ld+json\" class=\"yoast-schema-graph\">{\"@context\":\"https:\/\/schema.org\",\"@graph\":[{\"@type\":\"WebPage\",\"@id\":\"https:\/\/arcticexcursions.com\/udflugter\/nordlystur-med-utv-til-kuanninnguit\/\",\"url\":\"https:\/\/arcticexcursions.com\/udflugter\/nordlystur-med-utv-til-kuanninnguit\/\",\"name\":\"Nordlystur med UTV til Kuanninnguit - Arctic Excursions\",\"isPartOf\":{\"@id\":\"https:\/\/arcticexcursions.com\/#website\"},\"primaryImageOfPage\":{\"@id\":\"https:\/\/arcticexcursions.com\/udflugter\/nordlystur-med-utv-til-kuanninnguit\/#primaryimage\"},\"image\":{\"@id\":\"https:\/\/arcticexcursions.com\/udflugter\/nordlystur-med-utv-til-kuanninnguit\/#primaryimage\"},\"thumbnailUrl\":\"https:\/\/arcticexcursions.com\/wp-content\/uploads\/2025\/01\/Gert-Nordlys-6.jpg\",\"datePublished\":\"2025-09-03T08:03:04+00:00\",\"dateModified\":\"2026-03-23T16:26:28+00:00\",\"breadcrumb\":{\"@id\":\"https:\/\/arcticexcursions.com\/udflugter\/nordlystur-med-utv-til-kuanninnguit\/#breadcrumb\"},\"inLanguage\":\"da-DK\",\"potentialAction\":[{\"@type\":\"ReadAction\",\"target\":[\"https:\/\/arcticexcursions.com\/udflugter\/nordlystur-med-utv-til-kuanninnguit\/\"]}]},{\"@type\":\"ImageObject\",\"inLanguage\":\"da-DK\",\"@id\":\"https:\/\/arcticexcursions.com\/udflugter\/nordlystur-med-utv-til-kuanninnguit\/#primaryimage\",\"url\":\"https:\/\/arcticexcursions.com\/wp-content\/uploads\/2025\/01\/Gert-Nordlys-6.jpg\",\"contentUrl\":\"https:\/\/arcticexcursions.com\/wp-content\/uploads\/2025\/01\/Gert-Nordlys-6.jpg\",\"width\":640,\"height\":480},{\"@type\":\"BreadcrumbList\",\"@id\":\"https:\/\/arcticexcursions.com\/udflugter\/nordlystur-med-utv-til-kuanninnguit\/#breadcrumb\",\"itemListElement\":[{\"@type\":\"ListItem\",\"position\":1,\"name\":\"Home\",\"item\":\"https:\/\/arcticexcursions.com\/da\/\"},{\"@type\":\"ListItem\",\"position\":2,\"name\":\"Udflugter i Gr\u00f8nland\",\"item\":\"https:\/\/arcticexcursions.com\/da\/udflugter\/\"},{\"@type\":\"ListItem\",\"position\":3,\"name\":\"Nordlystur med UTV til Kuanninnguit\"}]},{\"@type\":\"WebSite\",\"@id\":\"https:\/\/arcticexcursions.com\/#website\",\"url\":\"https:\/\/arcticexcursions.com\/\",\"name\":\"Arctic Excursions\",\"description\":\"New adventures. Every day.\",\"publisher\":{\"@id\":\"https:\/\/arcticexcursions.com\/#organization\"},\"potentialAction\":[{\"@type\":\"SearchAction\",\"target\":{\"@type\":\"EntryPoint\",\"urlTemplate\":\"https:\/\/arcticexcursions.com\/?s={search_term_string}\"},\"query-input\":{\"@type\":\"PropertyValueSpecification\",\"valueRequired\":true,\"valueName\":\"search_term_string\"}}],\"inLanguage\":\"da-DK\"},{\"@type\":\"Organization\",\"@id\":\"https:\/\/arcticexcursions.com\/#organization\",\"name\":\"Arctic Excursions\",\"url\":\"https:\/\/arcticexcursions.com\/\",\"logo\":{\"@type\":\"ImageObject\",\"inLanguage\":\"da-DK\",\"@id\":\"https:\/\/arcticexcursions.com\/#\/schema\/logo\/image\/\",\"url\":\"https:\/\/arcticexcursions.com\/wp-content\/uploads\/2022\/11\/fb-logo.png\",\"contentUrl\":\"https:\/\/arcticexcursions.com\/wp-content\/uploads\/2022\/11\/fb-logo.png\",\"width\":523,\"height\":523,\"caption\":\"Arctic Excursions\"},\"image\":{\"@id\":\"https:\/\/arcticexcursions.com\/#\/schema\/logo\/image\/\"}}]}<\/script>\n<!-- \/ Yoast SEO plugin. -->","yoast_head_json":{"title":"Arctic Excursions","robots":{"index":"index","follow":"follow","max-snippet":"max-snippet:-1","max-image-preview":"max-image-preview:large","max-video-preview":"max-video-preview:-1"},"canonical":"https:\/\/arcticexcursions.com\/udflugter\/nordlystur-med-utv-til-kuanninnguit\/","og_locale":"da_DK","og_type":"article","og_title":"Nordlystur med UTV til Kuanninnguit - Arctic Excursions","og_description":"Nordlystur med UTV - Spis vores dejlige, varme fiskesuppe inden turen begynder. Det er inkluderet i prisen!","og_url":"https:\/\/arcticexcursions.com\/udflugter\/nordlystur-med-utv-til-kuanninnguit\/","og_site_name":"Arctic Excursions","article_modified_time":"2026-03-23T16:26:28+00:00","og_image":[{"width":640,"height":480,"url":"https:\/\/arcticexcursions.com\/wp-content\/uploads\/2025\/01\/Gert-Nordlys-6.jpg","type":"image\/jpeg"}],"twitter_card":"summary_large_image","twitter_misc":{"Estimeret l\u00e6setid":"1 minut"},"schema":{"@context":"https:\/\/schema.org","@graph":[{"@type":"WebPage","@id":"https:\/\/arcticexcursions.com\/udflugter\/nordlystur-med-utv-til-kuanninnguit\/","url":"https:\/\/arcticexcursions.com\/udflugter\/nordlystur-med-utv-til-kuanninnguit\/","name":"Nordlystur med UTV til Kuanninnguit - Arctic Excursions","isPartOf":{"@id":"https:\/\/arcticexcursions.com\/#website"},"primaryImageOfPage":{"@id":"https:\/\/arcticexcursions.com\/udflugter\/nordlystur-med-utv-til-kuanninnguit\/#primaryimage"},"image":{"@id":"https:\/\/arcticexcursions.com\/udflugter\/nordlystur-med-utv-til-kuanninnguit\/#primaryimage"},"thumbnailUrl":"https:\/\/arcticexcursions.com\/wp-content\/uploads\/2025\/01\/Gert-Nordlys-6.jpg","datePublished":"2025-09-03T08:03:04+00:00","dateModified":"2026-03-23T16:26:28+00:00","breadcrumb":{"@id":"https:\/\/arcticexcursions.com\/udflugter\/nordlystur-med-utv-til-kuanninnguit\/#breadcrumb"},"inLanguage":"da-DK","potentialAction":[{"@type":"ReadAction","target":["https:\/\/arcticexcursions.com\/udflugter\/nordlystur-med-utv-til-kuanninnguit\/"]}]},{"@type":"ImageObject","inLanguage":"da-DK","@id":"https:\/\/arcticexcursions.com\/udflugter\/nordlystur-med-utv-til-kuanninnguit\/#primaryimage","url":"https:\/\/arcticexcursions.com\/wp-content\/uploads\/2025\/01\/Gert-Nordlys-6.jpg","contentUrl":"https:\/\/arcticexcursions.com\/wp-content\/uploads\/2025\/01\/Gert-Nordlys-6.jpg","width":640,"height":480},{"@type":"BreadcrumbList","@id":"https:\/\/arcticexcursions.com\/udflugter\/nordlystur-med-utv-til-kuanninnguit\/#breadcrumb","itemListElement":[{"@type":"ListItem","position":1,"name":"Home","item":"https:\/\/arcticexcursions.com\/da\/"},{"@type":"ListItem","position":2,"name":"Udflugter i Gr\u00f8nland","item":"https:\/\/arcticexcursions.com\/da\/udflugter\/"},{"@type":"ListItem","position":3,"name":"Nordlystur med UTV til Kuanninnguit"}]},{"@type":"WebSite","@id":"https:\/\/arcticexcursions.com\/#website","url":"https:\/\/arcticexcursions.com\/","name":"Arctic Excursions","description":"New adventures. Every day.","publisher":{"@id":"https:\/\/arcticexcursions.com\/#organization"},"potentialAction":[{"@type":"SearchAction","target":{"@type":"EntryPoint","urlTemplate":"https:\/\/arcticexcursions.com\/?s={search_term_string}"},"query-input":{"@type":"PropertyValueSpecification","valueRequired":true,"valueName":"search_term_string"}}],"inLanguage":"da-DK"},{"@type":"Organization","@id":"https:\/\/arcticexcursions.com\/#organization","name":"Arctic Excursions","url":"https:\/\/arcticexcursions.com\/","logo":{"@type":"ImageObject","inLanguage":"da-DK","@id":"https:\/\/arcticexcursions.com\/#\/schema\/logo\/image\/","url":"https:\/\/arcticexcursions.com\/wp-content\/uploads\/2022\/11\/fb-logo.png","contentUrl":"https:\/\/arcticexcursions.com\/wp-content\/uploads\/2022\/11\/fb-logo.png","width":523,"height":523,"caption":"Arctic Excursions"},"image":{"@id":"https:\/\/arcticexcursions.com\/#\/schema\/logo\/image\/"}}]}},"_links":{"self":[{"href":"https:\/\/arcticexcursions.com\/da\/wp-json\/wp\/v2\/product\/69054"}],"collection":[{"href":"https:\/\/arcticexcursions.com\/da\/wp-json\/wp\/v2\/product"}],"about":[{"href":"https:\/\/arcticexcursions.com\/da\/wp-json\/wp\/v2\/types\/product"}],"replies":[{"embeddable":true,"href":"https:\/\/arcticexcursions.com\/da\/wp-json\/wp\/v2\/comments?post=69054"}],"wp:featuredmedia":[{"embeddable":true,"href":"https:\/\/arcticexcursions.com\/da\/wp-json\/wp\/v2\/media\/43761"}],"wp:attachment":[{"href":"https:\/\/arcticexcursions.com\/da\/wp-json\/wp\/v2\/media?parent=69054"}],"wp:term":[{"taxonomy":"product_brand","embeddable":true,"href":"https:\/\/arcticexcursions.com\/da\/wp-json\/wp\/v2\/product_brand?post=69054"},{"taxonomy":"product_cat","embeddable":true,"href":"https:\/\/arcticexcursions.com\/da\/wp-json\/wp\/v2\/product_cat?post=69054"},{"taxonomy":"product_tag","embeddable":true,"href":"https:\/\/arcticexcursions.com\/da\/wp-json\/wp\/v2\/product_tag?post=69054"}],"curies":[{"name":"wp","href":"https:\/\/api.w.org\/{rel}","templated":true}]}}