{"id":70956,"date":"2025-10-06T14:38:28","date_gmt":"2025-10-06T12:38:28","guid":{"rendered":"https:\/\/arcticexcursions.com\/?post_type=product&#038;p=70956"},"modified":"2026-04-21T08:46:42","modified_gmt":"2026-04-21T06:46:42","slug":"disko-valley-helicopter-tour","status":"publish","type":"product","link":"https:\/\/arcticexcursions.com\/da\/udflugter\/disko-valley-helicopter-tour\/","title":{"rendered":"Disko Valley &#8211; Helikoptertur"},"content":{"rendered":"<p>Oplev en uforglemmelig helikoptertur til Disko\u00f8ens skjulte perle, Kvan Dalen. Turen starter og slutter i Ilulissat og tager dig med p\u00e5 en spektakul\u00e6r flyvning over det krystalklare vand i Diskobugten, forbi den charmerende bygde Oqaatsut og videre langs kystlinjen af Arveprinsens Ejland.<br \/>\nEfter at have krydset bugten, n\u00e5r vi frem til Disko\u00f8en, hvor helikopteren lander p\u00e5 en bjergtop ved bunden af dalen. Her f\u00e5r du ca. 35 minutters ophold med en betagende udsigt over den gr\u00f8nne dal, omgivet af fjelde der er dannet af gamle vulkanske aktiviteter. Kun 2 minutters gang fra landingsstedet finder du kanten af Disko\u00f8ens indlandsis. Vi anbefaler derfor vandre- eller gummist\u00f8vler hvis du har lyst til at s\u00e6tte fod p\u00e5 isen.<br \/>\nEfter opholdet flyver vi tilbage til Ilulissat hvor du f\u00e5r muligheder for at se de flotte vandfalde fra indlasisen til dalen, og du f\u00e5r endnu en chance for at nyde det dramatiske landskab fra luften.<br \/>\nStart og slut: Ilulissat Lufthavn<br \/>\nInkluderer: Bus transfer til og fra lufthavn, flyvning, landing p\u00e5 bjergtop, udsigt til dal og indlandsis<\/p>\n<p><b>Varighed:<\/b> 2 timer.<\/p>\n<p><b>Sprog:<\/b> Piloten taler et nordisk sprog og engelsk <\/p>\n<p><b>Flytype:<\/b> Typisk Airbus AS350 helikopter <\/p>\n<p><b>Praktisk info:<\/b> Piloten bestemmer siddepladser ud fra sikkerhedsm\u00e6ssige vurderinger. <\/p>\n<p><b>Anbefalet p\u00e5kl\u00e6dning:<\/b> Varmt, praktisk t\u00f8j og vandresko eller gummist\u00f8vler. Solbriller og solcreme om sommeren. <\/p>\n<p><b>Deltagere:<\/b> Minimum 3 deltagere og maksimum 5 deltagere pr. afgang.<\/p>\n<p><b>S\u00e6son:<\/b> 1. juli &#8211; 31. August.<\/p>\n","protected":false},"excerpt":{"rendered":"<p>Disko Valley \u2013 Helikoptereventyr over diskobugten<\/p>\n","protected":false},"featured_media":70954,"comment_status":"open","ping_status":"closed","template":"","meta":{"_acf_changed":false},"product_brand":[],"product_cat":[170],"product_tag":[],"class_list":{"0":"post-70956","1":"product","2":"type-product","3":"status-publish","4":"has-post-thumbnail","6":"product_cat-udflugt","7":"pa_dato-6429","8":"pa_dato-6296","9":"pa_dato-6409","10":"pa_dato-6447","11":"pa_dato-6453","12":"pa_dato-6414","13":"pa_tidspunkt-61","14":"tour_location-ilulissat-da","15":"tour_type-flightseeing","16":"tour_tickettype-arctic_excursions","17":"tour_operator-air-greenland-charter","19":"first","20":"instock","21":"shipping-taxable","22":"purchasable","23":"product-type-variable"},"acf":[],"yoast_head":"<!-- This site is optimized with the Yoast SEO plugin v23.6 - https:\/\/yoast.com\/wordpress\/plugins\/seo\/ -->\n<title>Arctic Excursions<\/title>\n<meta name=\"robots\" content=\"index, follow, max-snippet:-1, max-image-preview:large, max-video-preview:-1\" \/>\n<link rel=\"canonical\" href=\"https:\/\/arcticexcursions.com\/udflugter\/disko-valley-helicopter-tour\/\" \/>\n<meta property=\"og:locale\" content=\"da_DK\" \/>\n<meta property=\"og:type\" content=\"article\" \/>\n<meta property=\"og:title\" content=\"Disko Valley - Helikoptertur - Arctic Excursions\" \/>\n<meta property=\"og:description\" content=\"Disko Valley \u2013 Helikoptereventyr over diskobugten\" \/>\n<meta property=\"og:url\" content=\"https:\/\/arcticexcursions.com\/udflugter\/disko-valley-helicopter-tour\/\" \/>\n<meta property=\"og:site_name\" content=\"Arctic Excursions\" \/>\n<meta property=\"article:modified_time\" content=\"2026-04-21T06:46:42+00:00\" \/>\n<meta property=\"og:image\" content=\"https:\/\/arcticexcursions.com\/wp-content\/uploads\/2025\/10\/Kvan-Dalen-scaled.jpg\" \/>\n\t<meta property=\"og:image:width\" content=\"2440\" \/>\n\t<meta property=\"og:image:height\" content=\"2560\" \/>\n\t<meta property=\"og:image:type\" content=\"image\/jpeg\" \/>\n<meta name=\"twitter:card\" content=\"summary_large_image\" \/>\n<meta name=\"twitter:label1\" content=\"Estimeret l\u00e6setid\" \/>\n\t<meta name=\"twitter:data1\" content=\"1 minut\" \/>\n<script type=\"application\/ld+json\" class=\"yoast-schema-graph\">{\"@context\":\"https:\/\/schema.org\",\"@graph\":[{\"@type\":\"WebPage\",\"@id\":\"https:\/\/arcticexcursions.com\/udflugter\/disko-valley-helicopter-tour\/\",\"url\":\"https:\/\/arcticexcursions.com\/udflugter\/disko-valley-helicopter-tour\/\",\"name\":\"Disko Valley - Helikoptertur - Arctic Excursions\",\"isPartOf\":{\"@id\":\"https:\/\/arcticexcursions.com\/#website\"},\"primaryImageOfPage\":{\"@id\":\"https:\/\/arcticexcursions.com\/udflugter\/disko-valley-helicopter-tour\/#primaryimage\"},\"image\":{\"@id\":\"https:\/\/arcticexcursions.com\/udflugter\/disko-valley-helicopter-tour\/#primaryimage\"},\"thumbnailUrl\":\"https:\/\/arcticexcursions.com\/wp-content\/uploads\/2025\/10\/Kvan-Dalen-scaled.jpg\",\"datePublished\":\"2025-10-06T12:38:28+00:00\",\"dateModified\":\"2026-04-21T06:46:42+00:00\",\"breadcrumb\":{\"@id\":\"https:\/\/arcticexcursions.com\/udflugter\/disko-valley-helicopter-tour\/#breadcrumb\"},\"inLanguage\":\"da-DK\",\"potentialAction\":[{\"@type\":\"ReadAction\",\"target\":[\"https:\/\/arcticexcursions.com\/udflugter\/disko-valley-helicopter-tour\/\"]}]},{\"@type\":\"ImageObject\",\"inLanguage\":\"da-DK\",\"@id\":\"https:\/\/arcticexcursions.com\/udflugter\/disko-valley-helicopter-tour\/#primaryimage\",\"url\":\"https:\/\/arcticexcursions.com\/wp-content\/uploads\/2025\/10\/Kvan-Dalen-scaled.jpg\",\"contentUrl\":\"https:\/\/arcticexcursions.com\/wp-content\/uploads\/2025\/10\/Kvan-Dalen-scaled.jpg\",\"width\":2440,\"height\":2560},{\"@type\":\"BreadcrumbList\",\"@id\":\"https:\/\/arcticexcursions.com\/udflugter\/disko-valley-helicopter-tour\/#breadcrumb\",\"itemListElement\":[{\"@type\":\"ListItem\",\"position\":1,\"name\":\"Home\",\"item\":\"https:\/\/arcticexcursions.com\/da\/\"},{\"@type\":\"ListItem\",\"position\":2,\"name\":\"Udflugter i Gr\u00f8nland\",\"item\":\"https:\/\/arcticexcursions.com\/da\/udflugter\/\"},{\"@type\":\"ListItem\",\"position\":3,\"name\":\"Disko Valley &#8211; Helikoptertur\"}]},{\"@type\":\"WebSite\",\"@id\":\"https:\/\/arcticexcursions.com\/#website\",\"url\":\"https:\/\/arcticexcursions.com\/\",\"name\":\"Arctic Excursions\",\"description\":\"New adventures. Every day.\",\"publisher\":{\"@id\":\"https:\/\/arcticexcursions.com\/#organization\"},\"potentialAction\":[{\"@type\":\"SearchAction\",\"target\":{\"@type\":\"EntryPoint\",\"urlTemplate\":\"https:\/\/arcticexcursions.com\/?s={search_term_string}\"},\"query-input\":{\"@type\":\"PropertyValueSpecification\",\"valueRequired\":true,\"valueName\":\"search_term_string\"}}],\"inLanguage\":\"da-DK\"},{\"@type\":\"Organization\",\"@id\":\"https:\/\/arcticexcursions.com\/#organization\",\"name\":\"Arctic Excursions\",\"url\":\"https:\/\/arcticexcursions.com\/\",\"logo\":{\"@type\":\"ImageObject\",\"inLanguage\":\"da-DK\",\"@id\":\"https:\/\/arcticexcursions.com\/#\/schema\/logo\/image\/\",\"url\":\"https:\/\/arcticexcursions.com\/wp-content\/uploads\/2022\/11\/fb-logo.png\",\"contentUrl\":\"https:\/\/arcticexcursions.com\/wp-content\/uploads\/2022\/11\/fb-logo.png\",\"width\":523,\"height\":523,\"caption\":\"Arctic Excursions\"},\"image\":{\"@id\":\"https:\/\/arcticexcursions.com\/#\/schema\/logo\/image\/\"}}]}<\/script>\n<!-- \/ Yoast SEO plugin. -->","yoast_head_json":{"title":"Arctic Excursions","robots":{"index":"index","follow":"follow","max-snippet":"max-snippet:-1","max-image-preview":"max-image-preview:large","max-video-preview":"max-video-preview:-1"},"canonical":"https:\/\/arcticexcursions.com\/udflugter\/disko-valley-helicopter-tour\/","og_locale":"da_DK","og_type":"article","og_title":"Disko Valley - Helikoptertur - Arctic Excursions","og_description":"Disko Valley \u2013 Helikoptereventyr over diskobugten","og_url":"https:\/\/arcticexcursions.com\/udflugter\/disko-valley-helicopter-tour\/","og_site_name":"Arctic Excursions","article_modified_time":"2026-04-21T06:46:42+00:00","og_image":[{"width":2440,"height":2560,"url":"https:\/\/arcticexcursions.com\/wp-content\/uploads\/2025\/10\/Kvan-Dalen-scaled.jpg","type":"image\/jpeg"}],"twitter_card":"summary_large_image","twitter_misc":{"Estimeret l\u00e6setid":"1 minut"},"schema":{"@context":"https:\/\/schema.org","@graph":[{"@type":"WebPage","@id":"https:\/\/arcticexcursions.com\/udflugter\/disko-valley-helicopter-tour\/","url":"https:\/\/arcticexcursions.com\/udflugter\/disko-valley-helicopter-tour\/","name":"Disko Valley - Helikoptertur - Arctic Excursions","isPartOf":{"@id":"https:\/\/arcticexcursions.com\/#website"},"primaryImageOfPage":{"@id":"https:\/\/arcticexcursions.com\/udflugter\/disko-valley-helicopter-tour\/#primaryimage"},"image":{"@id":"https:\/\/arcticexcursions.com\/udflugter\/disko-valley-helicopter-tour\/#primaryimage"},"thumbnailUrl":"https:\/\/arcticexcursions.com\/wp-content\/uploads\/2025\/10\/Kvan-Dalen-scaled.jpg","datePublished":"2025-10-06T12:38:28+00:00","dateModified":"2026-04-21T06:46:42+00:00","breadcrumb":{"@id":"https:\/\/arcticexcursions.com\/udflugter\/disko-valley-helicopter-tour\/#breadcrumb"},"inLanguage":"da-DK","potentialAction":[{"@type":"ReadAction","target":["https:\/\/arcticexcursions.com\/udflugter\/disko-valley-helicopter-tour\/"]}]},{"@type":"ImageObject","inLanguage":"da-DK","@id":"https:\/\/arcticexcursions.com\/udflugter\/disko-valley-helicopter-tour\/#primaryimage","url":"https:\/\/arcticexcursions.com\/wp-content\/uploads\/2025\/10\/Kvan-Dalen-scaled.jpg","contentUrl":"https:\/\/arcticexcursions.com\/wp-content\/uploads\/2025\/10\/Kvan-Dalen-scaled.jpg","width":2440,"height":2560},{"@type":"BreadcrumbList","@id":"https:\/\/arcticexcursions.com\/udflugter\/disko-valley-helicopter-tour\/#breadcrumb","itemListElement":[{"@type":"ListItem","position":1,"name":"Home","item":"https:\/\/arcticexcursions.com\/da\/"},{"@type":"ListItem","position":2,"name":"Udflugter i Gr\u00f8nland","item":"https:\/\/arcticexcursions.com\/da\/udflugter\/"},{"@type":"ListItem","position":3,"name":"Disko Valley &#8211; Helikoptertur"}]},{"@type":"WebSite","@id":"https:\/\/arcticexcursions.com\/#website","url":"https:\/\/arcticexcursions.com\/","name":"Arctic Excursions","description":"New adventures. Every day.","publisher":{"@id":"https:\/\/arcticexcursions.com\/#organization"},"potentialAction":[{"@type":"SearchAction","target":{"@type":"EntryPoint","urlTemplate":"https:\/\/arcticexcursions.com\/?s={search_term_string}"},"query-input":{"@type":"PropertyValueSpecification","valueRequired":true,"valueName":"search_term_string"}}],"inLanguage":"da-DK"},{"@type":"Organization","@id":"https:\/\/arcticexcursions.com\/#organization","name":"Arctic Excursions","url":"https:\/\/arcticexcursions.com\/","logo":{"@type":"ImageObject","inLanguage":"da-DK","@id":"https:\/\/arcticexcursions.com\/#\/schema\/logo\/image\/","url":"https:\/\/arcticexcursions.com\/wp-content\/uploads\/2022\/11\/fb-logo.png","contentUrl":"https:\/\/arcticexcursions.com\/wp-content\/uploads\/2022\/11\/fb-logo.png","width":523,"height":523,"caption":"Arctic Excursions"},"image":{"@id":"https:\/\/arcticexcursions.com\/#\/schema\/logo\/image\/"}}]}},"_links":{"self":[{"href":"https:\/\/arcticexcursions.com\/da\/wp-json\/wp\/v2\/product\/70956"}],"collection":[{"href":"https:\/\/arcticexcursions.com\/da\/wp-json\/wp\/v2\/product"}],"about":[{"href":"https:\/\/arcticexcursions.com\/da\/wp-json\/wp\/v2\/types\/product"}],"replies":[{"embeddable":true,"href":"https:\/\/arcticexcursions.com\/da\/wp-json\/wp\/v2\/comments?post=70956"}],"wp:featuredmedia":[{"embeddable":true,"href":"https:\/\/arcticexcursions.com\/da\/wp-json\/wp\/v2\/media\/70954"}],"wp:attachment":[{"href":"https:\/\/arcticexcursions.com\/da\/wp-json\/wp\/v2\/media?parent=70956"}],"wp:term":[{"taxonomy":"product_brand","embeddable":true,"href":"https:\/\/arcticexcursions.com\/da\/wp-json\/wp\/v2\/product_brand?post=70956"},{"taxonomy":"product_cat","embeddable":true,"href":"https:\/\/arcticexcursions.com\/da\/wp-json\/wp\/v2\/product_cat?post=70956"},{"taxonomy":"product_tag","embeddable":true,"href":"https:\/\/arcticexcursions.com\/da\/wp-json\/wp\/v2\/product_tag?post=70956"}],"curies":[{"name":"wp","href":"https:\/\/api.w.org\/{rel}","templated":true}]}}