{"id":71609,"date":"2025-10-14T18:08:32","date_gmt":"2025-10-14T16:08:32","guid":{"rendered":"https:\/\/arcticexcursions.com\/?post_type=product&#038;p=71609"},"modified":"2026-03-24T04:32:31","modified_gmt":"2026-03-24T02:32:31","slug":"city-walk","status":"publish","type":"product","link":"https:\/\/arcticexcursions.com\/da\/udflugter\/city-walk\/","title":{"rendered":"City Walk med National museum"},"content":{"rendered":"<p>Deltag i en vandretur gennem Gr\u00f8nlands hovedstad, Nuuk, og oplev byen med en lokal inuit som guide. Du f\u00e5r et \u00e6rligt og personligt indblik i b\u00e5de Nuuks historie og hverdagsliv i dag.<\/p>\n<p>Turen begynder i Nuutoqaq (Kolonihavnen), et af de \u00e6ldste og smukkeste omr\u00e5der i byen.<br \/>\nHer vil du h\u00f8re historier om Gr\u00f8nlands fortid og om, hvordan inuitkulturen og den danske kolonihistorie har formet landet og dets befolkning. <\/p>\n<p>Din guide vil ogs\u00e5 fort\u00e6lle om traditionel jagt og dens fortsatte betydning i det gr\u00f8nlandske samfund i dag.<\/p>\n<p>Derfra forts\u00e6tter turen ind i det moderne Nuuk, hvor du vil se steder som Katuaq Kulturcenter, Inatsisartut (Parlamentet) og lokal offentlig kunst. <\/p>\n<p>Undervejs deler din inuit-guide indsigter om dagligdagen, ungdomskulturen og de sociale forandringer i det moderne Gr\u00f8nland.<\/p>\n<p>Dette er en let, indbydende og informativ tur, der giver dig et reelt indtryk af, hvordan Nuuk er vokset fra en lille bos\u00e6ttelse til en moderne arktisk by, samtidig med at den har bevaret sine dybe kulturelle r\u00f8dder.<\/p>\n<p>Turinformation:<br \/>\n&#8211; Varighed: Ca. 1,5 til 2 timer<br \/>\n&#8211; Gruppest\u00f8rrelse: Op til 15 personer<br \/>\n&#8211; Sprog: Dansk, engelsk eller gr\u00f8nlandsk<br \/>\n&#8211; Medbring: Komfortable sko og t\u00f8j, der passer til vejret. Turen afholdes uanset vejrforholdene.<br \/>\n&#8211; Inkluderet: Hovedtelefoner med direkte forbindelse til guiden og adgang til nationalmuseet<\/p>\n<p>Denne tur er perfekt for bes\u00f8gende, der \u00f8nsker at se Nuuk gennem lokale \u00f8jne og h\u00f8re Gr\u00f8nlands historie fortalt af en person, der er vokset op i kulturen.<\/p>\n","protected":false},"excerpt":{"rendered":"<p>Oplev en byrundtur med Hovedtelefoner med direkte forbindelse til guiden og adgang til nationalmuseet<\/p>\n","protected":false},"featured_media":71754,"comment_status":"open","ping_status":"closed","template":"","meta":{"_acf_changed":false},"product_brand":[],"product_cat":[170],"product_tag":[],"class_list":{"0":"post-71609","1":"product","2":"type-product","3":"status-publish","4":"has-post-thumbnail","6":"product_cat-udflugt","7":"pa_dato-6189","8":"pa_dato-6142","9":"pa_dato-6167","10":"pa_dato-6336","11":"pa_dato-6171","12":"pa_dato-6319","13":"pa_dato-6115","14":"pa_dato-6222","15":"pa_dato-6439","16":"pa_dato-6442","17":"pa_dato-6349","18":"pa_dato-6280","19":"pa_dato-6220","20":"pa_dato-6409","21":"pa_dato-6452","22":"pa_tidspunkt-40","23":"pa_tidspunkt-6310","24":"pa_tidspunkt-304","25":"pa_tidspunkt-27","26":"tour_location-nuuk-da","27":"tour_type-byvandring","28":"tour_tickettype-arctic_excursions","29":"tour_operator-inuk-travel","31":"first","32":"instock","33":"shipping-taxable","34":"purchasable","35":"product-type-variable"},"acf":[],"yoast_head":"<!-- This site is optimized with the Yoast SEO plugin v23.6 - https:\/\/yoast.com\/wordpress\/plugins\/seo\/ -->\n<title>Arctic Excursions<\/title>\n<meta name=\"robots\" content=\"index, follow, max-snippet:-1, max-image-preview:large, max-video-preview:-1\" \/>\n<link rel=\"canonical\" href=\"https:\/\/arcticexcursions.com\/udflugter\/city-walk\/\" \/>\n<meta property=\"og:locale\" content=\"da_DK\" \/>\n<meta property=\"og:type\" content=\"article\" \/>\n<meta property=\"og:title\" content=\"City Walk med National museum - Arctic Excursions\" \/>\n<meta property=\"og:description\" content=\"Oplev en byrundtur med Hovedtelefoner med direkte forbindelse til guiden og adgang til nationalmuseet\" \/>\n<meta property=\"og:url\" content=\"https:\/\/arcticexcursions.com\/udflugter\/city-walk\/\" \/>\n<meta property=\"og:site_name\" content=\"Arctic Excursions\" \/>\n<meta property=\"article:modified_time\" content=\"2026-03-24T02:32:31+00:00\" \/>\n<meta property=\"og:image\" content=\"https:\/\/arcticexcursions.com\/wp-content\/uploads\/2025\/10\/nuutoqaq.jpg\" \/>\n\t<meta property=\"og:image:width\" content=\"709\" \/>\n\t<meta property=\"og:image:height\" content=\"945\" \/>\n\t<meta property=\"og:image:type\" content=\"image\/jpeg\" \/>\n<meta name=\"twitter:card\" content=\"summary_large_image\" \/>\n<meta name=\"twitter:label1\" content=\"Estimeret l\u00e6setid\" \/>\n\t<meta name=\"twitter:data1\" content=\"1 minut\" \/>\n<script type=\"application\/ld+json\" class=\"yoast-schema-graph\">{\"@context\":\"https:\/\/schema.org\",\"@graph\":[{\"@type\":\"WebPage\",\"@id\":\"https:\/\/arcticexcursions.com\/udflugter\/city-walk\/\",\"url\":\"https:\/\/arcticexcursions.com\/udflugter\/city-walk\/\",\"name\":\"City Walk med National museum - Arctic Excursions\",\"isPartOf\":{\"@id\":\"https:\/\/arcticexcursions.com\/#website\"},\"primaryImageOfPage\":{\"@id\":\"https:\/\/arcticexcursions.com\/udflugter\/city-walk\/#primaryimage\"},\"image\":{\"@id\":\"https:\/\/arcticexcursions.com\/udflugter\/city-walk\/#primaryimage\"},\"thumbnailUrl\":\"https:\/\/arcticexcursions.com\/wp-content\/uploads\/2025\/10\/nuutoqaq.jpg\",\"datePublished\":\"2025-10-14T16:08:32+00:00\",\"dateModified\":\"2026-03-24T02:32:31+00:00\",\"breadcrumb\":{\"@id\":\"https:\/\/arcticexcursions.com\/udflugter\/city-walk\/#breadcrumb\"},\"inLanguage\":\"da-DK\",\"potentialAction\":[{\"@type\":\"ReadAction\",\"target\":[\"https:\/\/arcticexcursions.com\/udflugter\/city-walk\/\"]}]},{\"@type\":\"ImageObject\",\"inLanguage\":\"da-DK\",\"@id\":\"https:\/\/arcticexcursions.com\/udflugter\/city-walk\/#primaryimage\",\"url\":\"https:\/\/arcticexcursions.com\/wp-content\/uploads\/2025\/10\/nuutoqaq.jpg\",\"contentUrl\":\"https:\/\/arcticexcursions.com\/wp-content\/uploads\/2025\/10\/nuutoqaq.jpg\",\"width\":709,\"height\":945},{\"@type\":\"BreadcrumbList\",\"@id\":\"https:\/\/arcticexcursions.com\/udflugter\/city-walk\/#breadcrumb\",\"itemListElement\":[{\"@type\":\"ListItem\",\"position\":1,\"name\":\"Home\",\"item\":\"https:\/\/arcticexcursions.com\/da\/\"},{\"@type\":\"ListItem\",\"position\":2,\"name\":\"Udflugter i Gr\u00f8nland\",\"item\":\"https:\/\/arcticexcursions.com\/da\/udflugter\/\"},{\"@type\":\"ListItem\",\"position\":3,\"name\":\"City Walk med National museum\"}]},{\"@type\":\"WebSite\",\"@id\":\"https:\/\/arcticexcursions.com\/#website\",\"url\":\"https:\/\/arcticexcursions.com\/\",\"name\":\"Arctic Excursions\",\"description\":\"New adventures. Every day.\",\"publisher\":{\"@id\":\"https:\/\/arcticexcursions.com\/#organization\"},\"potentialAction\":[{\"@type\":\"SearchAction\",\"target\":{\"@type\":\"EntryPoint\",\"urlTemplate\":\"https:\/\/arcticexcursions.com\/?s={search_term_string}\"},\"query-input\":{\"@type\":\"PropertyValueSpecification\",\"valueRequired\":true,\"valueName\":\"search_term_string\"}}],\"inLanguage\":\"da-DK\"},{\"@type\":\"Organization\",\"@id\":\"https:\/\/arcticexcursions.com\/#organization\",\"name\":\"Arctic Excursions\",\"url\":\"https:\/\/arcticexcursions.com\/\",\"logo\":{\"@type\":\"ImageObject\",\"inLanguage\":\"da-DK\",\"@id\":\"https:\/\/arcticexcursions.com\/#\/schema\/logo\/image\/\",\"url\":\"https:\/\/arcticexcursions.com\/wp-content\/uploads\/2022\/11\/fb-logo.png\",\"contentUrl\":\"https:\/\/arcticexcursions.com\/wp-content\/uploads\/2022\/11\/fb-logo.png\",\"width\":523,\"height\":523,\"caption\":\"Arctic Excursions\"},\"image\":{\"@id\":\"https:\/\/arcticexcursions.com\/#\/schema\/logo\/image\/\"}}]}<\/script>\n<!-- \/ Yoast SEO plugin. -->","yoast_head_json":{"title":"Arctic Excursions","robots":{"index":"index","follow":"follow","max-snippet":"max-snippet:-1","max-image-preview":"max-image-preview:large","max-video-preview":"max-video-preview:-1"},"canonical":"https:\/\/arcticexcursions.com\/udflugter\/city-walk\/","og_locale":"da_DK","og_type":"article","og_title":"City Walk med National museum - Arctic Excursions","og_description":"Oplev en byrundtur med Hovedtelefoner med direkte forbindelse til guiden og adgang til nationalmuseet","og_url":"https:\/\/arcticexcursions.com\/udflugter\/city-walk\/","og_site_name":"Arctic Excursions","article_modified_time":"2026-03-24T02:32:31+00:00","og_image":[{"width":709,"height":945,"url":"https:\/\/arcticexcursions.com\/wp-content\/uploads\/2025\/10\/nuutoqaq.jpg","type":"image\/jpeg"}],"twitter_card":"summary_large_image","twitter_misc":{"Estimeret l\u00e6setid":"1 minut"},"schema":{"@context":"https:\/\/schema.org","@graph":[{"@type":"WebPage","@id":"https:\/\/arcticexcursions.com\/udflugter\/city-walk\/","url":"https:\/\/arcticexcursions.com\/udflugter\/city-walk\/","name":"City Walk med National museum - Arctic Excursions","isPartOf":{"@id":"https:\/\/arcticexcursions.com\/#website"},"primaryImageOfPage":{"@id":"https:\/\/arcticexcursions.com\/udflugter\/city-walk\/#primaryimage"},"image":{"@id":"https:\/\/arcticexcursions.com\/udflugter\/city-walk\/#primaryimage"},"thumbnailUrl":"https:\/\/arcticexcursions.com\/wp-content\/uploads\/2025\/10\/nuutoqaq.jpg","datePublished":"2025-10-14T16:08:32+00:00","dateModified":"2026-03-24T02:32:31+00:00","breadcrumb":{"@id":"https:\/\/arcticexcursions.com\/udflugter\/city-walk\/#breadcrumb"},"inLanguage":"da-DK","potentialAction":[{"@type":"ReadAction","target":["https:\/\/arcticexcursions.com\/udflugter\/city-walk\/"]}]},{"@type":"ImageObject","inLanguage":"da-DK","@id":"https:\/\/arcticexcursions.com\/udflugter\/city-walk\/#primaryimage","url":"https:\/\/arcticexcursions.com\/wp-content\/uploads\/2025\/10\/nuutoqaq.jpg","contentUrl":"https:\/\/arcticexcursions.com\/wp-content\/uploads\/2025\/10\/nuutoqaq.jpg","width":709,"height":945},{"@type":"BreadcrumbList","@id":"https:\/\/arcticexcursions.com\/udflugter\/city-walk\/#breadcrumb","itemListElement":[{"@type":"ListItem","position":1,"name":"Home","item":"https:\/\/arcticexcursions.com\/da\/"},{"@type":"ListItem","position":2,"name":"Udflugter i Gr\u00f8nland","item":"https:\/\/arcticexcursions.com\/da\/udflugter\/"},{"@type":"ListItem","position":3,"name":"City Walk med National museum"}]},{"@type":"WebSite","@id":"https:\/\/arcticexcursions.com\/#website","url":"https:\/\/arcticexcursions.com\/","name":"Arctic Excursions","description":"New adventures. Every day.","publisher":{"@id":"https:\/\/arcticexcursions.com\/#organization"},"potentialAction":[{"@type":"SearchAction","target":{"@type":"EntryPoint","urlTemplate":"https:\/\/arcticexcursions.com\/?s={search_term_string}"},"query-input":{"@type":"PropertyValueSpecification","valueRequired":true,"valueName":"search_term_string"}}],"inLanguage":"da-DK"},{"@type":"Organization","@id":"https:\/\/arcticexcursions.com\/#organization","name":"Arctic Excursions","url":"https:\/\/arcticexcursions.com\/","logo":{"@type":"ImageObject","inLanguage":"da-DK","@id":"https:\/\/arcticexcursions.com\/#\/schema\/logo\/image\/","url":"https:\/\/arcticexcursions.com\/wp-content\/uploads\/2022\/11\/fb-logo.png","contentUrl":"https:\/\/arcticexcursions.com\/wp-content\/uploads\/2022\/11\/fb-logo.png","width":523,"height":523,"caption":"Arctic Excursions"},"image":{"@id":"https:\/\/arcticexcursions.com\/#\/schema\/logo\/image\/"}}]}},"_links":{"self":[{"href":"https:\/\/arcticexcursions.com\/da\/wp-json\/wp\/v2\/product\/71609"}],"collection":[{"href":"https:\/\/arcticexcursions.com\/da\/wp-json\/wp\/v2\/product"}],"about":[{"href":"https:\/\/arcticexcursions.com\/da\/wp-json\/wp\/v2\/types\/product"}],"replies":[{"embeddable":true,"href":"https:\/\/arcticexcursions.com\/da\/wp-json\/wp\/v2\/comments?post=71609"}],"wp:featuredmedia":[{"embeddable":true,"href":"https:\/\/arcticexcursions.com\/da\/wp-json\/wp\/v2\/media\/71754"}],"wp:attachment":[{"href":"https:\/\/arcticexcursions.com\/da\/wp-json\/wp\/v2\/media?parent=71609"}],"wp:term":[{"taxonomy":"product_brand","embeddable":true,"href":"https:\/\/arcticexcursions.com\/da\/wp-json\/wp\/v2\/product_brand?post=71609"},{"taxonomy":"product_cat","embeddable":true,"href":"https:\/\/arcticexcursions.com\/da\/wp-json\/wp\/v2\/product_cat?post=71609"},{"taxonomy":"product_tag","embeddable":true,"href":"https:\/\/arcticexcursions.com\/da\/wp-json\/wp\/v2\/product_tag?post=71609"}],"curies":[{"name":"wp","href":"https:\/\/api.w.org\/{rel}","templated":true}]}}