{"id":71753,"date":"2025-10-16T14:51:10","date_gmt":"2025-10-16T12:51:10","guid":{"rendered":"https:\/\/arcticexcursions.com\/?post_type=product&#038;p=71753"},"modified":"2026-04-08T10:45:58","modified_gmt":"2026-04-08T08:45:58","slug":"kangia-classic-helicopter-tour-2026","status":"publish","type":"product","link":"https:\/\/arcticexcursions.com\/da\/udflugter\/kangia-classic-helicopter-tour-2026\/","title":{"rendered":"Kangia Classic &#8211; Helikoptertur 2026"},"content":{"rendered":"<p>Tag med p\u00e5 en helikoptertur og oplev naturens r\u00e5 kraft ved Sermeq Kujalleq, en af de mest aktive og produktive gletsjere p\u00e5 den nordlige halvkugle. Denne uforglemmelige rejse giver dig en sj\u00e6lden mulighed for at sv\u00e6ve over gigantiske isbjerge og dramatiske isformationer, og afsl\u00f8rer det enorme og konstant foranderlige landskab p\u00e5 den gr\u00f8nlandske indlandsis.<br \/>\nMens du flyver hen over gletsjeren, f\u00e5r du et unikt perspektiv p\u00e5 dens enorme st\u00f8rrelse og betydning. Sermeq Kujalleq bev\u00e6ger sig op til 40 meter om dagen, hvilket g\u00f8r den til en af de hurtigst bev\u00e6gende gletsjere i verden. Den k\u00e6lver mere is ud i havet end nogen anden gletsjer uden for Antarktis og st\u00e5r for omkring 10 % af alle isbjerge p\u00e5 den nordlige halvkugle.<br \/>\nGletsjeren er ogs\u00e5 et vigtigt omr\u00e5de for klimaforskning, hvor forskere unders\u00f8ger dynamikken bag isens masseforandringer og globale klimaforandringer. NASA har overv\u00e5get Sermeq Kujalleq i \u00e5rtier, og bruger satellitter og luftm\u00e5linger til at f\u00f8lge dens hurtige udvikling.<br \/>\nN\u00e5r vi lander ved kanten af indlandsisen, har du 30 minutter til at udforske det uber\u00f8rte gletsjerterr\u00e6n, ind\u00e5nde den friske arktiske luft og nyde stilheden og storheden i dette fjerntliggende landskab. Det er et \u00f8jeblik til at forbinde dig med naturen, reflektere over dens skr\u00f8belighed og opleve Gr\u00f8nland p\u00e5 en m\u00e5de, som kun de f\u00e6rreste f\u00e5r lov til.<\/p>\n<p><b>Varighed:<\/b> 1 time og 30 minutter <\/p>\n<p><b>Deltagere:<\/b> Turen bliver gennemf\u00f8rt n\u00e5r der er minimum 4 deltagerantal. Der vil deltage maksimalt 10 personer. <\/p>\n<p><b>Sprog:<\/b> Piloten taler et nordisk sprog og engelsk<\/p>\n<p><b>Flytype:<\/b> H155\/H125 helikopter<\/p>\n<p><b>Praktisk info:<\/b> Piloten bestemmer siddepladser ud fra sikkerhedsm\u00e6ssige vurderinger. <\/p>\n<p><b>Anbefalet p\u00e5kl\u00e6dning:<\/b> Varmt t\u00f8j inkl. hue og handsker hele \u00e5ret. Solbriller. Solcreme om sommeren.<\/p>\n","protected":false},"excerpt":{"rendered":"<p>Udforsk en af verdens mest aktive gletsjere<\/p>\n","protected":false},"featured_media":73912,"comment_status":"open","ping_status":"closed","template":"","meta":{"_acf_changed":false},"product_brand":[],"product_cat":[101,170],"product_tag":[],"class_list":{"0":"post-71753","1":"product","2":"type-product","3":"status-publish","4":"has-post-thumbnail","6":"product_cat-tour","7":"product_cat-udflugt","8":"pa_dato-6212","9":"pa_dato-6288","10":"pa_dato-6314","11":"pa_dato-6220","12":"pa_dato-6138","13":"pa_dato-6235","14":"pa_dato-6237","15":"pa_dato-6471","16":"pa_dato-6230","17":"pa_dato-6338","18":"pa_dato-6413","19":"pa_dato-6454","20":"pa_dato-6461","21":"pa_dato-6473","22":"pa_dato-6480","23":"pa_dato-6456","24":"pa_dato-6340","25":"pa_dato-6428","26":"pa_dato-6418","27":"pa_dato-6470","28":"pa_dato-6174","29":"pa_dato-6302","30":"pa_dato-6245","31":"pa_dato-6242","32":"pa_dato-6247","33":"pa_dato-6317","34":"pa_dato-6294","35":"pa_dato-6411","36":"pa_dato-6357","37":"pa_dato-6344","38":"pa_dato-6322","39":"pa_dato-6407","40":"pa_dato-6416","41":"pa_dato-6313","42":"pa_dato-6347","43":"pa_dato-6260","44":"pa_dato-6412","45":"pa_dato-6271","46":"pa_dato-6394","47":"pa_dato-6424","48":"pa_dato-6406","49":"pa_dato-6296","50":"pa_dato-6417","51":"pa_dato-6350","52":"pa_dato-6410","53":"pa_dato-6409","54":"pa_dato-6276","55":"pa_dato-6437","56":"pa_dato-6438","57":"pa_dato-6191","58":"pa_dato-6364","59":"pa_dato-6365","60":"pa_dato-6452","61":"pa_dato-6316","62":"pa_dato-6250","63":"pa_dato-6503","64":"pa_dato-6326","65":"pa_dato-6484","66":"pa_dato-6076","67":"pa_dato-6156","68":"pa_dato-6240","69":"pa_dato-6238","70":"pa_dato-6346","71":"pa_dato-6453","72":"pa_dato-6497","73":"pa_dato-6414","74":"pa_dato-6348","75":"pa_dato-6399","76":"pa_dato-6327","77":"pa_dato-6272","78":"pa_dato-6481","79":"pa_dato-6482","80":"pa_dato-6285","81":"pa_dato-6246","82":"pa_dato-6244","83":"pa_dato-6273","84":"pa_dato-6328","85":"pa_dato-6455","86":"pa_dato-6329","87":"pa_dato-6386","88":"pa_dato-6390","89":"pa_dato-6419","90":"pa_dato-6478","91":"pa_dato-6397","92":"pa_dato-6485","93":"pa_tidspunkt-35","94":"pa_tidspunkt-6352","95":"pa_tidspunkt-72","96":"pa_tidspunkt-6266","97":"pa_tidspunkt-40","98":"pa_tidspunkt-6310","99":"pa_tidspunkt-76","100":"pa_tidspunkt-6286","101":"pa_tidspunkt-304","102":"pa_tidspunkt-6324","103":"pa_tidspunkt-229","104":"pa_tidspunkt-6425","105":"pa_tidspunkt-314","106":"pa_tidspunkt-6400","107":"pa_tidspunkt-317","108":"pa_tidspunkt-6501","109":"pa_tidspunkt-431","110":"pa_tidspunkt-6458","111":"pa_tidspunkt-61","112":"pa_tidspunkt-60","113":"pa_tidspunkt-6330","114":"pa_tidspunkt-426","115":"pa_tidspunkt-6466","116":"pa_tidspunkt-68","117":"pa_tidspunkt-69","118":"pa_tidspunkt-6423","119":"tour_location-ilulissat-da","120":"tour_type-flightseeing","121":"tour_tickettype-arctic_excursions","122":"tour_operator-air-greenland-charter","124":"first","125":"instock","126":"shipping-taxable","127":"purchasable","128":"product-type-variable"},"acf":[],"yoast_head":"<!-- This site is optimized with the Yoast SEO plugin v23.6 - https:\/\/yoast.com\/wordpress\/plugins\/seo\/ -->\n<title>Arctic Excursions<\/title>\n<meta name=\"robots\" content=\"index, follow, max-snippet:-1, max-image-preview:large, max-video-preview:-1\" \/>\n<link rel=\"canonical\" href=\"https:\/\/arcticexcursions.com\/da\/udflugter\/kangia-classic-helicopter-tour-2026\/\" \/>\n<meta property=\"og:locale\" content=\"da_DK\" \/>\n<meta property=\"og:type\" content=\"article\" \/>\n<meta property=\"og:title\" content=\"Kangia Classic - Helikoptertur 2026 - Arctic Excursions\" \/>\n<meta property=\"og:description\" content=\"Udforsk en af verdens mest aktive gletsjere\" \/>\n<meta property=\"og:url\" content=\"https:\/\/arcticexcursions.com\/da\/udflugter\/kangia-classic-helicopter-tour-2026\/\" \/>\n<meta property=\"og:site_name\" content=\"Arctic Excursions\" \/>\n<meta property=\"article:modified_time\" content=\"2026-04-08T08:45:58+00:00\" \/>\n<meta property=\"og:image\" content=\"https:\/\/arcticexcursions.com\/wp-content\/uploads\/2025\/12\/AGLH-05207-1024x683.jpg\" \/>\n\t<meta property=\"og:image:width\" content=\"1024\" \/>\n\t<meta property=\"og:image:height\" content=\"683\" \/>\n\t<meta property=\"og:image:type\" content=\"image\/jpeg\" \/>\n<meta name=\"twitter:card\" content=\"summary_large_image\" \/>\n<meta name=\"twitter:label1\" content=\"Estimeret l\u00e6setid\" \/>\n\t<meta name=\"twitter:data1\" content=\"1 minut\" \/>\n<script type=\"application\/ld+json\" class=\"yoast-schema-graph\">{\"@context\":\"https:\/\/schema.org\",\"@graph\":[{\"@type\":\"WebPage\",\"@id\":\"https:\/\/arcticexcursions.com\/da\/udflugter\/kangia-classic-helicopter-tour-2026\/\",\"url\":\"https:\/\/arcticexcursions.com\/da\/udflugter\/kangia-classic-helicopter-tour-2026\/\",\"name\":\"Kangia Classic - Helikoptertur 2026 - Arctic Excursions\",\"isPartOf\":{\"@id\":\"https:\/\/arcticexcursions.com\/#website\"},\"primaryImageOfPage\":{\"@id\":\"https:\/\/arcticexcursions.com\/da\/udflugter\/kangia-classic-helicopter-tour-2026\/#primaryimage\"},\"image\":{\"@id\":\"https:\/\/arcticexcursions.com\/da\/udflugter\/kangia-classic-helicopter-tour-2026\/#primaryimage\"},\"thumbnailUrl\":\"https:\/\/arcticexcursions.com\/wp-content\/uploads\/2025\/12\/AGLH-05207.jpg\",\"datePublished\":\"2025-10-16T12:51:10+00:00\",\"dateModified\":\"2026-04-08T08:45:58+00:00\",\"breadcrumb\":{\"@id\":\"https:\/\/arcticexcursions.com\/da\/udflugter\/kangia-classic-helicopter-tour-2026\/#breadcrumb\"},\"inLanguage\":\"da-DK\",\"potentialAction\":[{\"@type\":\"ReadAction\",\"target\":[\"https:\/\/arcticexcursions.com\/da\/udflugter\/kangia-classic-helicopter-tour-2026\/\"]}]},{\"@type\":\"ImageObject\",\"inLanguage\":\"da-DK\",\"@id\":\"https:\/\/arcticexcursions.com\/da\/udflugter\/kangia-classic-helicopter-tour-2026\/#primaryimage\",\"url\":\"https:\/\/arcticexcursions.com\/wp-content\/uploads\/2025\/12\/AGLH-05207.jpg\",\"contentUrl\":\"https:\/\/arcticexcursions.com\/wp-content\/uploads\/2025\/12\/AGLH-05207.jpg\",\"width\":2400,\"height\":1600},{\"@type\":\"BreadcrumbList\",\"@id\":\"https:\/\/arcticexcursions.com\/da\/udflugter\/kangia-classic-helicopter-tour-2026\/#breadcrumb\",\"itemListElement\":[{\"@type\":\"ListItem\",\"position\":1,\"name\":\"Home\",\"item\":\"https:\/\/arcticexcursions.com\/da\/\"},{\"@type\":\"ListItem\",\"position\":2,\"name\":\"Udflugter i Gr\u00f8nland\",\"item\":\"https:\/\/arcticexcursions.com\/da\/udflugter\/\"},{\"@type\":\"ListItem\",\"position\":3,\"name\":\"Kangia Classic &#8211; Helikoptertur 2026\"}]},{\"@type\":\"WebSite\",\"@id\":\"https:\/\/arcticexcursions.com\/#website\",\"url\":\"https:\/\/arcticexcursions.com\/\",\"name\":\"Arctic Excursions\",\"description\":\"New adventures. Every day.\",\"publisher\":{\"@id\":\"https:\/\/arcticexcursions.com\/#organization\"},\"potentialAction\":[{\"@type\":\"SearchAction\",\"target\":{\"@type\":\"EntryPoint\",\"urlTemplate\":\"https:\/\/arcticexcursions.com\/?s={search_term_string}\"},\"query-input\":{\"@type\":\"PropertyValueSpecification\",\"valueRequired\":true,\"valueName\":\"search_term_string\"}}],\"inLanguage\":\"da-DK\"},{\"@type\":\"Organization\",\"@id\":\"https:\/\/arcticexcursions.com\/#organization\",\"name\":\"Arctic Excursions\",\"url\":\"https:\/\/arcticexcursions.com\/\",\"logo\":{\"@type\":\"ImageObject\",\"inLanguage\":\"da-DK\",\"@id\":\"https:\/\/arcticexcursions.com\/#\/schema\/logo\/image\/\",\"url\":\"https:\/\/arcticexcursions.com\/wp-content\/uploads\/2022\/11\/fb-logo.png\",\"contentUrl\":\"https:\/\/arcticexcursions.com\/wp-content\/uploads\/2022\/11\/fb-logo.png\",\"width\":523,\"height\":523,\"caption\":\"Arctic Excursions\"},\"image\":{\"@id\":\"https:\/\/arcticexcursions.com\/#\/schema\/logo\/image\/\"}}]}<\/script>\n<!-- \/ Yoast SEO plugin. -->","yoast_head_json":{"title":"Arctic Excursions","robots":{"index":"index","follow":"follow","max-snippet":"max-snippet:-1","max-image-preview":"max-image-preview:large","max-video-preview":"max-video-preview:-1"},"canonical":"https:\/\/arcticexcursions.com\/da\/udflugter\/kangia-classic-helicopter-tour-2026\/","og_locale":"da_DK","og_type":"article","og_title":"Kangia Classic - Helikoptertur 2026 - Arctic Excursions","og_description":"Udforsk en af verdens mest aktive gletsjere","og_url":"https:\/\/arcticexcursions.com\/da\/udflugter\/kangia-classic-helicopter-tour-2026\/","og_site_name":"Arctic Excursions","article_modified_time":"2026-04-08T08:45:58+00:00","og_image":[{"width":1024,"height":683,"url":"https:\/\/arcticexcursions.com\/wp-content\/uploads\/2025\/12\/AGLH-05207-1024x683.jpg","type":"image\/jpeg"}],"twitter_card":"summary_large_image","twitter_misc":{"Estimeret l\u00e6setid":"1 minut"},"schema":{"@context":"https:\/\/schema.org","@graph":[{"@type":"WebPage","@id":"https:\/\/arcticexcursions.com\/da\/udflugter\/kangia-classic-helicopter-tour-2026\/","url":"https:\/\/arcticexcursions.com\/da\/udflugter\/kangia-classic-helicopter-tour-2026\/","name":"Kangia Classic - Helikoptertur 2026 - Arctic Excursions","isPartOf":{"@id":"https:\/\/arcticexcursions.com\/#website"},"primaryImageOfPage":{"@id":"https:\/\/arcticexcursions.com\/da\/udflugter\/kangia-classic-helicopter-tour-2026\/#primaryimage"},"image":{"@id":"https:\/\/arcticexcursions.com\/da\/udflugter\/kangia-classic-helicopter-tour-2026\/#primaryimage"},"thumbnailUrl":"https:\/\/arcticexcursions.com\/wp-content\/uploads\/2025\/12\/AGLH-05207.jpg","datePublished":"2025-10-16T12:51:10+00:00","dateModified":"2026-04-08T08:45:58+00:00","breadcrumb":{"@id":"https:\/\/arcticexcursions.com\/da\/udflugter\/kangia-classic-helicopter-tour-2026\/#breadcrumb"},"inLanguage":"da-DK","potentialAction":[{"@type":"ReadAction","target":["https:\/\/arcticexcursions.com\/da\/udflugter\/kangia-classic-helicopter-tour-2026\/"]}]},{"@type":"ImageObject","inLanguage":"da-DK","@id":"https:\/\/arcticexcursions.com\/da\/udflugter\/kangia-classic-helicopter-tour-2026\/#primaryimage","url":"https:\/\/arcticexcursions.com\/wp-content\/uploads\/2025\/12\/AGLH-05207.jpg","contentUrl":"https:\/\/arcticexcursions.com\/wp-content\/uploads\/2025\/12\/AGLH-05207.jpg","width":2400,"height":1600},{"@type":"BreadcrumbList","@id":"https:\/\/arcticexcursions.com\/da\/udflugter\/kangia-classic-helicopter-tour-2026\/#breadcrumb","itemListElement":[{"@type":"ListItem","position":1,"name":"Home","item":"https:\/\/arcticexcursions.com\/da\/"},{"@type":"ListItem","position":2,"name":"Udflugter i Gr\u00f8nland","item":"https:\/\/arcticexcursions.com\/da\/udflugter\/"},{"@type":"ListItem","position":3,"name":"Kangia Classic &#8211; Helikoptertur 2026"}]},{"@type":"WebSite","@id":"https:\/\/arcticexcursions.com\/#website","url":"https:\/\/arcticexcursions.com\/","name":"Arctic Excursions","description":"New adventures. Every day.","publisher":{"@id":"https:\/\/arcticexcursions.com\/#organization"},"potentialAction":[{"@type":"SearchAction","target":{"@type":"EntryPoint","urlTemplate":"https:\/\/arcticexcursions.com\/?s={search_term_string}"},"query-input":{"@type":"PropertyValueSpecification","valueRequired":true,"valueName":"search_term_string"}}],"inLanguage":"da-DK"},{"@type":"Organization","@id":"https:\/\/arcticexcursions.com\/#organization","name":"Arctic Excursions","url":"https:\/\/arcticexcursions.com\/","logo":{"@type":"ImageObject","inLanguage":"da-DK","@id":"https:\/\/arcticexcursions.com\/#\/schema\/logo\/image\/","url":"https:\/\/arcticexcursions.com\/wp-content\/uploads\/2022\/11\/fb-logo.png","contentUrl":"https:\/\/arcticexcursions.com\/wp-content\/uploads\/2022\/11\/fb-logo.png","width":523,"height":523,"caption":"Arctic Excursions"},"image":{"@id":"https:\/\/arcticexcursions.com\/#\/schema\/logo\/image\/"}}]}},"_links":{"self":[{"href":"https:\/\/arcticexcursions.com\/da\/wp-json\/wp\/v2\/product\/71753"}],"collection":[{"href":"https:\/\/arcticexcursions.com\/da\/wp-json\/wp\/v2\/product"}],"about":[{"href":"https:\/\/arcticexcursions.com\/da\/wp-json\/wp\/v2\/types\/product"}],"replies":[{"embeddable":true,"href":"https:\/\/arcticexcursions.com\/da\/wp-json\/wp\/v2\/comments?post=71753"}],"wp:featuredmedia":[{"embeddable":true,"href":"https:\/\/arcticexcursions.com\/da\/wp-json\/wp\/v2\/media\/73912"}],"wp:attachment":[{"href":"https:\/\/arcticexcursions.com\/da\/wp-json\/wp\/v2\/media?parent=71753"}],"wp:term":[{"taxonomy":"product_brand","embeddable":true,"href":"https:\/\/arcticexcursions.com\/da\/wp-json\/wp\/v2\/product_brand?post=71753"},{"taxonomy":"product_cat","embeddable":true,"href":"https:\/\/arcticexcursions.com\/da\/wp-json\/wp\/v2\/product_cat?post=71753"},{"taxonomy":"product_tag","embeddable":true,"href":"https:\/\/arcticexcursions.com\/da\/wp-json\/wp\/v2\/product_tag?post=71753"}],"curies":[{"name":"wp","href":"https:\/\/api.w.org\/{rel}","templated":true}]}}