{"id":72014,"date":"2025-10-24T12:30:05","date_gmt":"2025-10-24T10:30:05","guid":{"rendered":"https:\/\/arcticexcursions.com\/?post_type=product&#038;p=72014"},"modified":"2026-04-21T12:38:22","modified_gmt":"2026-04-21T10:38:22","slug":"nuuk-summit-helicopter-tour-2026","status":"publish","type":"product","link":"https:\/\/arcticexcursions.com\/da\/udflugter\/nuuk-summit-helicopter-tour-2026\/","title":{"rendered":"Nuuk Summit &#8211; Helikoptertur 2026"},"content":{"rendered":"<p>Tag afsted fra Nuuk Lufthavn og oplev Gr\u00f8nlands hovedstad og den omgivende vildmark fra luften. Turen begynder med en scenisk flyvning over Nuup Kangerlua-fjorden, et af verdens st\u00f8rste fjordsystemer, der str\u00e6kker sig over 160 kilometer ind i landet. Du flyver direkte til Sermitsiaq fjeldet, en 1.210 meter h\u00f8j fjeldtop, der er kendt for sin karakteristiske sadelform og gletsjerkl\u00e6dte skr\u00e5ninger. Efter landing n\u00e6r bjerget kan du nyde panoramaudsigten over fjorden og Nuuk by fra et unikt udsigtspunkt. <\/p>\n<p>P\u00e5 returflyvningen f\u00f8rer ruten dig over Nuuk, Gr\u00f8nlands hovedstad og st\u00f8rste by, hvor over en tredjedel af landets befolkning bor. Fra luften kan du se de farverige huse, Katuaq Kulturcenter og den dramatiske kystlinje, der kendetegner denne arktiske by. <\/p>\n<p><b>Varighed:<\/b> 1 Time <\/p>\n<p><b>Deltagere:<\/b> Turen gennemf\u00f8res kun ved minimum 3 tilmeldte passagerer. Der vil deltage maksimalt 5 personer. <\/p>\n<p><b>Sprog:<\/b> Piloten taler et nordisk sprog og engelsk <\/p>\n<p><b>Flytype:<\/b> Typisk Airbus H125\/AS350 helikopter <\/p>\n<p><b>Praktisk info:<\/b> Piloten bestemmer siddepladser ud fra sikkerhedsm\u00e6ssige vurderinger. <\/p>\n<p><b>Anbefalet p\u00e5kl\u00e6dning:<\/b> Varmt t\u00f8j inkl. hue og handsker hele \u00e5ret. Solbriller. Solcreme om sommeren.<\/p>\n","protected":false},"excerpt":{"rendered":"<p>Flyv til det ikoniske Sermitsiaq fjeldet p\u00e5 denne 1-timers helikoptertur fra Nuuk Lufthavn. Nyd en landing n\u00e6r toppen med panoramaudsigt over fjorden og byen, efterfulgt af en malerisk returflyvning over Gr\u00f8nlands farverige hovedstad. <\/p>\n","protected":false},"featured_media":72134,"comment_status":"open","ping_status":"closed","template":"","meta":{"_acf_changed":false},"product_brand":[],"product_cat":[101,170],"product_tag":[],"class_list":{"0":"post-72014","1":"product","2":"type-product","3":"status-publish","4":"has-post-thumbnail","6":"product_cat-tour","7":"product_cat-udflugt","8":"pa_dato-6210","9":"pa_dato-6200","10":"pa_dato-6446","11":"pa_dato-6120","12":"pa_dato-6281","13":"pa_dato-6376","14":"pa_dato-6288","15":"pa_dato-6353","16":"pa_dato-6323","17":"pa_dato-6138","18":"pa_dato-6235","19":"pa_dato-6293","20":"pa_dato-6176","21":"pa_dato-6355","22":"pa_dato-6231","23":"pa_dato-6381","24":"pa_dato-6428","25":"pa_dato-6347","26":"pa_dato-6429","27":"pa_dato-6260","28":"pa_dato-6412","29":"pa_dato-6394","30":"pa_dato-6406","31":"pa_dato-6296","32":"pa_dato-6417","33":"pa_dato-6410","34":"pa_dato-6409","35":"pa_dato-6447","36":"pa_dato-6276","37":"pa_dato-6438","38":"pa_dato-6364","39":"pa_dato-6365","40":"pa_dato-6452","41":"pa_dato-6250","42":"pa_dato-6503","43":"pa_dato-6326","44":"pa_dato-6484","45":"pa_dato-6156","46":"pa_dato-6346","47":"pa_dato-6272","48":"pa_dato-6246","49":"pa_tidspunkt-40","50":"pa_tidspunkt-6310","51":"pa_tidspunkt-304","52":"pa_tidspunkt-6324","53":"pa_tidspunkt-77","54":"pa_tidspunkt-6498","55":"pa_tidspunkt-177","56":"pa_tidspunkt-229","57":"pa_tidspunkt-6425","58":"pa_tidspunkt-308","59":"pa_tidspunkt-6275","60":"pa_tidspunkt-60","61":"pa_tidspunkt-57","62":"pa_tidspunkt-68","63":"tour_location-nuuk-da","64":"tour_type-flightseeing","65":"tour_tickettype-arctic_excursions","66":"tour_operator-air-greenland-charter","68":"first","69":"instock","70":"shipping-taxable","71":"purchasable","72":"product-type-variable"},"acf":[],"yoast_head":"<!-- This site is optimized with the Yoast SEO plugin v23.6 - https:\/\/yoast.com\/wordpress\/plugins\/seo\/ -->\n<title>Arctic Excursions<\/title>\n<meta name=\"robots\" content=\"index, follow, max-snippet:-1, max-image-preview:large, max-video-preview:-1\" \/>\n<link rel=\"canonical\" href=\"https:\/\/arcticexcursions.com\/udflugter\/nuuk-summit-helicopter-tour-2026\/\" \/>\n<meta property=\"og:locale\" content=\"da_DK\" \/>\n<meta property=\"og:type\" content=\"article\" \/>\n<meta property=\"og:title\" content=\"Nuuk Summit - Helikoptertur 2026 - Arctic Excursions\" \/>\n<meta property=\"og:description\" content=\"Flyv til det ikoniske Sermitsiaq fjeldet p\u00e5 denne 1-timers helikoptertur fra Nuuk Lufthavn. Nyd en landing n\u00e6r toppen med panoramaudsigt over fjorden og byen, efterfulgt af en malerisk returflyvning over Gr\u00f8nlands farverige hovedstad.\" \/>\n<meta property=\"og:url\" content=\"https:\/\/arcticexcursions.com\/udflugter\/nuuk-summit-helicopter-tour-2026\/\" \/>\n<meta property=\"og:site_name\" content=\"Arctic Excursions\" \/>\n<meta property=\"article:modified_time\" content=\"2026-04-21T10:38:22+00:00\" \/>\n<meta property=\"og:image\" content=\"https:\/\/arcticexcursions.com\/wp-content\/uploads\/2025\/10\/Nuuk-Summit-i-twilight-Lisa-Germany-4-scaled-1.jpg\" \/>\n\t<meta property=\"og:image:width\" content=\"2560\" \/>\n\t<meta property=\"og:image:height\" content=\"1707\" \/>\n\t<meta property=\"og:image:type\" content=\"image\/jpeg\" \/>\n<meta name=\"twitter:card\" content=\"summary_large_image\" \/>\n<meta name=\"twitter:label1\" content=\"Estimeret l\u00e6setid\" \/>\n\t<meta name=\"twitter:data1\" content=\"1 minut\" \/>\n<script type=\"application\/ld+json\" class=\"yoast-schema-graph\">{\"@context\":\"https:\/\/schema.org\",\"@graph\":[{\"@type\":\"WebPage\",\"@id\":\"https:\/\/arcticexcursions.com\/udflugter\/nuuk-summit-helicopter-tour-2026\/\",\"url\":\"https:\/\/arcticexcursions.com\/udflugter\/nuuk-summit-helicopter-tour-2026\/\",\"name\":\"Nuuk Summit - Helikoptertur 2026 - Arctic Excursions\",\"isPartOf\":{\"@id\":\"https:\/\/arcticexcursions.com\/#website\"},\"primaryImageOfPage\":{\"@id\":\"https:\/\/arcticexcursions.com\/udflugter\/nuuk-summit-helicopter-tour-2026\/#primaryimage\"},\"image\":{\"@id\":\"https:\/\/arcticexcursions.com\/udflugter\/nuuk-summit-helicopter-tour-2026\/#primaryimage\"},\"thumbnailUrl\":\"https:\/\/arcticexcursions.com\/wp-content\/uploads\/2025\/10\/Nuuk-Summit-i-twilight-Lisa-Germany-4-scaled-1.jpg\",\"datePublished\":\"2025-10-24T10:30:05+00:00\",\"dateModified\":\"2026-04-21T10:38:22+00:00\",\"breadcrumb\":{\"@id\":\"https:\/\/arcticexcursions.com\/udflugter\/nuuk-summit-helicopter-tour-2026\/#breadcrumb\"},\"inLanguage\":\"da-DK\",\"potentialAction\":[{\"@type\":\"ReadAction\",\"target\":[\"https:\/\/arcticexcursions.com\/udflugter\/nuuk-summit-helicopter-tour-2026\/\"]}]},{\"@type\":\"ImageObject\",\"inLanguage\":\"da-DK\",\"@id\":\"https:\/\/arcticexcursions.com\/udflugter\/nuuk-summit-helicopter-tour-2026\/#primaryimage\",\"url\":\"https:\/\/arcticexcursions.com\/wp-content\/uploads\/2025\/10\/Nuuk-Summit-i-twilight-Lisa-Germany-4-scaled-1.jpg\",\"contentUrl\":\"https:\/\/arcticexcursions.com\/wp-content\/uploads\/2025\/10\/Nuuk-Summit-i-twilight-Lisa-Germany-4-scaled-1.jpg\",\"width\":2560,\"height\":1707},{\"@type\":\"BreadcrumbList\",\"@id\":\"https:\/\/arcticexcursions.com\/udflugter\/nuuk-summit-helicopter-tour-2026\/#breadcrumb\",\"itemListElement\":[{\"@type\":\"ListItem\",\"position\":1,\"name\":\"Home\",\"item\":\"https:\/\/arcticexcursions.com\/da\/\"},{\"@type\":\"ListItem\",\"position\":2,\"name\":\"Udflugter i Gr\u00f8nland\",\"item\":\"https:\/\/arcticexcursions.com\/da\/udflugter\/\"},{\"@type\":\"ListItem\",\"position\":3,\"name\":\"Nuuk Summit &#8211; Helikoptertur 2026\"}]},{\"@type\":\"WebSite\",\"@id\":\"https:\/\/arcticexcursions.com\/#website\",\"url\":\"https:\/\/arcticexcursions.com\/\",\"name\":\"Arctic Excursions\",\"description\":\"New adventures. Every day.\",\"publisher\":{\"@id\":\"https:\/\/arcticexcursions.com\/#organization\"},\"potentialAction\":[{\"@type\":\"SearchAction\",\"target\":{\"@type\":\"EntryPoint\",\"urlTemplate\":\"https:\/\/arcticexcursions.com\/?s={search_term_string}\"},\"query-input\":{\"@type\":\"PropertyValueSpecification\",\"valueRequired\":true,\"valueName\":\"search_term_string\"}}],\"inLanguage\":\"da-DK\"},{\"@type\":\"Organization\",\"@id\":\"https:\/\/arcticexcursions.com\/#organization\",\"name\":\"Arctic Excursions\",\"url\":\"https:\/\/arcticexcursions.com\/\",\"logo\":{\"@type\":\"ImageObject\",\"inLanguage\":\"da-DK\",\"@id\":\"https:\/\/arcticexcursions.com\/#\/schema\/logo\/image\/\",\"url\":\"https:\/\/arcticexcursions.com\/wp-content\/uploads\/2022\/11\/fb-logo.png\",\"contentUrl\":\"https:\/\/arcticexcursions.com\/wp-content\/uploads\/2022\/11\/fb-logo.png\",\"width\":523,\"height\":523,\"caption\":\"Arctic Excursions\"},\"image\":{\"@id\":\"https:\/\/arcticexcursions.com\/#\/schema\/logo\/image\/\"}}]}<\/script>\n<!-- \/ Yoast SEO plugin. -->","yoast_head_json":{"title":"Arctic Excursions","robots":{"index":"index","follow":"follow","max-snippet":"max-snippet:-1","max-image-preview":"max-image-preview:large","max-video-preview":"max-video-preview:-1"},"canonical":"https:\/\/arcticexcursions.com\/udflugter\/nuuk-summit-helicopter-tour-2026\/","og_locale":"da_DK","og_type":"article","og_title":"Nuuk Summit - Helikoptertur 2026 - Arctic Excursions","og_description":"Flyv til det ikoniske Sermitsiaq fjeldet p\u00e5 denne 1-timers helikoptertur fra Nuuk Lufthavn. Nyd en landing n\u00e6r toppen med panoramaudsigt over fjorden og byen, efterfulgt af en malerisk returflyvning over Gr\u00f8nlands farverige hovedstad.","og_url":"https:\/\/arcticexcursions.com\/udflugter\/nuuk-summit-helicopter-tour-2026\/","og_site_name":"Arctic Excursions","article_modified_time":"2026-04-21T10:38:22+00:00","og_image":[{"width":2560,"height":1707,"url":"https:\/\/arcticexcursions.com\/wp-content\/uploads\/2025\/10\/Nuuk-Summit-i-twilight-Lisa-Germany-4-scaled-1.jpg","type":"image\/jpeg"}],"twitter_card":"summary_large_image","twitter_misc":{"Estimeret l\u00e6setid":"1 minut"},"schema":{"@context":"https:\/\/schema.org","@graph":[{"@type":"WebPage","@id":"https:\/\/arcticexcursions.com\/udflugter\/nuuk-summit-helicopter-tour-2026\/","url":"https:\/\/arcticexcursions.com\/udflugter\/nuuk-summit-helicopter-tour-2026\/","name":"Nuuk Summit - Helikoptertur 2026 - Arctic Excursions","isPartOf":{"@id":"https:\/\/arcticexcursions.com\/#website"},"primaryImageOfPage":{"@id":"https:\/\/arcticexcursions.com\/udflugter\/nuuk-summit-helicopter-tour-2026\/#primaryimage"},"image":{"@id":"https:\/\/arcticexcursions.com\/udflugter\/nuuk-summit-helicopter-tour-2026\/#primaryimage"},"thumbnailUrl":"https:\/\/arcticexcursions.com\/wp-content\/uploads\/2025\/10\/Nuuk-Summit-i-twilight-Lisa-Germany-4-scaled-1.jpg","datePublished":"2025-10-24T10:30:05+00:00","dateModified":"2026-04-21T10:38:22+00:00","breadcrumb":{"@id":"https:\/\/arcticexcursions.com\/udflugter\/nuuk-summit-helicopter-tour-2026\/#breadcrumb"},"inLanguage":"da-DK","potentialAction":[{"@type":"ReadAction","target":["https:\/\/arcticexcursions.com\/udflugter\/nuuk-summit-helicopter-tour-2026\/"]}]},{"@type":"ImageObject","inLanguage":"da-DK","@id":"https:\/\/arcticexcursions.com\/udflugter\/nuuk-summit-helicopter-tour-2026\/#primaryimage","url":"https:\/\/arcticexcursions.com\/wp-content\/uploads\/2025\/10\/Nuuk-Summit-i-twilight-Lisa-Germany-4-scaled-1.jpg","contentUrl":"https:\/\/arcticexcursions.com\/wp-content\/uploads\/2025\/10\/Nuuk-Summit-i-twilight-Lisa-Germany-4-scaled-1.jpg","width":2560,"height":1707},{"@type":"BreadcrumbList","@id":"https:\/\/arcticexcursions.com\/udflugter\/nuuk-summit-helicopter-tour-2026\/#breadcrumb","itemListElement":[{"@type":"ListItem","position":1,"name":"Home","item":"https:\/\/arcticexcursions.com\/da\/"},{"@type":"ListItem","position":2,"name":"Udflugter i Gr\u00f8nland","item":"https:\/\/arcticexcursions.com\/da\/udflugter\/"},{"@type":"ListItem","position":3,"name":"Nuuk Summit &#8211; Helikoptertur 2026"}]},{"@type":"WebSite","@id":"https:\/\/arcticexcursions.com\/#website","url":"https:\/\/arcticexcursions.com\/","name":"Arctic Excursions","description":"New adventures. Every day.","publisher":{"@id":"https:\/\/arcticexcursions.com\/#organization"},"potentialAction":[{"@type":"SearchAction","target":{"@type":"EntryPoint","urlTemplate":"https:\/\/arcticexcursions.com\/?s={search_term_string}"},"query-input":{"@type":"PropertyValueSpecification","valueRequired":true,"valueName":"search_term_string"}}],"inLanguage":"da-DK"},{"@type":"Organization","@id":"https:\/\/arcticexcursions.com\/#organization","name":"Arctic Excursions","url":"https:\/\/arcticexcursions.com\/","logo":{"@type":"ImageObject","inLanguage":"da-DK","@id":"https:\/\/arcticexcursions.com\/#\/schema\/logo\/image\/","url":"https:\/\/arcticexcursions.com\/wp-content\/uploads\/2022\/11\/fb-logo.png","contentUrl":"https:\/\/arcticexcursions.com\/wp-content\/uploads\/2022\/11\/fb-logo.png","width":523,"height":523,"caption":"Arctic Excursions"},"image":{"@id":"https:\/\/arcticexcursions.com\/#\/schema\/logo\/image\/"}}]}},"_links":{"self":[{"href":"https:\/\/arcticexcursions.com\/da\/wp-json\/wp\/v2\/product\/72014"}],"collection":[{"href":"https:\/\/arcticexcursions.com\/da\/wp-json\/wp\/v2\/product"}],"about":[{"href":"https:\/\/arcticexcursions.com\/da\/wp-json\/wp\/v2\/types\/product"}],"replies":[{"embeddable":true,"href":"https:\/\/arcticexcursions.com\/da\/wp-json\/wp\/v2\/comments?post=72014"}],"wp:featuredmedia":[{"embeddable":true,"href":"https:\/\/arcticexcursions.com\/da\/wp-json\/wp\/v2\/media\/72134"}],"wp:attachment":[{"href":"https:\/\/arcticexcursions.com\/da\/wp-json\/wp\/v2\/media?parent=72014"}],"wp:term":[{"taxonomy":"product_brand","embeddable":true,"href":"https:\/\/arcticexcursions.com\/da\/wp-json\/wp\/v2\/product_brand?post=72014"},{"taxonomy":"product_cat","embeddable":true,"href":"https:\/\/arcticexcursions.com\/da\/wp-json\/wp\/v2\/product_cat?post=72014"},{"taxonomy":"product_tag","embeddable":true,"href":"https:\/\/arcticexcursions.com\/da\/wp-json\/wp\/v2\/product_tag?post=72014"}],"curies":[{"name":"wp","href":"https:\/\/api.w.org\/{rel}","templated":true}]}}