{"id":72445,"date":"2025-11-03T14:30:00","date_gmt":"2025-11-03T12:30:00","guid":{"rendered":"https:\/\/arcticexcursions.com\/?post_type=product&#038;p=72445"},"modified":"2026-03-25T13:25:58","modified_gmt":"2026-03-25T11:25:58","slug":"northern-lights","status":"publish","type":"product","link":"https:\/\/arcticexcursions.com\/da\/udflugter\/northern-lights\/","title":{"rendered":"Nordlys"},"content":{"rendered":"<p>Aurora Borealis \u2013 En dans af lys over Nuuk Fjord<br \/>\nTag med p\u00e5 en fredelig tre timers sejltur ud i m\u00f8rket p\u00e5 Nuuk Fjord, hvor vi efterlader byens lys bag os for at s\u00f8ge nordlyset. Indpakket i varme og med kaffe i h\u00e5nden sejler du ud i den arktiske natts stilhed under en stjernehimmel.<\/p>\n<p>Der er aldrig garanti for nordlys, men med klar himmel og lidt held kan du opleve dette naturf\u00e6nomen, der lyser himlen op i gr\u00f8nne, lilla og bl\u00e5 farver. Selv p\u00e5 stille n\u00e6tter g\u00f8r stilheden, M\u00e6lkevejen og f\u00f8lelsen af forbundethed med Gr\u00f8nlands vilde sk\u00f8nhed dette til en uforglemmelig oplevelse.<\/p>\n<p><b>Varighed:<\/b> 3 timer <\/p>\n<p><b>Deltagere:<\/b> Bem\u00e6rk venligst, at udflugten kun gennemf\u00f8res, hvis der er mindst 4 bookede billetter i alt. Hvis du for eksempel booker 2 billetter, skal der s\u00e6lges mindst 2 yderligere billetter til andre kunder, f\u00f8r turen kan finde sted. Der vil deltage maksimalt 6 personer. <\/p>\n<p><b>Chance for nordlys:<\/b> Hvis det vurderes usandsynligt, at vi f\u00e5r nordlyset at se, ombookes eller aflyses turen. <\/p>\n<p><b>Sprog:<\/b> Guiden\/kaptajnen taler dansk, engelsk og gr\u00f8nlandsk <\/p>\n<p><b>Transporttype:<\/b> Lukket b\u00e5d <\/p>\n<p><b>Toiletforhold:<\/b> Der er toilet p\u00e5 b\u00e5den <\/p>\n<p><b>Forplejning:<\/b> Kaffe og te serveres p\u00e5 b\u00e5den <\/p>\n<p><b>Anbefalet p\u00e5kl\u00e6dning:<\/b> Varmt t\u00f8j inkl. hue og handsker hele \u00e5ret. Solbriller. Solcreme om sommeren.<\/p>\n","protected":false},"excerpt":{"rendered":"<p>Tag med p\u00e5 en aftensejlads i Nuuk Fjords stille m\u00f8rke, hvor forholdene er ideelle til at se nordlys. Langt v\u00e6k fra byens lys vil vi holde \u00f8je med nordlyset, mens vi sejler under den arktiske himmel.<\/p>\n","protected":false},"featured_media":0,"comment_status":"open","ping_status":"closed","template":"","meta":{"_acf_changed":false},"product_brand":[],"product_cat":[101,170],"product_tag":[],"class_list":{"0":"post-72445","1":"product","2":"type-product","3":"status-publish","5":"product_cat-tour","6":"product_cat-udflugt","7":"pa_dato-5940","8":"pa_tidspunkt-86","9":"tour_location-nuuk-da","10":"tour_type-baadture","11":"tour_tickettype-greenland_travel_team","12":"tour_tickettype-arctic_excursions","13":"tour_tickettype-greenland_travel_tour","14":"tour_operator-inforawarctic-com","16":"first","17":"outofstock","18":"shipping-taxable","19":"product-type-variable"},"acf":[],"yoast_head":"<!-- This site is optimized with the Yoast SEO plugin v23.6 - https:\/\/yoast.com\/wordpress\/plugins\/seo\/ -->\n<title>Arctic Excursions<\/title>\n<meta name=\"robots\" content=\"index, follow, max-snippet:-1, max-image-preview:large, max-video-preview:-1\" \/>\n<link rel=\"canonical\" href=\"https:\/\/arcticexcursions.com\/da\/udflugter\/northern-lights\/\" \/>\n<meta property=\"og:locale\" content=\"da_DK\" \/>\n<meta property=\"og:type\" content=\"article\" \/>\n<meta property=\"og:title\" content=\"Nordlys - Arctic Excursions\" \/>\n<meta property=\"og:description\" content=\"Tag med p\u00e5 en aftensejlads i Nuuk Fjords stille m\u00f8rke, hvor forholdene er ideelle til at se nordlys. Langt v\u00e6k fra byens lys vil vi holde \u00f8je med nordlyset, mens vi sejler under den arktiske himmel.\" \/>\n<meta property=\"og:url\" content=\"https:\/\/arcticexcursions.com\/da\/udflugter\/northern-lights\/\" \/>\n<meta property=\"og:site_name\" content=\"Arctic Excursions\" \/>\n<meta property=\"article:modified_time\" content=\"2026-03-25T11:25:58+00:00\" \/>\n<meta name=\"twitter:card\" content=\"summary_large_image\" \/>\n<meta name=\"twitter:label1\" content=\"Estimeret l\u00e6setid\" \/>\n\t<meta name=\"twitter:data1\" content=\"1 minut\" \/>\n<script type=\"application\/ld+json\" class=\"yoast-schema-graph\">{\"@context\":\"https:\/\/schema.org\",\"@graph\":[{\"@type\":\"WebPage\",\"@id\":\"https:\/\/arcticexcursions.com\/da\/udflugter\/northern-lights\/\",\"url\":\"https:\/\/arcticexcursions.com\/da\/udflugter\/northern-lights\/\",\"name\":\"Nordlys - Arctic Excursions\",\"isPartOf\":{\"@id\":\"https:\/\/arcticexcursions.com\/#website\"},\"datePublished\":\"2025-11-03T12:30:00+00:00\",\"dateModified\":\"2026-03-25T11:25:58+00:00\",\"breadcrumb\":{\"@id\":\"https:\/\/arcticexcursions.com\/da\/udflugter\/northern-lights\/#breadcrumb\"},\"inLanguage\":\"da-DK\",\"potentialAction\":[{\"@type\":\"ReadAction\",\"target\":[\"https:\/\/arcticexcursions.com\/da\/udflugter\/northern-lights\/\"]}]},{\"@type\":\"BreadcrumbList\",\"@id\":\"https:\/\/arcticexcursions.com\/da\/udflugter\/northern-lights\/#breadcrumb\",\"itemListElement\":[{\"@type\":\"ListItem\",\"position\":1,\"name\":\"Home\",\"item\":\"https:\/\/arcticexcursions.com\/da\/\"},{\"@type\":\"ListItem\",\"position\":2,\"name\":\"Udflugter i Gr\u00f8nland\",\"item\":\"https:\/\/arcticexcursions.com\/da\/udflugter\/\"},{\"@type\":\"ListItem\",\"position\":3,\"name\":\"Nordlys\"}]},{\"@type\":\"WebSite\",\"@id\":\"https:\/\/arcticexcursions.com\/#website\",\"url\":\"https:\/\/arcticexcursions.com\/\",\"name\":\"Arctic Excursions\",\"description\":\"New adventures. Every day.\",\"publisher\":{\"@id\":\"https:\/\/arcticexcursions.com\/#organization\"},\"potentialAction\":[{\"@type\":\"SearchAction\",\"target\":{\"@type\":\"EntryPoint\",\"urlTemplate\":\"https:\/\/arcticexcursions.com\/?s={search_term_string}\"},\"query-input\":{\"@type\":\"PropertyValueSpecification\",\"valueRequired\":true,\"valueName\":\"search_term_string\"}}],\"inLanguage\":\"da-DK\"},{\"@type\":\"Organization\",\"@id\":\"https:\/\/arcticexcursions.com\/#organization\",\"name\":\"Arctic Excursions\",\"url\":\"https:\/\/arcticexcursions.com\/\",\"logo\":{\"@type\":\"ImageObject\",\"inLanguage\":\"da-DK\",\"@id\":\"https:\/\/arcticexcursions.com\/#\/schema\/logo\/image\/\",\"url\":\"https:\/\/arcticexcursions.com\/wp-content\/uploads\/2022\/11\/fb-logo.png\",\"contentUrl\":\"https:\/\/arcticexcursions.com\/wp-content\/uploads\/2022\/11\/fb-logo.png\",\"width\":523,\"height\":523,\"caption\":\"Arctic Excursions\"},\"image\":{\"@id\":\"https:\/\/arcticexcursions.com\/#\/schema\/logo\/image\/\"}}]}<\/script>\n<!-- \/ Yoast SEO plugin. -->","yoast_head_json":{"title":"Arctic Excursions","robots":{"index":"index","follow":"follow","max-snippet":"max-snippet:-1","max-image-preview":"max-image-preview:large","max-video-preview":"max-video-preview:-1"},"canonical":"https:\/\/arcticexcursions.com\/da\/udflugter\/northern-lights\/","og_locale":"da_DK","og_type":"article","og_title":"Nordlys - Arctic Excursions","og_description":"Tag med p\u00e5 en aftensejlads i Nuuk Fjords stille m\u00f8rke, hvor forholdene er ideelle til at se nordlys. Langt v\u00e6k fra byens lys vil vi holde \u00f8je med nordlyset, mens vi sejler under den arktiske himmel.","og_url":"https:\/\/arcticexcursions.com\/da\/udflugter\/northern-lights\/","og_site_name":"Arctic Excursions","article_modified_time":"2026-03-25T11:25:58+00:00","twitter_card":"summary_large_image","twitter_misc":{"Estimeret l\u00e6setid":"1 minut"},"schema":{"@context":"https:\/\/schema.org","@graph":[{"@type":"WebPage","@id":"https:\/\/arcticexcursions.com\/da\/udflugter\/northern-lights\/","url":"https:\/\/arcticexcursions.com\/da\/udflugter\/northern-lights\/","name":"Nordlys - Arctic Excursions","isPartOf":{"@id":"https:\/\/arcticexcursions.com\/#website"},"datePublished":"2025-11-03T12:30:00+00:00","dateModified":"2026-03-25T11:25:58+00:00","breadcrumb":{"@id":"https:\/\/arcticexcursions.com\/da\/udflugter\/northern-lights\/#breadcrumb"},"inLanguage":"da-DK","potentialAction":[{"@type":"ReadAction","target":["https:\/\/arcticexcursions.com\/da\/udflugter\/northern-lights\/"]}]},{"@type":"BreadcrumbList","@id":"https:\/\/arcticexcursions.com\/da\/udflugter\/northern-lights\/#breadcrumb","itemListElement":[{"@type":"ListItem","position":1,"name":"Home","item":"https:\/\/arcticexcursions.com\/da\/"},{"@type":"ListItem","position":2,"name":"Udflugter i Gr\u00f8nland","item":"https:\/\/arcticexcursions.com\/da\/udflugter\/"},{"@type":"ListItem","position":3,"name":"Nordlys"}]},{"@type":"WebSite","@id":"https:\/\/arcticexcursions.com\/#website","url":"https:\/\/arcticexcursions.com\/","name":"Arctic Excursions","description":"New adventures. Every day.","publisher":{"@id":"https:\/\/arcticexcursions.com\/#organization"},"potentialAction":[{"@type":"SearchAction","target":{"@type":"EntryPoint","urlTemplate":"https:\/\/arcticexcursions.com\/?s={search_term_string}"},"query-input":{"@type":"PropertyValueSpecification","valueRequired":true,"valueName":"search_term_string"}}],"inLanguage":"da-DK"},{"@type":"Organization","@id":"https:\/\/arcticexcursions.com\/#organization","name":"Arctic Excursions","url":"https:\/\/arcticexcursions.com\/","logo":{"@type":"ImageObject","inLanguage":"da-DK","@id":"https:\/\/arcticexcursions.com\/#\/schema\/logo\/image\/","url":"https:\/\/arcticexcursions.com\/wp-content\/uploads\/2022\/11\/fb-logo.png","contentUrl":"https:\/\/arcticexcursions.com\/wp-content\/uploads\/2022\/11\/fb-logo.png","width":523,"height":523,"caption":"Arctic Excursions"},"image":{"@id":"https:\/\/arcticexcursions.com\/#\/schema\/logo\/image\/"}}]}},"_links":{"self":[{"href":"https:\/\/arcticexcursions.com\/da\/wp-json\/wp\/v2\/product\/72445"}],"collection":[{"href":"https:\/\/arcticexcursions.com\/da\/wp-json\/wp\/v2\/product"}],"about":[{"href":"https:\/\/arcticexcursions.com\/da\/wp-json\/wp\/v2\/types\/product"}],"replies":[{"embeddable":true,"href":"https:\/\/arcticexcursions.com\/da\/wp-json\/wp\/v2\/comments?post=72445"}],"wp:attachment":[{"href":"https:\/\/arcticexcursions.com\/da\/wp-json\/wp\/v2\/media?parent=72445"}],"wp:term":[{"taxonomy":"product_brand","embeddable":true,"href":"https:\/\/arcticexcursions.com\/da\/wp-json\/wp\/v2\/product_brand?post=72445"},{"taxonomy":"product_cat","embeddable":true,"href":"https:\/\/arcticexcursions.com\/da\/wp-json\/wp\/v2\/product_cat?post=72445"},{"taxonomy":"product_tag","embeddable":true,"href":"https:\/\/arcticexcursions.com\/da\/wp-json\/wp\/v2\/product_tag?post=72445"}],"curies":[{"name":"wp","href":"https:\/\/api.w.org\/{rel}","templated":true}]}}