{"id":72513,"date":"2025-05-03T14:48:32","date_gmt":"2025-05-03T12:48:32","guid":{"rendered":"https:\/\/arcticexcursions.com\/?post_type=product&#038;p=72513"},"modified":"2025-11-04T16:12:50","modified_gmt":"2025-11-04T14:12:50","slug":"ice-cap-and-musk-ox","status":"publish","type":"product","link":"https:\/\/arcticexcursions.com\/da\/udflugter\/ice-cap-and-musk-ox\/","title":{"rendered":"Indlandsisen og Moskusokserne"},"content":{"rendered":"<p>En spektakul\u00e6r rundflyvning til iskappen og gletsjerne, inklusive den imponerende, t\u00e5rnh\u00f8je Russell-gletsjer, og med gode chancer for at se moskusokser undervejs \u2013 alt sammen p\u00e5 under en halv time.<\/p>\n<p><b>Varighed:<\/b> ca. 25 minutter<\/p>\n<p><b>Deltagere:<\/b> Bem\u00e6rk venligst, at udflugten kun finder sted, hvis der i alt er booket mindst 4 billetter. For eksempel, hvis du booker 2 billetter, skal der s\u00e6lges mindst 2 yderligere billetter til andre kunder, for at turen kan gennemf\u00f8res. Der deltager maksimalt 5 personer (eller 400 kg).<\/p>\n<p><b>Praktisk info:<\/b> Piloten bestemmer siddepladserne ud fra en sikkerhedsvurdering.<\/p>\n<p><b>Bem\u00e6rk venligst:<\/b> Vi beder dig venligst oplyse din v\u00e6gt i kommentarfeltet ved bestilling p\u00e5 betalingssiden.<\/p>\n<p><b>Anbefalet p\u00e5kl\u00e6dning:<\/b> Varmt t\u00f8j inkl. hue og handsker \u00e5ret rundt. Solbriller. Solcreme om sommeren.<\/p>\n<p><b>Sprog:<\/b> Piloten taler dansk og engelsk.<\/p>\n<p><b>Bem\u00e6rk venligst:<\/b> Uden for lufthavnens \u00e5bningstider (mandag\u2013l\u00f8rdag kl. 08.00\u201317.00) opkr\u00e6ves et \u00e5bningsgebyr p\u00e5 650 DKK.<\/p>\n","protected":false},"excerpt":{"rendered":"<p>Har du begr\u00e6nset tid, men vil du stadig gerne opleve den klassiske arktiske tundra? Denne flyvetur er perfekt under et transitophold!<br \/>\nHer f\u00e5r du chancen for at opleve den utrolige st\u00f8rrelse af den gr\u00f8nlandske indlandsis.<\/p>\n","protected":false},"featured_media":54438,"comment_status":"open","ping_status":"closed","template":"","meta":{"_acf_changed":false},"product_brand":[],"product_cat":[101,170],"product_tag":[],"class_list":{"0":"post-72513","1":"product","2":"type-product","3":"status-publish","4":"has-post-thumbnail","6":"product_cat-tour","7":"product_cat-udflugt","8":"tour_location-kangerlussuaq-da","9":"tour_type-flightseeing","10":"tour_tickettype-arctic_excursions","11":"tour_operator-infoairzafari-com","13":"first","14":"outofstock","15":"shipping-taxable","16":"product-type-variable"},"acf":[],"yoast_head":"<!-- This site is optimized with the Yoast SEO plugin v23.6 - https:\/\/yoast.com\/wordpress\/plugins\/seo\/ -->\n<title>Arctic Excursions<\/title>\n<meta name=\"robots\" content=\"index, follow, max-snippet:-1, max-image-preview:large, max-video-preview:-1\" \/>\n<link rel=\"canonical\" href=\"https:\/\/arcticexcursions.com\/da\/udflugter\/ice-cap-and-musk-ox\/\" \/>\n<meta property=\"og:locale\" content=\"da_DK\" \/>\n<meta property=\"og:type\" content=\"article\" \/>\n<meta property=\"og:title\" content=\"Indlandsisen og Moskusokserne - Arctic Excursions\" \/>\n<meta property=\"og:description\" content=\"Har du begr\u00e6nset tid, men vil du stadig gerne opleve den klassiske arktiske tundra? Denne flyvetur er perfekt under et transitophold! Her f\u00e5r du chancen for at opleve den utrolige st\u00f8rrelse af den gr\u00f8nlandske indlandsis.\" \/>\n<meta property=\"og:url\" content=\"https:\/\/arcticexcursions.com\/da\/udflugter\/ice-cap-and-musk-ox\/\" \/>\n<meta property=\"og:site_name\" content=\"Arctic Excursions\" \/>\n<meta property=\"article:modified_time\" content=\"2025-11-04T14:12:50+00:00\" \/>\n<meta property=\"og:image\" content=\"https:\/\/arcticexcursions.com\/wp-content\/uploads\/2025\/05\/AIRZAFARI-scaled.jpg\" \/>\n\t<meta property=\"og:image:width\" content=\"1922\" \/>\n\t<meta property=\"og:image:height\" content=\"2560\" \/>\n\t<meta property=\"og:image:type\" content=\"image\/jpeg\" \/>\n<meta name=\"twitter:card\" content=\"summary_large_image\" \/>\n<meta name=\"twitter:label1\" content=\"Estimeret l\u00e6setid\" \/>\n\t<meta name=\"twitter:data1\" content=\"1 minut\" \/>\n<script type=\"application\/ld+json\" class=\"yoast-schema-graph\">{\"@context\":\"https:\/\/schema.org\",\"@graph\":[{\"@type\":\"WebPage\",\"@id\":\"https:\/\/arcticexcursions.com\/da\/udflugter\/ice-cap-and-musk-ox\/\",\"url\":\"https:\/\/arcticexcursions.com\/da\/udflugter\/ice-cap-and-musk-ox\/\",\"name\":\"Indlandsisen og Moskusokserne - Arctic Excursions\",\"isPartOf\":{\"@id\":\"https:\/\/arcticexcursions.com\/#website\"},\"primaryImageOfPage\":{\"@id\":\"https:\/\/arcticexcursions.com\/da\/udflugter\/ice-cap-and-musk-ox\/#primaryimage\"},\"image\":{\"@id\":\"https:\/\/arcticexcursions.com\/da\/udflugter\/ice-cap-and-musk-ox\/#primaryimage\"},\"thumbnailUrl\":\"https:\/\/arcticexcursions.com\/wp-content\/uploads\/2025\/05\/AIRZAFARI-scaled.jpg\",\"datePublished\":\"2025-05-03T12:48:32+00:00\",\"dateModified\":\"2025-11-04T14:12:50+00:00\",\"breadcrumb\":{\"@id\":\"https:\/\/arcticexcursions.com\/da\/udflugter\/ice-cap-and-musk-ox\/#breadcrumb\"},\"inLanguage\":\"da-DK\",\"potentialAction\":[{\"@type\":\"ReadAction\",\"target\":[\"https:\/\/arcticexcursions.com\/da\/udflugter\/ice-cap-and-musk-ox\/\"]}]},{\"@type\":\"ImageObject\",\"inLanguage\":\"da-DK\",\"@id\":\"https:\/\/arcticexcursions.com\/da\/udflugter\/ice-cap-and-musk-ox\/#primaryimage\",\"url\":\"https:\/\/arcticexcursions.com\/wp-content\/uploads\/2025\/05\/AIRZAFARI-scaled.jpg\",\"contentUrl\":\"https:\/\/arcticexcursions.com\/wp-content\/uploads\/2025\/05\/AIRZAFARI-scaled.jpg\",\"width\":1922,\"height\":2560},{\"@type\":\"BreadcrumbList\",\"@id\":\"https:\/\/arcticexcursions.com\/da\/udflugter\/ice-cap-and-musk-ox\/#breadcrumb\",\"itemListElement\":[{\"@type\":\"ListItem\",\"position\":1,\"name\":\"Home\",\"item\":\"https:\/\/arcticexcursions.com\/da\/\"},{\"@type\":\"ListItem\",\"position\":2,\"name\":\"Udflugter i Gr\u00f8nland\",\"item\":\"https:\/\/arcticexcursions.com\/da\/udflugter\/\"},{\"@type\":\"ListItem\",\"position\":3,\"name\":\"Indlandsisen og Moskusokserne\"}]},{\"@type\":\"WebSite\",\"@id\":\"https:\/\/arcticexcursions.com\/#website\",\"url\":\"https:\/\/arcticexcursions.com\/\",\"name\":\"Arctic Excursions\",\"description\":\"New adventures. Every day.\",\"publisher\":{\"@id\":\"https:\/\/arcticexcursions.com\/#organization\"},\"potentialAction\":[{\"@type\":\"SearchAction\",\"target\":{\"@type\":\"EntryPoint\",\"urlTemplate\":\"https:\/\/arcticexcursions.com\/?s={search_term_string}\"},\"query-input\":{\"@type\":\"PropertyValueSpecification\",\"valueRequired\":true,\"valueName\":\"search_term_string\"}}],\"inLanguage\":\"da-DK\"},{\"@type\":\"Organization\",\"@id\":\"https:\/\/arcticexcursions.com\/#organization\",\"name\":\"Arctic Excursions\",\"url\":\"https:\/\/arcticexcursions.com\/\",\"logo\":{\"@type\":\"ImageObject\",\"inLanguage\":\"da-DK\",\"@id\":\"https:\/\/arcticexcursions.com\/#\/schema\/logo\/image\/\",\"url\":\"https:\/\/arcticexcursions.com\/wp-content\/uploads\/2022\/11\/fb-logo.png\",\"contentUrl\":\"https:\/\/arcticexcursions.com\/wp-content\/uploads\/2022\/11\/fb-logo.png\",\"width\":523,\"height\":523,\"caption\":\"Arctic Excursions\"},\"image\":{\"@id\":\"https:\/\/arcticexcursions.com\/#\/schema\/logo\/image\/\"}}]}<\/script>\n<!-- \/ Yoast SEO plugin. -->","yoast_head_json":{"title":"Arctic Excursions","robots":{"index":"index","follow":"follow","max-snippet":"max-snippet:-1","max-image-preview":"max-image-preview:large","max-video-preview":"max-video-preview:-1"},"canonical":"https:\/\/arcticexcursions.com\/da\/udflugter\/ice-cap-and-musk-ox\/","og_locale":"da_DK","og_type":"article","og_title":"Indlandsisen og Moskusokserne - Arctic Excursions","og_description":"Har du begr\u00e6nset tid, men vil du stadig gerne opleve den klassiske arktiske tundra? Denne flyvetur er perfekt under et transitophold! Her f\u00e5r du chancen for at opleve den utrolige st\u00f8rrelse af den gr\u00f8nlandske indlandsis.","og_url":"https:\/\/arcticexcursions.com\/da\/udflugter\/ice-cap-and-musk-ox\/","og_site_name":"Arctic Excursions","article_modified_time":"2025-11-04T14:12:50+00:00","og_image":[{"width":1922,"height":2560,"url":"https:\/\/arcticexcursions.com\/wp-content\/uploads\/2025\/05\/AIRZAFARI-scaled.jpg","type":"image\/jpeg"}],"twitter_card":"summary_large_image","twitter_misc":{"Estimeret l\u00e6setid":"1 minut"},"schema":{"@context":"https:\/\/schema.org","@graph":[{"@type":"WebPage","@id":"https:\/\/arcticexcursions.com\/da\/udflugter\/ice-cap-and-musk-ox\/","url":"https:\/\/arcticexcursions.com\/da\/udflugter\/ice-cap-and-musk-ox\/","name":"Indlandsisen og Moskusokserne - Arctic Excursions","isPartOf":{"@id":"https:\/\/arcticexcursions.com\/#website"},"primaryImageOfPage":{"@id":"https:\/\/arcticexcursions.com\/da\/udflugter\/ice-cap-and-musk-ox\/#primaryimage"},"image":{"@id":"https:\/\/arcticexcursions.com\/da\/udflugter\/ice-cap-and-musk-ox\/#primaryimage"},"thumbnailUrl":"https:\/\/arcticexcursions.com\/wp-content\/uploads\/2025\/05\/AIRZAFARI-scaled.jpg","datePublished":"2025-05-03T12:48:32+00:00","dateModified":"2025-11-04T14:12:50+00:00","breadcrumb":{"@id":"https:\/\/arcticexcursions.com\/da\/udflugter\/ice-cap-and-musk-ox\/#breadcrumb"},"inLanguage":"da-DK","potentialAction":[{"@type":"ReadAction","target":["https:\/\/arcticexcursions.com\/da\/udflugter\/ice-cap-and-musk-ox\/"]}]},{"@type":"ImageObject","inLanguage":"da-DK","@id":"https:\/\/arcticexcursions.com\/da\/udflugter\/ice-cap-and-musk-ox\/#primaryimage","url":"https:\/\/arcticexcursions.com\/wp-content\/uploads\/2025\/05\/AIRZAFARI-scaled.jpg","contentUrl":"https:\/\/arcticexcursions.com\/wp-content\/uploads\/2025\/05\/AIRZAFARI-scaled.jpg","width":1922,"height":2560},{"@type":"BreadcrumbList","@id":"https:\/\/arcticexcursions.com\/da\/udflugter\/ice-cap-and-musk-ox\/#breadcrumb","itemListElement":[{"@type":"ListItem","position":1,"name":"Home","item":"https:\/\/arcticexcursions.com\/da\/"},{"@type":"ListItem","position":2,"name":"Udflugter i Gr\u00f8nland","item":"https:\/\/arcticexcursions.com\/da\/udflugter\/"},{"@type":"ListItem","position":3,"name":"Indlandsisen og Moskusokserne"}]},{"@type":"WebSite","@id":"https:\/\/arcticexcursions.com\/#website","url":"https:\/\/arcticexcursions.com\/","name":"Arctic Excursions","description":"New adventures. Every day.","publisher":{"@id":"https:\/\/arcticexcursions.com\/#organization"},"potentialAction":[{"@type":"SearchAction","target":{"@type":"EntryPoint","urlTemplate":"https:\/\/arcticexcursions.com\/?s={search_term_string}"},"query-input":{"@type":"PropertyValueSpecification","valueRequired":true,"valueName":"search_term_string"}}],"inLanguage":"da-DK"},{"@type":"Organization","@id":"https:\/\/arcticexcursions.com\/#organization","name":"Arctic Excursions","url":"https:\/\/arcticexcursions.com\/","logo":{"@type":"ImageObject","inLanguage":"da-DK","@id":"https:\/\/arcticexcursions.com\/#\/schema\/logo\/image\/","url":"https:\/\/arcticexcursions.com\/wp-content\/uploads\/2022\/11\/fb-logo.png","contentUrl":"https:\/\/arcticexcursions.com\/wp-content\/uploads\/2022\/11\/fb-logo.png","width":523,"height":523,"caption":"Arctic Excursions"},"image":{"@id":"https:\/\/arcticexcursions.com\/#\/schema\/logo\/image\/"}}]}},"_links":{"self":[{"href":"https:\/\/arcticexcursions.com\/da\/wp-json\/wp\/v2\/product\/72513"}],"collection":[{"href":"https:\/\/arcticexcursions.com\/da\/wp-json\/wp\/v2\/product"}],"about":[{"href":"https:\/\/arcticexcursions.com\/da\/wp-json\/wp\/v2\/types\/product"}],"replies":[{"embeddable":true,"href":"https:\/\/arcticexcursions.com\/da\/wp-json\/wp\/v2\/comments?post=72513"}],"wp:featuredmedia":[{"embeddable":true,"href":"https:\/\/arcticexcursions.com\/da\/wp-json\/wp\/v2\/media\/54438"}],"wp:attachment":[{"href":"https:\/\/arcticexcursions.com\/da\/wp-json\/wp\/v2\/media?parent=72513"}],"wp:term":[{"taxonomy":"product_brand","embeddable":true,"href":"https:\/\/arcticexcursions.com\/da\/wp-json\/wp\/v2\/product_brand?post=72513"},{"taxonomy":"product_cat","embeddable":true,"href":"https:\/\/arcticexcursions.com\/da\/wp-json\/wp\/v2\/product_cat?post=72513"},{"taxonomy":"product_tag","embeddable":true,"href":"https:\/\/arcticexcursions.com\/da\/wp-json\/wp\/v2\/product_tag?post=72513"}],"curies":[{"name":"wp","href":"https:\/\/api.w.org\/{rel}","templated":true}]}}