{"id":73341,"date":"2025-11-20T18:28:13","date_gmt":"2025-11-20T16:28:13","guid":{"rendered":"https:\/\/arcticexcursions.com\/?post_type=product&#038;p=73341"},"modified":"2026-04-06T07:29:05","modified_gmt":"2026-04-06T05:29:05","slug":"dogsledding-in-the-mountains","status":"publish","type":"product","link":"https:\/\/arcticexcursions.com\/da\/udflugter\/dogsledding-in-the-mountains\/","title":{"rendered":"Hundesl\u00e6detur i fjeldet"},"content":{"rendered":"<p>Vi k\u00f8rer fra Ilulissat p\u00e5 snescooter, hvor g\u00e6ster sidder p\u00e5 bags\u00e6det eller lukket trailer med seler og hjelme.<br \/>\nVi k\u00f8rer gennem barske fjelde og uber\u00f8rt gr\u00f8nlandsk natur, inden vi ankommer til vores hyggelige r\u00f8de hytte midt i ingenting, hvor vores 31 hunde tilbringer vinteren (18 km\/~30 min). <\/p>\n<p>Heroppe skifter vi til hundesl\u00e6den i stedet for snescooteren. Vi k\u00f8rer med J\u00f8rgen Kristensen, medejer af Dogsled and Ice Academy og 5x national hundesl\u00e6demester, over fjeldene, isbelagte s\u00f8er og maleriske stier. Vores erfaringer viser, at en time er mere end rigeligt for bes\u00f8gende; l\u00e6ngere sl\u00e6deture kan v\u00e6re ubehagelige. <\/p>\n<p>Vi holder pause ved vores yndlingssted for at se den gr\u00f8nlandske indlandsis, gletsjere og isfjorden. Tag billeder, kram hundene og lyt til sp\u00e6ndende gr\u00f8nlandske fort\u00e6llinger.<br \/>\nVores to sl\u00e6der og to hundespand kan transportere op til otte personer ad gangen. Kontakt os personligt for st\u00f8rre grupper eller andre datoer; vi er fleksible og samarbejder ogs\u00e5 med flere dygtige hundesl\u00e6def\u00f8rere.<\/p>\n<p>Efter at have tilbragt lidt tid ved udkigsposten tager vi tilbage til vores hytte for at varme os med snacks og drikkevarer, inden vi vender tilbage til Ilulissat p\u00e5 snescooteren.<br \/>\nSnescooter til Ilulissat (17 km\/~30 min). <\/p>\n<p><b>Varighed:<\/b> 4 timer <\/p>\n<p><b>Deltagere:<\/b> Bem\u00e6rk venligst, at udflugten kun gennemf\u00f8res, hvis der er mindst 2 bookede billetter i alt. Hvis du for eksempel booker 1 billetter, skal der s\u00e6lges mindst 1 yderligere billet til andre kunder, f\u00f8r turen kan finde sted. Der vil deltage maksimalt 8 personer. <\/p>\n<p><b>Sprog:<\/b> Guiden taler dansk, engelsk og gr\u00f8nlandsk <\/p>\n<p><b>Praktisk info:<\/b> Anbefales ikke til personer med sv\u00e6re rygproblemer <\/p>\n<p><b>Forplejning:<\/b> Kaffe, te og snacks serveres <\/p>\n<p><b>Anbefalet p\u00e5kl\u00e6dning:<\/b> Praktiske sko og varmt t\u00f8j, inkl. hue og handsker<\/p>\n","protected":false},"excerpt":{"rendered":"<p>Nyd Gr\u00f8nlands uber\u00f8rte sk\u00f8nhed, mens du k\u00f8rer med denne specielle kombination af snescooter op igennem fjeldene og hundesl\u00e6de til udsigtspunkt over den ber\u00f8mte Isfjorden.<\/p>\n","protected":false},"featured_media":73321,"comment_status":"open","ping_status":"closed","template":"","meta":{"_acf_changed":false},"product_brand":[],"product_cat":[170],"product_tag":[],"class_list":{"0":"post-73341","1":"product","2":"type-product","3":"status-publish","4":"has-post-thumbnail","6":"product_cat-udflugt","7":"pa_dato-6178","8":"pa_dato-6224","9":"pa_dato-6162","10":"pa_dato-6318","11":"pa_dato-6213","12":"pa_dato-6116","13":"pa_dato-6314","14":"pa_dato-6440","15":"pa_dato-6334","16":"pa_dato-6441","17":"pa_dato-6216","18":"pa_dato-6349","19":"pa_dato-6283","20":"pa_dato-6426","21":"pa_dato-6280","22":"pa_dato-6300","23":"pa_dato-6220","24":"pa_dato-6353","25":"pa_dato-6323","26":"pa_dato-6138","27":"pa_dato-6235","28":"pa_dato-6228","29":"pa_dato-6471","30":"pa_tidspunkt-40","31":"tour_location-ilulissat-da","32":"tour_type-hundeslaede","33":"tour_tickettype-arctic_excursions","34":"tour_operator-infodogsled-ice-academy-com","36":"first","37":"instock","38":"shipping-taxable","39":"purchasable","40":"product-type-variable"},"acf":[],"yoast_head":"<!-- This site is optimized with the Yoast SEO plugin v23.6 - https:\/\/yoast.com\/wordpress\/plugins\/seo\/ -->\n<title>Arctic Excursions<\/title>\n<meta name=\"robots\" content=\"index, follow, max-snippet:-1, max-image-preview:large, max-video-preview:-1\" \/>\n<link rel=\"canonical\" href=\"https:\/\/arcticexcursions.com\/da\/udflugter\/dogsledding-in-the-mountains\/\" \/>\n<meta property=\"og:locale\" content=\"da_DK\" \/>\n<meta property=\"og:type\" content=\"article\" \/>\n<meta property=\"og:title\" content=\"Hundesl\u00e6detur i fjeldet - Arctic Excursions\" \/>\n<meta property=\"og:description\" content=\"Nyd Gr\u00f8nlands uber\u00f8rte sk\u00f8nhed, mens du k\u00f8rer med denne specielle kombination af snescooter op igennem fjeldene og hundesl\u00e6de til udsigtspunkt over den ber\u00f8mte Isfjorden.\" \/>\n<meta property=\"og:url\" content=\"https:\/\/arcticexcursions.com\/da\/udflugter\/dogsledding-in-the-mountains\/\" \/>\n<meta property=\"og:site_name\" content=\"Arctic Excursions\" \/>\n<meta property=\"article:modified_time\" content=\"2026-04-06T05:29:05+00:00\" \/>\n<meta property=\"og:image\" content=\"https:\/\/arcticexcursions.com\/wp-content\/uploads\/2025\/11\/ZRBqpJhcuvJP.webp\" \/>\n\t<meta property=\"og:image:width\" content=\"517\" \/>\n\t<meta property=\"og:image:height\" content=\"858\" \/>\n\t<meta property=\"og:image:type\" content=\"image\/webp\" \/>\n<meta name=\"twitter:card\" content=\"summary_large_image\" \/>\n<meta name=\"twitter:label1\" content=\"Estimeret l\u00e6setid\" \/>\n\t<meta name=\"twitter:data1\" content=\"1 minut\" \/>\n<script type=\"application\/ld+json\" class=\"yoast-schema-graph\">{\"@context\":\"https:\/\/schema.org\",\"@graph\":[{\"@type\":\"WebPage\",\"@id\":\"https:\/\/arcticexcursions.com\/da\/udflugter\/dogsledding-in-the-mountains\/\",\"url\":\"https:\/\/arcticexcursions.com\/da\/udflugter\/dogsledding-in-the-mountains\/\",\"name\":\"Hundesl\u00e6detur i fjeldet - Arctic Excursions\",\"isPartOf\":{\"@id\":\"https:\/\/arcticexcursions.com\/#website\"},\"primaryImageOfPage\":{\"@id\":\"https:\/\/arcticexcursions.com\/da\/udflugter\/dogsledding-in-the-mountains\/#primaryimage\"},\"image\":{\"@id\":\"https:\/\/arcticexcursions.com\/da\/udflugter\/dogsledding-in-the-mountains\/#primaryimage\"},\"thumbnailUrl\":\"https:\/\/arcticexcursions.com\/wp-content\/uploads\/2025\/11\/ZRBqpJhcuvJP.webp\",\"datePublished\":\"2025-11-20T16:28:13+00:00\",\"dateModified\":\"2026-04-06T05:29:05+00:00\",\"breadcrumb\":{\"@id\":\"https:\/\/arcticexcursions.com\/da\/udflugter\/dogsledding-in-the-mountains\/#breadcrumb\"},\"inLanguage\":\"da-DK\",\"potentialAction\":[{\"@type\":\"ReadAction\",\"target\":[\"https:\/\/arcticexcursions.com\/da\/udflugter\/dogsledding-in-the-mountains\/\"]}]},{\"@type\":\"ImageObject\",\"inLanguage\":\"da-DK\",\"@id\":\"https:\/\/arcticexcursions.com\/da\/udflugter\/dogsledding-in-the-mountains\/#primaryimage\",\"url\":\"https:\/\/arcticexcursions.com\/wp-content\/uploads\/2025\/11\/ZRBqpJhcuvJP.webp\",\"contentUrl\":\"https:\/\/arcticexcursions.com\/wp-content\/uploads\/2025\/11\/ZRBqpJhcuvJP.webp\",\"width\":517,\"height\":858},{\"@type\":\"BreadcrumbList\",\"@id\":\"https:\/\/arcticexcursions.com\/da\/udflugter\/dogsledding-in-the-mountains\/#breadcrumb\",\"itemListElement\":[{\"@type\":\"ListItem\",\"position\":1,\"name\":\"Home\",\"item\":\"https:\/\/arcticexcursions.com\/da\/\"},{\"@type\":\"ListItem\",\"position\":2,\"name\":\"Udflugter i Gr\u00f8nland\",\"item\":\"https:\/\/arcticexcursions.com\/da\/udflugter\/\"},{\"@type\":\"ListItem\",\"position\":3,\"name\":\"Hundesl\u00e6detur i fjeldet\"}]},{\"@type\":\"WebSite\",\"@id\":\"https:\/\/arcticexcursions.com\/#website\",\"url\":\"https:\/\/arcticexcursions.com\/\",\"name\":\"Arctic Excursions\",\"description\":\"New adventures. Every day.\",\"publisher\":{\"@id\":\"https:\/\/arcticexcursions.com\/#organization\"},\"potentialAction\":[{\"@type\":\"SearchAction\",\"target\":{\"@type\":\"EntryPoint\",\"urlTemplate\":\"https:\/\/arcticexcursions.com\/?s={search_term_string}\"},\"query-input\":{\"@type\":\"PropertyValueSpecification\",\"valueRequired\":true,\"valueName\":\"search_term_string\"}}],\"inLanguage\":\"da-DK\"},{\"@type\":\"Organization\",\"@id\":\"https:\/\/arcticexcursions.com\/#organization\",\"name\":\"Arctic Excursions\",\"url\":\"https:\/\/arcticexcursions.com\/\",\"logo\":{\"@type\":\"ImageObject\",\"inLanguage\":\"da-DK\",\"@id\":\"https:\/\/arcticexcursions.com\/#\/schema\/logo\/image\/\",\"url\":\"https:\/\/arcticexcursions.com\/wp-content\/uploads\/2022\/11\/fb-logo.png\",\"contentUrl\":\"https:\/\/arcticexcursions.com\/wp-content\/uploads\/2022\/11\/fb-logo.png\",\"width\":523,\"height\":523,\"caption\":\"Arctic Excursions\"},\"image\":{\"@id\":\"https:\/\/arcticexcursions.com\/#\/schema\/logo\/image\/\"}}]}<\/script>\n<!-- \/ Yoast SEO plugin. -->","yoast_head_json":{"title":"Arctic Excursions","robots":{"index":"index","follow":"follow","max-snippet":"max-snippet:-1","max-image-preview":"max-image-preview:large","max-video-preview":"max-video-preview:-1"},"canonical":"https:\/\/arcticexcursions.com\/da\/udflugter\/dogsledding-in-the-mountains\/","og_locale":"da_DK","og_type":"article","og_title":"Hundesl\u00e6detur i fjeldet - Arctic Excursions","og_description":"Nyd Gr\u00f8nlands uber\u00f8rte sk\u00f8nhed, mens du k\u00f8rer med denne specielle kombination af snescooter op igennem fjeldene og hundesl\u00e6de til udsigtspunkt over den ber\u00f8mte Isfjorden.","og_url":"https:\/\/arcticexcursions.com\/da\/udflugter\/dogsledding-in-the-mountains\/","og_site_name":"Arctic Excursions","article_modified_time":"2026-04-06T05:29:05+00:00","og_image":[{"width":517,"height":858,"url":"https:\/\/arcticexcursions.com\/wp-content\/uploads\/2025\/11\/ZRBqpJhcuvJP.webp","type":"image\/webp"}],"twitter_card":"summary_large_image","twitter_misc":{"Estimeret l\u00e6setid":"1 minut"},"schema":{"@context":"https:\/\/schema.org","@graph":[{"@type":"WebPage","@id":"https:\/\/arcticexcursions.com\/da\/udflugter\/dogsledding-in-the-mountains\/","url":"https:\/\/arcticexcursions.com\/da\/udflugter\/dogsledding-in-the-mountains\/","name":"Hundesl\u00e6detur i fjeldet - Arctic Excursions","isPartOf":{"@id":"https:\/\/arcticexcursions.com\/#website"},"primaryImageOfPage":{"@id":"https:\/\/arcticexcursions.com\/da\/udflugter\/dogsledding-in-the-mountains\/#primaryimage"},"image":{"@id":"https:\/\/arcticexcursions.com\/da\/udflugter\/dogsledding-in-the-mountains\/#primaryimage"},"thumbnailUrl":"https:\/\/arcticexcursions.com\/wp-content\/uploads\/2025\/11\/ZRBqpJhcuvJP.webp","datePublished":"2025-11-20T16:28:13+00:00","dateModified":"2026-04-06T05:29:05+00:00","breadcrumb":{"@id":"https:\/\/arcticexcursions.com\/da\/udflugter\/dogsledding-in-the-mountains\/#breadcrumb"},"inLanguage":"da-DK","potentialAction":[{"@type":"ReadAction","target":["https:\/\/arcticexcursions.com\/da\/udflugter\/dogsledding-in-the-mountains\/"]}]},{"@type":"ImageObject","inLanguage":"da-DK","@id":"https:\/\/arcticexcursions.com\/da\/udflugter\/dogsledding-in-the-mountains\/#primaryimage","url":"https:\/\/arcticexcursions.com\/wp-content\/uploads\/2025\/11\/ZRBqpJhcuvJP.webp","contentUrl":"https:\/\/arcticexcursions.com\/wp-content\/uploads\/2025\/11\/ZRBqpJhcuvJP.webp","width":517,"height":858},{"@type":"BreadcrumbList","@id":"https:\/\/arcticexcursions.com\/da\/udflugter\/dogsledding-in-the-mountains\/#breadcrumb","itemListElement":[{"@type":"ListItem","position":1,"name":"Home","item":"https:\/\/arcticexcursions.com\/da\/"},{"@type":"ListItem","position":2,"name":"Udflugter i Gr\u00f8nland","item":"https:\/\/arcticexcursions.com\/da\/udflugter\/"},{"@type":"ListItem","position":3,"name":"Hundesl\u00e6detur i fjeldet"}]},{"@type":"WebSite","@id":"https:\/\/arcticexcursions.com\/#website","url":"https:\/\/arcticexcursions.com\/","name":"Arctic Excursions","description":"New adventures. Every day.","publisher":{"@id":"https:\/\/arcticexcursions.com\/#organization"},"potentialAction":[{"@type":"SearchAction","target":{"@type":"EntryPoint","urlTemplate":"https:\/\/arcticexcursions.com\/?s={search_term_string}"},"query-input":{"@type":"PropertyValueSpecification","valueRequired":true,"valueName":"search_term_string"}}],"inLanguage":"da-DK"},{"@type":"Organization","@id":"https:\/\/arcticexcursions.com\/#organization","name":"Arctic Excursions","url":"https:\/\/arcticexcursions.com\/","logo":{"@type":"ImageObject","inLanguage":"da-DK","@id":"https:\/\/arcticexcursions.com\/#\/schema\/logo\/image\/","url":"https:\/\/arcticexcursions.com\/wp-content\/uploads\/2022\/11\/fb-logo.png","contentUrl":"https:\/\/arcticexcursions.com\/wp-content\/uploads\/2022\/11\/fb-logo.png","width":523,"height":523,"caption":"Arctic Excursions"},"image":{"@id":"https:\/\/arcticexcursions.com\/#\/schema\/logo\/image\/"}}]}},"_links":{"self":[{"href":"https:\/\/arcticexcursions.com\/da\/wp-json\/wp\/v2\/product\/73341"}],"collection":[{"href":"https:\/\/arcticexcursions.com\/da\/wp-json\/wp\/v2\/product"}],"about":[{"href":"https:\/\/arcticexcursions.com\/da\/wp-json\/wp\/v2\/types\/product"}],"replies":[{"embeddable":true,"href":"https:\/\/arcticexcursions.com\/da\/wp-json\/wp\/v2\/comments?post=73341"}],"wp:featuredmedia":[{"embeddable":true,"href":"https:\/\/arcticexcursions.com\/da\/wp-json\/wp\/v2\/media\/73321"}],"wp:attachment":[{"href":"https:\/\/arcticexcursions.com\/da\/wp-json\/wp\/v2\/media?parent=73341"}],"wp:term":[{"taxonomy":"product_brand","embeddable":true,"href":"https:\/\/arcticexcursions.com\/da\/wp-json\/wp\/v2\/product_brand?post=73341"},{"taxonomy":"product_cat","embeddable":true,"href":"https:\/\/arcticexcursions.com\/da\/wp-json\/wp\/v2\/product_cat?post=73341"},{"taxonomy":"product_tag","embeddable":true,"href":"https:\/\/arcticexcursions.com\/da\/wp-json\/wp\/v2\/product_tag?post=73341"}],"curies":[{"name":"wp","href":"https:\/\/api.w.org\/{rel}","templated":true}]}}