{"id":75664,"date":"2026-01-16T12:16:15","date_gmt":"2026-01-16T10:16:15","guid":{"rendered":"https:\/\/arcticexcursions.com\/?post_type=product&#038;p=75664"},"modified":"2026-03-25T02:00:28","modified_gmt":"2026-03-25T00:00:28","slug":"a-magical-ride-northern-lights-by-snowmobile-3-hours","status":"publish","type":"product","link":"https:\/\/arcticexcursions.com\/da\/udflugter\/a-magical-ride-northern-lights-by-snowmobile-3-hours\/","title":{"rendered":"En magisk k\u00f8retur &#8211; Nordlys p\u00e5 Snescooter \u2013 3 Timer"},"content":{"rendered":"<p>Vores erfarne guide leder vejen gennem m\u00f8rket p\u00e5 snescootere, og ind i baglandet bag Ilulissat. Turen f\u00f8rer os forbi stenbruddet og videre over frosne s\u00f8er, hvor vi stopper p\u00e5 h\u00f8jderygge undervejs. Her slukker vi snescooternes lys og lader naturens eget lysshow udfolde sig, mens vi h\u00e5ber at blive betaget af det dansende nordlys p\u00e5 himlen.<br \/>\nTil vores stop medbringer vi varme drikke, s\u00e5 du kan holde varmen og nyde \u00f8jeblikket endnu mere.<br \/>\nTuren inkluderer<br \/>\nSnescooter tur af 3 timers varighed<br \/>\nInstrukser og guide under turen<br \/>\nVarm dragt, handsker, st\u00f8vler og hjelm til at k\u00f8re i<br \/>\nVarm drikke under stop p\u00e5 turen<br \/>\nTransfer fra Disko Line Explorers kontor til turens startpunkt<br \/>\nVigtig information:<\/p>\n<p>Ruten tilpasses vejr- og sneforholdene og \u00e6ndres forholdsm\u00e6ssigt.<br \/>\nI tilf\u00e6lde af overskyet vejr vil vi ombooke turen eller refundere jeres billetter.<br \/>\nSnescooterne kan deles parvis dvs. 2 og 2. Hvis du booker turen alene kan du blive bedt om at dele scooteren med en anden deltager.<br \/>\nHvis du har nakke eller ryg problemer anbefaler vi ikke tilmelding.<br \/>\nAlle deltagere skal min. v\u00e6re fyldt 12 \u00e5r.<br \/>\nDeltagere under 18 \u00e5r skal deltage sammen med en voksen.<br \/>\nSe de fulde betingelser og praktiske informationer for deltagelse i Disko Line Explorer-turene her.<br \/>\nhttps:\/\/diskoline.gl\/my-journey\/carriage-regulations\/<\/p>\n","protected":false},"excerpt":{"rendered":"<p>Tag med p\u00e5 et uforglemmeligt snescootereventyr ind i den arktiske vildmark bag Ilulissat. K\u00f8r over frosne s\u00f8er og langs \u00f8de h\u00f8jderygge, stop under den m\u00f8rke himmel og oplev nordlyset danse hen over himlen. Varme drikke og en erfaren guide g\u00f8r dette til en helt s\u00e6rlig vinteroplevelse.<\/p>\n","protected":false},"featured_media":75661,"comment_status":"open","ping_status":"closed","template":"","meta":{"_acf_changed":false},"product_brand":[],"product_cat":[101,170],"product_tag":[],"class_list":{"0":"post-75664","1":"product","2":"type-product","3":"status-publish","4":"has-post-thumbnail","6":"product_cat-tour","7":"product_cat-udflugt","8":"pa_dato-6166","9":"pa_dato-6270","10":"pa_dato-6288","11":"pa_dato-6218","12":"pa_dato-6219","13":"pa_tidspunkt-86","14":"pa_tidspunkt-463","15":"tour_location-ilulissat-da","16":"tour_type-snescooter","17":"tour_state-allowed_prebooking","18":"tour_tickettype-arctic_excursions","19":"tour_operator-disko-line-explorer","21":"first","22":"outofstock","23":"shipping-taxable","24":"product-type-variable"},"acf":[],"yoast_head":"<!-- This site is optimized with the Yoast SEO plugin v23.6 - https:\/\/yoast.com\/wordpress\/plugins\/seo\/ -->\n<title>Arctic Excursions<\/title>\n<meta name=\"robots\" content=\"index, follow, max-snippet:-1, max-image-preview:large, max-video-preview:-1\" \/>\n<link rel=\"canonical\" href=\"https:\/\/arcticexcursions.com\/da\/udflugter\/a-magical-ride-northern-lights-by-snowmobile-3-hours\/\" \/>\n<meta property=\"og:locale\" content=\"da_DK\" \/>\n<meta property=\"og:type\" content=\"article\" \/>\n<meta property=\"og:title\" content=\"En magisk k\u00f8retur - Nordlys p\u00e5 Snescooter \u2013 3 Timer - Arctic Excursions\" \/>\n<meta property=\"og:description\" content=\"Tag med p\u00e5 et uforglemmeligt snescootereventyr ind i den arktiske vildmark bag Ilulissat. K\u00f8r over frosne s\u00f8er og langs \u00f8de h\u00f8jderygge, stop under den m\u00f8rke himmel og oplev nordlyset danse hen over himlen. Varme drikke og en erfaren guide g\u00f8r dette til en helt s\u00e6rlig vinteroplevelse.\" \/>\n<meta property=\"og:url\" content=\"https:\/\/arcticexcursions.com\/da\/udflugter\/a-magical-ride-northern-lights-by-snowmobile-3-hours\/\" \/>\n<meta property=\"og:site_name\" content=\"Arctic Excursions\" \/>\n<meta property=\"article:modified_time\" content=\"2026-03-25T00:00:28+00:00\" \/>\n<meta property=\"og:image\" content=\"https:\/\/arcticexcursions.com\/wp-content\/uploads\/2026\/01\/nordlys-paa-snescooter.jpg\" \/>\n\t<meta property=\"og:image:width\" content=\"600\" \/>\n\t<meta property=\"og:image:height\" content=\"800\" \/>\n\t<meta property=\"og:image:type\" content=\"image\/jpeg\" \/>\n<meta name=\"twitter:card\" content=\"summary_large_image\" \/>\n<meta name=\"twitter:label1\" content=\"Estimeret l\u00e6setid\" \/>\n\t<meta name=\"twitter:data1\" content=\"1 minut\" \/>\n<script type=\"application\/ld+json\" class=\"yoast-schema-graph\">{\"@context\":\"https:\/\/schema.org\",\"@graph\":[{\"@type\":\"WebPage\",\"@id\":\"https:\/\/arcticexcursions.com\/da\/udflugter\/a-magical-ride-northern-lights-by-snowmobile-3-hours\/\",\"url\":\"https:\/\/arcticexcursions.com\/da\/udflugter\/a-magical-ride-northern-lights-by-snowmobile-3-hours\/\",\"name\":\"En magisk k\u00f8retur - Nordlys p\u00e5 Snescooter \u2013 3 Timer - Arctic Excursions\",\"isPartOf\":{\"@id\":\"https:\/\/arcticexcursions.com\/#website\"},\"primaryImageOfPage\":{\"@id\":\"https:\/\/arcticexcursions.com\/da\/udflugter\/a-magical-ride-northern-lights-by-snowmobile-3-hours\/#primaryimage\"},\"image\":{\"@id\":\"https:\/\/arcticexcursions.com\/da\/udflugter\/a-magical-ride-northern-lights-by-snowmobile-3-hours\/#primaryimage\"},\"thumbnailUrl\":\"https:\/\/arcticexcursions.com\/wp-content\/uploads\/2026\/01\/nordlys-paa-snescooter.jpg\",\"datePublished\":\"2026-01-16T10:16:15+00:00\",\"dateModified\":\"2026-03-25T00:00:28+00:00\",\"breadcrumb\":{\"@id\":\"https:\/\/arcticexcursions.com\/da\/udflugter\/a-magical-ride-northern-lights-by-snowmobile-3-hours\/#breadcrumb\"},\"inLanguage\":\"da-DK\",\"potentialAction\":[{\"@type\":\"ReadAction\",\"target\":[\"https:\/\/arcticexcursions.com\/da\/udflugter\/a-magical-ride-northern-lights-by-snowmobile-3-hours\/\"]}]},{\"@type\":\"ImageObject\",\"inLanguage\":\"da-DK\",\"@id\":\"https:\/\/arcticexcursions.com\/da\/udflugter\/a-magical-ride-northern-lights-by-snowmobile-3-hours\/#primaryimage\",\"url\":\"https:\/\/arcticexcursions.com\/wp-content\/uploads\/2026\/01\/nordlys-paa-snescooter.jpg\",\"contentUrl\":\"https:\/\/arcticexcursions.com\/wp-content\/uploads\/2026\/01\/nordlys-paa-snescooter.jpg\",\"width\":600,\"height\":800},{\"@type\":\"BreadcrumbList\",\"@id\":\"https:\/\/arcticexcursions.com\/da\/udflugter\/a-magical-ride-northern-lights-by-snowmobile-3-hours\/#breadcrumb\",\"itemListElement\":[{\"@type\":\"ListItem\",\"position\":1,\"name\":\"Home\",\"item\":\"https:\/\/arcticexcursions.com\/da\/\"},{\"@type\":\"ListItem\",\"position\":2,\"name\":\"Udflugter i Gr\u00f8nland\",\"item\":\"https:\/\/arcticexcursions.com\/da\/udflugter\/\"},{\"@type\":\"ListItem\",\"position\":3,\"name\":\"En magisk k\u00f8retur &#8211; Nordlys p\u00e5 Snescooter \u2013 3 Timer\"}]},{\"@type\":\"WebSite\",\"@id\":\"https:\/\/arcticexcursions.com\/#website\",\"url\":\"https:\/\/arcticexcursions.com\/\",\"name\":\"Arctic Excursions\",\"description\":\"New adventures. Every day.\",\"publisher\":{\"@id\":\"https:\/\/arcticexcursions.com\/#organization\"},\"potentialAction\":[{\"@type\":\"SearchAction\",\"target\":{\"@type\":\"EntryPoint\",\"urlTemplate\":\"https:\/\/arcticexcursions.com\/?s={search_term_string}\"},\"query-input\":{\"@type\":\"PropertyValueSpecification\",\"valueRequired\":true,\"valueName\":\"search_term_string\"}}],\"inLanguage\":\"da-DK\"},{\"@type\":\"Organization\",\"@id\":\"https:\/\/arcticexcursions.com\/#organization\",\"name\":\"Arctic Excursions\",\"url\":\"https:\/\/arcticexcursions.com\/\",\"logo\":{\"@type\":\"ImageObject\",\"inLanguage\":\"da-DK\",\"@id\":\"https:\/\/arcticexcursions.com\/#\/schema\/logo\/image\/\",\"url\":\"https:\/\/arcticexcursions.com\/wp-content\/uploads\/2022\/11\/fb-logo.png\",\"contentUrl\":\"https:\/\/arcticexcursions.com\/wp-content\/uploads\/2022\/11\/fb-logo.png\",\"width\":523,\"height\":523,\"caption\":\"Arctic Excursions\"},\"image\":{\"@id\":\"https:\/\/arcticexcursions.com\/#\/schema\/logo\/image\/\"}}]}<\/script>\n<!-- \/ Yoast SEO plugin. -->","yoast_head_json":{"title":"Arctic Excursions","robots":{"index":"index","follow":"follow","max-snippet":"max-snippet:-1","max-image-preview":"max-image-preview:large","max-video-preview":"max-video-preview:-1"},"canonical":"https:\/\/arcticexcursions.com\/da\/udflugter\/a-magical-ride-northern-lights-by-snowmobile-3-hours\/","og_locale":"da_DK","og_type":"article","og_title":"En magisk k\u00f8retur - Nordlys p\u00e5 Snescooter \u2013 3 Timer - Arctic Excursions","og_description":"Tag med p\u00e5 et uforglemmeligt snescootereventyr ind i den arktiske vildmark bag Ilulissat. K\u00f8r over frosne s\u00f8er og langs \u00f8de h\u00f8jderygge, stop under den m\u00f8rke himmel og oplev nordlyset danse hen over himlen. Varme drikke og en erfaren guide g\u00f8r dette til en helt s\u00e6rlig vinteroplevelse.","og_url":"https:\/\/arcticexcursions.com\/da\/udflugter\/a-magical-ride-northern-lights-by-snowmobile-3-hours\/","og_site_name":"Arctic Excursions","article_modified_time":"2026-03-25T00:00:28+00:00","og_image":[{"width":600,"height":800,"url":"https:\/\/arcticexcursions.com\/wp-content\/uploads\/2026\/01\/nordlys-paa-snescooter.jpg","type":"image\/jpeg"}],"twitter_card":"summary_large_image","twitter_misc":{"Estimeret l\u00e6setid":"1 minut"},"schema":{"@context":"https:\/\/schema.org","@graph":[{"@type":"WebPage","@id":"https:\/\/arcticexcursions.com\/da\/udflugter\/a-magical-ride-northern-lights-by-snowmobile-3-hours\/","url":"https:\/\/arcticexcursions.com\/da\/udflugter\/a-magical-ride-northern-lights-by-snowmobile-3-hours\/","name":"En magisk k\u00f8retur - Nordlys p\u00e5 Snescooter \u2013 3 Timer - Arctic Excursions","isPartOf":{"@id":"https:\/\/arcticexcursions.com\/#website"},"primaryImageOfPage":{"@id":"https:\/\/arcticexcursions.com\/da\/udflugter\/a-magical-ride-northern-lights-by-snowmobile-3-hours\/#primaryimage"},"image":{"@id":"https:\/\/arcticexcursions.com\/da\/udflugter\/a-magical-ride-northern-lights-by-snowmobile-3-hours\/#primaryimage"},"thumbnailUrl":"https:\/\/arcticexcursions.com\/wp-content\/uploads\/2026\/01\/nordlys-paa-snescooter.jpg","datePublished":"2026-01-16T10:16:15+00:00","dateModified":"2026-03-25T00:00:28+00:00","breadcrumb":{"@id":"https:\/\/arcticexcursions.com\/da\/udflugter\/a-magical-ride-northern-lights-by-snowmobile-3-hours\/#breadcrumb"},"inLanguage":"da-DK","potentialAction":[{"@type":"ReadAction","target":["https:\/\/arcticexcursions.com\/da\/udflugter\/a-magical-ride-northern-lights-by-snowmobile-3-hours\/"]}]},{"@type":"ImageObject","inLanguage":"da-DK","@id":"https:\/\/arcticexcursions.com\/da\/udflugter\/a-magical-ride-northern-lights-by-snowmobile-3-hours\/#primaryimage","url":"https:\/\/arcticexcursions.com\/wp-content\/uploads\/2026\/01\/nordlys-paa-snescooter.jpg","contentUrl":"https:\/\/arcticexcursions.com\/wp-content\/uploads\/2026\/01\/nordlys-paa-snescooter.jpg","width":600,"height":800},{"@type":"BreadcrumbList","@id":"https:\/\/arcticexcursions.com\/da\/udflugter\/a-magical-ride-northern-lights-by-snowmobile-3-hours\/#breadcrumb","itemListElement":[{"@type":"ListItem","position":1,"name":"Home","item":"https:\/\/arcticexcursions.com\/da\/"},{"@type":"ListItem","position":2,"name":"Udflugter i Gr\u00f8nland","item":"https:\/\/arcticexcursions.com\/da\/udflugter\/"},{"@type":"ListItem","position":3,"name":"En magisk k\u00f8retur &#8211; Nordlys p\u00e5 Snescooter \u2013 3 Timer"}]},{"@type":"WebSite","@id":"https:\/\/arcticexcursions.com\/#website","url":"https:\/\/arcticexcursions.com\/","name":"Arctic Excursions","description":"New adventures. Every day.","publisher":{"@id":"https:\/\/arcticexcursions.com\/#organization"},"potentialAction":[{"@type":"SearchAction","target":{"@type":"EntryPoint","urlTemplate":"https:\/\/arcticexcursions.com\/?s={search_term_string}"},"query-input":{"@type":"PropertyValueSpecification","valueRequired":true,"valueName":"search_term_string"}}],"inLanguage":"da-DK"},{"@type":"Organization","@id":"https:\/\/arcticexcursions.com\/#organization","name":"Arctic Excursions","url":"https:\/\/arcticexcursions.com\/","logo":{"@type":"ImageObject","inLanguage":"da-DK","@id":"https:\/\/arcticexcursions.com\/#\/schema\/logo\/image\/","url":"https:\/\/arcticexcursions.com\/wp-content\/uploads\/2022\/11\/fb-logo.png","contentUrl":"https:\/\/arcticexcursions.com\/wp-content\/uploads\/2022\/11\/fb-logo.png","width":523,"height":523,"caption":"Arctic Excursions"},"image":{"@id":"https:\/\/arcticexcursions.com\/#\/schema\/logo\/image\/"}}]}},"_links":{"self":[{"href":"https:\/\/arcticexcursions.com\/da\/wp-json\/wp\/v2\/product\/75664"}],"collection":[{"href":"https:\/\/arcticexcursions.com\/da\/wp-json\/wp\/v2\/product"}],"about":[{"href":"https:\/\/arcticexcursions.com\/da\/wp-json\/wp\/v2\/types\/product"}],"replies":[{"embeddable":true,"href":"https:\/\/arcticexcursions.com\/da\/wp-json\/wp\/v2\/comments?post=75664"}],"wp:featuredmedia":[{"embeddable":true,"href":"https:\/\/arcticexcursions.com\/da\/wp-json\/wp\/v2\/media\/75661"}],"wp:attachment":[{"href":"https:\/\/arcticexcursions.com\/da\/wp-json\/wp\/v2\/media?parent=75664"}],"wp:term":[{"taxonomy":"product_brand","embeddable":true,"href":"https:\/\/arcticexcursions.com\/da\/wp-json\/wp\/v2\/product_brand?post=75664"},{"taxonomy":"product_cat","embeddable":true,"href":"https:\/\/arcticexcursions.com\/da\/wp-json\/wp\/v2\/product_cat?post=75664"},{"taxonomy":"product_tag","embeddable":true,"href":"https:\/\/arcticexcursions.com\/da\/wp-json\/wp\/v2\/product_tag?post=75664"}],"curies":[{"name":"wp","href":"https:\/\/api.w.org\/{rel}","templated":true}]}}