{"id":77098,"date":"2026-01-30T19:12:12","date_gmt":"2026-01-30T17:12:12","guid":{"rendered":"https:\/\/arcticexcursions.com\/?post_type=product&#038;p=77098"},"modified":"2026-04-22T21:30:39","modified_gmt":"2026-04-22T19:30:39","slug":"icefjord-cruise-day-midnight","status":"publish","type":"product","link":"https:\/\/arcticexcursions.com\/da\/udflugter\/icefjord-cruise-day-midnight\/","title":{"rendered":"Isfjordssejlads \u2013 Dag- &amp; Midnatsture"},"content":{"rendered":"<p>Tr\u00e6d ombord p\u00e5 en 2,5 timers sejltur gennem et af Gr\u00f8nlands mest betagende naturvidundere. Mens vi sejler gennem Isfjorden, vil en guide dele fort\u00e6llinger og viden om den enorme Gr\u00f8nlandske Indlandsis og det dramatiske arktiske landskab, der omgiver os.<\/p>\n<p>Isbjergene er et imponerende syn i al slags vejr. I solskin er det kontrasterne, der tr\u00e6der tydeligt frem; i overskyet vejr kommer de bl\u00e5 nuancer smukt til udtryk; og i aftensolens lave str\u00e5ler males isbjergene i unikke farver, som f\u00e5r mange g\u00e6ster til at vende tilbage til Ilulissat for at opleve det igen.<\/p>\n<p><b>Hvad er inkluderet:<\/b><\/p>\n<p>En hjemmelavet cocktail med gr\u00f8nlandske urter og tusind\u00e5r gammelt gletsjeris \u2013 en forfriskende smag af Arktis<\/p>\n<p>Ubegr\u00e6nset kaffe og te serveret under hele turen<\/p>\n<p>Shuttle-service til og fra vores kontor i byen<\/p>\n<p><b>S\u00c5 L\u00c6NGE VEJRET TILLADER DET, SEJLER VI HVER DAG UANSET ANTALLET AF DELTAGERE.<\/b><\/p>\n<p><b>Godt at vide:<\/b><br \/>\nDenne tur gennemf\u00f8res \u00e5ret rundt \u2013 b\u00e5de sommer og vinter. Den arktiske luft kan v\u00e6re k\u00f8lig, s\u00e5 varmt t\u00f8j er n\u00f8dvendigt \u2013 selv i juli.<\/p>\n<p><b>Sprog:<\/b> Guiden\/kaptajnen taler engelsk, dansk og gr\u00f8nlandsk<\/p>\n<p><b>B\u00e5dtype:<\/b> Lukket b\u00e5d \u2013 god plads b\u00e5de i kabinen og p\u00e5 d\u00e6kket<\/p>\n<p><b>Toiletforhold:<\/b> Der er toilet ombord<\/p>\n","protected":false},"excerpt":{"rendered":"<p>Udforsk Isfjorden \u2013 en helt unik oplevelse. Vi serverer en forfriskende drink lavet med tusinds\u00e5r gammelt gletcher is og lokale r\u00e5varer.<\/p>\n","protected":false},"featured_media":76986,"comment_status":"open","ping_status":"closed","template":"","meta":{"_acf_changed":false},"product_brand":[],"product_cat":[170,101],"product_tag":[],"class_list":{"0":"post-77098","1":"product","2":"type-product","3":"status-publish","4":"has-post-thumbnail","6":"product_cat-udflugt","7":"product_cat-tour","8":"pa_dato-6166","9":"pa_dato-6270","10":"pa_dato-6336","11":"pa_dato-6331","12":"pa_dato-6376","13":"pa_dato-6288","14":"pa_dato-6319","15":"pa_dato-6213","16":"pa_dato-6115","17":"pa_dato-6116","18":"pa_dato-6405","19":"pa_dato-6222","20":"pa_dato-6314","21":"pa_dato-6214","22":"pa_dato-6215","23":"pa_dato-6427","24":"pa_dato-6145","25":"pa_dato-6440","26":"pa_dato-6334","27":"pa_dato-6223","28":"pa_dato-6441","29":"pa_dato-6216","30":"pa_dato-6117","31":"pa_dato-6377","32":"pa_dato-6217","33":"pa_dato-6442","34":"pa_dato-6218","35":"pa_dato-6251","36":"pa_dato-6378","37":"pa_dato-6349","38":"pa_dato-6443","39":"pa_dato-6444","40":"pa_dato-6219","41":"pa_dato-6283","42":"pa_dato-6445","43":"pa_dato-6173","44":"pa_dato-6426","45":"pa_dato-6280","46":"pa_dato-6300","47":"pa_dato-6220","48":"pa_dato-6323","49":"pa_dato-6138","50":"pa_dato-6235","51":"pa_dato-6228","52":"pa_dato-6236","53":"pa_dato-6237","54":"pa_dato-6293","55":"pa_dato-6356","56":"pa_dato-6471","57":"pa_dato-6176","58":"pa_dato-6239","59":"pa_dato-6177","60":"pa_dato-6231","61":"pa_dato-6249","62":"pa_dato-6495","63":"pa_dato-6472","64":"pa_dato-6454","65":"pa_dato-6460","66":"pa_dato-6379","67":"pa_dato-6380","68":"pa_dato-6502","69":"pa_dato-6473","70":"pa_dato-6342","71":"pa_dato-6381","72":"pa_dato-6382","73":"pa_dato-6456","74":"pa_dato-6474","75":"pa_dato-6375","76":"pa_dato-6340","77":"pa_dato-6383","78":"pa_dato-6428","79":"pa_dato-6475","80":"pa_dato-6384","81":"pa_dato-6418","82":"pa_dato-6476","83":"pa_dato-6470","84":"pa_dato-6468","85":"pa_dato-6345","86":"pa_dato-6315","87":"pa_dato-6267","88":"pa_dato-6242","89":"pa_dato-6294","90":"pa_dato-6108","91":"pa_dato-6344","92":"pa_dato-6322","93":"pa_dato-6477","94":"pa_dato-6394","95":"pa_dato-6417","96":"pa_dato-6350","97":"pa_dato-6447","98":"pa_dato-6276","99":"pa_dato-6438","100":"pa_dato-6364","101":"pa_dato-6452","102":"pa_dato-6316","103":"pa_dato-6250","104":"pa_dato-6395","105":"pa_dato-6156","106":"pa_dato-6277","107":"pa_dato-6238","108":"pa_dato-6346","109":"pa_dato-6450","110":"pa_dato-6491","111":"pa_dato-6327","112":"pa_dato-6385","113":"pa_dato-6469","114":"pa_dato-6285","115":"pa_dato-6246","116":"pa_dato-6279","117":"pa_dato-6387","118":"pa_dato-6390","119":"pa_tidspunkt-177","120":"pa_tidspunkt-190","121":"pa_tidspunkt-227","122":"pa_tidspunkt-61","123":"pa_tidspunkt-255","124":"pa_tidspunkt-86","125":"pa_tidspunkt-231","126":"tour_location-ilulissat-da","127":"tour_type-baadture","128":"tour_tickettype-arctic_excursions","129":"tour_operator-disko-line-explorer","131":"first","132":"instock","133":"shipping-taxable","134":"purchasable","135":"product-type-variable"},"acf":[],"yoast_head":"<!-- This site is optimized with the Yoast SEO plugin v23.6 - https:\/\/yoast.com\/wordpress\/plugins\/seo\/ -->\n<title>Arctic Excursions<\/title>\n<meta name=\"robots\" content=\"index, follow, max-snippet:-1, max-image-preview:large, max-video-preview:-1\" \/>\n<link rel=\"canonical\" href=\"https:\/\/arcticexcursions.com\/udflugter\/icefjord-cruise-day-midnight\/\" \/>\n<meta property=\"og:locale\" content=\"da_DK\" \/>\n<meta property=\"og:type\" content=\"article\" \/>\n<meta property=\"og:title\" content=\"Isfjordssejlads \u2013 Dag- &amp; Midnatsture - Arctic Excursions\" \/>\n<meta property=\"og:description\" content=\"Udforsk Isfjorden \u2013 en helt unik oplevelse. Vi serverer en forfriskende drink lavet med tusinds\u00e5r gammelt gletcher is og lokale r\u00e5varer.\" \/>\n<meta property=\"og:url\" content=\"https:\/\/arcticexcursions.com\/udflugter\/icefjord-cruise-day-midnight\/\" \/>\n<meta property=\"og:site_name\" content=\"Arctic Excursions\" \/>\n<meta property=\"article:modified_time\" content=\"2026-04-22T19:30:39+00:00\" \/>\n<meta property=\"og:image\" content=\"https:\/\/arcticexcursions.com\/wp-content\/uploads\/2026\/01\/4-rettet-scaled.jpg\" \/>\n\t<meta property=\"og:image:width\" content=\"2560\" \/>\n\t<meta property=\"og:image:height\" content=\"1920\" \/>\n\t<meta property=\"og:image:type\" content=\"image\/jpeg\" \/>\n<meta name=\"twitter:card\" content=\"summary_large_image\" \/>\n<meta name=\"twitter:label1\" content=\"Estimeret l\u00e6setid\" \/>\n\t<meta name=\"twitter:data1\" content=\"1 minut\" \/>\n<script type=\"application\/ld+json\" class=\"yoast-schema-graph\">{\"@context\":\"https:\/\/schema.org\",\"@graph\":[{\"@type\":\"WebPage\",\"@id\":\"https:\/\/arcticexcursions.com\/udflugter\/icefjord-cruise-day-midnight\/\",\"url\":\"https:\/\/arcticexcursions.com\/udflugter\/icefjord-cruise-day-midnight\/\",\"name\":\"Isfjordssejlads \u2013 Dag- &amp; Midnatsture - Arctic Excursions\",\"isPartOf\":{\"@id\":\"https:\/\/arcticexcursions.com\/#website\"},\"primaryImageOfPage\":{\"@id\":\"https:\/\/arcticexcursions.com\/udflugter\/icefjord-cruise-day-midnight\/#primaryimage\"},\"image\":{\"@id\":\"https:\/\/arcticexcursions.com\/udflugter\/icefjord-cruise-day-midnight\/#primaryimage\"},\"thumbnailUrl\":\"https:\/\/arcticexcursions.com\/wp-content\/uploads\/2026\/01\/4-rettet-scaled.jpg\",\"datePublished\":\"2026-01-30T17:12:12+00:00\",\"dateModified\":\"2026-04-22T19:30:39+00:00\",\"breadcrumb\":{\"@id\":\"https:\/\/arcticexcursions.com\/udflugter\/icefjord-cruise-day-midnight\/#breadcrumb\"},\"inLanguage\":\"da-DK\",\"potentialAction\":[{\"@type\":\"ReadAction\",\"target\":[\"https:\/\/arcticexcursions.com\/udflugter\/icefjord-cruise-day-midnight\/\"]}]},{\"@type\":\"ImageObject\",\"inLanguage\":\"da-DK\",\"@id\":\"https:\/\/arcticexcursions.com\/udflugter\/icefjord-cruise-day-midnight\/#primaryimage\",\"url\":\"https:\/\/arcticexcursions.com\/wp-content\/uploads\/2026\/01\/4-rettet-scaled.jpg\",\"contentUrl\":\"https:\/\/arcticexcursions.com\/wp-content\/uploads\/2026\/01\/4-rettet-scaled.jpg\",\"width\":2560,\"height\":1920},{\"@type\":\"BreadcrumbList\",\"@id\":\"https:\/\/arcticexcursions.com\/udflugter\/icefjord-cruise-day-midnight\/#breadcrumb\",\"itemListElement\":[{\"@type\":\"ListItem\",\"position\":1,\"name\":\"Home\",\"item\":\"https:\/\/arcticexcursions.com\/da\/\"},{\"@type\":\"ListItem\",\"position\":2,\"name\":\"Udflugter i Gr\u00f8nland\",\"item\":\"https:\/\/arcticexcursions.com\/da\/udflugter\/\"},{\"@type\":\"ListItem\",\"position\":3,\"name\":\"Isfjordssejlads \u2013 Dag- &amp; Midnatsture\"}]},{\"@type\":\"WebSite\",\"@id\":\"https:\/\/arcticexcursions.com\/#website\",\"url\":\"https:\/\/arcticexcursions.com\/\",\"name\":\"Arctic Excursions\",\"description\":\"New adventures. Every day.\",\"publisher\":{\"@id\":\"https:\/\/arcticexcursions.com\/#organization\"},\"potentialAction\":[{\"@type\":\"SearchAction\",\"target\":{\"@type\":\"EntryPoint\",\"urlTemplate\":\"https:\/\/arcticexcursions.com\/?s={search_term_string}\"},\"query-input\":{\"@type\":\"PropertyValueSpecification\",\"valueRequired\":true,\"valueName\":\"search_term_string\"}}],\"inLanguage\":\"da-DK\"},{\"@type\":\"Organization\",\"@id\":\"https:\/\/arcticexcursions.com\/#organization\",\"name\":\"Arctic Excursions\",\"url\":\"https:\/\/arcticexcursions.com\/\",\"logo\":{\"@type\":\"ImageObject\",\"inLanguage\":\"da-DK\",\"@id\":\"https:\/\/arcticexcursions.com\/#\/schema\/logo\/image\/\",\"url\":\"https:\/\/arcticexcursions.com\/wp-content\/uploads\/2022\/11\/fb-logo.png\",\"contentUrl\":\"https:\/\/arcticexcursions.com\/wp-content\/uploads\/2022\/11\/fb-logo.png\",\"width\":523,\"height\":523,\"caption\":\"Arctic Excursions\"},\"image\":{\"@id\":\"https:\/\/arcticexcursions.com\/#\/schema\/logo\/image\/\"}}]}<\/script>\n<!-- \/ Yoast SEO plugin. -->","yoast_head_json":{"title":"Arctic Excursions","robots":{"index":"index","follow":"follow","max-snippet":"max-snippet:-1","max-image-preview":"max-image-preview:large","max-video-preview":"max-video-preview:-1"},"canonical":"https:\/\/arcticexcursions.com\/udflugter\/icefjord-cruise-day-midnight\/","og_locale":"da_DK","og_type":"article","og_title":"Isfjordssejlads \u2013 Dag- &amp; Midnatsture - Arctic Excursions","og_description":"Udforsk Isfjorden \u2013 en helt unik oplevelse. Vi serverer en forfriskende drink lavet med tusinds\u00e5r gammelt gletcher is og lokale r\u00e5varer.","og_url":"https:\/\/arcticexcursions.com\/udflugter\/icefjord-cruise-day-midnight\/","og_site_name":"Arctic Excursions","article_modified_time":"2026-04-22T19:30:39+00:00","og_image":[{"width":2560,"height":1920,"url":"https:\/\/arcticexcursions.com\/wp-content\/uploads\/2026\/01\/4-rettet-scaled.jpg","type":"image\/jpeg"}],"twitter_card":"summary_large_image","twitter_misc":{"Estimeret l\u00e6setid":"1 minut"},"schema":{"@context":"https:\/\/schema.org","@graph":[{"@type":"WebPage","@id":"https:\/\/arcticexcursions.com\/udflugter\/icefjord-cruise-day-midnight\/","url":"https:\/\/arcticexcursions.com\/udflugter\/icefjord-cruise-day-midnight\/","name":"Isfjordssejlads \u2013 Dag- &amp; Midnatsture - Arctic Excursions","isPartOf":{"@id":"https:\/\/arcticexcursions.com\/#website"},"primaryImageOfPage":{"@id":"https:\/\/arcticexcursions.com\/udflugter\/icefjord-cruise-day-midnight\/#primaryimage"},"image":{"@id":"https:\/\/arcticexcursions.com\/udflugter\/icefjord-cruise-day-midnight\/#primaryimage"},"thumbnailUrl":"https:\/\/arcticexcursions.com\/wp-content\/uploads\/2026\/01\/4-rettet-scaled.jpg","datePublished":"2026-01-30T17:12:12+00:00","dateModified":"2026-04-22T19:30:39+00:00","breadcrumb":{"@id":"https:\/\/arcticexcursions.com\/udflugter\/icefjord-cruise-day-midnight\/#breadcrumb"},"inLanguage":"da-DK","potentialAction":[{"@type":"ReadAction","target":["https:\/\/arcticexcursions.com\/udflugter\/icefjord-cruise-day-midnight\/"]}]},{"@type":"ImageObject","inLanguage":"da-DK","@id":"https:\/\/arcticexcursions.com\/udflugter\/icefjord-cruise-day-midnight\/#primaryimage","url":"https:\/\/arcticexcursions.com\/wp-content\/uploads\/2026\/01\/4-rettet-scaled.jpg","contentUrl":"https:\/\/arcticexcursions.com\/wp-content\/uploads\/2026\/01\/4-rettet-scaled.jpg","width":2560,"height":1920},{"@type":"BreadcrumbList","@id":"https:\/\/arcticexcursions.com\/udflugter\/icefjord-cruise-day-midnight\/#breadcrumb","itemListElement":[{"@type":"ListItem","position":1,"name":"Home","item":"https:\/\/arcticexcursions.com\/da\/"},{"@type":"ListItem","position":2,"name":"Udflugter i Gr\u00f8nland","item":"https:\/\/arcticexcursions.com\/da\/udflugter\/"},{"@type":"ListItem","position":3,"name":"Isfjordssejlads \u2013 Dag- &amp; Midnatsture"}]},{"@type":"WebSite","@id":"https:\/\/arcticexcursions.com\/#website","url":"https:\/\/arcticexcursions.com\/","name":"Arctic Excursions","description":"New adventures. Every day.","publisher":{"@id":"https:\/\/arcticexcursions.com\/#organization"},"potentialAction":[{"@type":"SearchAction","target":{"@type":"EntryPoint","urlTemplate":"https:\/\/arcticexcursions.com\/?s={search_term_string}"},"query-input":{"@type":"PropertyValueSpecification","valueRequired":true,"valueName":"search_term_string"}}],"inLanguage":"da-DK"},{"@type":"Organization","@id":"https:\/\/arcticexcursions.com\/#organization","name":"Arctic Excursions","url":"https:\/\/arcticexcursions.com\/","logo":{"@type":"ImageObject","inLanguage":"da-DK","@id":"https:\/\/arcticexcursions.com\/#\/schema\/logo\/image\/","url":"https:\/\/arcticexcursions.com\/wp-content\/uploads\/2022\/11\/fb-logo.png","contentUrl":"https:\/\/arcticexcursions.com\/wp-content\/uploads\/2022\/11\/fb-logo.png","width":523,"height":523,"caption":"Arctic Excursions"},"image":{"@id":"https:\/\/arcticexcursions.com\/#\/schema\/logo\/image\/"}}]}},"_links":{"self":[{"href":"https:\/\/arcticexcursions.com\/da\/wp-json\/wp\/v2\/product\/77098"}],"collection":[{"href":"https:\/\/arcticexcursions.com\/da\/wp-json\/wp\/v2\/product"}],"about":[{"href":"https:\/\/arcticexcursions.com\/da\/wp-json\/wp\/v2\/types\/product"}],"replies":[{"embeddable":true,"href":"https:\/\/arcticexcursions.com\/da\/wp-json\/wp\/v2\/comments?post=77098"}],"wp:featuredmedia":[{"embeddable":true,"href":"https:\/\/arcticexcursions.com\/da\/wp-json\/wp\/v2\/media\/76986"}],"wp:attachment":[{"href":"https:\/\/arcticexcursions.com\/da\/wp-json\/wp\/v2\/media?parent=77098"}],"wp:term":[{"taxonomy":"product_brand","embeddable":true,"href":"https:\/\/arcticexcursions.com\/da\/wp-json\/wp\/v2\/product_brand?post=77098"},{"taxonomy":"product_cat","embeddable":true,"href":"https:\/\/arcticexcursions.com\/da\/wp-json\/wp\/v2\/product_cat?post=77098"},{"taxonomy":"product_tag","embeddable":true,"href":"https:\/\/arcticexcursions.com\/da\/wp-json\/wp\/v2\/product_tag?post=77098"}],"curies":[{"name":"wp","href":"https:\/\/api.w.org\/{rel}","templated":true}]}}