{"id":8108,"date":"2022-12-02T16:15:58","date_gmt":"2022-12-02T14:15:58","guid":{"rendered":"https:\/\/arcticexcursions.com\/?post_type=product&#038;p=8108"},"modified":"2025-11-03T13:16:31","modified_gmt":"2025-11-03T11:16:31","slug":"adventure-dog-sled-tour","status":"publish","type":"product","link":"https:\/\/arcticexcursions.com\/da\/udflugter\/adventure-dog-sled-tour\/","title":{"rendered":"Et eventyr p\u00e5 hundesl\u00e6de"},"content":{"rendered":"<p>Turen foreg\u00e5r i en traditionel sl\u00e6de, der tr\u00e6kkes af lokale hundeejere, som bruger deres hunde til turisme, fiskeri og jagt. For at bevare denne kulturelle arv og sikre, at din oplevelse bliver enest\u00e5ende, er hver enkelt ejer vigtig. Som passager bag f\u00f8reren kommer du til at k\u00f8re i et kuperet terr\u00e6n, hvor b\u00e5de f\u00f8rerens og hundenes styrke kommer til sin ret.<\/p>\n<p>Turen f\u00f8rer dig til det smukke udsigtspunkt Qiterlinnguaq, hvor sp\u00e6ndende stigninger efterf\u00f8lges af et fantastisk sned\u00e6kket landskab. Du kan g\u00e5 ind i den m\u00e6rkelige UFO-formede hytte lige under toppen og spise der, hvis du vil, efter anmodning.<\/p>\n<p><b>Varighed:<\/b> 4 timer<\/p>\n<p><b>Sprog:<\/b> Guiden taler dansk, engelsk og gr\u00f8nlandsk<\/p>\n<p><b>Praktisk info:<\/b> Anbefales ikke til personer med sv\u00e6re rygproblemer<\/p>\n<p><b>Forplejning:<\/b> Kaffe og te serveres<\/p>\n<p><b>Anbefalet p\u00e5kl\u00e6dning:<\/b> Praktiske sko og varmt t\u00f8j, inkl. hue og handsker<\/p>\n<p><b>Inkluderet i prisen:<\/b><br \/>\nMusher<br \/>\nTransport begge veje<br \/>\nHundesl\u00e6de-tur<\/p>\n","protected":false},"excerpt":{"rendered":"<p>En \u00e6gte hundesl\u00e6deoplevelse i det fantastiske bagland omkring Sisimiut. <\/p>\n","protected":false},"featured_media":8322,"comment_status":"open","ping_status":"closed","template":"","meta":{"_acf_changed":false},"product_brand":[],"product_cat":[101,170],"product_tag":[160],"class_list":{"0":"post-8108","1":"product","2":"type-product","3":"status-publish","4":"has-post-thumbnail","6":"product_cat-tour","7":"product_cat-udflugt","8":"product_tag-2-da","9":"pa_dato-327","10":"pa_dato-362","11":"pa_dato-365","12":"pa_dato-368","13":"pa_dato-371","14":"pa_dato-374","15":"pa_dato-377","16":"pa_dato-380","17":"pa_dato-390","18":"pa_dato-394","19":"pa_dato-1142","20":"pa_dato-1168","21":"pa_dato-1169","22":"pa_dato-1170","23":"pa_dato-875","24":"pa_dato-1189","25":"pa_dato-878","26":"pa_dato-1191","27":"pa_dato-1157","28":"pa_dato-881","29":"pa_dato-1201","30":"pa_dato-1202","31":"pa_dato-1203","32":"pa_dato-5984","33":"pa_tidspunkt-304","34":"pa_tidspunkt-177","35":"pa_tidspunkt-190","36":"tour_location-sisimiut-da","37":"tour_type-hundeslaede","38":"tour_tickettype-arctic_excursions","39":"tour_operator-hotel-sisimiut-tours","41":"first","42":"outofstock","43":"shipping-taxable","44":"product-type-variable"},"acf":[],"yoast_head":"<!-- This site is optimized with the Yoast SEO plugin v23.6 - https:\/\/yoast.com\/wordpress\/plugins\/seo\/ -->\n<title>Arctic Excursions<\/title>\n<meta name=\"robots\" content=\"index, follow, max-snippet:-1, max-image-preview:large, max-video-preview:-1\" \/>\n<link rel=\"canonical\" href=\"https:\/\/arcticexcursions.com\/da\/udflugter\/adventure-dog-sled-tour\/\" \/>\n<meta property=\"og:locale\" content=\"da_DK\" \/>\n<meta property=\"og:type\" content=\"article\" \/>\n<meta property=\"og:title\" content=\"Et eventyr p\u00e5 hundesl\u00e6de - Arctic Excursions\" \/>\n<meta property=\"og:description\" content=\"En \u00e6gte hundesl\u00e6deoplevelse i det fantastiske bagland omkring Sisimiut.\" \/>\n<meta property=\"og:url\" content=\"https:\/\/arcticexcursions.com\/da\/udflugter\/adventure-dog-sled-tour\/\" \/>\n<meta property=\"og:site_name\" content=\"Arctic Excursions\" \/>\n<meta property=\"article:modified_time\" content=\"2025-11-03T11:16:31+00:00\" \/>\n<meta property=\"og:image\" content=\"https:\/\/arcticexcursions.com\/wp-content\/uploads\/2023\/01\/Vinter-2020-scaled.jpg\" \/>\n\t<meta property=\"og:image:width\" content=\"2560\" \/>\n\t<meta property=\"og:image:height\" content=\"1920\" \/>\n\t<meta property=\"og:image:type\" content=\"image\/jpeg\" \/>\n<meta name=\"twitter:card\" content=\"summary_large_image\" \/>\n<meta name=\"twitter:label1\" content=\"Estimeret l\u00e6setid\" \/>\n\t<meta name=\"twitter:data1\" content=\"1 minut\" \/>\n<script type=\"application\/ld+json\" class=\"yoast-schema-graph\">{\"@context\":\"https:\/\/schema.org\",\"@graph\":[{\"@type\":\"WebPage\",\"@id\":\"https:\/\/arcticexcursions.com\/da\/udflugter\/adventure-dog-sled-tour\/\",\"url\":\"https:\/\/arcticexcursions.com\/da\/udflugter\/adventure-dog-sled-tour\/\",\"name\":\"Et eventyr p\u00e5 hundesl\u00e6de - Arctic Excursions\",\"isPartOf\":{\"@id\":\"https:\/\/arcticexcursions.com\/#website\"},\"primaryImageOfPage\":{\"@id\":\"https:\/\/arcticexcursions.com\/da\/udflugter\/adventure-dog-sled-tour\/#primaryimage\"},\"image\":{\"@id\":\"https:\/\/arcticexcursions.com\/da\/udflugter\/adventure-dog-sled-tour\/#primaryimage\"},\"thumbnailUrl\":\"https:\/\/arcticexcursions.com\/wp-content\/uploads\/2023\/01\/Vinter-2020-scaled.jpg\",\"datePublished\":\"2022-12-02T14:15:58+00:00\",\"dateModified\":\"2025-11-03T11:16:31+00:00\",\"breadcrumb\":{\"@id\":\"https:\/\/arcticexcursions.com\/da\/udflugter\/adventure-dog-sled-tour\/#breadcrumb\"},\"inLanguage\":\"da-DK\",\"potentialAction\":[{\"@type\":\"ReadAction\",\"target\":[\"https:\/\/arcticexcursions.com\/da\/udflugter\/adventure-dog-sled-tour\/\"]}]},{\"@type\":\"ImageObject\",\"inLanguage\":\"da-DK\",\"@id\":\"https:\/\/arcticexcursions.com\/da\/udflugter\/adventure-dog-sled-tour\/#primaryimage\",\"url\":\"https:\/\/arcticexcursions.com\/wp-content\/uploads\/2023\/01\/Vinter-2020-scaled.jpg\",\"contentUrl\":\"https:\/\/arcticexcursions.com\/wp-content\/uploads\/2023\/01\/Vinter-2020-scaled.jpg\",\"width\":2560,\"height\":1920},{\"@type\":\"BreadcrumbList\",\"@id\":\"https:\/\/arcticexcursions.com\/da\/udflugter\/adventure-dog-sled-tour\/#breadcrumb\",\"itemListElement\":[{\"@type\":\"ListItem\",\"position\":1,\"name\":\"Home\",\"item\":\"https:\/\/arcticexcursions.com\/da\/\"},{\"@type\":\"ListItem\",\"position\":2,\"name\":\"Udflugter i Gr\u00f8nland\",\"item\":\"https:\/\/arcticexcursions.com\/da\/udflugter\/\"},{\"@type\":\"ListItem\",\"position\":3,\"name\":\"Et eventyr p\u00e5 hundesl\u00e6de\"}]},{\"@type\":\"WebSite\",\"@id\":\"https:\/\/arcticexcursions.com\/#website\",\"url\":\"https:\/\/arcticexcursions.com\/\",\"name\":\"Arctic Excursions\",\"description\":\"New adventures. Every day.\",\"publisher\":{\"@id\":\"https:\/\/arcticexcursions.com\/#organization\"},\"potentialAction\":[{\"@type\":\"SearchAction\",\"target\":{\"@type\":\"EntryPoint\",\"urlTemplate\":\"https:\/\/arcticexcursions.com\/?s={search_term_string}\"},\"query-input\":{\"@type\":\"PropertyValueSpecification\",\"valueRequired\":true,\"valueName\":\"search_term_string\"}}],\"inLanguage\":\"da-DK\"},{\"@type\":\"Organization\",\"@id\":\"https:\/\/arcticexcursions.com\/#organization\",\"name\":\"Arctic Excursions\",\"url\":\"https:\/\/arcticexcursions.com\/\",\"logo\":{\"@type\":\"ImageObject\",\"inLanguage\":\"da-DK\",\"@id\":\"https:\/\/arcticexcursions.com\/#\/schema\/logo\/image\/\",\"url\":\"https:\/\/arcticexcursions.com\/wp-content\/uploads\/2022\/11\/fb-logo.png\",\"contentUrl\":\"https:\/\/arcticexcursions.com\/wp-content\/uploads\/2022\/11\/fb-logo.png\",\"width\":523,\"height\":523,\"caption\":\"Arctic Excursions\"},\"image\":{\"@id\":\"https:\/\/arcticexcursions.com\/#\/schema\/logo\/image\/\"}}]}<\/script>\n<!-- \/ Yoast SEO plugin. -->","yoast_head_json":{"title":"Arctic Excursions","robots":{"index":"index","follow":"follow","max-snippet":"max-snippet:-1","max-image-preview":"max-image-preview:large","max-video-preview":"max-video-preview:-1"},"canonical":"https:\/\/arcticexcursions.com\/da\/udflugter\/adventure-dog-sled-tour\/","og_locale":"da_DK","og_type":"article","og_title":"Et eventyr p\u00e5 hundesl\u00e6de - Arctic Excursions","og_description":"En \u00e6gte hundesl\u00e6deoplevelse i det fantastiske bagland omkring Sisimiut.","og_url":"https:\/\/arcticexcursions.com\/da\/udflugter\/adventure-dog-sled-tour\/","og_site_name":"Arctic Excursions","article_modified_time":"2025-11-03T11:16:31+00:00","og_image":[{"width":2560,"height":1920,"url":"https:\/\/arcticexcursions.com\/wp-content\/uploads\/2023\/01\/Vinter-2020-scaled.jpg","type":"image\/jpeg"}],"twitter_card":"summary_large_image","twitter_misc":{"Estimeret l\u00e6setid":"1 minut"},"schema":{"@context":"https:\/\/schema.org","@graph":[{"@type":"WebPage","@id":"https:\/\/arcticexcursions.com\/da\/udflugter\/adventure-dog-sled-tour\/","url":"https:\/\/arcticexcursions.com\/da\/udflugter\/adventure-dog-sled-tour\/","name":"Et eventyr p\u00e5 hundesl\u00e6de - Arctic Excursions","isPartOf":{"@id":"https:\/\/arcticexcursions.com\/#website"},"primaryImageOfPage":{"@id":"https:\/\/arcticexcursions.com\/da\/udflugter\/adventure-dog-sled-tour\/#primaryimage"},"image":{"@id":"https:\/\/arcticexcursions.com\/da\/udflugter\/adventure-dog-sled-tour\/#primaryimage"},"thumbnailUrl":"https:\/\/arcticexcursions.com\/wp-content\/uploads\/2023\/01\/Vinter-2020-scaled.jpg","datePublished":"2022-12-02T14:15:58+00:00","dateModified":"2025-11-03T11:16:31+00:00","breadcrumb":{"@id":"https:\/\/arcticexcursions.com\/da\/udflugter\/adventure-dog-sled-tour\/#breadcrumb"},"inLanguage":"da-DK","potentialAction":[{"@type":"ReadAction","target":["https:\/\/arcticexcursions.com\/da\/udflugter\/adventure-dog-sled-tour\/"]}]},{"@type":"ImageObject","inLanguage":"da-DK","@id":"https:\/\/arcticexcursions.com\/da\/udflugter\/adventure-dog-sled-tour\/#primaryimage","url":"https:\/\/arcticexcursions.com\/wp-content\/uploads\/2023\/01\/Vinter-2020-scaled.jpg","contentUrl":"https:\/\/arcticexcursions.com\/wp-content\/uploads\/2023\/01\/Vinter-2020-scaled.jpg","width":2560,"height":1920},{"@type":"BreadcrumbList","@id":"https:\/\/arcticexcursions.com\/da\/udflugter\/adventure-dog-sled-tour\/#breadcrumb","itemListElement":[{"@type":"ListItem","position":1,"name":"Home","item":"https:\/\/arcticexcursions.com\/da\/"},{"@type":"ListItem","position":2,"name":"Udflugter i Gr\u00f8nland","item":"https:\/\/arcticexcursions.com\/da\/udflugter\/"},{"@type":"ListItem","position":3,"name":"Et eventyr p\u00e5 hundesl\u00e6de"}]},{"@type":"WebSite","@id":"https:\/\/arcticexcursions.com\/#website","url":"https:\/\/arcticexcursions.com\/","name":"Arctic Excursions","description":"New adventures. Every day.","publisher":{"@id":"https:\/\/arcticexcursions.com\/#organization"},"potentialAction":[{"@type":"SearchAction","target":{"@type":"EntryPoint","urlTemplate":"https:\/\/arcticexcursions.com\/?s={search_term_string}"},"query-input":{"@type":"PropertyValueSpecification","valueRequired":true,"valueName":"search_term_string"}}],"inLanguage":"da-DK"},{"@type":"Organization","@id":"https:\/\/arcticexcursions.com\/#organization","name":"Arctic Excursions","url":"https:\/\/arcticexcursions.com\/","logo":{"@type":"ImageObject","inLanguage":"da-DK","@id":"https:\/\/arcticexcursions.com\/#\/schema\/logo\/image\/","url":"https:\/\/arcticexcursions.com\/wp-content\/uploads\/2022\/11\/fb-logo.png","contentUrl":"https:\/\/arcticexcursions.com\/wp-content\/uploads\/2022\/11\/fb-logo.png","width":523,"height":523,"caption":"Arctic Excursions"},"image":{"@id":"https:\/\/arcticexcursions.com\/#\/schema\/logo\/image\/"}}]}},"_links":{"self":[{"href":"https:\/\/arcticexcursions.com\/da\/wp-json\/wp\/v2\/product\/8108"}],"collection":[{"href":"https:\/\/arcticexcursions.com\/da\/wp-json\/wp\/v2\/product"}],"about":[{"href":"https:\/\/arcticexcursions.com\/da\/wp-json\/wp\/v2\/types\/product"}],"replies":[{"embeddable":true,"href":"https:\/\/arcticexcursions.com\/da\/wp-json\/wp\/v2\/comments?post=8108"}],"wp:featuredmedia":[{"embeddable":true,"href":"https:\/\/arcticexcursions.com\/da\/wp-json\/wp\/v2\/media\/8322"}],"wp:attachment":[{"href":"https:\/\/arcticexcursions.com\/da\/wp-json\/wp\/v2\/media?parent=8108"}],"wp:term":[{"taxonomy":"product_brand","embeddable":true,"href":"https:\/\/arcticexcursions.com\/da\/wp-json\/wp\/v2\/product_brand?post=8108"},{"taxonomy":"product_cat","embeddable":true,"href":"https:\/\/arcticexcursions.com\/da\/wp-json\/wp\/v2\/product_cat?post=8108"},{"taxonomy":"product_tag","embeddable":true,"href":"https:\/\/arcticexcursions.com\/da\/wp-json\/wp\/v2\/product_tag?post=8108"}],"curies":[{"name":"wp","href":"https:\/\/api.w.org\/{rel}","templated":true}]}}