{"id":8183,"date":"2023-01-25T15:01:14","date_gmt":"2023-01-25T13:01:14","guid":{"rendered":"https:\/\/arcticexcursions.com\/?post_type=product&#038;p=8183"},"modified":"2026-03-24T16:04:57","modified_gmt":"2026-03-24T14:04:57","slug":"heldags-sneskotur-til-kangilia","status":"publish","type":"product","link":"https:\/\/arcticexcursions.com\/da\/udflugter\/heldags-sneskotur-til-kangilia\/","title":{"rendered":"Mountain Ridge Hike"},"content":{"rendered":"<p>Dette er ikke en hvilken som helst vandretur.<\/p>\n<p>750 meter af n\u00e6sten lodret klippev\u00e6g byder dig velkommen, n\u00e5r du kigger mod syd, det store \u00e5bne hav ligger mod vest, og et af de st\u00f8rste fjordsystemer i verden omgiver dig mod nord, \u00f8st og syd. <\/p>\n<p>Herfra kan du se, hvor enormt Nuuks bagland er, og f\u00e5 en fornemmelse af de enorme afstande, vi har i Gr\u00f8nland. <\/p>\n<p>Vandringen starter i udkanten af byen og f\u00f8rer dig ud i vildnisset, mens du passerer bjerge og frosne s\u00f8er. <\/p>\n<p>Det er en j\u00e6vn stigning, der vil kr\u00e6ve en del indsats, men vi lover dig om, at din udsigt bliver smukkere og smukkere for hvert skridt!<\/p>\n<p><b>Varighed:<\/b> 8 timer <\/p>\n<p><b>Deltagere:<\/b> Bem\u00e6rk venligst, at udflugten kun gennemf\u00f8res, hvis der er mindst 3 bookede billetter i alt. Hvis du for eksempel booker 1 billetter, skal der s\u00e6lges mindst 2 yderligere billetter til andre kunder, f\u00f8r turen kan finde sted. Der vil deltage maksimalt 8 personer. <\/p>\n<p><b>Sprog:<\/b> Guiden taler dansk, engelsk og gr\u00f8nlandsk <\/p>\n<p><b>Sv\u00e6rhedsgrad:<\/b>\u00d8vede. Anbefales ikke hvis du har rygproblemer. <\/p>\n<p><b>Forplejning:<\/b> Frokost, snacks, kaffe og te.<\/p>\n<p><b>Anbefalet p\u00e5kl\u00e6dning:<\/b> Varmt, praktisk t\u00f8j og vandresko. Sikkerhedsudstyr er inkluderet. Andet udstyr kan lejes.<\/p>\n","protected":false},"excerpt":{"rendered":"<p>Er du til imponerende eventyr? S\u00e5 er denne udflugt med Kangilias betagende 360-graders udsigt det helt rigtige!<\/p>\n","protected":false},"featured_media":14623,"comment_status":"open","ping_status":"closed","template":"","meta":{"_acf_changed":false},"product_brand":[],"product_cat":[170],"product_tag":[],"class_list":{"0":"post-8183","1":"product","2":"type-product","3":"status-publish","4":"has-post-thumbnail","6":"product_cat-udflugt","7":"pa_dato-390","8":"pa_dato-405","9":"pa_dato-391","10":"pa_dato-392","11":"pa_dato-406","12":"pa_dato-395","13":"pa_dato-396","14":"pa_dato-407","15":"pa_dato-576","16":"pa_dato-583","17":"pa_dato-586","18":"pa_dato-627","19":"pa_dato-628","20":"pa_dato-629","21":"pa_dato-631","22":"pa_dato-635","23":"pa_dato-637","24":"pa_dato-639","25":"pa_dato-642","26":"pa_dato-644","27":"pa_dato-646","28":"pa_dato-649","29":"pa_dato-650","30":"pa_dato-651","31":"pa_dato-653","32":"pa_dato-655","33":"pa_dato-575","34":"pa_dato-656","35":"pa_dato-658","36":"pa_dato-661","37":"pa_dato-633","38":"pa_dato-490","39":"pa_dato-666","40":"pa_dato-668","41":"pa_dato-671","42":"pa_dato-672","43":"pa_dato-222","44":"pa_dato-503","45":"pa_dato-535","46":"pa_dato-537","47":"pa_dato-540","48":"pa_dato-500","49":"pa_dato-543","50":"pa_dato-548","51":"pa_dato-549","52":"pa_dato-552","53":"pa_dato-555","54":"pa_dato-556","55":"pa_dato-521","56":"pa_dato-560","57":"pa_dato-561","58":"pa_dato-589","59":"pa_dato-735","60":"pa_dato-591","61":"pa_dato-594","62":"pa_dato-736","63":"pa_dato-596","64":"pa_dato-511","65":"pa_dato-737","66":"pa_dato-597","67":"pa_dato-600","68":"pa_dato-738","69":"pa_dato-601","70":"pa_dato-604","71":"pa_dato-959","72":"pa_dato-957","73":"pa_dato-960","74":"pa_dato-972","75":"pa_dato-958","76":"pa_dato-973","77":"pa_dato-843","78":"pa_dato-844","79":"pa_dato-974","80":"pa_dato-975","81":"pa_dato-969","82":"pa_dato-976","83":"pa_dato-978","84":"pa_dato-979","85":"pa_dato-926","86":"pa_dato-980","87":"pa_dato-977","88":"pa_dato-970","89":"pa_dato-841","90":"pa_dato-981","91":"pa_dato-971","92":"pa_dato-984","93":"pa_dato-937","94":"pa_dato-938","95":"pa_dato-939","96":"pa_dato-982","97":"pa_dato-983","98":"pa_dato-863","99":"pa_dato-1188","100":"pa_dato-876","101":"pa_dato-864","102":"pa_dato-877","103":"pa_dato-878","104":"pa_dato-865","105":"pa_dato-1190","106":"pa_dato-1191","107":"pa_dato-1192","108":"pa_dato-1181","109":"pa_dato-6019","110":"pa_dato-6005","111":"pa_dato-5879","112":"pa_dato-6020","113":"pa_dato-5949","114":"pa_dato-6060","115":"pa_dato-6280","116":"pa_tidspunkt-72","117":"pa_tidspunkt-40","118":"tour_location-nuuk-da","119":"tour_type-outdoor-da","120":"tour_tickettype-arctic_excursions","121":"tour_operator-two-ravens","123":"first","124":"instock","125":"shipping-taxable","126":"purchasable","127":"product-type-variable"},"acf":[],"yoast_head":"<!-- This site is optimized with the Yoast SEO plugin v23.6 - https:\/\/yoast.com\/wordpress\/plugins\/seo\/ -->\n<title>Arctic Excursions<\/title>\n<meta name=\"robots\" content=\"index, follow, max-snippet:-1, max-image-preview:large, max-video-preview:-1\" \/>\n<link rel=\"canonical\" href=\"https:\/\/arcticexcursions.com\/da\/udflugter\/heldags-sneskotur-til-kangilia\/\" \/>\n<meta property=\"og:locale\" content=\"da_DK\" \/>\n<meta property=\"og:type\" content=\"article\" \/>\n<meta property=\"og:title\" content=\"Mountain Ridge Hike - Arctic Excursions\" \/>\n<meta property=\"og:description\" content=\"Er du til imponerende eventyr? S\u00e5 er denne udflugt med Kangilias betagende 360-graders udsigt det helt rigtige!\" \/>\n<meta property=\"og:url\" content=\"https:\/\/arcticexcursions.com\/da\/udflugter\/heldags-sneskotur-til-kangilia\/\" \/>\n<meta property=\"og:site_name\" content=\"Arctic Excursions\" \/>\n<meta property=\"article:modified_time\" content=\"2026-03-24T14:04:57+00:00\" \/>\n<meta property=\"og:image\" content=\"https:\/\/arcticexcursions.com\/wp-content\/uploads\/2023\/05\/Mountain-ridge-hike-4.jpeg\" \/>\n\t<meta property=\"og:image:width\" content=\"1440\" \/>\n\t<meta property=\"og:image:height\" content=\"960\" \/>\n\t<meta property=\"og:image:type\" content=\"image\/jpeg\" \/>\n<meta name=\"twitter:card\" content=\"summary_large_image\" \/>\n<meta name=\"twitter:label1\" content=\"Estimeret l\u00e6setid\" \/>\n\t<meta name=\"twitter:data1\" content=\"1 minut\" \/>\n<script type=\"application\/ld+json\" class=\"yoast-schema-graph\">{\"@context\":\"https:\/\/schema.org\",\"@graph\":[{\"@type\":\"WebPage\",\"@id\":\"https:\/\/arcticexcursions.com\/da\/udflugter\/heldags-sneskotur-til-kangilia\/\",\"url\":\"https:\/\/arcticexcursions.com\/da\/udflugter\/heldags-sneskotur-til-kangilia\/\",\"name\":\"Mountain Ridge Hike - Arctic Excursions\",\"isPartOf\":{\"@id\":\"https:\/\/arcticexcursions.com\/#website\"},\"primaryImageOfPage\":{\"@id\":\"https:\/\/arcticexcursions.com\/da\/udflugter\/heldags-sneskotur-til-kangilia\/#primaryimage\"},\"image\":{\"@id\":\"https:\/\/arcticexcursions.com\/da\/udflugter\/heldags-sneskotur-til-kangilia\/#primaryimage\"},\"thumbnailUrl\":\"https:\/\/arcticexcursions.com\/wp-content\/uploads\/2023\/05\/Mountain-ridge-hike-4.jpeg\",\"datePublished\":\"2023-01-25T13:01:14+00:00\",\"dateModified\":\"2026-03-24T14:04:57+00:00\",\"breadcrumb\":{\"@id\":\"https:\/\/arcticexcursions.com\/da\/udflugter\/heldags-sneskotur-til-kangilia\/#breadcrumb\"},\"inLanguage\":\"da-DK\",\"potentialAction\":[{\"@type\":\"ReadAction\",\"target\":[\"https:\/\/arcticexcursions.com\/da\/udflugter\/heldags-sneskotur-til-kangilia\/\"]}]},{\"@type\":\"ImageObject\",\"inLanguage\":\"da-DK\",\"@id\":\"https:\/\/arcticexcursions.com\/da\/udflugter\/heldags-sneskotur-til-kangilia\/#primaryimage\",\"url\":\"https:\/\/arcticexcursions.com\/wp-content\/uploads\/2023\/05\/Mountain-ridge-hike-4.jpeg\",\"contentUrl\":\"https:\/\/arcticexcursions.com\/wp-content\/uploads\/2023\/05\/Mountain-ridge-hike-4.jpeg\",\"width\":1440,\"height\":960},{\"@type\":\"BreadcrumbList\",\"@id\":\"https:\/\/arcticexcursions.com\/da\/udflugter\/heldags-sneskotur-til-kangilia\/#breadcrumb\",\"itemListElement\":[{\"@type\":\"ListItem\",\"position\":1,\"name\":\"Home\",\"item\":\"https:\/\/arcticexcursions.com\/da\/\"},{\"@type\":\"ListItem\",\"position\":2,\"name\":\"Udflugter i Gr\u00f8nland\",\"item\":\"https:\/\/arcticexcursions.com\/da\/udflugter\/\"},{\"@type\":\"ListItem\",\"position\":3,\"name\":\"Mountain Ridge Hike\"}]},{\"@type\":\"WebSite\",\"@id\":\"https:\/\/arcticexcursions.com\/#website\",\"url\":\"https:\/\/arcticexcursions.com\/\",\"name\":\"Arctic Excursions\",\"description\":\"New adventures. Every day.\",\"publisher\":{\"@id\":\"https:\/\/arcticexcursions.com\/#organization\"},\"potentialAction\":[{\"@type\":\"SearchAction\",\"target\":{\"@type\":\"EntryPoint\",\"urlTemplate\":\"https:\/\/arcticexcursions.com\/?s={search_term_string}\"},\"query-input\":{\"@type\":\"PropertyValueSpecification\",\"valueRequired\":true,\"valueName\":\"search_term_string\"}}],\"inLanguage\":\"da-DK\"},{\"@type\":\"Organization\",\"@id\":\"https:\/\/arcticexcursions.com\/#organization\",\"name\":\"Arctic Excursions\",\"url\":\"https:\/\/arcticexcursions.com\/\",\"logo\":{\"@type\":\"ImageObject\",\"inLanguage\":\"da-DK\",\"@id\":\"https:\/\/arcticexcursions.com\/#\/schema\/logo\/image\/\",\"url\":\"https:\/\/arcticexcursions.com\/wp-content\/uploads\/2022\/11\/fb-logo.png\",\"contentUrl\":\"https:\/\/arcticexcursions.com\/wp-content\/uploads\/2022\/11\/fb-logo.png\",\"width\":523,\"height\":523,\"caption\":\"Arctic Excursions\"},\"image\":{\"@id\":\"https:\/\/arcticexcursions.com\/#\/schema\/logo\/image\/\"}}]}<\/script>\n<!-- \/ Yoast SEO plugin. -->","yoast_head_json":{"title":"Arctic Excursions","robots":{"index":"index","follow":"follow","max-snippet":"max-snippet:-1","max-image-preview":"max-image-preview:large","max-video-preview":"max-video-preview:-1"},"canonical":"https:\/\/arcticexcursions.com\/da\/udflugter\/heldags-sneskotur-til-kangilia\/","og_locale":"da_DK","og_type":"article","og_title":"Mountain Ridge Hike - Arctic Excursions","og_description":"Er du til imponerende eventyr? S\u00e5 er denne udflugt med Kangilias betagende 360-graders udsigt det helt rigtige!","og_url":"https:\/\/arcticexcursions.com\/da\/udflugter\/heldags-sneskotur-til-kangilia\/","og_site_name":"Arctic Excursions","article_modified_time":"2026-03-24T14:04:57+00:00","og_image":[{"width":1440,"height":960,"url":"https:\/\/arcticexcursions.com\/wp-content\/uploads\/2023\/05\/Mountain-ridge-hike-4.jpeg","type":"image\/jpeg"}],"twitter_card":"summary_large_image","twitter_misc":{"Estimeret l\u00e6setid":"1 minut"},"schema":{"@context":"https:\/\/schema.org","@graph":[{"@type":"WebPage","@id":"https:\/\/arcticexcursions.com\/da\/udflugter\/heldags-sneskotur-til-kangilia\/","url":"https:\/\/arcticexcursions.com\/da\/udflugter\/heldags-sneskotur-til-kangilia\/","name":"Mountain Ridge Hike - Arctic Excursions","isPartOf":{"@id":"https:\/\/arcticexcursions.com\/#website"},"primaryImageOfPage":{"@id":"https:\/\/arcticexcursions.com\/da\/udflugter\/heldags-sneskotur-til-kangilia\/#primaryimage"},"image":{"@id":"https:\/\/arcticexcursions.com\/da\/udflugter\/heldags-sneskotur-til-kangilia\/#primaryimage"},"thumbnailUrl":"https:\/\/arcticexcursions.com\/wp-content\/uploads\/2023\/05\/Mountain-ridge-hike-4.jpeg","datePublished":"2023-01-25T13:01:14+00:00","dateModified":"2026-03-24T14:04:57+00:00","breadcrumb":{"@id":"https:\/\/arcticexcursions.com\/da\/udflugter\/heldags-sneskotur-til-kangilia\/#breadcrumb"},"inLanguage":"da-DK","potentialAction":[{"@type":"ReadAction","target":["https:\/\/arcticexcursions.com\/da\/udflugter\/heldags-sneskotur-til-kangilia\/"]}]},{"@type":"ImageObject","inLanguage":"da-DK","@id":"https:\/\/arcticexcursions.com\/da\/udflugter\/heldags-sneskotur-til-kangilia\/#primaryimage","url":"https:\/\/arcticexcursions.com\/wp-content\/uploads\/2023\/05\/Mountain-ridge-hike-4.jpeg","contentUrl":"https:\/\/arcticexcursions.com\/wp-content\/uploads\/2023\/05\/Mountain-ridge-hike-4.jpeg","width":1440,"height":960},{"@type":"BreadcrumbList","@id":"https:\/\/arcticexcursions.com\/da\/udflugter\/heldags-sneskotur-til-kangilia\/#breadcrumb","itemListElement":[{"@type":"ListItem","position":1,"name":"Home","item":"https:\/\/arcticexcursions.com\/da\/"},{"@type":"ListItem","position":2,"name":"Udflugter i Gr\u00f8nland","item":"https:\/\/arcticexcursions.com\/da\/udflugter\/"},{"@type":"ListItem","position":3,"name":"Mountain Ridge Hike"}]},{"@type":"WebSite","@id":"https:\/\/arcticexcursions.com\/#website","url":"https:\/\/arcticexcursions.com\/","name":"Arctic Excursions","description":"New adventures. Every day.","publisher":{"@id":"https:\/\/arcticexcursions.com\/#organization"},"potentialAction":[{"@type":"SearchAction","target":{"@type":"EntryPoint","urlTemplate":"https:\/\/arcticexcursions.com\/?s={search_term_string}"},"query-input":{"@type":"PropertyValueSpecification","valueRequired":true,"valueName":"search_term_string"}}],"inLanguage":"da-DK"},{"@type":"Organization","@id":"https:\/\/arcticexcursions.com\/#organization","name":"Arctic Excursions","url":"https:\/\/arcticexcursions.com\/","logo":{"@type":"ImageObject","inLanguage":"da-DK","@id":"https:\/\/arcticexcursions.com\/#\/schema\/logo\/image\/","url":"https:\/\/arcticexcursions.com\/wp-content\/uploads\/2022\/11\/fb-logo.png","contentUrl":"https:\/\/arcticexcursions.com\/wp-content\/uploads\/2022\/11\/fb-logo.png","width":523,"height":523,"caption":"Arctic Excursions"},"image":{"@id":"https:\/\/arcticexcursions.com\/#\/schema\/logo\/image\/"}}]}},"_links":{"self":[{"href":"https:\/\/arcticexcursions.com\/da\/wp-json\/wp\/v2\/product\/8183"}],"collection":[{"href":"https:\/\/arcticexcursions.com\/da\/wp-json\/wp\/v2\/product"}],"about":[{"href":"https:\/\/arcticexcursions.com\/da\/wp-json\/wp\/v2\/types\/product"}],"replies":[{"embeddable":true,"href":"https:\/\/arcticexcursions.com\/da\/wp-json\/wp\/v2\/comments?post=8183"}],"wp:featuredmedia":[{"embeddable":true,"href":"https:\/\/arcticexcursions.com\/da\/wp-json\/wp\/v2\/media\/14623"}],"wp:attachment":[{"href":"https:\/\/arcticexcursions.com\/da\/wp-json\/wp\/v2\/media?parent=8183"}],"wp:term":[{"taxonomy":"product_brand","embeddable":true,"href":"https:\/\/arcticexcursions.com\/da\/wp-json\/wp\/v2\/product_brand?post=8183"},{"taxonomy":"product_cat","embeddable":true,"href":"https:\/\/arcticexcursions.com\/da\/wp-json\/wp\/v2\/product_cat?post=8183"},{"taxonomy":"product_tag","embeddable":true,"href":"https:\/\/arcticexcursions.com\/da\/wp-json\/wp\/v2\/product_tag?post=8183"}],"curies":[{"name":"wp","href":"https:\/\/api.w.org\/{rel}","templated":true}]}}