{"id":82099,"date":"2026-03-27T15:55:14","date_gmt":"2026-03-27T13:55:14","guid":{"rendered":"https:\/\/arcticexcursions.com\/?post_type=product&#038;p=82099"},"modified":"2026-03-27T18:48:23","modified_gmt":"2026-03-27T16:48:23","slug":"hike-to-the-iceberg-in-the-frozen-fiord","status":"publish","type":"product","link":"https:\/\/arcticexcursions.com\/da\/udflugter\/hike-to-the-iceberg-in-the-frozen-fiord\/","title":{"rendered":"Vandretur til isbjerge i den frosne fjord"},"content":{"rendered":"<p><b>Vandreture:<\/b><br \/>\n1. Isbjergsvandring<br \/>\n\u2022 2,5 km (en vej)<br \/>\n\u2022 Let til moderat<br \/>\n\u2022 G\u00e5tur til et frosset isbjerg \u2014 r\u00f8r ved og smag p\u00e5 \u00e6ldgammel is<br \/>\n2. Vandring til fiskeplads<br \/>\n\u2022 6 km (en vej)<br \/>\n\u2022 Udfordrende (for erfarne vandrere)<br \/>\n\u2022 Bes\u00f8g fjerntliggende, autentiske fiskepladser<\/p>\n<p><b>Valgfrit till\u00e6g:<\/b><br \/>\nHundesl\u00e6detur (efter anmodning, ekstra omkostninger):<br \/>\n\u2022 Til den d\u00f8de gletscher<br \/>\n\u2022 Eller til traditionelle fiskepladser<\/p>\n<p><b>Varighed:<\/b><br \/>\nCa. 5\u20136 timer (afh\u00e6ngigt af valgt vandretur)<\/p>\n<p><b>Inkluderet:<\/b><br \/>\n\u2022 Snescootertur<br \/>\n\u2022 Professionel eventyrguide<br \/>\n\u2022 Sikkerhedsbriefing<\/p>\n<p><b>Vigtig information:<\/b><br \/>\n\u2022 Varmt t\u00f8j og gode vandrest\u00f8vler er p\u00e5kr\u00e6vet (for udlejningsmuligheder, bedes du forh\u00f8re dig p\u00e5 forh\u00e5nd)<br \/>\n\u2022 Vejrforholdene kan p\u00e5virke ruten<br \/>\n\u2022 Vandredistancerne er \u00e9n vej<\/p>\n<p><b>Hvorfor booke denne tur?<\/b><br \/>\n\u2022 Autentisk arktisk oplevelse<br \/>\n\u2022 Unik adgang til frosne fjordlandskaber<br \/>\n\u2022 Kulturelt indblik i lokale fisketraditioner<br \/>\n\u2022 Eventyrmuligheder for forskellige konditionsniveauer<\/p>\n<p><b>Varighed:<\/b> 5-6 timer <\/p>\n<p><b>Deltagere:<\/b> Bem\u00e6rk venligst, at udflugten kun gennemf\u00f8res, hvis der er mindst 4 bookede billetter i alt. Hvis du for eksempel booker 2 billetter, skal der s\u00e6lges mindst 2 yderligere billetter til andre kunder, f\u00f8r turen kan finde sted. Der vil deltage maksimalt 8 personer. <\/p>\n<p><b>Sprog:<\/b> Guiden taler dansk og engelsk <\/p>\n<p><b>Sv\u00e6rhedsgrad:<\/b> Begyndervenlig tur. Anbefales ikke hvis du har rygproblemer. <\/p>\n<p><b>Forplejning:<\/b> Kaffe og te serveres <\/p>\n<p><b>Anbefalet p\u00e5kl\u00e6dning:<\/b> Varmt, praktisk t\u00f8j og vandresko. Sikkerhedsudstyr er inkluderet. Andet udstyr kan lejes.<\/p>\n","protected":false},"excerpt":{"rendered":"<p>Oplev et unikt arktisk vintereventyr, der kombinerer snescooter-\/ATV-k\u00f8rsel, kulturelle indblik og vandreture p\u00e5 en frossen fjord.<\/p>\n","protected":false},"featured_media":82078,"comment_status":"open","ping_status":"closed","template":"","meta":{"_acf_changed":false},"product_brand":[],"product_cat":[101,170],"product_tag":[],"class_list":{"0":"post-82099","1":"product","2":"type-product","3":"status-publish","4":"has-post-thumbnail","6":"product_cat-tour","7":"product_cat-udflugt","8":"tour_location-ilulissat-da","9":"tour_type-outdoor-da","10":"tour_tickettype-arctic_excursions","11":"tour_operator-infogreenlandbackcountry-com","13":"first","14":"outofstock","15":"shipping-taxable","16":"product-type-variable"},"acf":[],"yoast_head":"<!-- This site is optimized with the Yoast SEO plugin v23.6 - https:\/\/yoast.com\/wordpress\/plugins\/seo\/ -->\n<title>Arctic Excursions<\/title>\n<meta name=\"robots\" content=\"index, follow, max-snippet:-1, max-image-preview:large, max-video-preview:-1\" \/>\n<link rel=\"canonical\" href=\"https:\/\/arcticexcursions.com\/udflugter\/hike-to-the-iceberg-in-the-frozen-fiord\/\" \/>\n<meta property=\"og:locale\" content=\"da_DK\" \/>\n<meta property=\"og:type\" content=\"article\" \/>\n<meta property=\"og:title\" content=\"Vandretur til isbjerge i den frosne fjord - Arctic Excursions\" \/>\n<meta property=\"og:description\" content=\"Oplev et unikt arktisk vintereventyr, der kombinerer snescooter-\/ATV-k\u00f8rsel, kulturelle indblik og vandreture p\u00e5 en frossen fjord.\" \/>\n<meta property=\"og:url\" content=\"https:\/\/arcticexcursions.com\/udflugter\/hike-to-the-iceberg-in-the-frozen-fiord\/\" \/>\n<meta property=\"og:site_name\" content=\"Arctic Excursions\" \/>\n<meta property=\"article:modified_time\" content=\"2026-03-27T16:48:23+00:00\" \/>\n<meta property=\"og:image\" content=\"https:\/\/arcticexcursions.com\/wp-content\/uploads\/2026\/03\/Image-11.jpg\" \/>\n\t<meta property=\"og:image:width\" content=\"768\" \/>\n\t<meta property=\"og:image:height\" content=\"1024\" \/>\n\t<meta property=\"og:image:type\" content=\"image\/jpeg\" \/>\n<meta name=\"twitter:card\" content=\"summary_large_image\" \/>\n<meta name=\"twitter:label1\" content=\"Estimeret l\u00e6setid\" \/>\n\t<meta name=\"twitter:data1\" content=\"1 minut\" \/>\n<script type=\"application\/ld+json\" class=\"yoast-schema-graph\">{\"@context\":\"https:\/\/schema.org\",\"@graph\":[{\"@type\":\"WebPage\",\"@id\":\"https:\/\/arcticexcursions.com\/udflugter\/hike-to-the-iceberg-in-the-frozen-fiord\/\",\"url\":\"https:\/\/arcticexcursions.com\/udflugter\/hike-to-the-iceberg-in-the-frozen-fiord\/\",\"name\":\"Vandretur til isbjerge i den frosne fjord - Arctic Excursions\",\"isPartOf\":{\"@id\":\"https:\/\/arcticexcursions.com\/#website\"},\"primaryImageOfPage\":{\"@id\":\"https:\/\/arcticexcursions.com\/udflugter\/hike-to-the-iceberg-in-the-frozen-fiord\/#primaryimage\"},\"image\":{\"@id\":\"https:\/\/arcticexcursions.com\/udflugter\/hike-to-the-iceberg-in-the-frozen-fiord\/#primaryimage\"},\"thumbnailUrl\":\"https:\/\/arcticexcursions.com\/wp-content\/uploads\/2026\/03\/Image-11.jpg\",\"datePublished\":\"2026-03-27T13:55:14+00:00\",\"dateModified\":\"2026-03-27T16:48:23+00:00\",\"breadcrumb\":{\"@id\":\"https:\/\/arcticexcursions.com\/udflugter\/hike-to-the-iceberg-in-the-frozen-fiord\/#breadcrumb\"},\"inLanguage\":\"da-DK\",\"potentialAction\":[{\"@type\":\"ReadAction\",\"target\":[\"https:\/\/arcticexcursions.com\/udflugter\/hike-to-the-iceberg-in-the-frozen-fiord\/\"]}]},{\"@type\":\"ImageObject\",\"inLanguage\":\"da-DK\",\"@id\":\"https:\/\/arcticexcursions.com\/udflugter\/hike-to-the-iceberg-in-the-frozen-fiord\/#primaryimage\",\"url\":\"https:\/\/arcticexcursions.com\/wp-content\/uploads\/2026\/03\/Image-11.jpg\",\"contentUrl\":\"https:\/\/arcticexcursions.com\/wp-content\/uploads\/2026\/03\/Image-11.jpg\",\"width\":768,\"height\":1024},{\"@type\":\"BreadcrumbList\",\"@id\":\"https:\/\/arcticexcursions.com\/udflugter\/hike-to-the-iceberg-in-the-frozen-fiord\/#breadcrumb\",\"itemListElement\":[{\"@type\":\"ListItem\",\"position\":1,\"name\":\"Home\",\"item\":\"https:\/\/arcticexcursions.com\/da\/\"},{\"@type\":\"ListItem\",\"position\":2,\"name\":\"Udflugter i Gr\u00f8nland\",\"item\":\"https:\/\/arcticexcursions.com\/da\/udflugter\/\"},{\"@type\":\"ListItem\",\"position\":3,\"name\":\"Vandretur til isbjerge i den frosne fjord\"}]},{\"@type\":\"WebSite\",\"@id\":\"https:\/\/arcticexcursions.com\/#website\",\"url\":\"https:\/\/arcticexcursions.com\/\",\"name\":\"Arctic Excursions\",\"description\":\"New adventures. Every day.\",\"publisher\":{\"@id\":\"https:\/\/arcticexcursions.com\/#organization\"},\"potentialAction\":[{\"@type\":\"SearchAction\",\"target\":{\"@type\":\"EntryPoint\",\"urlTemplate\":\"https:\/\/arcticexcursions.com\/?s={search_term_string}\"},\"query-input\":{\"@type\":\"PropertyValueSpecification\",\"valueRequired\":true,\"valueName\":\"search_term_string\"}}],\"inLanguage\":\"da-DK\"},{\"@type\":\"Organization\",\"@id\":\"https:\/\/arcticexcursions.com\/#organization\",\"name\":\"Arctic Excursions\",\"url\":\"https:\/\/arcticexcursions.com\/\",\"logo\":{\"@type\":\"ImageObject\",\"inLanguage\":\"da-DK\",\"@id\":\"https:\/\/arcticexcursions.com\/#\/schema\/logo\/image\/\",\"url\":\"https:\/\/arcticexcursions.com\/wp-content\/uploads\/2022\/11\/fb-logo.png\",\"contentUrl\":\"https:\/\/arcticexcursions.com\/wp-content\/uploads\/2022\/11\/fb-logo.png\",\"width\":523,\"height\":523,\"caption\":\"Arctic Excursions\"},\"image\":{\"@id\":\"https:\/\/arcticexcursions.com\/#\/schema\/logo\/image\/\"}}]}<\/script>\n<!-- \/ Yoast SEO plugin. -->","yoast_head_json":{"title":"Arctic Excursions","robots":{"index":"index","follow":"follow","max-snippet":"max-snippet:-1","max-image-preview":"max-image-preview:large","max-video-preview":"max-video-preview:-1"},"canonical":"https:\/\/arcticexcursions.com\/udflugter\/hike-to-the-iceberg-in-the-frozen-fiord\/","og_locale":"da_DK","og_type":"article","og_title":"Vandretur til isbjerge i den frosne fjord - Arctic Excursions","og_description":"Oplev et unikt arktisk vintereventyr, der kombinerer snescooter-\/ATV-k\u00f8rsel, kulturelle indblik og vandreture p\u00e5 en frossen fjord.","og_url":"https:\/\/arcticexcursions.com\/udflugter\/hike-to-the-iceberg-in-the-frozen-fiord\/","og_site_name":"Arctic Excursions","article_modified_time":"2026-03-27T16:48:23+00:00","og_image":[{"width":768,"height":1024,"url":"https:\/\/arcticexcursions.com\/wp-content\/uploads\/2026\/03\/Image-11.jpg","type":"image\/jpeg"}],"twitter_card":"summary_large_image","twitter_misc":{"Estimeret l\u00e6setid":"1 minut"},"schema":{"@context":"https:\/\/schema.org","@graph":[{"@type":"WebPage","@id":"https:\/\/arcticexcursions.com\/udflugter\/hike-to-the-iceberg-in-the-frozen-fiord\/","url":"https:\/\/arcticexcursions.com\/udflugter\/hike-to-the-iceberg-in-the-frozen-fiord\/","name":"Vandretur til isbjerge i den frosne fjord - Arctic Excursions","isPartOf":{"@id":"https:\/\/arcticexcursions.com\/#website"},"primaryImageOfPage":{"@id":"https:\/\/arcticexcursions.com\/udflugter\/hike-to-the-iceberg-in-the-frozen-fiord\/#primaryimage"},"image":{"@id":"https:\/\/arcticexcursions.com\/udflugter\/hike-to-the-iceberg-in-the-frozen-fiord\/#primaryimage"},"thumbnailUrl":"https:\/\/arcticexcursions.com\/wp-content\/uploads\/2026\/03\/Image-11.jpg","datePublished":"2026-03-27T13:55:14+00:00","dateModified":"2026-03-27T16:48:23+00:00","breadcrumb":{"@id":"https:\/\/arcticexcursions.com\/udflugter\/hike-to-the-iceberg-in-the-frozen-fiord\/#breadcrumb"},"inLanguage":"da-DK","potentialAction":[{"@type":"ReadAction","target":["https:\/\/arcticexcursions.com\/udflugter\/hike-to-the-iceberg-in-the-frozen-fiord\/"]}]},{"@type":"ImageObject","inLanguage":"da-DK","@id":"https:\/\/arcticexcursions.com\/udflugter\/hike-to-the-iceberg-in-the-frozen-fiord\/#primaryimage","url":"https:\/\/arcticexcursions.com\/wp-content\/uploads\/2026\/03\/Image-11.jpg","contentUrl":"https:\/\/arcticexcursions.com\/wp-content\/uploads\/2026\/03\/Image-11.jpg","width":768,"height":1024},{"@type":"BreadcrumbList","@id":"https:\/\/arcticexcursions.com\/udflugter\/hike-to-the-iceberg-in-the-frozen-fiord\/#breadcrumb","itemListElement":[{"@type":"ListItem","position":1,"name":"Home","item":"https:\/\/arcticexcursions.com\/da\/"},{"@type":"ListItem","position":2,"name":"Udflugter i Gr\u00f8nland","item":"https:\/\/arcticexcursions.com\/da\/udflugter\/"},{"@type":"ListItem","position":3,"name":"Vandretur til isbjerge i den frosne fjord"}]},{"@type":"WebSite","@id":"https:\/\/arcticexcursions.com\/#website","url":"https:\/\/arcticexcursions.com\/","name":"Arctic Excursions","description":"New adventures. Every day.","publisher":{"@id":"https:\/\/arcticexcursions.com\/#organization"},"potentialAction":[{"@type":"SearchAction","target":{"@type":"EntryPoint","urlTemplate":"https:\/\/arcticexcursions.com\/?s={search_term_string}"},"query-input":{"@type":"PropertyValueSpecification","valueRequired":true,"valueName":"search_term_string"}}],"inLanguage":"da-DK"},{"@type":"Organization","@id":"https:\/\/arcticexcursions.com\/#organization","name":"Arctic Excursions","url":"https:\/\/arcticexcursions.com\/","logo":{"@type":"ImageObject","inLanguage":"da-DK","@id":"https:\/\/arcticexcursions.com\/#\/schema\/logo\/image\/","url":"https:\/\/arcticexcursions.com\/wp-content\/uploads\/2022\/11\/fb-logo.png","contentUrl":"https:\/\/arcticexcursions.com\/wp-content\/uploads\/2022\/11\/fb-logo.png","width":523,"height":523,"caption":"Arctic Excursions"},"image":{"@id":"https:\/\/arcticexcursions.com\/#\/schema\/logo\/image\/"}}]}},"_links":{"self":[{"href":"https:\/\/arcticexcursions.com\/da\/wp-json\/wp\/v2\/product\/82099"}],"collection":[{"href":"https:\/\/arcticexcursions.com\/da\/wp-json\/wp\/v2\/product"}],"about":[{"href":"https:\/\/arcticexcursions.com\/da\/wp-json\/wp\/v2\/types\/product"}],"replies":[{"embeddable":true,"href":"https:\/\/arcticexcursions.com\/da\/wp-json\/wp\/v2\/comments?post=82099"}],"wp:featuredmedia":[{"embeddable":true,"href":"https:\/\/arcticexcursions.com\/da\/wp-json\/wp\/v2\/media\/82078"}],"wp:attachment":[{"href":"https:\/\/arcticexcursions.com\/da\/wp-json\/wp\/v2\/media?parent=82099"}],"wp:term":[{"taxonomy":"product_brand","embeddable":true,"href":"https:\/\/arcticexcursions.com\/da\/wp-json\/wp\/v2\/product_brand?post=82099"},{"taxonomy":"product_cat","embeddable":true,"href":"https:\/\/arcticexcursions.com\/da\/wp-json\/wp\/v2\/product_cat?post=82099"},{"taxonomy":"product_tag","embeddable":true,"href":"https:\/\/arcticexcursions.com\/da\/wp-json\/wp\/v2\/product_tag?post=82099"}],"curies":[{"name":"wp","href":"https:\/\/api.w.org\/{rel}","templated":true}]}}