{"id":8212,"date":"2023-01-25T13:48:18","date_gmt":"2023-01-25T11:48:18","guid":{"rendered":"https:\/\/arcticexcursions.com\/?post_type=product&#038;p=8212"},"modified":"2026-03-24T16:05:49","modified_gmt":"2026-03-24T14:05:49","slug":"northern-lights-trip-on-quassassuaq","status":"publish","type":"product","link":"https:\/\/arcticexcursions.com\/da\/udflugter\/northern-lights-trip-on-quassassuaq\/","title":{"rendered":"Aftentur med nordlys p\u00e5 Quassussuaq"},"content":{"rendered":"<p>P\u00e5 denne udflugt klatrer vi op til toppen af Quassussuaq, der rejser sig til en h\u00f8jde p\u00e5 430 meter over Nuuk. <\/p>\n<p>Da det er vinter, er vi udstyret med snesko og pandelamper. Vi kommer til at v\u00e6re h\u00f8jere oppe og l\u00e6ngere v\u00e6k fra byens lys, s\u00e5 nordlysoplevelsen bliver endnu mere levende, b\u00e5de i virkeligheden og i hukommelsen. <\/p>\n<p>Derudover er det virkelig stort at se den gr\u00f8nlandske hovedstad fra oven om aftenen. <\/p>\n<p>Guiden laver en lille b\u00e6nk p\u00e5 toppen, s\u00e5 du kan slappe af og sidde p\u00e5 noget varmt, slukke din pandelampe og nyde landskabet og nordlyset, mens du f\u00e5r dig en varm drik.<\/p>\n<p><b>Inkluderet:<\/b> Leje af snesko og varme drikke<\/p>\n<p><b>Varighed:<\/b> 3 timer <\/p>\n<p><b>Deltagere:<\/b> Bem\u00e6rk venligst, at udflugten kun gennemf\u00f8res, hvis der er mindst 3 bookede billetter i alt. Hvis du for eksempel booker 2 billetter, skal der s\u00e6lges mindst 1 yderligere billet til andre kunder, f\u00f8r turen kan finde sted. <\/p>\n<p><b>Chance for nordlys:<\/b> Hvis det vurderes usandsynligt, at vi f\u00e5r nordlyset at se, ombookes eller aflyses turen. <\/p>\n<p><b>Sprog:<\/b> Guiden taler dansk, engelsk og gr\u00f8nlandsk <\/p>\n<p><b>Transporttype:<\/b> Til fods <\/p>\n<p><b>Anbefalet p\u00e5kl\u00e6dning:<\/b> Varmt t\u00f8j inkl. hue og handsker hele \u00e5ret.<\/p>\n","protected":false},"excerpt":{"rendered":"<p>P\u00e5 denne aftenudflugt kommer du endnu t\u00e6ttere p\u00e5 at opleve nordlyset &#8211; fra en fjeldtop!<\/p>\n","protected":false},"featured_media":8302,"comment_status":"open","ping_status":"closed","template":"","meta":{"_acf_changed":false},"product_brand":[],"product_cat":[101,170],"product_tag":[],"class_list":{"0":"post-8212","1":"product","2":"type-product","3":"status-publish","4":"has-post-thumbnail","6":"product_cat-tour","7":"product_cat-udflugt","8":"pa_dato-1280","9":"pa_dato-1256","10":"pa_dato-1302","11":"pa_dato-5978","12":"pa_dato-6184","13":"pa_dato-6359","14":"pa_tidspunkt-255","15":"pa_tidspunkt-86","16":"tour_location-nuuk-da","17":"tour_type-nordlys","18":"tour_tickettype-arctic_excursions","19":"tour_operator-two-ravens","21":"first","22":"outofstock","23":"shipping-taxable","24":"product-type-variable"},"acf":[],"yoast_head":"<!-- This site is optimized with the Yoast SEO plugin v23.6 - https:\/\/yoast.com\/wordpress\/plugins\/seo\/ -->\n<title>Arctic Excursions<\/title>\n<meta name=\"robots\" content=\"index, follow, max-snippet:-1, max-image-preview:large, max-video-preview:-1\" \/>\n<link rel=\"canonical\" href=\"https:\/\/arcticexcursions.com\/da\/udflugter\/northern-lights-trip-on-quassassuaq\/\" \/>\n<meta property=\"og:locale\" content=\"da_DK\" \/>\n<meta property=\"og:type\" content=\"article\" \/>\n<meta property=\"og:title\" content=\"Aftentur med nordlys p\u00e5 Quassussuaq - Arctic Excursions\" \/>\n<meta property=\"og:description\" content=\"P\u00e5 denne aftenudflugt kommer du endnu t\u00e6ttere p\u00e5 at opleve nordlyset - fra en fjeldtop!\" \/>\n<meta property=\"og:url\" content=\"https:\/\/arcticexcursions.com\/da\/udflugter\/northern-lights-trip-on-quassassuaq\/\" \/>\n<meta property=\"og:site_name\" content=\"Arctic Excursions\" \/>\n<meta property=\"article:modified_time\" content=\"2026-03-24T14:05:49+00:00\" \/>\n<meta property=\"og:image\" content=\"https:\/\/arcticexcursions.com\/wp-content\/uploads\/2023\/01\/607A253A-FC82-4AF7-8CC7-B38387C591AB-scaled.jpeg\" \/>\n\t<meta property=\"og:image:width\" content=\"2560\" \/>\n\t<meta property=\"og:image:height\" content=\"1879\" \/>\n\t<meta property=\"og:image:type\" content=\"image\/jpeg\" \/>\n<meta name=\"twitter:card\" content=\"summary_large_image\" \/>\n<meta name=\"twitter:label1\" content=\"Estimeret l\u00e6setid\" \/>\n\t<meta name=\"twitter:data1\" content=\"1 minut\" \/>\n<script type=\"application\/ld+json\" class=\"yoast-schema-graph\">{\"@context\":\"https:\/\/schema.org\",\"@graph\":[{\"@type\":\"WebPage\",\"@id\":\"https:\/\/arcticexcursions.com\/da\/udflugter\/northern-lights-trip-on-quassassuaq\/\",\"url\":\"https:\/\/arcticexcursions.com\/da\/udflugter\/northern-lights-trip-on-quassassuaq\/\",\"name\":\"Aftentur med nordlys p\u00e5 Quassussuaq - Arctic Excursions\",\"isPartOf\":{\"@id\":\"https:\/\/arcticexcursions.com\/#website\"},\"primaryImageOfPage\":{\"@id\":\"https:\/\/arcticexcursions.com\/da\/udflugter\/northern-lights-trip-on-quassassuaq\/#primaryimage\"},\"image\":{\"@id\":\"https:\/\/arcticexcursions.com\/da\/udflugter\/northern-lights-trip-on-quassassuaq\/#primaryimage\"},\"thumbnailUrl\":\"https:\/\/arcticexcursions.com\/wp-content\/uploads\/2023\/01\/607A253A-FC82-4AF7-8CC7-B38387C591AB-scaled.jpeg\",\"datePublished\":\"2023-01-25T11:48:18+00:00\",\"dateModified\":\"2026-03-24T14:05:49+00:00\",\"breadcrumb\":{\"@id\":\"https:\/\/arcticexcursions.com\/da\/udflugter\/northern-lights-trip-on-quassassuaq\/#breadcrumb\"},\"inLanguage\":\"da-DK\",\"potentialAction\":[{\"@type\":\"ReadAction\",\"target\":[\"https:\/\/arcticexcursions.com\/da\/udflugter\/northern-lights-trip-on-quassassuaq\/\"]}]},{\"@type\":\"ImageObject\",\"inLanguage\":\"da-DK\",\"@id\":\"https:\/\/arcticexcursions.com\/da\/udflugter\/northern-lights-trip-on-quassassuaq\/#primaryimage\",\"url\":\"https:\/\/arcticexcursions.com\/wp-content\/uploads\/2023\/01\/607A253A-FC82-4AF7-8CC7-B38387C591AB-scaled.jpeg\",\"contentUrl\":\"https:\/\/arcticexcursions.com\/wp-content\/uploads\/2023\/01\/607A253A-FC82-4AF7-8CC7-B38387C591AB-scaled.jpeg\",\"width\":2560,\"height\":1879},{\"@type\":\"BreadcrumbList\",\"@id\":\"https:\/\/arcticexcursions.com\/da\/udflugter\/northern-lights-trip-on-quassassuaq\/#breadcrumb\",\"itemListElement\":[{\"@type\":\"ListItem\",\"position\":1,\"name\":\"Home\",\"item\":\"https:\/\/arcticexcursions.com\/da\/\"},{\"@type\":\"ListItem\",\"position\":2,\"name\":\"Udflugter i Gr\u00f8nland\",\"item\":\"https:\/\/arcticexcursions.com\/da\/udflugter\/\"},{\"@type\":\"ListItem\",\"position\":3,\"name\":\"Aftentur med nordlys p\u00e5 Quassussuaq\"}]},{\"@type\":\"WebSite\",\"@id\":\"https:\/\/arcticexcursions.com\/#website\",\"url\":\"https:\/\/arcticexcursions.com\/\",\"name\":\"Arctic Excursions\",\"description\":\"New adventures. Every day.\",\"publisher\":{\"@id\":\"https:\/\/arcticexcursions.com\/#organization\"},\"potentialAction\":[{\"@type\":\"SearchAction\",\"target\":{\"@type\":\"EntryPoint\",\"urlTemplate\":\"https:\/\/arcticexcursions.com\/?s={search_term_string}\"},\"query-input\":{\"@type\":\"PropertyValueSpecification\",\"valueRequired\":true,\"valueName\":\"search_term_string\"}}],\"inLanguage\":\"da-DK\"},{\"@type\":\"Organization\",\"@id\":\"https:\/\/arcticexcursions.com\/#organization\",\"name\":\"Arctic Excursions\",\"url\":\"https:\/\/arcticexcursions.com\/\",\"logo\":{\"@type\":\"ImageObject\",\"inLanguage\":\"da-DK\",\"@id\":\"https:\/\/arcticexcursions.com\/#\/schema\/logo\/image\/\",\"url\":\"https:\/\/arcticexcursions.com\/wp-content\/uploads\/2022\/11\/fb-logo.png\",\"contentUrl\":\"https:\/\/arcticexcursions.com\/wp-content\/uploads\/2022\/11\/fb-logo.png\",\"width\":523,\"height\":523,\"caption\":\"Arctic Excursions\"},\"image\":{\"@id\":\"https:\/\/arcticexcursions.com\/#\/schema\/logo\/image\/\"}}]}<\/script>\n<!-- \/ Yoast SEO plugin. -->","yoast_head_json":{"title":"Arctic Excursions","robots":{"index":"index","follow":"follow","max-snippet":"max-snippet:-1","max-image-preview":"max-image-preview:large","max-video-preview":"max-video-preview:-1"},"canonical":"https:\/\/arcticexcursions.com\/da\/udflugter\/northern-lights-trip-on-quassassuaq\/","og_locale":"da_DK","og_type":"article","og_title":"Aftentur med nordlys p\u00e5 Quassussuaq - Arctic Excursions","og_description":"P\u00e5 denne aftenudflugt kommer du endnu t\u00e6ttere p\u00e5 at opleve nordlyset - fra en fjeldtop!","og_url":"https:\/\/arcticexcursions.com\/da\/udflugter\/northern-lights-trip-on-quassassuaq\/","og_site_name":"Arctic Excursions","article_modified_time":"2026-03-24T14:05:49+00:00","og_image":[{"width":2560,"height":1879,"url":"https:\/\/arcticexcursions.com\/wp-content\/uploads\/2023\/01\/607A253A-FC82-4AF7-8CC7-B38387C591AB-scaled.jpeg","type":"image\/jpeg"}],"twitter_card":"summary_large_image","twitter_misc":{"Estimeret l\u00e6setid":"1 minut"},"schema":{"@context":"https:\/\/schema.org","@graph":[{"@type":"WebPage","@id":"https:\/\/arcticexcursions.com\/da\/udflugter\/northern-lights-trip-on-quassassuaq\/","url":"https:\/\/arcticexcursions.com\/da\/udflugter\/northern-lights-trip-on-quassassuaq\/","name":"Aftentur med nordlys p\u00e5 Quassussuaq - Arctic Excursions","isPartOf":{"@id":"https:\/\/arcticexcursions.com\/#website"},"primaryImageOfPage":{"@id":"https:\/\/arcticexcursions.com\/da\/udflugter\/northern-lights-trip-on-quassassuaq\/#primaryimage"},"image":{"@id":"https:\/\/arcticexcursions.com\/da\/udflugter\/northern-lights-trip-on-quassassuaq\/#primaryimage"},"thumbnailUrl":"https:\/\/arcticexcursions.com\/wp-content\/uploads\/2023\/01\/607A253A-FC82-4AF7-8CC7-B38387C591AB-scaled.jpeg","datePublished":"2023-01-25T11:48:18+00:00","dateModified":"2026-03-24T14:05:49+00:00","breadcrumb":{"@id":"https:\/\/arcticexcursions.com\/da\/udflugter\/northern-lights-trip-on-quassassuaq\/#breadcrumb"},"inLanguage":"da-DK","potentialAction":[{"@type":"ReadAction","target":["https:\/\/arcticexcursions.com\/da\/udflugter\/northern-lights-trip-on-quassassuaq\/"]}]},{"@type":"ImageObject","inLanguage":"da-DK","@id":"https:\/\/arcticexcursions.com\/da\/udflugter\/northern-lights-trip-on-quassassuaq\/#primaryimage","url":"https:\/\/arcticexcursions.com\/wp-content\/uploads\/2023\/01\/607A253A-FC82-4AF7-8CC7-B38387C591AB-scaled.jpeg","contentUrl":"https:\/\/arcticexcursions.com\/wp-content\/uploads\/2023\/01\/607A253A-FC82-4AF7-8CC7-B38387C591AB-scaled.jpeg","width":2560,"height":1879},{"@type":"BreadcrumbList","@id":"https:\/\/arcticexcursions.com\/da\/udflugter\/northern-lights-trip-on-quassassuaq\/#breadcrumb","itemListElement":[{"@type":"ListItem","position":1,"name":"Home","item":"https:\/\/arcticexcursions.com\/da\/"},{"@type":"ListItem","position":2,"name":"Udflugter i Gr\u00f8nland","item":"https:\/\/arcticexcursions.com\/da\/udflugter\/"},{"@type":"ListItem","position":3,"name":"Aftentur med nordlys p\u00e5 Quassussuaq"}]},{"@type":"WebSite","@id":"https:\/\/arcticexcursions.com\/#website","url":"https:\/\/arcticexcursions.com\/","name":"Arctic Excursions","description":"New adventures. Every day.","publisher":{"@id":"https:\/\/arcticexcursions.com\/#organization"},"potentialAction":[{"@type":"SearchAction","target":{"@type":"EntryPoint","urlTemplate":"https:\/\/arcticexcursions.com\/?s={search_term_string}"},"query-input":{"@type":"PropertyValueSpecification","valueRequired":true,"valueName":"search_term_string"}}],"inLanguage":"da-DK"},{"@type":"Organization","@id":"https:\/\/arcticexcursions.com\/#organization","name":"Arctic Excursions","url":"https:\/\/arcticexcursions.com\/","logo":{"@type":"ImageObject","inLanguage":"da-DK","@id":"https:\/\/arcticexcursions.com\/#\/schema\/logo\/image\/","url":"https:\/\/arcticexcursions.com\/wp-content\/uploads\/2022\/11\/fb-logo.png","contentUrl":"https:\/\/arcticexcursions.com\/wp-content\/uploads\/2022\/11\/fb-logo.png","width":523,"height":523,"caption":"Arctic Excursions"},"image":{"@id":"https:\/\/arcticexcursions.com\/#\/schema\/logo\/image\/"}}]}},"_links":{"self":[{"href":"https:\/\/arcticexcursions.com\/da\/wp-json\/wp\/v2\/product\/8212"}],"collection":[{"href":"https:\/\/arcticexcursions.com\/da\/wp-json\/wp\/v2\/product"}],"about":[{"href":"https:\/\/arcticexcursions.com\/da\/wp-json\/wp\/v2\/types\/product"}],"replies":[{"embeddable":true,"href":"https:\/\/arcticexcursions.com\/da\/wp-json\/wp\/v2\/comments?post=8212"}],"wp:featuredmedia":[{"embeddable":true,"href":"https:\/\/arcticexcursions.com\/da\/wp-json\/wp\/v2\/media\/8302"}],"wp:attachment":[{"href":"https:\/\/arcticexcursions.com\/da\/wp-json\/wp\/v2\/media?parent=8212"}],"wp:term":[{"taxonomy":"product_brand","embeddable":true,"href":"https:\/\/arcticexcursions.com\/da\/wp-json\/wp\/v2\/product_brand?post=8212"},{"taxonomy":"product_cat","embeddable":true,"href":"https:\/\/arcticexcursions.com\/da\/wp-json\/wp\/v2\/product_cat?post=8212"},{"taxonomy":"product_tag","embeddable":true,"href":"https:\/\/arcticexcursions.com\/da\/wp-json\/wp\/v2\/product_tag?post=8212"}],"curies":[{"name":"wp","href":"https:\/\/api.w.org\/{rel}","templated":true}]}}