{"id":8220,"date":"2023-01-25T13:17:05","date_gmt":"2023-01-25T11:17:05","guid":{"rendered":"https:\/\/arcticexcursions.com\/?post_type=product&#038;p=8220"},"modified":"2026-04-05T18:44:49","modified_gmt":"2026-04-05T16:44:49","slug":"showshoe-hike-to-quassussuaq","status":"publish","type":"product","link":"https:\/\/arcticexcursions.com\/da\/udflugter\/showshoe-hike-to-quassussuaq\/","title":{"rendered":"Toptur til Quassussuaq"},"content":{"rendered":"<p>P\u00e5 denne tur f\u00e5r du mulighed for at opleve Nuuks smukke bagland, og du vil opdage, hvor t\u00e6t vi er p\u00e5 vildmarken. Nyd stilheden, storheden &#8211; for du vil f\u00f8le dig lille blandt de store fjelde &#8211; og den smukke udsigt over fjordene med de majest\u00e6tiske fjeldetinder, havet og hovedstaden , som bare bliver bedre og bedre, som vi n\u00e6rmer os toppen (461m).<\/p>\n<p>P\u00e5 vinterturene g\u00e5r vi med snesko, hvilket g\u00f8r det lige lidt mere enest\u00e5ende.<\/p>\n<p><b>Varighed:<\/b> 5 timer <\/p>\n<p><b>Deltagere:<\/b> Bem\u00e6rk venligst, at udflugten kun gennemf\u00f8res, hvis der er mindst 3 bookede billetter i alt. Hvis du for eksempel booker 1 billetter, skal der s\u00e6lges mindst 2 yderligere billetter til andre kunder, f\u00f8r turen kan finde sted. Der vil deltage maksimalt 8 personer. <\/p>\n<p><b>Sprog:<\/b> Guiden taler dansk, engelsk og gr\u00f8nlandsk <\/p>\n<p><b>Sv\u00e6rhedsgrad:<\/b> Begyndervenlig tur. Anbefales ikke hvis du har rygproblemer. <\/p>\n<p><b>Forplejning:<\/b> Kaffe og te serveres <\/p>\n<p><b>Anbefalet p\u00e5kl\u00e6dning:<\/b> Varmt, praktisk t\u00f8j og vandresko.<\/p>\n","protected":false},"excerpt":{"rendered":"<p>Kunne du t\u00e6nke dig at opleve en vandring i Nuuks bagland?<br \/>\nS\u00e5 er denne tur som skabt til dig! <\/p>\n","protected":false},"featured_media":51352,"comment_status":"open","ping_status":"closed","template":"","meta":{"_acf_changed":false},"product_brand":[],"product_cat":[101,170],"product_tag":[],"class_list":{"0":"post-8220","1":"product","2":"type-product","3":"status-publish","4":"has-post-thumbnail","6":"product_cat-tour","7":"product_cat-udflugt","8":"pa_dato-331","9":"pa_dato-334","10":"pa_dato-362","11":"pa_dato-335","12":"pa_dato-336","13":"pa_dato-337","14":"pa_dato-365","15":"pa_dato-338","16":"pa_dato-339","17":"pa_dato-340","18":"pa_dato-368","19":"pa_dato-341","20":"pa_dato-342","21":"pa_dato-371","22":"pa_dato-344","23":"pa_dato-345","24":"pa_dato-346","25":"pa_dato-374","26":"pa_dato-348","27":"pa_dato-349","28":"pa_dato-377","29":"pa_dato-350","30":"pa_dato-351","31":"pa_dato-352","32":"pa_dato-380","33":"pa_dato-353","34":"pa_dato-354","35":"pa_dato-355","36":"pa_dato-383","37":"pa_dato-356","38":"pa_dato-386","39":"pa_dato-359","40":"pa_dato-390","41":"pa_dato-405","42":"pa_dato-394","43":"pa_dato-406","44":"pa_dato-398","45":"pa_dato-407","46":"pa_dato-585","47":"pa_dato-676","48":"pa_dato-626","49":"pa_dato-627","50":"pa_dato-630","51":"pa_dato-632","52":"pa_dato-634","53":"pa_dato-635","54":"pa_dato-638","55":"pa_dato-640","56":"pa_dato-641","57":"pa_dato-642","58":"pa_dato-645","59":"pa_dato-647","60":"pa_dato-648","61":"pa_dato-649","62":"pa_dato-652","63":"pa_dato-654","64":"pa_dato-584","65":"pa_dato-655","66":"pa_dato-657","67":"pa_dato-659","68":"pa_dato-660","69":"pa_dato-661","70":"pa_dato-663","71":"pa_dato-664","72":"pa_dato-665","73":"pa_dato-490","74":"pa_dato-667","75":"pa_dato-669","76":"pa_dato-670","77":"pa_dato-671","78":"pa_dato-674","79":"pa_dato-675","80":"pa_dato-502","81":"pa_dato-503","82":"pa_dato-536","83":"pa_dato-538","84":"pa_dato-539","85":"pa_dato-540","86":"pa_dato-542","87":"pa_dato-465","88":"pa_dato-547","89":"pa_dato-548","90":"pa_dato-551","91":"pa_dato-553","92":"pa_dato-554","93":"pa_dato-555","94":"pa_dato-558","95":"pa_dato-522","96":"pa_dato-559","97":"pa_dato-560","98":"pa_dato-588","99":"pa_dato-590","100":"pa_dato-687","101":"pa_dato-735","102":"pa_dato-593","103":"pa_dato-595","104":"pa_dato-694","105":"pa_dato-736","106":"pa_dato-513","107":"pa_dato-512","108":"pa_dato-695","109":"pa_dato-737","110":"pa_dato-599","111":"pa_dato-739","112":"pa_dato-740","113":"pa_dato-738","114":"pa_dato-603","115":"pa_dato-605","116":"pa_dato-689","117":"pa_dato-741","118":"pa_dato-608","119":"pa_dato-610","120":"pa_dato-690","121":"pa_dato-742","122":"pa_dato-613","123":"pa_dato-615","124":"pa_dato-743","125":"pa_dato-744","126":"pa_dato-618","127":"pa_dato-620","128":"pa_dato-745","129":"pa_dato-746","130":"pa_dato-623","131":"pa_dato-625","132":"pa_dato-773","133":"pa_dato-775","134":"pa_dato-850","135":"pa_dato-776","136":"pa_dato-778","137":"pa_dato-851","138":"pa_dato-769","139":"pa_dato-780","140":"pa_dato-852","141":"pa_dato-781","142":"pa_dato-915","143":"pa_dato-789","144":"pa_dato-916","145":"pa_dato-792","146":"pa_dato-914","147":"pa_dato-795","148":"pa_dato-796","149":"pa_dato-798","150":"pa_dato-932","151":"pa_dato-799","152":"pa_dato-801","153":"pa_dato-933","154":"pa_dato-857","155":"pa_dato-872","156":"pa_dato-859","157":"pa_dato-873","158":"pa_dato-861","159":"pa_dato-874","160":"pa_dato-863","161":"pa_dato-1187","162":"pa_dato-864","163":"pa_dato-952","164":"pa_dato-865","165":"pa_dato-949","166":"pa_dato-1192","167":"pa_dato-880","168":"pa_dato-894","169":"pa_dato-862","170":"pa_dato-919","171":"pa_dato-1090","172":"pa_dato-1091","173":"pa_dato-1093","174":"pa_dato-920","175":"pa_dato-1096","176":"pa_dato-1099","177":"pa_dato-922","178":"pa_dato-1105","179":"pa_dato-1109","180":"pa_dato-1111","181":"pa_dato-1115","182":"pa_dato-1117","183":"pa_dato-1119","184":"pa_dato-900","185":"pa_dato-1122","186":"pa_dato-1063","187":"pa_dato-1065","188":"pa_dato-912","189":"pa_dato-1126","190":"pa_dato-963","191":"pa_dato-1129","192":"pa_dato-966","193":"pa_dato-1026","194":"pa_dato-1031","195":"pa_dato-988","196":"pa_dato-967","197":"pa_dato-993","198":"pa_dato-964","199":"pa_dato-997","200":"pa_dato-1002","201":"pa_dato-1004","202":"pa_dato-1037","203":"pa_dato-1039","204":"pa_dato-968","205":"pa_dato-1012","206":"pa_dato-965","207":"pa_dato-1017","208":"pa_dato-1022","209":"pa_dato-1043","210":"pa_dato-1047","211":"pa_dato-1049","212":"pa_dato-1054","213":"pa_dato-1056","214":"pa_dato-1131","215":"pa_dato-1133","216":"pa_dato-1136","217":"pa_dato-1138","218":"pa_dato-1196","219":"pa_dato-1160","220":"pa_dato-1161","221":"pa_dato-1200","222":"pa_dato-1162","223":"pa_dato-1209","224":"pa_dato-1210","225":"pa_dato-1215","226":"pa_dato-1217","227":"pa_dato-1277","228":"pa_dato-1278","229":"pa_dato-1279","230":"pa_dato-1280","231":"pa_dato-1281","232":"pa_dato-1282","233":"pa_dato-1283","234":"pa_dato-1284","235":"pa_dato-1285","236":"pa_dato-1286","237":"pa_dato-1287","238":"pa_dato-1288","239":"pa_dato-1239","240":"pa_dato-1240","241":"pa_dato-1289","242":"pa_dato-1290","243":"pa_dato-1291","244":"pa_dato-1292","245":"pa_dato-1293","246":"pa_dato-1294","247":"pa_dato-1295","248":"pa_dato-5939","249":"pa_dato-6081","250":"pa_dato-6149","251":"pa_dato-6298","252":"pa_dato-6219","253":"pa_dato-6323","254":"pa_dato-6488","255":"pa_dato-6233","256":"pa_dato-6410","257":"pa_dato-6276","258":"pa_tidspunkt-72","259":"pa_tidspunkt-40","260":"pa_tidspunkt-304","261":"tour_location-nuuk-da","262":"tour_type-outdoor-da","263":"tour_tickettype-arctic_excursions","264":"tour_operator-two-ravens","266":"first","267":"instock","268":"shipping-taxable","269":"purchasable","270":"product-type-variable"},"acf":[],"yoast_head":"<!-- This site is optimized with the Yoast SEO plugin v23.6 - https:\/\/yoast.com\/wordpress\/plugins\/seo\/ -->\n<title>Arctic Excursions<\/title>\n<meta name=\"robots\" content=\"index, follow, max-snippet:-1, max-image-preview:large, max-video-preview:-1\" \/>\n<link rel=\"canonical\" href=\"https:\/\/arcticexcursions.com\/da\/udflugter\/showshoe-hike-to-quassussuaq\/\" \/>\n<meta property=\"og:locale\" content=\"da_DK\" \/>\n<meta property=\"og:type\" content=\"article\" \/>\n<meta property=\"og:title\" content=\"Toptur til Quassussuaq - Arctic Excursions\" \/>\n<meta property=\"og:description\" content=\"Kunne du t\u00e6nke dig at opleve en vandring i Nuuks bagland? S\u00e5 er denne tur som skabt til dig!\" \/>\n<meta property=\"og:url\" content=\"https:\/\/arcticexcursions.com\/da\/udflugter\/showshoe-hike-to-quassussuaq\/\" \/>\n<meta property=\"og:site_name\" content=\"Arctic Excursions\" \/>\n<meta property=\"article:modified_time\" content=\"2026-04-05T16:44:49+00:00\" \/>\n<meta property=\"og:image\" content=\"https:\/\/arcticexcursions.com\/wp-content\/uploads\/2025\/04\/IMG_3828-2-scaled.jpg\" \/>\n\t<meta property=\"og:image:width\" content=\"2560\" \/>\n\t<meta property=\"og:image:height\" content=\"1525\" \/>\n\t<meta property=\"og:image:type\" content=\"image\/jpeg\" \/>\n<meta name=\"twitter:card\" content=\"summary_large_image\" \/>\n<meta name=\"twitter:label1\" content=\"Estimeret l\u00e6setid\" \/>\n\t<meta name=\"twitter:data1\" content=\"1 minut\" \/>\n<script type=\"application\/ld+json\" class=\"yoast-schema-graph\">{\"@context\":\"https:\/\/schema.org\",\"@graph\":[{\"@type\":\"WebPage\",\"@id\":\"https:\/\/arcticexcursions.com\/da\/udflugter\/showshoe-hike-to-quassussuaq\/\",\"url\":\"https:\/\/arcticexcursions.com\/da\/udflugter\/showshoe-hike-to-quassussuaq\/\",\"name\":\"Toptur til Quassussuaq - Arctic Excursions\",\"isPartOf\":{\"@id\":\"https:\/\/arcticexcursions.com\/#website\"},\"primaryImageOfPage\":{\"@id\":\"https:\/\/arcticexcursions.com\/da\/udflugter\/showshoe-hike-to-quassussuaq\/#primaryimage\"},\"image\":{\"@id\":\"https:\/\/arcticexcursions.com\/da\/udflugter\/showshoe-hike-to-quassussuaq\/#primaryimage\"},\"thumbnailUrl\":\"https:\/\/arcticexcursions.com\/wp-content\/uploads\/2025\/04\/IMG_3828-2-scaled.jpg\",\"datePublished\":\"2023-01-25T11:17:05+00:00\",\"dateModified\":\"2026-04-05T16:44:49+00:00\",\"breadcrumb\":{\"@id\":\"https:\/\/arcticexcursions.com\/da\/udflugter\/showshoe-hike-to-quassussuaq\/#breadcrumb\"},\"inLanguage\":\"da-DK\",\"potentialAction\":[{\"@type\":\"ReadAction\",\"target\":[\"https:\/\/arcticexcursions.com\/da\/udflugter\/showshoe-hike-to-quassussuaq\/\"]}]},{\"@type\":\"ImageObject\",\"inLanguage\":\"da-DK\",\"@id\":\"https:\/\/arcticexcursions.com\/da\/udflugter\/showshoe-hike-to-quassussuaq\/#primaryimage\",\"url\":\"https:\/\/arcticexcursions.com\/wp-content\/uploads\/2025\/04\/IMG_3828-2-scaled.jpg\",\"contentUrl\":\"https:\/\/arcticexcursions.com\/wp-content\/uploads\/2025\/04\/IMG_3828-2-scaled.jpg\",\"width\":2560,\"height\":1525},{\"@type\":\"BreadcrumbList\",\"@id\":\"https:\/\/arcticexcursions.com\/da\/udflugter\/showshoe-hike-to-quassussuaq\/#breadcrumb\",\"itemListElement\":[{\"@type\":\"ListItem\",\"position\":1,\"name\":\"Home\",\"item\":\"https:\/\/arcticexcursions.com\/da\/\"},{\"@type\":\"ListItem\",\"position\":2,\"name\":\"Udflugter i Gr\u00f8nland\",\"item\":\"https:\/\/arcticexcursions.com\/da\/udflugter\/\"},{\"@type\":\"ListItem\",\"position\":3,\"name\":\"Toptur til Quassussuaq\"}]},{\"@type\":\"WebSite\",\"@id\":\"https:\/\/arcticexcursions.com\/#website\",\"url\":\"https:\/\/arcticexcursions.com\/\",\"name\":\"Arctic Excursions\",\"description\":\"New adventures. Every day.\",\"publisher\":{\"@id\":\"https:\/\/arcticexcursions.com\/#organization\"},\"potentialAction\":[{\"@type\":\"SearchAction\",\"target\":{\"@type\":\"EntryPoint\",\"urlTemplate\":\"https:\/\/arcticexcursions.com\/?s={search_term_string}\"},\"query-input\":{\"@type\":\"PropertyValueSpecification\",\"valueRequired\":true,\"valueName\":\"search_term_string\"}}],\"inLanguage\":\"da-DK\"},{\"@type\":\"Organization\",\"@id\":\"https:\/\/arcticexcursions.com\/#organization\",\"name\":\"Arctic Excursions\",\"url\":\"https:\/\/arcticexcursions.com\/\",\"logo\":{\"@type\":\"ImageObject\",\"inLanguage\":\"da-DK\",\"@id\":\"https:\/\/arcticexcursions.com\/#\/schema\/logo\/image\/\",\"url\":\"https:\/\/arcticexcursions.com\/wp-content\/uploads\/2022\/11\/fb-logo.png\",\"contentUrl\":\"https:\/\/arcticexcursions.com\/wp-content\/uploads\/2022\/11\/fb-logo.png\",\"width\":523,\"height\":523,\"caption\":\"Arctic Excursions\"},\"image\":{\"@id\":\"https:\/\/arcticexcursions.com\/#\/schema\/logo\/image\/\"}}]}<\/script>\n<!-- \/ Yoast SEO plugin. -->","yoast_head_json":{"title":"Arctic Excursions","robots":{"index":"index","follow":"follow","max-snippet":"max-snippet:-1","max-image-preview":"max-image-preview:large","max-video-preview":"max-video-preview:-1"},"canonical":"https:\/\/arcticexcursions.com\/da\/udflugter\/showshoe-hike-to-quassussuaq\/","og_locale":"da_DK","og_type":"article","og_title":"Toptur til Quassussuaq - Arctic Excursions","og_description":"Kunne du t\u00e6nke dig at opleve en vandring i Nuuks bagland? S\u00e5 er denne tur som skabt til dig!","og_url":"https:\/\/arcticexcursions.com\/da\/udflugter\/showshoe-hike-to-quassussuaq\/","og_site_name":"Arctic Excursions","article_modified_time":"2026-04-05T16:44:49+00:00","og_image":[{"width":2560,"height":1525,"url":"https:\/\/arcticexcursions.com\/wp-content\/uploads\/2025\/04\/IMG_3828-2-scaled.jpg","type":"image\/jpeg"}],"twitter_card":"summary_large_image","twitter_misc":{"Estimeret l\u00e6setid":"1 minut"},"schema":{"@context":"https:\/\/schema.org","@graph":[{"@type":"WebPage","@id":"https:\/\/arcticexcursions.com\/da\/udflugter\/showshoe-hike-to-quassussuaq\/","url":"https:\/\/arcticexcursions.com\/da\/udflugter\/showshoe-hike-to-quassussuaq\/","name":"Toptur til Quassussuaq - Arctic Excursions","isPartOf":{"@id":"https:\/\/arcticexcursions.com\/#website"},"primaryImageOfPage":{"@id":"https:\/\/arcticexcursions.com\/da\/udflugter\/showshoe-hike-to-quassussuaq\/#primaryimage"},"image":{"@id":"https:\/\/arcticexcursions.com\/da\/udflugter\/showshoe-hike-to-quassussuaq\/#primaryimage"},"thumbnailUrl":"https:\/\/arcticexcursions.com\/wp-content\/uploads\/2025\/04\/IMG_3828-2-scaled.jpg","datePublished":"2023-01-25T11:17:05+00:00","dateModified":"2026-04-05T16:44:49+00:00","breadcrumb":{"@id":"https:\/\/arcticexcursions.com\/da\/udflugter\/showshoe-hike-to-quassussuaq\/#breadcrumb"},"inLanguage":"da-DK","potentialAction":[{"@type":"ReadAction","target":["https:\/\/arcticexcursions.com\/da\/udflugter\/showshoe-hike-to-quassussuaq\/"]}]},{"@type":"ImageObject","inLanguage":"da-DK","@id":"https:\/\/arcticexcursions.com\/da\/udflugter\/showshoe-hike-to-quassussuaq\/#primaryimage","url":"https:\/\/arcticexcursions.com\/wp-content\/uploads\/2025\/04\/IMG_3828-2-scaled.jpg","contentUrl":"https:\/\/arcticexcursions.com\/wp-content\/uploads\/2025\/04\/IMG_3828-2-scaled.jpg","width":2560,"height":1525},{"@type":"BreadcrumbList","@id":"https:\/\/arcticexcursions.com\/da\/udflugter\/showshoe-hike-to-quassussuaq\/#breadcrumb","itemListElement":[{"@type":"ListItem","position":1,"name":"Home","item":"https:\/\/arcticexcursions.com\/da\/"},{"@type":"ListItem","position":2,"name":"Udflugter i Gr\u00f8nland","item":"https:\/\/arcticexcursions.com\/da\/udflugter\/"},{"@type":"ListItem","position":3,"name":"Toptur til Quassussuaq"}]},{"@type":"WebSite","@id":"https:\/\/arcticexcursions.com\/#website","url":"https:\/\/arcticexcursions.com\/","name":"Arctic Excursions","description":"New adventures. Every day.","publisher":{"@id":"https:\/\/arcticexcursions.com\/#organization"},"potentialAction":[{"@type":"SearchAction","target":{"@type":"EntryPoint","urlTemplate":"https:\/\/arcticexcursions.com\/?s={search_term_string}"},"query-input":{"@type":"PropertyValueSpecification","valueRequired":true,"valueName":"search_term_string"}}],"inLanguage":"da-DK"},{"@type":"Organization","@id":"https:\/\/arcticexcursions.com\/#organization","name":"Arctic Excursions","url":"https:\/\/arcticexcursions.com\/","logo":{"@type":"ImageObject","inLanguage":"da-DK","@id":"https:\/\/arcticexcursions.com\/#\/schema\/logo\/image\/","url":"https:\/\/arcticexcursions.com\/wp-content\/uploads\/2022\/11\/fb-logo.png","contentUrl":"https:\/\/arcticexcursions.com\/wp-content\/uploads\/2022\/11\/fb-logo.png","width":523,"height":523,"caption":"Arctic Excursions"},"image":{"@id":"https:\/\/arcticexcursions.com\/#\/schema\/logo\/image\/"}}]}},"_links":{"self":[{"href":"https:\/\/arcticexcursions.com\/da\/wp-json\/wp\/v2\/product\/8220"}],"collection":[{"href":"https:\/\/arcticexcursions.com\/da\/wp-json\/wp\/v2\/product"}],"about":[{"href":"https:\/\/arcticexcursions.com\/da\/wp-json\/wp\/v2\/types\/product"}],"replies":[{"embeddable":true,"href":"https:\/\/arcticexcursions.com\/da\/wp-json\/wp\/v2\/comments?post=8220"}],"wp:featuredmedia":[{"embeddable":true,"href":"https:\/\/arcticexcursions.com\/da\/wp-json\/wp\/v2\/media\/51352"}],"wp:attachment":[{"href":"https:\/\/arcticexcursions.com\/da\/wp-json\/wp\/v2\/media?parent=8220"}],"wp:term":[{"taxonomy":"product_brand","embeddable":true,"href":"https:\/\/arcticexcursions.com\/da\/wp-json\/wp\/v2\/product_brand?post=8220"},{"taxonomy":"product_cat","embeddable":true,"href":"https:\/\/arcticexcursions.com\/da\/wp-json\/wp\/v2\/product_cat?post=8220"},{"taxonomy":"product_tag","embeddable":true,"href":"https:\/\/arcticexcursions.com\/da\/wp-json\/wp\/v2\/product_tag?post=8220"}],"curies":[{"name":"wp","href":"https:\/\/api.w.org\/{rel}","templated":true}]}}