{"id":8234,"date":"2023-01-25T12:32:06","date_gmt":"2023-01-25T10:32:06","guid":{"rendered":"https:\/\/arcticexcursions.com\/?post_type=product&#038;p=8234"},"modified":"2025-12-01T17:41:09","modified_gmt":"2025-12-01T15:41:09","slug":"tentsile-sleepover","status":"publish","type":"product","link":"https:\/\/arcticexcursions.com\/da\/udflugter\/tentsile-sleepover\/","title":{"rendered":"Overnatning i Tentsile-telt"},"content":{"rendered":"<p>Vi har et favoritsted, hvor vi har forberedt en ny m\u00e5de at campere p\u00e5. Tentsile teltene er komfortable, og du kan f\u00e5 en god nats s\u00f8vn i den gr\u00f8nlandske natur.<\/p>\n<p>Vores lejr ligger 350 meter over havets overflade, og der er smukke udsigter at se fra denne lejr. <\/p>\n<p>P\u00e5 turen vil guiden tilberede en ekspeditionslignende middag og morgenmad til dig og s\u00f8rge for varme drikkevarer til enhver tid. <\/p>\n<p><b>Minimum:<\/b> 3 personer<\/p>\n<p><b>H\u00f8jst:<\/b> 10 personer<\/p>\n<p><b>Varighed:<\/b> 1 overnatning   <\/p>\n<p><b>Inkluderet:<\/b> Lokal guide, ekspeditionsmiddag og -morgenmad, varme drikkevarer til enhver tid. <\/p>\n<p><b>Medbring dette selv:<\/b> Sovepose og liggeunderlag (kan lejes), vandrerygs\u00e6k (kan lejes), personligt udstyr, forsikring.<\/p>\n","protected":false},"excerpt":{"rendered":"<p>Vil du gerne opleve camping i Tentsiles?<br \/>\nS\u00e5 er denne tur som skabt til dig! <\/p>\n","protected":false},"featured_media":51686,"comment_status":"open","ping_status":"closed","template":"","meta":{"_acf_changed":false},"product_brand":[],"product_cat":[101,170],"product_tag":[],"class_list":{"0":"post-8234","1":"product","2":"type-product","3":"status-publish","4":"has-post-thumbnail","6":"product_cat-tour","7":"product_cat-udflugt","8":"pa_dato-335","9":"pa_dato-365","10":"pa_dato-667","11":"pa_dato-669","12":"pa_dato-674","13":"pa_dato-675","14":"pa_dato-502","15":"pa_dato-536","16":"pa_dato-537","17":"pa_dato-538","18":"pa_dato-542","19":"pa_dato-543","20":"pa_dato-465","21":"pa_dato-550","22":"pa_dato-551","23":"pa_dato-553","24":"pa_dato-558","25":"pa_dato-521","26":"pa_dato-522","27":"pa_dato-588","28":"pa_dato-589","29":"pa_dato-590","30":"pa_dato-593","31":"pa_dato-594","32":"pa_dato-595","33":"pa_dato-510","34":"pa_dato-513","35":"pa_dato-512","36":"pa_dato-599","37":"pa_dato-600","38":"pa_dato-739","39":"pa_dato-602","40":"pa_dato-603","41":"pa_dato-605","42":"pa_dato-608","43":"pa_dato-610","44":"pa_dato-613","45":"pa_dato-1101","46":"pa_dato-1105","47":"pa_dato-1111","48":"pa_dato-1117","49":"pa_dato-1122","50":"pa_dato-1065","51":"pa_dato-1126","52":"pa_dato-1129","53":"pa_dato-1026","54":"pa_dato-988","55":"pa_dato-993","56":"pa_dato-997","57":"pa_dato-1004","58":"pa_dato-1039","59":"pa_dato-1012","60":"pa_dato-1017","61":"pa_dato-1043","62":"pa_dato-1049","63":"pa_dato-1056","64":"pa_dato-1133","65":"pa_dato-1138","66":"pa_dato-1160","67":"pa_tidspunkt-61","68":"tour_location-nuuk-da","69":"tour_type-outdoor-da","70":"tour_tickettype-arctic_excursions","71":"tour_operator-two-ravens","73":"first","74":"outofstock","75":"shipping-taxable","76":"product-type-variable"},"acf":[],"yoast_head":"<!-- This site is optimized with the Yoast SEO plugin v23.6 - https:\/\/yoast.com\/wordpress\/plugins\/seo\/ -->\n<title>Arctic Excursions<\/title>\n<meta name=\"robots\" content=\"index, follow, max-snippet:-1, max-image-preview:large, max-video-preview:-1\" \/>\n<link rel=\"canonical\" href=\"https:\/\/arcticexcursions.com\/da\/udflugter\/tentsile-sleepover\/\" \/>\n<meta property=\"og:locale\" content=\"da_DK\" \/>\n<meta property=\"og:type\" content=\"article\" \/>\n<meta property=\"og:title\" content=\"Overnatning i Tentsile-telt - Arctic Excursions\" \/>\n<meta property=\"og:description\" content=\"Vil du gerne opleve camping i Tentsiles?  S\u00e5 er denne tur som skabt til dig!\" \/>\n<meta property=\"og:url\" content=\"https:\/\/arcticexcursions.com\/da\/udflugter\/tentsile-sleepover\/\" \/>\n<meta property=\"og:site_name\" content=\"Arctic Excursions\" \/>\n<meta property=\"article:modified_time\" content=\"2025-12-01T15:41:09+00:00\" \/>\n<meta property=\"og:image\" content=\"https:\/\/arcticexcursions.com\/wp-content\/uploads\/2025\/05\/Kopi-af-TwoRavens-Tents03_4x5format_Low.jpg\" \/>\n\t<meta property=\"og:image:width\" content=\"1600\" \/>\n\t<meta property=\"og:image:height\" content=\"2000\" \/>\n\t<meta property=\"og:image:type\" content=\"image\/jpeg\" \/>\n<meta name=\"twitter:card\" content=\"summary_large_image\" \/>\n<meta name=\"twitter:label1\" content=\"Estimeret l\u00e6setid\" \/>\n\t<meta name=\"twitter:data1\" content=\"1 minut\" \/>\n<script type=\"application\/ld+json\" class=\"yoast-schema-graph\">{\"@context\":\"https:\/\/schema.org\",\"@graph\":[{\"@type\":\"WebPage\",\"@id\":\"https:\/\/arcticexcursions.com\/da\/udflugter\/tentsile-sleepover\/\",\"url\":\"https:\/\/arcticexcursions.com\/da\/udflugter\/tentsile-sleepover\/\",\"name\":\"Overnatning i Tentsile-telt - Arctic Excursions\",\"isPartOf\":{\"@id\":\"https:\/\/arcticexcursions.com\/#website\"},\"primaryImageOfPage\":{\"@id\":\"https:\/\/arcticexcursions.com\/da\/udflugter\/tentsile-sleepover\/#primaryimage\"},\"image\":{\"@id\":\"https:\/\/arcticexcursions.com\/da\/udflugter\/tentsile-sleepover\/#primaryimage\"},\"thumbnailUrl\":\"https:\/\/arcticexcursions.com\/wp-content\/uploads\/2025\/05\/Kopi-af-TwoRavens-Tents03_4x5format_Low.jpg\",\"datePublished\":\"2023-01-25T10:32:06+00:00\",\"dateModified\":\"2025-12-01T15:41:09+00:00\",\"breadcrumb\":{\"@id\":\"https:\/\/arcticexcursions.com\/da\/udflugter\/tentsile-sleepover\/#breadcrumb\"},\"inLanguage\":\"da-DK\",\"potentialAction\":[{\"@type\":\"ReadAction\",\"target\":[\"https:\/\/arcticexcursions.com\/da\/udflugter\/tentsile-sleepover\/\"]}]},{\"@type\":\"ImageObject\",\"inLanguage\":\"da-DK\",\"@id\":\"https:\/\/arcticexcursions.com\/da\/udflugter\/tentsile-sleepover\/#primaryimage\",\"url\":\"https:\/\/arcticexcursions.com\/wp-content\/uploads\/2025\/05\/Kopi-af-TwoRavens-Tents03_4x5format_Low.jpg\",\"contentUrl\":\"https:\/\/arcticexcursions.com\/wp-content\/uploads\/2025\/05\/Kopi-af-TwoRavens-Tents03_4x5format_Low.jpg\",\"width\":1600,\"height\":2000},{\"@type\":\"BreadcrumbList\",\"@id\":\"https:\/\/arcticexcursions.com\/da\/udflugter\/tentsile-sleepover\/#breadcrumb\",\"itemListElement\":[{\"@type\":\"ListItem\",\"position\":1,\"name\":\"Home\",\"item\":\"https:\/\/arcticexcursions.com\/da\/\"},{\"@type\":\"ListItem\",\"position\":2,\"name\":\"Udflugter i Gr\u00f8nland\",\"item\":\"https:\/\/arcticexcursions.com\/da\/udflugter\/\"},{\"@type\":\"ListItem\",\"position\":3,\"name\":\"Overnatning i Tentsile-telt\"}]},{\"@type\":\"WebSite\",\"@id\":\"https:\/\/arcticexcursions.com\/#website\",\"url\":\"https:\/\/arcticexcursions.com\/\",\"name\":\"Arctic Excursions\",\"description\":\"New adventures. Every day.\",\"publisher\":{\"@id\":\"https:\/\/arcticexcursions.com\/#organization\"},\"potentialAction\":[{\"@type\":\"SearchAction\",\"target\":{\"@type\":\"EntryPoint\",\"urlTemplate\":\"https:\/\/arcticexcursions.com\/?s={search_term_string}\"},\"query-input\":{\"@type\":\"PropertyValueSpecification\",\"valueRequired\":true,\"valueName\":\"search_term_string\"}}],\"inLanguage\":\"da-DK\"},{\"@type\":\"Organization\",\"@id\":\"https:\/\/arcticexcursions.com\/#organization\",\"name\":\"Arctic Excursions\",\"url\":\"https:\/\/arcticexcursions.com\/\",\"logo\":{\"@type\":\"ImageObject\",\"inLanguage\":\"da-DK\",\"@id\":\"https:\/\/arcticexcursions.com\/#\/schema\/logo\/image\/\",\"url\":\"https:\/\/arcticexcursions.com\/wp-content\/uploads\/2022\/11\/fb-logo.png\",\"contentUrl\":\"https:\/\/arcticexcursions.com\/wp-content\/uploads\/2022\/11\/fb-logo.png\",\"width\":523,\"height\":523,\"caption\":\"Arctic Excursions\"},\"image\":{\"@id\":\"https:\/\/arcticexcursions.com\/#\/schema\/logo\/image\/\"}}]}<\/script>\n<!-- \/ Yoast SEO plugin. -->","yoast_head_json":{"title":"Arctic Excursions","robots":{"index":"index","follow":"follow","max-snippet":"max-snippet:-1","max-image-preview":"max-image-preview:large","max-video-preview":"max-video-preview:-1"},"canonical":"https:\/\/arcticexcursions.com\/da\/udflugter\/tentsile-sleepover\/","og_locale":"da_DK","og_type":"article","og_title":"Overnatning i Tentsile-telt - Arctic Excursions","og_description":"Vil du gerne opleve camping i Tentsiles?  S\u00e5 er denne tur som skabt til dig!","og_url":"https:\/\/arcticexcursions.com\/da\/udflugter\/tentsile-sleepover\/","og_site_name":"Arctic Excursions","article_modified_time":"2025-12-01T15:41:09+00:00","og_image":[{"width":1600,"height":2000,"url":"https:\/\/arcticexcursions.com\/wp-content\/uploads\/2025\/05\/Kopi-af-TwoRavens-Tents03_4x5format_Low.jpg","type":"image\/jpeg"}],"twitter_card":"summary_large_image","twitter_misc":{"Estimeret l\u00e6setid":"1 minut"},"schema":{"@context":"https:\/\/schema.org","@graph":[{"@type":"WebPage","@id":"https:\/\/arcticexcursions.com\/da\/udflugter\/tentsile-sleepover\/","url":"https:\/\/arcticexcursions.com\/da\/udflugter\/tentsile-sleepover\/","name":"Overnatning i Tentsile-telt - Arctic Excursions","isPartOf":{"@id":"https:\/\/arcticexcursions.com\/#website"},"primaryImageOfPage":{"@id":"https:\/\/arcticexcursions.com\/da\/udflugter\/tentsile-sleepover\/#primaryimage"},"image":{"@id":"https:\/\/arcticexcursions.com\/da\/udflugter\/tentsile-sleepover\/#primaryimage"},"thumbnailUrl":"https:\/\/arcticexcursions.com\/wp-content\/uploads\/2025\/05\/Kopi-af-TwoRavens-Tents03_4x5format_Low.jpg","datePublished":"2023-01-25T10:32:06+00:00","dateModified":"2025-12-01T15:41:09+00:00","breadcrumb":{"@id":"https:\/\/arcticexcursions.com\/da\/udflugter\/tentsile-sleepover\/#breadcrumb"},"inLanguage":"da-DK","potentialAction":[{"@type":"ReadAction","target":["https:\/\/arcticexcursions.com\/da\/udflugter\/tentsile-sleepover\/"]}]},{"@type":"ImageObject","inLanguage":"da-DK","@id":"https:\/\/arcticexcursions.com\/da\/udflugter\/tentsile-sleepover\/#primaryimage","url":"https:\/\/arcticexcursions.com\/wp-content\/uploads\/2025\/05\/Kopi-af-TwoRavens-Tents03_4x5format_Low.jpg","contentUrl":"https:\/\/arcticexcursions.com\/wp-content\/uploads\/2025\/05\/Kopi-af-TwoRavens-Tents03_4x5format_Low.jpg","width":1600,"height":2000},{"@type":"BreadcrumbList","@id":"https:\/\/arcticexcursions.com\/da\/udflugter\/tentsile-sleepover\/#breadcrumb","itemListElement":[{"@type":"ListItem","position":1,"name":"Home","item":"https:\/\/arcticexcursions.com\/da\/"},{"@type":"ListItem","position":2,"name":"Udflugter i Gr\u00f8nland","item":"https:\/\/arcticexcursions.com\/da\/udflugter\/"},{"@type":"ListItem","position":3,"name":"Overnatning i Tentsile-telt"}]},{"@type":"WebSite","@id":"https:\/\/arcticexcursions.com\/#website","url":"https:\/\/arcticexcursions.com\/","name":"Arctic Excursions","description":"New adventures. Every day.","publisher":{"@id":"https:\/\/arcticexcursions.com\/#organization"},"potentialAction":[{"@type":"SearchAction","target":{"@type":"EntryPoint","urlTemplate":"https:\/\/arcticexcursions.com\/?s={search_term_string}"},"query-input":{"@type":"PropertyValueSpecification","valueRequired":true,"valueName":"search_term_string"}}],"inLanguage":"da-DK"},{"@type":"Organization","@id":"https:\/\/arcticexcursions.com\/#organization","name":"Arctic Excursions","url":"https:\/\/arcticexcursions.com\/","logo":{"@type":"ImageObject","inLanguage":"da-DK","@id":"https:\/\/arcticexcursions.com\/#\/schema\/logo\/image\/","url":"https:\/\/arcticexcursions.com\/wp-content\/uploads\/2022\/11\/fb-logo.png","contentUrl":"https:\/\/arcticexcursions.com\/wp-content\/uploads\/2022\/11\/fb-logo.png","width":523,"height":523,"caption":"Arctic Excursions"},"image":{"@id":"https:\/\/arcticexcursions.com\/#\/schema\/logo\/image\/"}}]}},"_links":{"self":[{"href":"https:\/\/arcticexcursions.com\/da\/wp-json\/wp\/v2\/product\/8234"}],"collection":[{"href":"https:\/\/arcticexcursions.com\/da\/wp-json\/wp\/v2\/product"}],"about":[{"href":"https:\/\/arcticexcursions.com\/da\/wp-json\/wp\/v2\/types\/product"}],"replies":[{"embeddable":true,"href":"https:\/\/arcticexcursions.com\/da\/wp-json\/wp\/v2\/comments?post=8234"}],"wp:featuredmedia":[{"embeddable":true,"href":"https:\/\/arcticexcursions.com\/da\/wp-json\/wp\/v2\/media\/51686"}],"wp:attachment":[{"href":"https:\/\/arcticexcursions.com\/da\/wp-json\/wp\/v2\/media?parent=8234"}],"wp:term":[{"taxonomy":"product_brand","embeddable":true,"href":"https:\/\/arcticexcursions.com\/da\/wp-json\/wp\/v2\/product_brand?post=8234"},{"taxonomy":"product_cat","embeddable":true,"href":"https:\/\/arcticexcursions.com\/da\/wp-json\/wp\/v2\/product_cat?post=8234"},{"taxonomy":"product_tag","embeddable":true,"href":"https:\/\/arcticexcursions.com\/da\/wp-json\/wp\/v2\/product_tag?post=8234"}],"curies":[{"name":"wp","href":"https:\/\/api.w.org\/{rel}","templated":true}]}}