{"id":8657,"date":"2023-01-27T15:30:18","date_gmt":"2023-01-27T13:30:18","guid":{"rendered":"https:\/\/arcticexcursions.com\/?post_type=product&#038;p=8657"},"modified":"2026-03-19T13:22:36","modified_gmt":"2026-03-19T11:22:36","slug":"whale-safari-in-ilulissat","status":"publish","type":"product","link":"https:\/\/arcticexcursions.com\/da\/udflugter\/whale-safari-in-ilulissat\/","title":{"rendered":"Hvalsalari i Ilulissat isfjord"},"content":{"rendered":"<p>Vi sejler med \u00e5ben b\u00e5d mellem isbjergene for at fors\u00f8ge at finde hvalerne.<\/p>\n<p>N\u00e5r du er i Ilulissat, er en hvalsafari en oplevelse, som man skal have med hjem. <\/p>\n<p>Vi sejler rundt i 3 timer, og der er meget at opleve med os.<\/p>\n<p><b>Varighed:<\/b> 3 timer <\/p>\n<p><b>Deltagere:<\/b> Bem\u00e6rk venligst, at udflugten kun gennemf\u00f8res, hvis der er mindst 4 bookede billetter i alt. Hvis du for eksempel booker 2 billetter, skal der s\u00e6lges mindst 2 yderligere billetter til andre kunder, f\u00f8r turen kan finde sted. Der vil deltage maksimalt 6 personer.<\/p>\n<p><b>Sprog:<\/b> Guiden\/kaptajnen taler dansk, engelsk og gr\u00f8nlandsk<\/p>\n<p><b>B\u00e5dtype:<\/b> \u00c5ben<\/p>\n<p><b>Toiletforhold:<\/b> Ingen toilet p\u00e5 b\u00e5den<\/p>\n<p><b>Anbefalet p\u00e5kl\u00e6dning:<\/b> Varmt t\u00f8j inkl. hue og handsker hele \u00e5ret. Solbriller. Solcreme om sommeren.<\/p>\n","protected":false},"excerpt":{"rendered":"<p>Tag med os p\u00e5 eventyr, n\u00e5r vi tager p\u00e5 hvalsafari i Ilulissat isfjord. <\/p>\n","protected":false},"featured_media":8639,"comment_status":"open","ping_status":"closed","template":"","meta":{"_acf_changed":false},"product_brand":[],"product_cat":[101,170],"product_tag":[],"class_list":{"0":"post-8657","1":"product","2":"type-product","3":"status-publish","4":"has-post-thumbnail","6":"product_cat-tour","7":"product_cat-udflugt","8":"pa_dato-643","9":"pa_dato-644","10":"pa_dato-666","11":"pa_dato-674","12":"pa_dato-222","13":"pa_dato-675","14":"pa_dato-502","15":"pa_dato-549","16":"pa_dato-550","17":"pa_dato-551","18":"pa_dato-513","19":"pa_dato-784","20":"pa_dato-1040","21":"pa_dato-1010","22":"pa_dato-968","23":"pa_dato-1011","24":"pa_dato-1012","25":"pa_dato-1013","26":"pa_dato-1016","27":"pa_dato-965","28":"pa_dato-1041","29":"pa_dato-1017","30":"pa_dato-1018","31":"pa_dato-1019","32":"pa_dato-1022","33":"pa_dato-1042","34":"pa_dato-1043","35":"pa_dato-1044","36":"pa_dato-1047","37":"pa_dato-1048","38":"pa_dato-1049","39":"pa_dato-1050","40":"pa_dato-1051","41":"pa_dato-1054","42":"pa_dato-1055","43":"pa_dato-1056","44":"pa_dato-1057","45":"pa_dato-1058","46":"pa_dato-1131","47":"pa_dato-1132","48":"pa_dato-1133","49":"pa_dato-1134","50":"pa_dato-1135","51":"pa_dato-1185","52":"pa_dato-1186","53":"pa_dato-1136","54":"pa_dato-5882","55":"pa_dato-5925","56":"pa_dato-6021","57":"pa_dato-6022","58":"pa_dato-6059","59":"pa_dato-6242","60":"pa_dato-6241","61":"pa_dato-6294","62":"pa_dato-6304","63":"pa_dato-6258","64":"pa_dato-6364","65":"pa_dato-6414","66":"pa_dato-6348","67":"pa_tidspunkt-70","68":"pa_tidspunkt-72","69":"pa_tidspunkt-40","70":"pa_tidspunkt-177","71":"pa_tidspunkt-314","72":"pa_tidspunkt-308","73":"pa_tidspunkt-430","74":"pa_tidspunkt-61","75":"pa_tidspunkt-426","76":"pa_tidspunkt-57","77":"pa_tidspunkt-110","78":"pa_tidspunkt-205","79":"pa_tidspunkt-255","80":"tour_location-ilulissat-da","81":"tour_type-hvalsafari","82":"tour_tickettype-arctic_excursions","83":"tour_operator-ilulissat-local-guide","85":"first","86":"instock","87":"shipping-taxable","88":"purchasable","89":"product-type-variable"},"acf":[],"yoast_head":"<!-- This site is optimized with the Yoast SEO plugin v23.6 - https:\/\/yoast.com\/wordpress\/plugins\/seo\/ -->\n<title>Arctic Excursions<\/title>\n<meta name=\"robots\" content=\"index, follow, max-snippet:-1, max-image-preview:large, max-video-preview:-1\" \/>\n<link rel=\"canonical\" href=\"https:\/\/arcticexcursions.com\/udflugter\/whale-safari-in-ilulissat\/\" \/>\n<meta property=\"og:locale\" content=\"da_DK\" \/>\n<meta property=\"og:type\" content=\"article\" \/>\n<meta property=\"og:title\" content=\"Hvalsalari i Ilulissat isfjord - Arctic Excursions\" \/>\n<meta property=\"og:description\" content=\"Tag med os p\u00e5 eventyr, n\u00e5r vi tager p\u00e5 hvalsafari i Ilulissat isfjord.\" \/>\n<meta property=\"og:url\" content=\"https:\/\/arcticexcursions.com\/udflugter\/whale-safari-in-ilulissat\/\" \/>\n<meta property=\"og:site_name\" content=\"Arctic Excursions\" \/>\n<meta property=\"article:modified_time\" content=\"2026-03-19T11:22:36+00:00\" \/>\n<meta property=\"og:image\" content=\"https:\/\/arcticexcursions.com\/wp-content\/uploads\/2023\/01\/an-aerial-view-of-a-humpback-surfacing-near-ilulissat-in-greenland-1400x933-1.jpg\" \/>\n\t<meta property=\"og:image:width\" content=\"1400\" \/>\n\t<meta property=\"og:image:height\" content=\"933\" \/>\n\t<meta property=\"og:image:type\" content=\"image\/jpeg\" \/>\n<meta name=\"twitter:card\" content=\"summary_large_image\" \/>\n<meta name=\"twitter:label1\" content=\"Estimeret l\u00e6setid\" \/>\n\t<meta name=\"twitter:data1\" content=\"1 minut\" \/>\n<script type=\"application\/ld+json\" class=\"yoast-schema-graph\">{\"@context\":\"https:\/\/schema.org\",\"@graph\":[{\"@type\":\"WebPage\",\"@id\":\"https:\/\/arcticexcursions.com\/udflugter\/whale-safari-in-ilulissat\/\",\"url\":\"https:\/\/arcticexcursions.com\/udflugter\/whale-safari-in-ilulissat\/\",\"name\":\"Hvalsalari i Ilulissat isfjord - Arctic Excursions\",\"isPartOf\":{\"@id\":\"https:\/\/arcticexcursions.com\/#website\"},\"primaryImageOfPage\":{\"@id\":\"https:\/\/arcticexcursions.com\/udflugter\/whale-safari-in-ilulissat\/#primaryimage\"},\"image\":{\"@id\":\"https:\/\/arcticexcursions.com\/udflugter\/whale-safari-in-ilulissat\/#primaryimage\"},\"thumbnailUrl\":\"https:\/\/arcticexcursions.com\/wp-content\/uploads\/2023\/01\/an-aerial-view-of-a-humpback-surfacing-near-ilulissat-in-greenland-1400x933-1.jpg\",\"datePublished\":\"2023-01-27T13:30:18+00:00\",\"dateModified\":\"2026-03-19T11:22:36+00:00\",\"breadcrumb\":{\"@id\":\"https:\/\/arcticexcursions.com\/udflugter\/whale-safari-in-ilulissat\/#breadcrumb\"},\"inLanguage\":\"da-DK\",\"potentialAction\":[{\"@type\":\"ReadAction\",\"target\":[\"https:\/\/arcticexcursions.com\/udflugter\/whale-safari-in-ilulissat\/\"]}]},{\"@type\":\"ImageObject\",\"inLanguage\":\"da-DK\",\"@id\":\"https:\/\/arcticexcursions.com\/udflugter\/whale-safari-in-ilulissat\/#primaryimage\",\"url\":\"https:\/\/arcticexcursions.com\/wp-content\/uploads\/2023\/01\/an-aerial-view-of-a-humpback-surfacing-near-ilulissat-in-greenland-1400x933-1.jpg\",\"contentUrl\":\"https:\/\/arcticexcursions.com\/wp-content\/uploads\/2023\/01\/an-aerial-view-of-a-humpback-surfacing-near-ilulissat-in-greenland-1400x933-1.jpg\",\"width\":1400,\"height\":933},{\"@type\":\"BreadcrumbList\",\"@id\":\"https:\/\/arcticexcursions.com\/udflugter\/whale-safari-in-ilulissat\/#breadcrumb\",\"itemListElement\":[{\"@type\":\"ListItem\",\"position\":1,\"name\":\"Home\",\"item\":\"https:\/\/arcticexcursions.com\/da\/\"},{\"@type\":\"ListItem\",\"position\":2,\"name\":\"Udflugter i Gr\u00f8nland\",\"item\":\"https:\/\/arcticexcursions.com\/da\/udflugter\/\"},{\"@type\":\"ListItem\",\"position\":3,\"name\":\"Hvalsalari i Ilulissat isfjord\"}]},{\"@type\":\"WebSite\",\"@id\":\"https:\/\/arcticexcursions.com\/#website\",\"url\":\"https:\/\/arcticexcursions.com\/\",\"name\":\"Arctic Excursions\",\"description\":\"New adventures. Every day.\",\"publisher\":{\"@id\":\"https:\/\/arcticexcursions.com\/#organization\"},\"potentialAction\":[{\"@type\":\"SearchAction\",\"target\":{\"@type\":\"EntryPoint\",\"urlTemplate\":\"https:\/\/arcticexcursions.com\/?s={search_term_string}\"},\"query-input\":{\"@type\":\"PropertyValueSpecification\",\"valueRequired\":true,\"valueName\":\"search_term_string\"}}],\"inLanguage\":\"da-DK\"},{\"@type\":\"Organization\",\"@id\":\"https:\/\/arcticexcursions.com\/#organization\",\"name\":\"Arctic Excursions\",\"url\":\"https:\/\/arcticexcursions.com\/\",\"logo\":{\"@type\":\"ImageObject\",\"inLanguage\":\"da-DK\",\"@id\":\"https:\/\/arcticexcursions.com\/#\/schema\/logo\/image\/\",\"url\":\"https:\/\/arcticexcursions.com\/wp-content\/uploads\/2022\/11\/fb-logo.png\",\"contentUrl\":\"https:\/\/arcticexcursions.com\/wp-content\/uploads\/2022\/11\/fb-logo.png\",\"width\":523,\"height\":523,\"caption\":\"Arctic Excursions\"},\"image\":{\"@id\":\"https:\/\/arcticexcursions.com\/#\/schema\/logo\/image\/\"}}]}<\/script>\n<!-- \/ Yoast SEO plugin. -->","yoast_head_json":{"title":"Arctic Excursions","robots":{"index":"index","follow":"follow","max-snippet":"max-snippet:-1","max-image-preview":"max-image-preview:large","max-video-preview":"max-video-preview:-1"},"canonical":"https:\/\/arcticexcursions.com\/udflugter\/whale-safari-in-ilulissat\/","og_locale":"da_DK","og_type":"article","og_title":"Hvalsalari i Ilulissat isfjord - Arctic Excursions","og_description":"Tag med os p\u00e5 eventyr, n\u00e5r vi tager p\u00e5 hvalsafari i Ilulissat isfjord.","og_url":"https:\/\/arcticexcursions.com\/udflugter\/whale-safari-in-ilulissat\/","og_site_name":"Arctic Excursions","article_modified_time":"2026-03-19T11:22:36+00:00","og_image":[{"width":1400,"height":933,"url":"https:\/\/arcticexcursions.com\/wp-content\/uploads\/2023\/01\/an-aerial-view-of-a-humpback-surfacing-near-ilulissat-in-greenland-1400x933-1.jpg","type":"image\/jpeg"}],"twitter_card":"summary_large_image","twitter_misc":{"Estimeret l\u00e6setid":"1 minut"},"schema":{"@context":"https:\/\/schema.org","@graph":[{"@type":"WebPage","@id":"https:\/\/arcticexcursions.com\/udflugter\/whale-safari-in-ilulissat\/","url":"https:\/\/arcticexcursions.com\/udflugter\/whale-safari-in-ilulissat\/","name":"Hvalsalari i Ilulissat isfjord - Arctic Excursions","isPartOf":{"@id":"https:\/\/arcticexcursions.com\/#website"},"primaryImageOfPage":{"@id":"https:\/\/arcticexcursions.com\/udflugter\/whale-safari-in-ilulissat\/#primaryimage"},"image":{"@id":"https:\/\/arcticexcursions.com\/udflugter\/whale-safari-in-ilulissat\/#primaryimage"},"thumbnailUrl":"https:\/\/arcticexcursions.com\/wp-content\/uploads\/2023\/01\/an-aerial-view-of-a-humpback-surfacing-near-ilulissat-in-greenland-1400x933-1.jpg","datePublished":"2023-01-27T13:30:18+00:00","dateModified":"2026-03-19T11:22:36+00:00","breadcrumb":{"@id":"https:\/\/arcticexcursions.com\/udflugter\/whale-safari-in-ilulissat\/#breadcrumb"},"inLanguage":"da-DK","potentialAction":[{"@type":"ReadAction","target":["https:\/\/arcticexcursions.com\/udflugter\/whale-safari-in-ilulissat\/"]}]},{"@type":"ImageObject","inLanguage":"da-DK","@id":"https:\/\/arcticexcursions.com\/udflugter\/whale-safari-in-ilulissat\/#primaryimage","url":"https:\/\/arcticexcursions.com\/wp-content\/uploads\/2023\/01\/an-aerial-view-of-a-humpback-surfacing-near-ilulissat-in-greenland-1400x933-1.jpg","contentUrl":"https:\/\/arcticexcursions.com\/wp-content\/uploads\/2023\/01\/an-aerial-view-of-a-humpback-surfacing-near-ilulissat-in-greenland-1400x933-1.jpg","width":1400,"height":933},{"@type":"BreadcrumbList","@id":"https:\/\/arcticexcursions.com\/udflugter\/whale-safari-in-ilulissat\/#breadcrumb","itemListElement":[{"@type":"ListItem","position":1,"name":"Home","item":"https:\/\/arcticexcursions.com\/da\/"},{"@type":"ListItem","position":2,"name":"Udflugter i Gr\u00f8nland","item":"https:\/\/arcticexcursions.com\/da\/udflugter\/"},{"@type":"ListItem","position":3,"name":"Hvalsalari i Ilulissat isfjord"}]},{"@type":"WebSite","@id":"https:\/\/arcticexcursions.com\/#website","url":"https:\/\/arcticexcursions.com\/","name":"Arctic Excursions","description":"New adventures. Every day.","publisher":{"@id":"https:\/\/arcticexcursions.com\/#organization"},"potentialAction":[{"@type":"SearchAction","target":{"@type":"EntryPoint","urlTemplate":"https:\/\/arcticexcursions.com\/?s={search_term_string}"},"query-input":{"@type":"PropertyValueSpecification","valueRequired":true,"valueName":"search_term_string"}}],"inLanguage":"da-DK"},{"@type":"Organization","@id":"https:\/\/arcticexcursions.com\/#organization","name":"Arctic Excursions","url":"https:\/\/arcticexcursions.com\/","logo":{"@type":"ImageObject","inLanguage":"da-DK","@id":"https:\/\/arcticexcursions.com\/#\/schema\/logo\/image\/","url":"https:\/\/arcticexcursions.com\/wp-content\/uploads\/2022\/11\/fb-logo.png","contentUrl":"https:\/\/arcticexcursions.com\/wp-content\/uploads\/2022\/11\/fb-logo.png","width":523,"height":523,"caption":"Arctic Excursions"},"image":{"@id":"https:\/\/arcticexcursions.com\/#\/schema\/logo\/image\/"}}]}},"_links":{"self":[{"href":"https:\/\/arcticexcursions.com\/da\/wp-json\/wp\/v2\/product\/8657"}],"collection":[{"href":"https:\/\/arcticexcursions.com\/da\/wp-json\/wp\/v2\/product"}],"about":[{"href":"https:\/\/arcticexcursions.com\/da\/wp-json\/wp\/v2\/types\/product"}],"replies":[{"embeddable":true,"href":"https:\/\/arcticexcursions.com\/da\/wp-json\/wp\/v2\/comments?post=8657"}],"wp:featuredmedia":[{"embeddable":true,"href":"https:\/\/arcticexcursions.com\/da\/wp-json\/wp\/v2\/media\/8639"}],"wp:attachment":[{"href":"https:\/\/arcticexcursions.com\/da\/wp-json\/wp\/v2\/media?parent=8657"}],"wp:term":[{"taxonomy":"product_brand","embeddable":true,"href":"https:\/\/arcticexcursions.com\/da\/wp-json\/wp\/v2\/product_brand?post=8657"},{"taxonomy":"product_cat","embeddable":true,"href":"https:\/\/arcticexcursions.com\/da\/wp-json\/wp\/v2\/product_cat?post=8657"},{"taxonomy":"product_tag","embeddable":true,"href":"https:\/\/arcticexcursions.com\/da\/wp-json\/wp\/v2\/product_tag?post=8657"}],"curies":[{"name":"wp","href":"https:\/\/api.w.org\/{rel}","templated":true}]}}