{"id":8706,"date":"2023-01-28T21:46:32","date_gmt":"2023-01-28T19:46:32","guid":{"rendered":"https:\/\/arcticexcursions.com\/?post_type=product&#038;p=8706"},"modified":"2025-10-23T18:01:22","modified_gmt":"2025-10-23T16:01:22","slug":"iceberg-safari-in-ilulissat","status":"publish","type":"product","link":"https:\/\/arcticexcursions.com\/da\/udflugter\/iceberg-safari-in-ilulissat\/","title":{"rendered":"Isbjergsafari i Ilulissat"},"content":{"rendered":"<p>Kom med n\u00e5r vi sejler fra Ilulissat til isbjergene og nyder sk\u00f8nheden ved isbjergene og isen, der kn\u00e6kker.<\/p>\n<p>Vi sejler med en \u00e5ben b\u00e5d for at f\u00e5 den mest autentiske oplevelse.<\/p>\n<p>Der vil v\u00e6re tid til at tage nogle gode billeder. <\/p>\n<p><b>Varighed:<\/b> 2 timer<\/p>\n<p><b>Inkluderet:<\/b> Snedragt, kaffe og te.<\/p>\n<p><b>Deltagere:<\/b> Bem\u00e6rk venligst, at udflugten kun gennemf\u00f8res, hvis der er mindst 4 bookede billetter i alt. Hvis du for eksempel booker 2 billetter, skal der s\u00e6lges mindst 2 yderligere billetter til andre kunder, f\u00f8r turen kan finde sted. Der vil deltage maksimalt 7 personer.<\/p>\n<p><b>Sprog:<\/b> Guiden\/kaptajnen taler dansk, engelsk og gr\u00f8nlandsk<\/p>\n<p><b>B\u00e5dtype:<\/b> \u00c5ben<\/p>\n<p><b>Toiletforhold:<\/b> Der er ikke toilet p\u00e5 b\u00e5den<\/p>\n<p><b>Anbefalet p\u00e5kl\u00e6dning:<\/b> Varmt t\u00f8j inkl. hue og handsker hele \u00e5ret. Solbriller. Solcreme om sommeren.<\/p>\n","protected":false},"excerpt":{"rendered":"<p>Tag med mig for at se isbjerge og naturens vidundere i UNESCO&#8217;s verdensarvsomr\u00e5de.<\/p>\n","protected":false},"featured_media":8655,"comment_status":"open","ping_status":"closed","template":"","meta":{"_acf_changed":false},"product_brand":[],"product_cat":[170],"product_tag":[],"class_list":{"0":"post-8706","1":"product","2":"type-product","3":"status-publish","4":"has-post-thumbnail","6":"product_cat-udflugt","7":"pa_dato-413","8":"pa_dato-349","9":"pa_dato-375","10":"pa_dato-397","11":"pa_dato-628","12":"pa_dato-629","13":"pa_dato-630","14":"pa_dato-631","15":"pa_dato-632","16":"pa_dato-636","17":"pa_dato-637","18":"pa_dato-638","19":"pa_dato-639","20":"pa_dato-640","21":"pa_dato-645","22":"pa_dato-551","23":"pa_dato-592","24":"pa_dato-593","25":"pa_dato-602","26":"pa_dato-603","27":"pa_dato-913","28":"pa_dato-894","29":"pa_dato-950","30":"pa_dato-862","31":"pa_dato-954","32":"pa_dato-895","33":"pa_dato-919","34":"pa_dato-867","35":"pa_dato-1090","36":"pa_dato-882","37":"pa_dato-896","38":"pa_dato-868","39":"pa_dato-1091","40":"pa_dato-1092","41":"pa_dato-1093","42":"pa_dato-1094","43":"pa_dato-1095","44":"pa_dato-1085","45":"pa_dato-920","46":"pa_dato-921","47":"pa_dato-1096","48":"pa_dato-1097","49":"pa_dato-1098","50":"pa_dato-1086","51":"pa_dato-1099","52":"pa_dato-1100","53":"pa_dato-1101","54":"pa_dato-1102","55":"pa_dato-1103","56":"pa_dato-1104","57":"pa_dato-922","58":"pa_dato-923","59":"pa_dato-1105","60":"pa_dato-1106","61":"pa_dato-1107","62":"pa_dato-1108","63":"pa_dato-1109","64":"pa_dato-1110","65":"pa_dato-1111","66":"pa_dato-1112","67":"pa_dato-1113","68":"pa_dato-1114","69":"pa_dato-1115","70":"pa_dato-1116","71":"pa_dato-1117","72":"pa_dato-1118","73":"pa_dato-1119","74":"pa_dato-1120","75":"pa_dato-900","76":"pa_dato-1121","77":"pa_dato-1122","78":"pa_dato-1123","79":"pa_dato-1124","80":"pa_dato-1061","81":"pa_dato-1063","82":"pa_dato-1064","83":"pa_dato-1065","84":"pa_dato-1066","85":"pa_dato-901","86":"pa_dato-912","87":"pa_dato-1125","88":"pa_dato-1126","89":"pa_dato-1127","90":"pa_dato-902","91":"pa_dato-963","92":"pa_dato-1128","93":"pa_dato-1129","94":"pa_dato-1130","95":"pa_dato-966","96":"pa_dato-1025","97":"pa_dato-1026","98":"pa_dato-1027","99":"pa_dato-1028","100":"pa_dato-1031","101":"pa_dato-1032","102":"pa_dato-988","103":"pa_dato-990","104":"pa_dato-989","105":"pa_dato-967","106":"pa_dato-1033","107":"pa_dato-993","108":"pa_dato-994","109":"pa_dato-995","110":"pa_dato-964","111":"pa_dato-1035","112":"pa_dato-997","113":"pa_dato-998","114":"pa_dato-999","115":"pa_dato-1002","116":"pa_dato-1003","117":"pa_dato-1004","118":"pa_dato-1005","119":"pa_dato-1006","120":"pa_dato-1037","121":"pa_dato-1038","122":"pa_dato-1039","123":"pa_dato-1040","124":"pa_dato-1008","125":"pa_dato-968","126":"pa_dato-1011","127":"pa_dato-1012","128":"pa_dato-1013","129":"pa_dato-1014","130":"pa_dato-965","131":"pa_dato-1041","132":"pa_dato-1017","133":"pa_dato-1018","134":"pa_dato-1019","135":"pa_dato-1022","136":"pa_dato-1042","137":"pa_dato-1043","138":"pa_dato-1044","139":"pa_dato-1045","140":"pa_dato-1047","141":"pa_dato-1048","142":"pa_dato-1049","143":"pa_dato-1050","144":"pa_dato-1054","145":"pa_dato-1055","146":"pa_dato-1056","147":"pa_dato-1057","148":"pa_dato-1058","149":"pa_dato-1131","150":"pa_dato-1132","151":"pa_dato-1133","152":"pa_dato-1134","153":"pa_dato-1135","154":"pa_dato-1136","155":"pa_dato-1137","156":"pa_dato-1138","157":"pa_dato-1139","158":"pa_dato-1140","159":"pa_dato-1211","160":"pa_dato-5891","161":"pa_dato-6065","162":"pa_dato-6075","163":"pa_dato-6070","164":"pa_dato-6064","165":"pa_dato-5999","166":"pa_dato-5951","167":"pa_tidspunkt-70","168":"pa_tidspunkt-72","169":"pa_tidspunkt-40","170":"pa_tidspunkt-304","171":"pa_tidspunkt-177","172":"pa_tidspunkt-223","173":"pa_tidspunkt-229","174":"pa_tidspunkt-317","175":"pa_tidspunkt-308","176":"pa_tidspunkt-431","177":"pa_tidspunkt-430","178":"pa_tidspunkt-60","179":"pa_tidspunkt-426","180":"pa_tidspunkt-110","181":"pa_tidspunkt-770","182":"pa_tidspunkt-80","183":"tour_location-ilulissat-da","184":"tour_type-baadture","185":"tour_tickettype-arctic_excursions","186":"tour_operator-ilulissat-local-guide","188":"first","189":"outofstock","190":"shipping-taxable","191":"product-type-variable"},"acf":[],"yoast_head":"<!-- This site is optimized with the Yoast SEO plugin v23.6 - https:\/\/yoast.com\/wordpress\/plugins\/seo\/ -->\n<title>Arctic Excursions<\/title>\n<meta name=\"robots\" content=\"index, follow, max-snippet:-1, max-image-preview:large, max-video-preview:-1\" \/>\n<link rel=\"canonical\" href=\"https:\/\/arcticexcursions.com\/da\/udflugter\/iceberg-safari-in-ilulissat\/\" \/>\n<meta property=\"og:locale\" content=\"da_DK\" \/>\n<meta property=\"og:type\" content=\"article\" \/>\n<meta property=\"og:title\" content=\"Isbjergsafari i Ilulissat - Arctic Excursions\" \/>\n<meta property=\"og:description\" content=\"Tag med mig for at se isbjerge og naturens vidundere i UNESCO&#039;s verdensarvsomr\u00e5de.\" \/>\n<meta property=\"og:url\" content=\"https:\/\/arcticexcursions.com\/da\/udflugter\/iceberg-safari-in-ilulissat\/\" \/>\n<meta property=\"og:site_name\" content=\"Arctic Excursions\" \/>\n<meta property=\"article:modified_time\" content=\"2025-10-23T16:01:22+00:00\" \/>\n<meta property=\"og:image\" content=\"https:\/\/arcticexcursions.com\/wp-content\/uploads\/2023\/01\/dji_mimo_20221030_112928_701_1667145966295_photo-scaled.jpg\" \/>\n\t<meta property=\"og:image:width\" content=\"2560\" \/>\n\t<meta property=\"og:image:height\" content=\"1440\" \/>\n\t<meta property=\"og:image:type\" content=\"image\/jpeg\" \/>\n<meta name=\"twitter:card\" content=\"summary_large_image\" \/>\n<meta name=\"twitter:label1\" content=\"Estimeret l\u00e6setid\" \/>\n\t<meta name=\"twitter:data1\" content=\"1 minut\" \/>\n<script type=\"application\/ld+json\" class=\"yoast-schema-graph\">{\"@context\":\"https:\/\/schema.org\",\"@graph\":[{\"@type\":\"WebPage\",\"@id\":\"https:\/\/arcticexcursions.com\/da\/udflugter\/iceberg-safari-in-ilulissat\/\",\"url\":\"https:\/\/arcticexcursions.com\/da\/udflugter\/iceberg-safari-in-ilulissat\/\",\"name\":\"Isbjergsafari i Ilulissat - Arctic Excursions\",\"isPartOf\":{\"@id\":\"https:\/\/arcticexcursions.com\/#website\"},\"primaryImageOfPage\":{\"@id\":\"https:\/\/arcticexcursions.com\/da\/udflugter\/iceberg-safari-in-ilulissat\/#primaryimage\"},\"image\":{\"@id\":\"https:\/\/arcticexcursions.com\/da\/udflugter\/iceberg-safari-in-ilulissat\/#primaryimage\"},\"thumbnailUrl\":\"https:\/\/arcticexcursions.com\/wp-content\/uploads\/2023\/01\/dji_mimo_20221030_112928_701_1667145966295_photo-scaled.jpg\",\"datePublished\":\"2023-01-28T19:46:32+00:00\",\"dateModified\":\"2025-10-23T16:01:22+00:00\",\"breadcrumb\":{\"@id\":\"https:\/\/arcticexcursions.com\/da\/udflugter\/iceberg-safari-in-ilulissat\/#breadcrumb\"},\"inLanguage\":\"da-DK\",\"potentialAction\":[{\"@type\":\"ReadAction\",\"target\":[\"https:\/\/arcticexcursions.com\/da\/udflugter\/iceberg-safari-in-ilulissat\/\"]}]},{\"@type\":\"ImageObject\",\"inLanguage\":\"da-DK\",\"@id\":\"https:\/\/arcticexcursions.com\/da\/udflugter\/iceberg-safari-in-ilulissat\/#primaryimage\",\"url\":\"https:\/\/arcticexcursions.com\/wp-content\/uploads\/2023\/01\/dji_mimo_20221030_112928_701_1667145966295_photo-scaled.jpg\",\"contentUrl\":\"https:\/\/arcticexcursions.com\/wp-content\/uploads\/2023\/01\/dji_mimo_20221030_112928_701_1667145966295_photo-scaled.jpg\",\"width\":2560,\"height\":1440,\"caption\":\"DCIM100MEDIADJI_0701.JPG\"},{\"@type\":\"BreadcrumbList\",\"@id\":\"https:\/\/arcticexcursions.com\/da\/udflugter\/iceberg-safari-in-ilulissat\/#breadcrumb\",\"itemListElement\":[{\"@type\":\"ListItem\",\"position\":1,\"name\":\"Home\",\"item\":\"https:\/\/arcticexcursions.com\/da\/\"},{\"@type\":\"ListItem\",\"position\":2,\"name\":\"Udflugter i Gr\u00f8nland\",\"item\":\"https:\/\/arcticexcursions.com\/da\/udflugter\/\"},{\"@type\":\"ListItem\",\"position\":3,\"name\":\"Isbjergsafari i Ilulissat\"}]},{\"@type\":\"WebSite\",\"@id\":\"https:\/\/arcticexcursions.com\/#website\",\"url\":\"https:\/\/arcticexcursions.com\/\",\"name\":\"Arctic Excursions\",\"description\":\"New adventures. Every day.\",\"publisher\":{\"@id\":\"https:\/\/arcticexcursions.com\/#organization\"},\"potentialAction\":[{\"@type\":\"SearchAction\",\"target\":{\"@type\":\"EntryPoint\",\"urlTemplate\":\"https:\/\/arcticexcursions.com\/?s={search_term_string}\"},\"query-input\":{\"@type\":\"PropertyValueSpecification\",\"valueRequired\":true,\"valueName\":\"search_term_string\"}}],\"inLanguage\":\"da-DK\"},{\"@type\":\"Organization\",\"@id\":\"https:\/\/arcticexcursions.com\/#organization\",\"name\":\"Arctic Excursions\",\"url\":\"https:\/\/arcticexcursions.com\/\",\"logo\":{\"@type\":\"ImageObject\",\"inLanguage\":\"da-DK\",\"@id\":\"https:\/\/arcticexcursions.com\/#\/schema\/logo\/image\/\",\"url\":\"https:\/\/arcticexcursions.com\/wp-content\/uploads\/2022\/11\/fb-logo.png\",\"contentUrl\":\"https:\/\/arcticexcursions.com\/wp-content\/uploads\/2022\/11\/fb-logo.png\",\"width\":523,\"height\":523,\"caption\":\"Arctic Excursions\"},\"image\":{\"@id\":\"https:\/\/arcticexcursions.com\/#\/schema\/logo\/image\/\"}}]}<\/script>\n<!-- \/ Yoast SEO plugin. -->","yoast_head_json":{"title":"Arctic Excursions","robots":{"index":"index","follow":"follow","max-snippet":"max-snippet:-1","max-image-preview":"max-image-preview:large","max-video-preview":"max-video-preview:-1"},"canonical":"https:\/\/arcticexcursions.com\/da\/udflugter\/iceberg-safari-in-ilulissat\/","og_locale":"da_DK","og_type":"article","og_title":"Isbjergsafari i Ilulissat - Arctic Excursions","og_description":"Tag med mig for at se isbjerge og naturens vidundere i UNESCO's verdensarvsomr\u00e5de.","og_url":"https:\/\/arcticexcursions.com\/da\/udflugter\/iceberg-safari-in-ilulissat\/","og_site_name":"Arctic Excursions","article_modified_time":"2025-10-23T16:01:22+00:00","og_image":[{"width":2560,"height":1440,"url":"https:\/\/arcticexcursions.com\/wp-content\/uploads\/2023\/01\/dji_mimo_20221030_112928_701_1667145966295_photo-scaled.jpg","type":"image\/jpeg"}],"twitter_card":"summary_large_image","twitter_misc":{"Estimeret l\u00e6setid":"1 minut"},"schema":{"@context":"https:\/\/schema.org","@graph":[{"@type":"WebPage","@id":"https:\/\/arcticexcursions.com\/da\/udflugter\/iceberg-safari-in-ilulissat\/","url":"https:\/\/arcticexcursions.com\/da\/udflugter\/iceberg-safari-in-ilulissat\/","name":"Isbjergsafari i Ilulissat - Arctic Excursions","isPartOf":{"@id":"https:\/\/arcticexcursions.com\/#website"},"primaryImageOfPage":{"@id":"https:\/\/arcticexcursions.com\/da\/udflugter\/iceberg-safari-in-ilulissat\/#primaryimage"},"image":{"@id":"https:\/\/arcticexcursions.com\/da\/udflugter\/iceberg-safari-in-ilulissat\/#primaryimage"},"thumbnailUrl":"https:\/\/arcticexcursions.com\/wp-content\/uploads\/2023\/01\/dji_mimo_20221030_112928_701_1667145966295_photo-scaled.jpg","datePublished":"2023-01-28T19:46:32+00:00","dateModified":"2025-10-23T16:01:22+00:00","breadcrumb":{"@id":"https:\/\/arcticexcursions.com\/da\/udflugter\/iceberg-safari-in-ilulissat\/#breadcrumb"},"inLanguage":"da-DK","potentialAction":[{"@type":"ReadAction","target":["https:\/\/arcticexcursions.com\/da\/udflugter\/iceberg-safari-in-ilulissat\/"]}]},{"@type":"ImageObject","inLanguage":"da-DK","@id":"https:\/\/arcticexcursions.com\/da\/udflugter\/iceberg-safari-in-ilulissat\/#primaryimage","url":"https:\/\/arcticexcursions.com\/wp-content\/uploads\/2023\/01\/dji_mimo_20221030_112928_701_1667145966295_photo-scaled.jpg","contentUrl":"https:\/\/arcticexcursions.com\/wp-content\/uploads\/2023\/01\/dji_mimo_20221030_112928_701_1667145966295_photo-scaled.jpg","width":2560,"height":1440,"caption":"DCIM100MEDIADJI_0701.JPG"},{"@type":"BreadcrumbList","@id":"https:\/\/arcticexcursions.com\/da\/udflugter\/iceberg-safari-in-ilulissat\/#breadcrumb","itemListElement":[{"@type":"ListItem","position":1,"name":"Home","item":"https:\/\/arcticexcursions.com\/da\/"},{"@type":"ListItem","position":2,"name":"Udflugter i Gr\u00f8nland","item":"https:\/\/arcticexcursions.com\/da\/udflugter\/"},{"@type":"ListItem","position":3,"name":"Isbjergsafari i Ilulissat"}]},{"@type":"WebSite","@id":"https:\/\/arcticexcursions.com\/#website","url":"https:\/\/arcticexcursions.com\/","name":"Arctic Excursions","description":"New adventures. Every day.","publisher":{"@id":"https:\/\/arcticexcursions.com\/#organization"},"potentialAction":[{"@type":"SearchAction","target":{"@type":"EntryPoint","urlTemplate":"https:\/\/arcticexcursions.com\/?s={search_term_string}"},"query-input":{"@type":"PropertyValueSpecification","valueRequired":true,"valueName":"search_term_string"}}],"inLanguage":"da-DK"},{"@type":"Organization","@id":"https:\/\/arcticexcursions.com\/#organization","name":"Arctic Excursions","url":"https:\/\/arcticexcursions.com\/","logo":{"@type":"ImageObject","inLanguage":"da-DK","@id":"https:\/\/arcticexcursions.com\/#\/schema\/logo\/image\/","url":"https:\/\/arcticexcursions.com\/wp-content\/uploads\/2022\/11\/fb-logo.png","contentUrl":"https:\/\/arcticexcursions.com\/wp-content\/uploads\/2022\/11\/fb-logo.png","width":523,"height":523,"caption":"Arctic Excursions"},"image":{"@id":"https:\/\/arcticexcursions.com\/#\/schema\/logo\/image\/"}}]}},"_links":{"self":[{"href":"https:\/\/arcticexcursions.com\/da\/wp-json\/wp\/v2\/product\/8706"}],"collection":[{"href":"https:\/\/arcticexcursions.com\/da\/wp-json\/wp\/v2\/product"}],"about":[{"href":"https:\/\/arcticexcursions.com\/da\/wp-json\/wp\/v2\/types\/product"}],"replies":[{"embeddable":true,"href":"https:\/\/arcticexcursions.com\/da\/wp-json\/wp\/v2\/comments?post=8706"}],"wp:featuredmedia":[{"embeddable":true,"href":"https:\/\/arcticexcursions.com\/da\/wp-json\/wp\/v2\/media\/8655"}],"wp:attachment":[{"href":"https:\/\/arcticexcursions.com\/da\/wp-json\/wp\/v2\/media?parent=8706"}],"wp:term":[{"taxonomy":"product_brand","embeddable":true,"href":"https:\/\/arcticexcursions.com\/da\/wp-json\/wp\/v2\/product_brand?post=8706"},{"taxonomy":"product_cat","embeddable":true,"href":"https:\/\/arcticexcursions.com\/da\/wp-json\/wp\/v2\/product_cat?post=8706"},{"taxonomy":"product_tag","embeddable":true,"href":"https:\/\/arcticexcursions.com\/da\/wp-json\/wp\/v2\/product_tag?post=8706"}],"curies":[{"name":"wp","href":"https:\/\/api.w.org\/{rel}","templated":true}]}}