{"id":9603,"date":"2023-02-16T16:53:20","date_gmt":"2023-02-16T14:53:20","guid":{"rendered":"https:\/\/arcticexcursions.com\/?post_type=product&#038;p=9603"},"modified":"2026-03-30T16:41:21","modified_gmt":"2026-03-30T14:41:21","slug":"5-timers-snescooter-tur-til-gletsjer","status":"publish","type":"product","link":"https:\/\/arcticexcursions.com\/da\/udflugter\/5-timers-snescooter-tur-til-gletsjer\/","title":{"rendered":"6 timers snescootertur &#038; Hundesl\u00e6detur til gletsjer"},"content":{"rendered":"<p>Her f\u00e5r du rig muligheder for at se hundesl\u00e6der k\u00f8re forbi. <\/p>\n<p>P\u00e5 denne tur f\u00e5r du ogs\u00e5 mulighed for at komme ud til fiskerne, der fisker p\u00e5 isen, og se dem hive deres langliner op. Dermed f\u00e5r du et indblik i den gr\u00f8nlandske tradition. <\/p>\n<p>Mens vi k\u00f8rer, kan du betragte det gr\u00f8nlandske landsskab. Undervejs vil der v\u00e6re nogle pauser, hvor du kan nyde udsigten, stilheden og den storsl\u00e5ede natur, mens du ind\u00e5nder den friske luft. <\/p>\n<p><b>Varighed:<\/b> 6 timer<\/p>\n<p><b>Deltagere:<\/b> Bem\u00e6rk venligst, at udflugten kun gennemf\u00f8res, hvis der er mindst 4 bookede billetter i alt. Hvis du for eksempel booker 2 billetter, skal der s\u00e6lges mindst 2 yderligere billetter til andre kunder, f\u00f8r turen kan finde sted. Der vil deltage maksimalt 4 personer.<\/p>\n<p><b>Sprog:<\/b> Guiden taler dansk, engelsk og gr\u00f8nlandsk<\/p>\n<p><b>Type af tur:<\/b> Guiden k\u00f8rer snescooteren. Deltagerne er passagerer.<\/p>\n<p><b>Forplejning:<\/b> Kaffe og te serveres<\/p>\n<p><b>Anbefalet p\u00e5kl\u00e6dning:<\/b> Varmt t\u00f8j inkl. hue og handsker. Hjelm og varm dragt inkluderet.<\/p>\n","protected":false},"excerpt":{"rendered":"<p>Tag med p\u00e5 en heldags snescootertur i baglandet og ud til gletsjeren med en lokal guide, der kan fort\u00e6lle om livet i Gr\u00f8nland. <\/p>\n","protected":false},"featured_media":9523,"comment_status":"open","ping_status":"closed","template":"","meta":{"_acf_changed":false},"product_brand":[],"product_cat":[170],"product_tag":[],"class_list":{"0":"post-9603","1":"product","2":"type-product","3":"status-publish","4":"has-post-thumbnail","6":"product_cat-udflugt","7":"pa_dato-366","8":"pa_dato-367","9":"pa_dato-368","10":"pa_dato-342","11":"pa_dato-371","12":"pa_dato-860","13":"pa_dato-876","14":"pa_dato-1250","15":"pa_dato-1319","16":"pa_dato-1347","17":"pa_dato-1349","18":"pa_dato-1350","19":"pa_dato-1351","20":"pa_dato-1267","21":"pa_dato-1352","22":"pa_dato-1353","23":"pa_dato-1372","24":"pa_dato-1354","25":"pa_dato-5989","26":"pa_dato-6251","27":"pa_dato-6173","28":"pa_dato-6353","29":"pa_dato-6138","30":"pa_dato-6355","31":"pa_tidspunkt-72","32":"pa_tidspunkt-40","33":"pa_tidspunkt-177","34":"pa_tidspunkt-190","35":"pa_tidspunkt-308","36":"tour_location-ilulissat-da","37":"tour_type-snescooter","38":"tour_tickettype-arctic_excursions","39":"tour_operator-authentic-greenland","41":"first","42":"instock","43":"shipping-taxable","44":"purchasable","45":"product-type-variable"},"acf":[],"yoast_head":"<!-- This site is optimized with the Yoast SEO plugin v23.6 - https:\/\/yoast.com\/wordpress\/plugins\/seo\/ -->\n<title>Arctic Excursions<\/title>\n<meta name=\"robots\" content=\"index, follow, max-snippet:-1, max-image-preview:large, max-video-preview:-1\" \/>\n<link rel=\"canonical\" href=\"https:\/\/arcticexcursions.com\/udflugter\/5-timers-snescooter-tur-til-gletsjer\/\" \/>\n<meta property=\"og:locale\" content=\"da_DK\" \/>\n<meta property=\"og:type\" content=\"article\" \/>\n<meta property=\"og:title\" content=\"6 timers snescootertur &amp; Hundesl\u00e6detur til gletsjer - Arctic Excursions\" \/>\n<meta property=\"og:description\" content=\"Tag med p\u00e5 en heldags snescootertur i baglandet og ud til gletsjeren med en lokal guide, der kan fort\u00e6lle om livet i Gr\u00f8nland.\" \/>\n<meta property=\"og:url\" content=\"https:\/\/arcticexcursions.com\/udflugter\/5-timers-snescooter-tur-til-gletsjer\/\" \/>\n<meta property=\"og:site_name\" content=\"Arctic Excursions\" \/>\n<meta property=\"article:modified_time\" content=\"2026-03-30T14:41:21+00:00\" \/>\n<meta property=\"og:image\" content=\"https:\/\/arcticexcursions.com\/wp-content\/uploads\/2023\/02\/886B65A9-EB6F-4365-9C8F-A2B958D5DA25-scaled.jpeg\" \/>\n\t<meta property=\"og:image:width\" content=\"2560\" \/>\n\t<meta property=\"og:image:height\" content=\"1441\" \/>\n\t<meta property=\"og:image:type\" content=\"image\/jpeg\" \/>\n<meta name=\"twitter:card\" content=\"summary_large_image\" \/>\n<meta name=\"twitter:label1\" content=\"Estimeret l\u00e6setid\" \/>\n\t<meta name=\"twitter:data1\" content=\"1 minut\" \/>\n<script type=\"application\/ld+json\" class=\"yoast-schema-graph\">{\"@context\":\"https:\/\/schema.org\",\"@graph\":[{\"@type\":\"WebPage\",\"@id\":\"https:\/\/arcticexcursions.com\/udflugter\/5-timers-snescooter-tur-til-gletsjer\/\",\"url\":\"https:\/\/arcticexcursions.com\/udflugter\/5-timers-snescooter-tur-til-gletsjer\/\",\"name\":\"6 timers snescootertur & Hundesl\u00e6detur til gletsjer - Arctic Excursions\",\"isPartOf\":{\"@id\":\"https:\/\/arcticexcursions.com\/#website\"},\"primaryImageOfPage\":{\"@id\":\"https:\/\/arcticexcursions.com\/udflugter\/5-timers-snescooter-tur-til-gletsjer\/#primaryimage\"},\"image\":{\"@id\":\"https:\/\/arcticexcursions.com\/udflugter\/5-timers-snescooter-tur-til-gletsjer\/#primaryimage\"},\"thumbnailUrl\":\"https:\/\/arcticexcursions.com\/wp-content\/uploads\/2023\/02\/886B65A9-EB6F-4365-9C8F-A2B958D5DA25-scaled.jpeg\",\"datePublished\":\"2023-02-16T14:53:20+00:00\",\"dateModified\":\"2026-03-30T14:41:21+00:00\",\"breadcrumb\":{\"@id\":\"https:\/\/arcticexcursions.com\/udflugter\/5-timers-snescooter-tur-til-gletsjer\/#breadcrumb\"},\"inLanguage\":\"da-DK\",\"potentialAction\":[{\"@type\":\"ReadAction\",\"target\":[\"https:\/\/arcticexcursions.com\/udflugter\/5-timers-snescooter-tur-til-gletsjer\/\"]}]},{\"@type\":\"ImageObject\",\"inLanguage\":\"da-DK\",\"@id\":\"https:\/\/arcticexcursions.com\/udflugter\/5-timers-snescooter-tur-til-gletsjer\/#primaryimage\",\"url\":\"https:\/\/arcticexcursions.com\/wp-content\/uploads\/2023\/02\/886B65A9-EB6F-4365-9C8F-A2B958D5DA25-scaled.jpeg\",\"contentUrl\":\"https:\/\/arcticexcursions.com\/wp-content\/uploads\/2023\/02\/886B65A9-EB6F-4365-9C8F-A2B958D5DA25-scaled.jpeg\",\"width\":2560,\"height\":1441},{\"@type\":\"BreadcrumbList\",\"@id\":\"https:\/\/arcticexcursions.com\/udflugter\/5-timers-snescooter-tur-til-gletsjer\/#breadcrumb\",\"itemListElement\":[{\"@type\":\"ListItem\",\"position\":1,\"name\":\"Home\",\"item\":\"https:\/\/arcticexcursions.com\/da\/\"},{\"@type\":\"ListItem\",\"position\":2,\"name\":\"Udflugter i Gr\u00f8nland\",\"item\":\"https:\/\/arcticexcursions.com\/da\/udflugter\/\"},{\"@type\":\"ListItem\",\"position\":3,\"name\":\"6 timers snescootertur &#038; Hundesl\u00e6detur til gletsjer\"}]},{\"@type\":\"WebSite\",\"@id\":\"https:\/\/arcticexcursions.com\/#website\",\"url\":\"https:\/\/arcticexcursions.com\/\",\"name\":\"Arctic Excursions\",\"description\":\"New adventures. Every day.\",\"publisher\":{\"@id\":\"https:\/\/arcticexcursions.com\/#organization\"},\"potentialAction\":[{\"@type\":\"SearchAction\",\"target\":{\"@type\":\"EntryPoint\",\"urlTemplate\":\"https:\/\/arcticexcursions.com\/?s={search_term_string}\"},\"query-input\":{\"@type\":\"PropertyValueSpecification\",\"valueRequired\":true,\"valueName\":\"search_term_string\"}}],\"inLanguage\":\"da-DK\"},{\"@type\":\"Organization\",\"@id\":\"https:\/\/arcticexcursions.com\/#organization\",\"name\":\"Arctic Excursions\",\"url\":\"https:\/\/arcticexcursions.com\/\",\"logo\":{\"@type\":\"ImageObject\",\"inLanguage\":\"da-DK\",\"@id\":\"https:\/\/arcticexcursions.com\/#\/schema\/logo\/image\/\",\"url\":\"https:\/\/arcticexcursions.com\/wp-content\/uploads\/2022\/11\/fb-logo.png\",\"contentUrl\":\"https:\/\/arcticexcursions.com\/wp-content\/uploads\/2022\/11\/fb-logo.png\",\"width\":523,\"height\":523,\"caption\":\"Arctic Excursions\"},\"image\":{\"@id\":\"https:\/\/arcticexcursions.com\/#\/schema\/logo\/image\/\"}}]}<\/script>\n<!-- \/ Yoast SEO plugin. -->","yoast_head_json":{"title":"Arctic Excursions","robots":{"index":"index","follow":"follow","max-snippet":"max-snippet:-1","max-image-preview":"max-image-preview:large","max-video-preview":"max-video-preview:-1"},"canonical":"https:\/\/arcticexcursions.com\/udflugter\/5-timers-snescooter-tur-til-gletsjer\/","og_locale":"da_DK","og_type":"article","og_title":"6 timers snescootertur & Hundesl\u00e6detur til gletsjer - Arctic Excursions","og_description":"Tag med p\u00e5 en heldags snescootertur i baglandet og ud til gletsjeren med en lokal guide, der kan fort\u00e6lle om livet i Gr\u00f8nland.","og_url":"https:\/\/arcticexcursions.com\/udflugter\/5-timers-snescooter-tur-til-gletsjer\/","og_site_name":"Arctic Excursions","article_modified_time":"2026-03-30T14:41:21+00:00","og_image":[{"width":2560,"height":1441,"url":"https:\/\/arcticexcursions.com\/wp-content\/uploads\/2023\/02\/886B65A9-EB6F-4365-9C8F-A2B958D5DA25-scaled.jpeg","type":"image\/jpeg"}],"twitter_card":"summary_large_image","twitter_misc":{"Estimeret l\u00e6setid":"1 minut"},"schema":{"@context":"https:\/\/schema.org","@graph":[{"@type":"WebPage","@id":"https:\/\/arcticexcursions.com\/udflugter\/5-timers-snescooter-tur-til-gletsjer\/","url":"https:\/\/arcticexcursions.com\/udflugter\/5-timers-snescooter-tur-til-gletsjer\/","name":"6 timers snescootertur & Hundesl\u00e6detur til gletsjer - Arctic Excursions","isPartOf":{"@id":"https:\/\/arcticexcursions.com\/#website"},"primaryImageOfPage":{"@id":"https:\/\/arcticexcursions.com\/udflugter\/5-timers-snescooter-tur-til-gletsjer\/#primaryimage"},"image":{"@id":"https:\/\/arcticexcursions.com\/udflugter\/5-timers-snescooter-tur-til-gletsjer\/#primaryimage"},"thumbnailUrl":"https:\/\/arcticexcursions.com\/wp-content\/uploads\/2023\/02\/886B65A9-EB6F-4365-9C8F-A2B958D5DA25-scaled.jpeg","datePublished":"2023-02-16T14:53:20+00:00","dateModified":"2026-03-30T14:41:21+00:00","breadcrumb":{"@id":"https:\/\/arcticexcursions.com\/udflugter\/5-timers-snescooter-tur-til-gletsjer\/#breadcrumb"},"inLanguage":"da-DK","potentialAction":[{"@type":"ReadAction","target":["https:\/\/arcticexcursions.com\/udflugter\/5-timers-snescooter-tur-til-gletsjer\/"]}]},{"@type":"ImageObject","inLanguage":"da-DK","@id":"https:\/\/arcticexcursions.com\/udflugter\/5-timers-snescooter-tur-til-gletsjer\/#primaryimage","url":"https:\/\/arcticexcursions.com\/wp-content\/uploads\/2023\/02\/886B65A9-EB6F-4365-9C8F-A2B958D5DA25-scaled.jpeg","contentUrl":"https:\/\/arcticexcursions.com\/wp-content\/uploads\/2023\/02\/886B65A9-EB6F-4365-9C8F-A2B958D5DA25-scaled.jpeg","width":2560,"height":1441},{"@type":"BreadcrumbList","@id":"https:\/\/arcticexcursions.com\/udflugter\/5-timers-snescooter-tur-til-gletsjer\/#breadcrumb","itemListElement":[{"@type":"ListItem","position":1,"name":"Home","item":"https:\/\/arcticexcursions.com\/da\/"},{"@type":"ListItem","position":2,"name":"Udflugter i Gr\u00f8nland","item":"https:\/\/arcticexcursions.com\/da\/udflugter\/"},{"@type":"ListItem","position":3,"name":"6 timers snescootertur &#038; Hundesl\u00e6detur til gletsjer"}]},{"@type":"WebSite","@id":"https:\/\/arcticexcursions.com\/#website","url":"https:\/\/arcticexcursions.com\/","name":"Arctic Excursions","description":"New adventures. Every day.","publisher":{"@id":"https:\/\/arcticexcursions.com\/#organization"},"potentialAction":[{"@type":"SearchAction","target":{"@type":"EntryPoint","urlTemplate":"https:\/\/arcticexcursions.com\/?s={search_term_string}"},"query-input":{"@type":"PropertyValueSpecification","valueRequired":true,"valueName":"search_term_string"}}],"inLanguage":"da-DK"},{"@type":"Organization","@id":"https:\/\/arcticexcursions.com\/#organization","name":"Arctic Excursions","url":"https:\/\/arcticexcursions.com\/","logo":{"@type":"ImageObject","inLanguage":"da-DK","@id":"https:\/\/arcticexcursions.com\/#\/schema\/logo\/image\/","url":"https:\/\/arcticexcursions.com\/wp-content\/uploads\/2022\/11\/fb-logo.png","contentUrl":"https:\/\/arcticexcursions.com\/wp-content\/uploads\/2022\/11\/fb-logo.png","width":523,"height":523,"caption":"Arctic Excursions"},"image":{"@id":"https:\/\/arcticexcursions.com\/#\/schema\/logo\/image\/"}}]}},"_links":{"self":[{"href":"https:\/\/arcticexcursions.com\/da\/wp-json\/wp\/v2\/product\/9603"}],"collection":[{"href":"https:\/\/arcticexcursions.com\/da\/wp-json\/wp\/v2\/product"}],"about":[{"href":"https:\/\/arcticexcursions.com\/da\/wp-json\/wp\/v2\/types\/product"}],"replies":[{"embeddable":true,"href":"https:\/\/arcticexcursions.com\/da\/wp-json\/wp\/v2\/comments?post=9603"}],"wp:featuredmedia":[{"embeddable":true,"href":"https:\/\/arcticexcursions.com\/da\/wp-json\/wp\/v2\/media\/9523"}],"wp:attachment":[{"href":"https:\/\/arcticexcursions.com\/da\/wp-json\/wp\/v2\/media?parent=9603"}],"wp:term":[{"taxonomy":"product_brand","embeddable":true,"href":"https:\/\/arcticexcursions.com\/da\/wp-json\/wp\/v2\/product_brand?post=9603"},{"taxonomy":"product_cat","embeddable":true,"href":"https:\/\/arcticexcursions.com\/da\/wp-json\/wp\/v2\/product_cat?post=9603"},{"taxonomy":"product_tag","embeddable":true,"href":"https:\/\/arcticexcursions.com\/da\/wp-json\/wp\/v2\/product_tag?post=9603"}],"curies":[{"name":"wp","href":"https:\/\/api.w.org\/{rel}","templated":true}]}}