{"id":9796,"date":"2023-02-21T12:54:13","date_gmt":"2023-02-21T10:54:13","guid":{"rendered":"https:\/\/arcticexcursions.com\/?post_type=product&#038;p=9796"},"modified":"2026-04-26T22:02:17","modified_gmt":"2026-04-26T20:02:17","slug":"isfjordssejlads-2-timer","status":"publish","type":"product","link":"https:\/\/arcticexcursions.com\/da\/udflugter\/isfjordssejlads-2-timer\/","title":{"rendered":"Isfjordsb\u00e5dtur med \u00e5ben b\u00e5d"},"content":{"rendered":"<p>Du vil m\u00e6rke den k\u00f8lige luft ramme dine kinder, dufte havet, h\u00f8re fuglene synge og isbjergene br\u00f8le i baggrunden, og hvis vi er heldige, kan du m\u00e5ske h\u00f8re hvalerne spr\u00f8jte. <\/p>\n<p>Du f\u00e5r masser af muligheder for at tage fantastiske billeder af isbjergene. <\/p>\n<p><b>Varighed:<\/b>Ca. 2 timer<\/p>\n<p><b>Deltagere:<\/b> Bem\u00e6rk, at udflugten kun finder sted, hvis der i alt er reserveret mindst 4 billetter. Hvis du f.eks. reserverer 2 billetter, skal der s\u00e6lges mindst 2 yderligere billetter til andre kunder, for at turen kan gennemf\u00f8res. Der kan maksimalt deltage 8 personer.<\/p>\n<p><b>Sprog:<\/b> Guiden\/kaptajnen taler engelsk, dansk og gr\u00f8nlandsk<\/p>\n<p><b>B\u00e5dtype:<\/b> \u00c5ben<\/p>\n<p><b>Toiletfaciliteter:<\/b> Der er toilet om bord<\/p>\n<p><b>Forplejning:<\/b> Der serveres kaffe og te om bord<\/p>\n<p> <b>Inkluderet:<\/b> Redningsdragt <\/p>\n<p><b>Anbefalet p\u00e5kl\u00e6dning:<\/b> Varmt t\u00f8j inkl. hue og handsker hele \u00e5ret. Solbriller. Solcreme om sommeren.<\/p>\n","protected":false},"excerpt":{"rendered":"<p>Tag med p\u00e5 en sejltur til isfjorden i \u00e5ben b\u00e5d<\/p>\n","protected":false},"featured_media":9770,"comment_status":"open","ping_status":"closed","template":"","meta":{"_acf_changed":false},"product_brand":[],"product_cat":[170],"product_tag":[],"class_list":{"0":"post-9796","1":"product","2":"type-product","3":"status-publish","4":"has-post-thumbnail","6":"product_cat-udflugt","7":"pa_dato-381","8":"pa_dato-386","9":"pa_dato-632","10":"pa_dato-634","11":"pa_dato-635","12":"pa_dato-637","13":"pa_dato-638","14":"pa_dato-639","15":"pa_dato-640","16":"pa_dato-641","17":"pa_dato-643","18":"pa_dato-644","19":"pa_dato-645","20":"pa_dato-646","21":"pa_dato-647","22":"pa_dato-648","23":"pa_dato-649","24":"pa_dato-650","25":"pa_dato-551","26":"pa_dato-552","27":"pa_dato-553","28":"pa_dato-554","29":"pa_dato-555","30":"pa_dato-556","31":"pa_dato-557","32":"pa_dato-558","33":"pa_dato-561","34":"pa_dato-587","35":"pa_dato-588","36":"pa_dato-687","37":"pa_dato-592","38":"pa_dato-593","39":"pa_dato-594","40":"pa_dato-736","41":"pa_dato-513","42":"pa_dato-511","43":"pa_dato-737","44":"pa_dato-599","45":"pa_dato-600","46":"pa_dato-602","47":"pa_dato-603","48":"pa_dato-604","49":"pa_dato-1019","50":"pa_dato-1044","51":"pa_dato-6034","52":"pa_dato-6100","53":"pa_dato-6082","54":"pa_dato-6077","55":"pa_dato-6101","56":"pa_dato-5927","57":"pa_dato-6085","58":"pa_dato-6092","59":"pa_dato-5917","60":"pa_dato-5919","61":"pa_dato-1373","62":"pa_dato-5881","63":"pa_dato-6043","64":"pa_dato-5934","65":"pa_dato-6072","66":"pa_dato-6066","67":"pa_dato-6065","68":"pa_dato-5878","69":"pa_dato-6017","70":"pa_dato-6075","71":"pa_dato-5993","72":"pa_dato-6070","73":"pa_dato-6019","74":"pa_dato-5947","75":"pa_dato-6047","76":"pa_dato-5932","77":"pa_dato-6005","78":"pa_dato-5895","79":"pa_dato-5952","80":"pa_dato-1193","81":"pa_dato-6056","82":"pa_dato-5892","83":"pa_dato-5951","84":"pa_dato-5879","85":"pa_dato-6020","86":"pa_dato-5948","87":"pa_dato-5933","88":"pa_dato-5949","89":"pa_dato-5966","90":"pa_dato-5983","91":"pa_dato-5974","92":"pa_dato-6000","93":"pa_dato-5882","94":"pa_dato-5925","95":"pa_dato-5953","96":"pa_dato-5965","97":"pa_dato-5975","98":"pa_dato-5976","99":"pa_dato-6021","100":"pa_dato-5954","101":"pa_dato-6022","102":"pa_dato-6059","103":"pa_dato-5937","104":"pa_dato-5964","105":"pa_dato-6067","106":"pa_dato-6023","107":"pa_dato-6024","108":"pa_dato-5931","109":"pa_dato-5926","110":"pa_dato-6006","111":"pa_dato-6062","112":"pa_dato-5883","113":"pa_dato-5928","114":"pa_dato-5888","115":"pa_dato-5988","116":"pa_dato-5889","117":"pa_dato-5958","118":"pa_dato-5938","119":"pa_dato-5963","120":"pa_dato-5956","121":"pa_dato-5980","122":"pa_dato-5977","123":"pa_dato-6002","124":"pa_dato-5961","125":"pa_dato-6060","126":"pa_dato-5939","127":"pa_dato-5918","128":"pa_dato-5978","129":"pa_dato-6026","130":"pa_dato-6061","131":"pa_dato-5940","132":"pa_dato-5941","133":"pa_dato-5957","134":"pa_dato-6081","135":"pa_dato-5942","136":"pa_dato-5982","137":"pa_dato-6028","138":"pa_dato-6090","139":"pa_dato-6148","140":"pa_dato-6080","141":"pa_dato-6105","142":"pa_dato-6375","143":"pa_dato-6486","144":"pa_dato-6174","145":"pa_dato-6465","146":"pa_dato-6241","147":"pa_dato-6294","148":"pa_dato-6322","149":"pa_dato-6109","150":"pa_dato-6364","151":"pa_dato-6250","152":"pa_dato-6414","153":"pa_dato-6246","154":"pa_tidspunkt-72","155":"pa_tidspunkt-40","156":"pa_tidspunkt-314","157":"pa_tidspunkt-308","158":"pa_tidspunkt-61","159":"pa_tidspunkt-426","160":"pa_tidspunkt-110","161":"pa_tidspunkt-255","162":"pa_tidspunkt-86","163":"pa_tidspunkt-231","164":"tour_location-ilulissat-da","165":"tour_type-isbjerge","166":"tour_tickettype-arctic_excursions","167":"tour_operator-authentic-greenland","169":"first","170":"instock","171":"shipping-taxable","172":"purchasable","173":"product-type-variable"},"acf":[],"yoast_head":"<!-- This site is optimized with the Yoast SEO plugin v23.6 - https:\/\/yoast.com\/wordpress\/plugins\/seo\/ -->\n<title>Arctic Excursions<\/title>\n<meta name=\"robots\" content=\"index, follow, max-snippet:-1, max-image-preview:large, max-video-preview:-1\" \/>\n<link rel=\"canonical\" href=\"https:\/\/arcticexcursions.com\/da\/udflugter\/isfjordssejlads-2-timer\/\" \/>\n<meta property=\"og:locale\" content=\"da_DK\" \/>\n<meta property=\"og:type\" content=\"article\" \/>\n<meta property=\"og:title\" content=\"Isfjordsb\u00e5dtur med \u00e5ben b\u00e5d - Arctic Excursions\" \/>\n<meta property=\"og:description\" content=\"Tag med p\u00e5 en sejltur til isfjorden i \u00e5ben b\u00e5d\" \/>\n<meta property=\"og:url\" content=\"https:\/\/arcticexcursions.com\/da\/udflugter\/isfjordssejlads-2-timer\/\" \/>\n<meta property=\"og:site_name\" content=\"Arctic Excursions\" \/>\n<meta property=\"article:modified_time\" content=\"2026-04-26T20:02:17+00:00\" \/>\n<meta property=\"og:image\" content=\"https:\/\/arcticexcursions.com\/wp-content\/uploads\/2023\/02\/73C8C65A-A8CE-4F20-91FD-785BE9EB6FD0-scaled.jpeg\" \/>\n\t<meta property=\"og:image:width\" content=\"2560\" \/>\n\t<meta property=\"og:image:height\" content=\"2560\" \/>\n\t<meta property=\"og:image:type\" content=\"image\/jpeg\" \/>\n<meta name=\"twitter:card\" content=\"summary_large_image\" \/>\n<meta name=\"twitter:label1\" content=\"Estimeret l\u00e6setid\" \/>\n\t<meta name=\"twitter:data1\" content=\"1 minut\" \/>\n<script type=\"application\/ld+json\" class=\"yoast-schema-graph\">{\"@context\":\"https:\/\/schema.org\",\"@graph\":[{\"@type\":\"WebPage\",\"@id\":\"https:\/\/arcticexcursions.com\/da\/udflugter\/isfjordssejlads-2-timer\/\",\"url\":\"https:\/\/arcticexcursions.com\/da\/udflugter\/isfjordssejlads-2-timer\/\",\"name\":\"Isfjordsb\u00e5dtur med \u00e5ben b\u00e5d - Arctic Excursions\",\"isPartOf\":{\"@id\":\"https:\/\/arcticexcursions.com\/#website\"},\"primaryImageOfPage\":{\"@id\":\"https:\/\/arcticexcursions.com\/da\/udflugter\/isfjordssejlads-2-timer\/#primaryimage\"},\"image\":{\"@id\":\"https:\/\/arcticexcursions.com\/da\/udflugter\/isfjordssejlads-2-timer\/#primaryimage\"},\"thumbnailUrl\":\"https:\/\/arcticexcursions.com\/wp-content\/uploads\/2023\/02\/73C8C65A-A8CE-4F20-91FD-785BE9EB6FD0-scaled.jpeg\",\"datePublished\":\"2023-02-21T10:54:13+00:00\",\"dateModified\":\"2026-04-26T20:02:17+00:00\",\"breadcrumb\":{\"@id\":\"https:\/\/arcticexcursions.com\/da\/udflugter\/isfjordssejlads-2-timer\/#breadcrumb\"},\"inLanguage\":\"da-DK\",\"potentialAction\":[{\"@type\":\"ReadAction\",\"target\":[\"https:\/\/arcticexcursions.com\/da\/udflugter\/isfjordssejlads-2-timer\/\"]}]},{\"@type\":\"ImageObject\",\"inLanguage\":\"da-DK\",\"@id\":\"https:\/\/arcticexcursions.com\/da\/udflugter\/isfjordssejlads-2-timer\/#primaryimage\",\"url\":\"https:\/\/arcticexcursions.com\/wp-content\/uploads\/2023\/02\/73C8C65A-A8CE-4F20-91FD-785BE9EB6FD0-scaled.jpeg\",\"contentUrl\":\"https:\/\/arcticexcursions.com\/wp-content\/uploads\/2023\/02\/73C8C65A-A8CE-4F20-91FD-785BE9EB6FD0-scaled.jpeg\",\"width\":2560,\"height\":2560},{\"@type\":\"BreadcrumbList\",\"@id\":\"https:\/\/arcticexcursions.com\/da\/udflugter\/isfjordssejlads-2-timer\/#breadcrumb\",\"itemListElement\":[{\"@type\":\"ListItem\",\"position\":1,\"name\":\"Home\",\"item\":\"https:\/\/arcticexcursions.com\/da\/\"},{\"@type\":\"ListItem\",\"position\":2,\"name\":\"Udflugter i Gr\u00f8nland\",\"item\":\"https:\/\/arcticexcursions.com\/da\/udflugter\/\"},{\"@type\":\"ListItem\",\"position\":3,\"name\":\"Isfjordsb\u00e5dtur med \u00e5ben b\u00e5d\"}]},{\"@type\":\"WebSite\",\"@id\":\"https:\/\/arcticexcursions.com\/#website\",\"url\":\"https:\/\/arcticexcursions.com\/\",\"name\":\"Arctic Excursions\",\"description\":\"New adventures. Every day.\",\"publisher\":{\"@id\":\"https:\/\/arcticexcursions.com\/#organization\"},\"potentialAction\":[{\"@type\":\"SearchAction\",\"target\":{\"@type\":\"EntryPoint\",\"urlTemplate\":\"https:\/\/arcticexcursions.com\/?s={search_term_string}\"},\"query-input\":{\"@type\":\"PropertyValueSpecification\",\"valueRequired\":true,\"valueName\":\"search_term_string\"}}],\"inLanguage\":\"da-DK\"},{\"@type\":\"Organization\",\"@id\":\"https:\/\/arcticexcursions.com\/#organization\",\"name\":\"Arctic Excursions\",\"url\":\"https:\/\/arcticexcursions.com\/\",\"logo\":{\"@type\":\"ImageObject\",\"inLanguage\":\"da-DK\",\"@id\":\"https:\/\/arcticexcursions.com\/#\/schema\/logo\/image\/\",\"url\":\"https:\/\/arcticexcursions.com\/wp-content\/uploads\/2022\/11\/fb-logo.png\",\"contentUrl\":\"https:\/\/arcticexcursions.com\/wp-content\/uploads\/2022\/11\/fb-logo.png\",\"width\":523,\"height\":523,\"caption\":\"Arctic Excursions\"},\"image\":{\"@id\":\"https:\/\/arcticexcursions.com\/#\/schema\/logo\/image\/\"}}]}<\/script>\n<!-- \/ Yoast SEO plugin. -->","yoast_head_json":{"title":"Arctic Excursions","robots":{"index":"index","follow":"follow","max-snippet":"max-snippet:-1","max-image-preview":"max-image-preview:large","max-video-preview":"max-video-preview:-1"},"canonical":"https:\/\/arcticexcursions.com\/da\/udflugter\/isfjordssejlads-2-timer\/","og_locale":"da_DK","og_type":"article","og_title":"Isfjordsb\u00e5dtur med \u00e5ben b\u00e5d - Arctic Excursions","og_description":"Tag med p\u00e5 en sejltur til isfjorden i \u00e5ben b\u00e5d","og_url":"https:\/\/arcticexcursions.com\/da\/udflugter\/isfjordssejlads-2-timer\/","og_site_name":"Arctic Excursions","article_modified_time":"2026-04-26T20:02:17+00:00","og_image":[{"width":2560,"height":2560,"url":"https:\/\/arcticexcursions.com\/wp-content\/uploads\/2023\/02\/73C8C65A-A8CE-4F20-91FD-785BE9EB6FD0-scaled.jpeg","type":"image\/jpeg"}],"twitter_card":"summary_large_image","twitter_misc":{"Estimeret l\u00e6setid":"1 minut"},"schema":{"@context":"https:\/\/schema.org","@graph":[{"@type":"WebPage","@id":"https:\/\/arcticexcursions.com\/da\/udflugter\/isfjordssejlads-2-timer\/","url":"https:\/\/arcticexcursions.com\/da\/udflugter\/isfjordssejlads-2-timer\/","name":"Isfjordsb\u00e5dtur med \u00e5ben b\u00e5d - Arctic Excursions","isPartOf":{"@id":"https:\/\/arcticexcursions.com\/#website"},"primaryImageOfPage":{"@id":"https:\/\/arcticexcursions.com\/da\/udflugter\/isfjordssejlads-2-timer\/#primaryimage"},"image":{"@id":"https:\/\/arcticexcursions.com\/da\/udflugter\/isfjordssejlads-2-timer\/#primaryimage"},"thumbnailUrl":"https:\/\/arcticexcursions.com\/wp-content\/uploads\/2023\/02\/73C8C65A-A8CE-4F20-91FD-785BE9EB6FD0-scaled.jpeg","datePublished":"2023-02-21T10:54:13+00:00","dateModified":"2026-04-26T20:02:17+00:00","breadcrumb":{"@id":"https:\/\/arcticexcursions.com\/da\/udflugter\/isfjordssejlads-2-timer\/#breadcrumb"},"inLanguage":"da-DK","potentialAction":[{"@type":"ReadAction","target":["https:\/\/arcticexcursions.com\/da\/udflugter\/isfjordssejlads-2-timer\/"]}]},{"@type":"ImageObject","inLanguage":"da-DK","@id":"https:\/\/arcticexcursions.com\/da\/udflugter\/isfjordssejlads-2-timer\/#primaryimage","url":"https:\/\/arcticexcursions.com\/wp-content\/uploads\/2023\/02\/73C8C65A-A8CE-4F20-91FD-785BE9EB6FD0-scaled.jpeg","contentUrl":"https:\/\/arcticexcursions.com\/wp-content\/uploads\/2023\/02\/73C8C65A-A8CE-4F20-91FD-785BE9EB6FD0-scaled.jpeg","width":2560,"height":2560},{"@type":"BreadcrumbList","@id":"https:\/\/arcticexcursions.com\/da\/udflugter\/isfjordssejlads-2-timer\/#breadcrumb","itemListElement":[{"@type":"ListItem","position":1,"name":"Home","item":"https:\/\/arcticexcursions.com\/da\/"},{"@type":"ListItem","position":2,"name":"Udflugter i Gr\u00f8nland","item":"https:\/\/arcticexcursions.com\/da\/udflugter\/"},{"@type":"ListItem","position":3,"name":"Isfjordsb\u00e5dtur med \u00e5ben b\u00e5d"}]},{"@type":"WebSite","@id":"https:\/\/arcticexcursions.com\/#website","url":"https:\/\/arcticexcursions.com\/","name":"Arctic Excursions","description":"New adventures. Every day.","publisher":{"@id":"https:\/\/arcticexcursions.com\/#organization"},"potentialAction":[{"@type":"SearchAction","target":{"@type":"EntryPoint","urlTemplate":"https:\/\/arcticexcursions.com\/?s={search_term_string}"},"query-input":{"@type":"PropertyValueSpecification","valueRequired":true,"valueName":"search_term_string"}}],"inLanguage":"da-DK"},{"@type":"Organization","@id":"https:\/\/arcticexcursions.com\/#organization","name":"Arctic Excursions","url":"https:\/\/arcticexcursions.com\/","logo":{"@type":"ImageObject","inLanguage":"da-DK","@id":"https:\/\/arcticexcursions.com\/#\/schema\/logo\/image\/","url":"https:\/\/arcticexcursions.com\/wp-content\/uploads\/2022\/11\/fb-logo.png","contentUrl":"https:\/\/arcticexcursions.com\/wp-content\/uploads\/2022\/11\/fb-logo.png","width":523,"height":523,"caption":"Arctic Excursions"},"image":{"@id":"https:\/\/arcticexcursions.com\/#\/schema\/logo\/image\/"}}]}},"_links":{"self":[{"href":"https:\/\/arcticexcursions.com\/da\/wp-json\/wp\/v2\/product\/9796"}],"collection":[{"href":"https:\/\/arcticexcursions.com\/da\/wp-json\/wp\/v2\/product"}],"about":[{"href":"https:\/\/arcticexcursions.com\/da\/wp-json\/wp\/v2\/types\/product"}],"replies":[{"embeddable":true,"href":"https:\/\/arcticexcursions.com\/da\/wp-json\/wp\/v2\/comments?post=9796"}],"wp:featuredmedia":[{"embeddable":true,"href":"https:\/\/arcticexcursions.com\/da\/wp-json\/wp\/v2\/media\/9770"}],"wp:attachment":[{"href":"https:\/\/arcticexcursions.com\/da\/wp-json\/wp\/v2\/media?parent=9796"}],"wp:term":[{"taxonomy":"product_brand","embeddable":true,"href":"https:\/\/arcticexcursions.com\/da\/wp-json\/wp\/v2\/product_brand?post=9796"},{"taxonomy":"product_cat","embeddable":true,"href":"https:\/\/arcticexcursions.com\/da\/wp-json\/wp\/v2\/product_cat?post=9796"},{"taxonomy":"product_tag","embeddable":true,"href":"https:\/\/arcticexcursions.com\/da\/wp-json\/wp\/v2\/product_tag?post=9796"}],"curies":[{"name":"wp","href":"https:\/\/api.w.org\/{rel}","templated":true}]}}