{"id":9819,"date":"2023-02-17T18:59:34","date_gmt":"2023-02-17T16:59:34","guid":{"rendered":"https:\/\/arcticexcursions.com\/?post_type=product&#038;p=9819"},"modified":"2025-08-05T12:04:08","modified_gmt":"2025-08-05T10:04:08","slug":"isfjord-i-aaben-jolle","status":"publish","type":"product","link":"https:\/\/arcticexcursions.com\/da\/udflugter\/isfjord-i-aaben-jolle\/","title":{"rendered":"Icefjord-b\u00e5dtur med en lukket b\u00e5d (2 timer)"},"content":{"rendered":"<p>Vi sejler mod de gigantiske isbjerge, der ligger p\u00e5 jorden lige uden for Ilulissats isfjord og din kaptajn tager dig med p\u00e5 en uforglemmelig tur.<\/p>\n<p>P\u00e5 denne tur kan du enten sidde ude eller inde, alt efter hvad der f\u00f8les behageligt for dig.<br \/>\nN\u00e5r du sidder udenfor, kan du m\u00e6rke den kolde luft, men ogs\u00e5 lugte havet og h\u00f8re isens knirken.<\/p>\n<p>Vi anbefaler, at du medbringer en varm jakke, hue, handsker og solbriller.<\/p>\n<p>Kaffe og te ombord.<\/p>\n<p><b>Deltagere:<\/b> Bem\u00e6rk venligst, at udflugten kun gennemf\u00f8res, hvis der er mindst 4 bookede billetter i alt. Hvis du for eksempel booker 2 billetter, skal der s\u00e6lges mindst 2 yderligere billetter til andre kunder, f\u00f8r turen kan finde sted. Der vil deltage maksimalt 8 personer.<\/p>\n","protected":false},"excerpt":{"rendered":"<p>Ilulissat er kendt for sine isbjerge. Og det er der en grund til.<br \/>\nVi tilbyder isfjordsture med lukket b\u00e5d.<\/p>\n","protected":false},"featured_media":9644,"comment_status":"open","ping_status":"closed","template":"","meta":{"_acf_changed":false},"product_brand":[],"product_cat":[170],"product_tag":[],"class_list":{"0":"post-9819","1":"product","2":"type-product","3":"status-publish","4":"has-post-thumbnail","6":"product_cat-udflugt","7":"pa_dato-1061","8":"pa_dato-1062","9":"pa_dato-1063","10":"pa_dato-1064","11":"pa_dato-1065","12":"pa_dato-1066","13":"pa_dato-901","14":"pa_dato-898","15":"pa_dato-1067","16":"pa_dato-912","17":"pa_dato-1125","18":"pa_dato-1126","19":"pa_dato-1127","20":"pa_dato-902","21":"pa_dato-1173","22":"pa_dato-1174","23":"pa_dato-963","24":"pa_dato-1128","25":"pa_dato-1129","26":"pa_dato-1130","27":"pa_dato-1141","28":"pa_dato-1023","29":"pa_dato-1024","30":"pa_dato-966","31":"pa_dato-1025","32":"pa_dato-1026","33":"pa_dato-1027","34":"pa_dato-1028","35":"pa_dato-1029","36":"pa_dato-1030","37":"pa_dato-1031","38":"pa_dato-1032","39":"pa_dato-988","40":"pa_dato-990","41":"pa_dato-989","42":"pa_dato-991","43":"pa_dato-992","44":"pa_dato-967","45":"pa_dato-993","46":"pa_dato-994","47":"pa_dato-995","48":"pa_dato-1034","49":"pa_dato-996","50":"pa_dato-1035","51":"pa_dato-997","52":"pa_dato-998","53":"pa_dato-999","54":"pa_dato-1001","55":"pa_dato-1004","56":"pa_dato-1006","57":"pa_dato-1040","58":"pa_dato-1009","59":"pa_dato-1010","60":"pa_dato-1011","61":"pa_dato-1015","62":"pa_dato-1018","63":"pa_dato-1020","64":"pa_dato-6034","65":"pa_dato-5917","66":"pa_dato-6075","67":"pa_dato-5936","68":"pa_dato-6070","69":"pa_dato-6018","70":"pa_dato-6019","71":"pa_dato-6064","72":"pa_dato-6047","73":"pa_dato-5932","74":"pa_dato-6005","75":"pa_dato-5895","76":"pa_dato-5952","77":"pa_dato-1193","78":"pa_dato-6056","79":"pa_dato-5892","80":"pa_dato-5951","81":"pa_dato-5879","82":"pa_dato-6020","83":"pa_dato-5948","84":"pa_dato-5933","85":"pa_dato-5949","86":"pa_dato-5966","87":"pa_dato-5974","88":"pa_dato-6000","89":"pa_dato-5882","90":"pa_dato-5925","91":"pa_dato-5953","92":"pa_dato-5965","93":"pa_dato-5975","94":"pa_dato-5976","95":"pa_dato-6021","96":"pa_dato-6051","97":"pa_dato-6046","98":"pa_dato-6030","99":"pa_dato-6087","100":"pa_dato-5954","101":"pa_dato-5880","102":"pa_dato-6022","103":"pa_dato-5931","104":"pa_tidspunkt-72","105":"pa_tidspunkt-40","106":"pa_tidspunkt-317","107":"pa_tidspunkt-231","108":"tour_location-ilulissat-da","109":"tour_type-baadture","110":"tour_tickettype-arctic_excursions","111":"tour_operator-authentic-greenland","113":"first","114":"outofstock","115":"shipping-taxable","116":"product-type-variable"},"acf":[],"yoast_head":"<!-- This site is optimized with the Yoast SEO plugin v23.6 - https:\/\/yoast.com\/wordpress\/plugins\/seo\/ -->\n<title>Arctic Excursions<\/title>\n<meta name=\"robots\" content=\"index, follow, max-snippet:-1, max-image-preview:large, max-video-preview:-1\" \/>\n<link rel=\"canonical\" href=\"https:\/\/arcticexcursions.com\/da\/udflugter\/isfjord-i-aaben-jolle\/\" \/>\n<meta property=\"og:locale\" content=\"da_DK\" \/>\n<meta property=\"og:type\" content=\"article\" \/>\n<meta property=\"og:title\" content=\"Icefjord-b\u00e5dtur med en lukket b\u00e5d (2 timer) - Arctic Excursions\" \/>\n<meta property=\"og:description\" content=\"Ilulissat er kendt for sine isbjerge. Og det er der en grund til. Vi tilbyder isfjordsture med lukket b\u00e5d.\" \/>\n<meta property=\"og:url\" content=\"https:\/\/arcticexcursions.com\/da\/udflugter\/isfjord-i-aaben-jolle\/\" \/>\n<meta property=\"og:site_name\" content=\"Arctic Excursions\" \/>\n<meta property=\"article:modified_time\" content=\"2025-08-05T10:04:08+00:00\" \/>\n<meta property=\"og:image\" content=\"https:\/\/arcticexcursions.com\/wp-content\/uploads\/2023\/02\/A837D277-013C-4260-BF14-6F7C7A5F1231-scaled.jpeg\" \/>\n\t<meta property=\"og:image:width\" content=\"2560\" \/>\n\t<meta property=\"og:image:height\" content=\"1920\" \/>\n\t<meta property=\"og:image:type\" content=\"image\/jpeg\" \/>\n<meta name=\"twitter:card\" content=\"summary_large_image\" \/>\n<meta name=\"twitter:label1\" content=\"Estimeret l\u00e6setid\" \/>\n\t<meta name=\"twitter:data1\" content=\"1 minut\" \/>\n<script type=\"application\/ld+json\" class=\"yoast-schema-graph\">{\"@context\":\"https:\/\/schema.org\",\"@graph\":[{\"@type\":\"WebPage\",\"@id\":\"https:\/\/arcticexcursions.com\/da\/udflugter\/isfjord-i-aaben-jolle\/\",\"url\":\"https:\/\/arcticexcursions.com\/da\/udflugter\/isfjord-i-aaben-jolle\/\",\"name\":\"Icefjord-b\u00e5dtur med en lukket b\u00e5d (2 timer) - Arctic Excursions\",\"isPartOf\":{\"@id\":\"https:\/\/arcticexcursions.com\/#website\"},\"primaryImageOfPage\":{\"@id\":\"https:\/\/arcticexcursions.com\/da\/udflugter\/isfjord-i-aaben-jolle\/#primaryimage\"},\"image\":{\"@id\":\"https:\/\/arcticexcursions.com\/da\/udflugter\/isfjord-i-aaben-jolle\/#primaryimage\"},\"thumbnailUrl\":\"https:\/\/arcticexcursions.com\/wp-content\/uploads\/2023\/02\/A837D277-013C-4260-BF14-6F7C7A5F1231-scaled.jpeg\",\"datePublished\":\"2023-02-17T16:59:34+00:00\",\"dateModified\":\"2025-08-05T10:04:08+00:00\",\"breadcrumb\":{\"@id\":\"https:\/\/arcticexcursions.com\/da\/udflugter\/isfjord-i-aaben-jolle\/#breadcrumb\"},\"inLanguage\":\"da-DK\",\"potentialAction\":[{\"@type\":\"ReadAction\",\"target\":[\"https:\/\/arcticexcursions.com\/da\/udflugter\/isfjord-i-aaben-jolle\/\"]}]},{\"@type\":\"ImageObject\",\"inLanguage\":\"da-DK\",\"@id\":\"https:\/\/arcticexcursions.com\/da\/udflugter\/isfjord-i-aaben-jolle\/#primaryimage\",\"url\":\"https:\/\/arcticexcursions.com\/wp-content\/uploads\/2023\/02\/A837D277-013C-4260-BF14-6F7C7A5F1231-scaled.jpeg\",\"contentUrl\":\"https:\/\/arcticexcursions.com\/wp-content\/uploads\/2023\/02\/A837D277-013C-4260-BF14-6F7C7A5F1231-scaled.jpeg\",\"width\":2560,\"height\":1920},{\"@type\":\"BreadcrumbList\",\"@id\":\"https:\/\/arcticexcursions.com\/da\/udflugter\/isfjord-i-aaben-jolle\/#breadcrumb\",\"itemListElement\":[{\"@type\":\"ListItem\",\"position\":1,\"name\":\"Home\",\"item\":\"https:\/\/arcticexcursions.com\/da\/\"},{\"@type\":\"ListItem\",\"position\":2,\"name\":\"Udflugter i Gr\u00f8nland\",\"item\":\"https:\/\/arcticexcursions.com\/da\/udflugter\/\"},{\"@type\":\"ListItem\",\"position\":3,\"name\":\"Icefjord-b\u00e5dtur med en lukket b\u00e5d (2 timer)\"}]},{\"@type\":\"WebSite\",\"@id\":\"https:\/\/arcticexcursions.com\/#website\",\"url\":\"https:\/\/arcticexcursions.com\/\",\"name\":\"Arctic Excursions\",\"description\":\"New adventures. Every day.\",\"publisher\":{\"@id\":\"https:\/\/arcticexcursions.com\/#organization\"},\"potentialAction\":[{\"@type\":\"SearchAction\",\"target\":{\"@type\":\"EntryPoint\",\"urlTemplate\":\"https:\/\/arcticexcursions.com\/?s={search_term_string}\"},\"query-input\":{\"@type\":\"PropertyValueSpecification\",\"valueRequired\":true,\"valueName\":\"search_term_string\"}}],\"inLanguage\":\"da-DK\"},{\"@type\":\"Organization\",\"@id\":\"https:\/\/arcticexcursions.com\/#organization\",\"name\":\"Arctic Excursions\",\"url\":\"https:\/\/arcticexcursions.com\/\",\"logo\":{\"@type\":\"ImageObject\",\"inLanguage\":\"da-DK\",\"@id\":\"https:\/\/arcticexcursions.com\/#\/schema\/logo\/image\/\",\"url\":\"https:\/\/arcticexcursions.com\/wp-content\/uploads\/2022\/11\/fb-logo.png\",\"contentUrl\":\"https:\/\/arcticexcursions.com\/wp-content\/uploads\/2022\/11\/fb-logo.png\",\"width\":523,\"height\":523,\"caption\":\"Arctic Excursions\"},\"image\":{\"@id\":\"https:\/\/arcticexcursions.com\/#\/schema\/logo\/image\/\"}}]}<\/script>\n<!-- \/ Yoast SEO plugin. -->","yoast_head_json":{"title":"Arctic Excursions","robots":{"index":"index","follow":"follow","max-snippet":"max-snippet:-1","max-image-preview":"max-image-preview:large","max-video-preview":"max-video-preview:-1"},"canonical":"https:\/\/arcticexcursions.com\/da\/udflugter\/isfjord-i-aaben-jolle\/","og_locale":"da_DK","og_type":"article","og_title":"Icefjord-b\u00e5dtur med en lukket b\u00e5d (2 timer) - Arctic Excursions","og_description":"Ilulissat er kendt for sine isbjerge. Og det er der en grund til. Vi tilbyder isfjordsture med lukket b\u00e5d.","og_url":"https:\/\/arcticexcursions.com\/da\/udflugter\/isfjord-i-aaben-jolle\/","og_site_name":"Arctic Excursions","article_modified_time":"2025-08-05T10:04:08+00:00","og_image":[{"width":2560,"height":1920,"url":"https:\/\/arcticexcursions.com\/wp-content\/uploads\/2023\/02\/A837D277-013C-4260-BF14-6F7C7A5F1231-scaled.jpeg","type":"image\/jpeg"}],"twitter_card":"summary_large_image","twitter_misc":{"Estimeret l\u00e6setid":"1 minut"},"schema":{"@context":"https:\/\/schema.org","@graph":[{"@type":"WebPage","@id":"https:\/\/arcticexcursions.com\/da\/udflugter\/isfjord-i-aaben-jolle\/","url":"https:\/\/arcticexcursions.com\/da\/udflugter\/isfjord-i-aaben-jolle\/","name":"Icefjord-b\u00e5dtur med en lukket b\u00e5d (2 timer) - Arctic Excursions","isPartOf":{"@id":"https:\/\/arcticexcursions.com\/#website"},"primaryImageOfPage":{"@id":"https:\/\/arcticexcursions.com\/da\/udflugter\/isfjord-i-aaben-jolle\/#primaryimage"},"image":{"@id":"https:\/\/arcticexcursions.com\/da\/udflugter\/isfjord-i-aaben-jolle\/#primaryimage"},"thumbnailUrl":"https:\/\/arcticexcursions.com\/wp-content\/uploads\/2023\/02\/A837D277-013C-4260-BF14-6F7C7A5F1231-scaled.jpeg","datePublished":"2023-02-17T16:59:34+00:00","dateModified":"2025-08-05T10:04:08+00:00","breadcrumb":{"@id":"https:\/\/arcticexcursions.com\/da\/udflugter\/isfjord-i-aaben-jolle\/#breadcrumb"},"inLanguage":"da-DK","potentialAction":[{"@type":"ReadAction","target":["https:\/\/arcticexcursions.com\/da\/udflugter\/isfjord-i-aaben-jolle\/"]}]},{"@type":"ImageObject","inLanguage":"da-DK","@id":"https:\/\/arcticexcursions.com\/da\/udflugter\/isfjord-i-aaben-jolle\/#primaryimage","url":"https:\/\/arcticexcursions.com\/wp-content\/uploads\/2023\/02\/A837D277-013C-4260-BF14-6F7C7A5F1231-scaled.jpeg","contentUrl":"https:\/\/arcticexcursions.com\/wp-content\/uploads\/2023\/02\/A837D277-013C-4260-BF14-6F7C7A5F1231-scaled.jpeg","width":2560,"height":1920},{"@type":"BreadcrumbList","@id":"https:\/\/arcticexcursions.com\/da\/udflugter\/isfjord-i-aaben-jolle\/#breadcrumb","itemListElement":[{"@type":"ListItem","position":1,"name":"Home","item":"https:\/\/arcticexcursions.com\/da\/"},{"@type":"ListItem","position":2,"name":"Udflugter i Gr\u00f8nland","item":"https:\/\/arcticexcursions.com\/da\/udflugter\/"},{"@type":"ListItem","position":3,"name":"Icefjord-b\u00e5dtur med en lukket b\u00e5d (2 timer)"}]},{"@type":"WebSite","@id":"https:\/\/arcticexcursions.com\/#website","url":"https:\/\/arcticexcursions.com\/","name":"Arctic Excursions","description":"New adventures. Every day.","publisher":{"@id":"https:\/\/arcticexcursions.com\/#organization"},"potentialAction":[{"@type":"SearchAction","target":{"@type":"EntryPoint","urlTemplate":"https:\/\/arcticexcursions.com\/?s={search_term_string}"},"query-input":{"@type":"PropertyValueSpecification","valueRequired":true,"valueName":"search_term_string"}}],"inLanguage":"da-DK"},{"@type":"Organization","@id":"https:\/\/arcticexcursions.com\/#organization","name":"Arctic Excursions","url":"https:\/\/arcticexcursions.com\/","logo":{"@type":"ImageObject","inLanguage":"da-DK","@id":"https:\/\/arcticexcursions.com\/#\/schema\/logo\/image\/","url":"https:\/\/arcticexcursions.com\/wp-content\/uploads\/2022\/11\/fb-logo.png","contentUrl":"https:\/\/arcticexcursions.com\/wp-content\/uploads\/2022\/11\/fb-logo.png","width":523,"height":523,"caption":"Arctic Excursions"},"image":{"@id":"https:\/\/arcticexcursions.com\/#\/schema\/logo\/image\/"}}]}},"_links":{"self":[{"href":"https:\/\/arcticexcursions.com\/da\/wp-json\/wp\/v2\/product\/9819"}],"collection":[{"href":"https:\/\/arcticexcursions.com\/da\/wp-json\/wp\/v2\/product"}],"about":[{"href":"https:\/\/arcticexcursions.com\/da\/wp-json\/wp\/v2\/types\/product"}],"replies":[{"embeddable":true,"href":"https:\/\/arcticexcursions.com\/da\/wp-json\/wp\/v2\/comments?post=9819"}],"wp:featuredmedia":[{"embeddable":true,"href":"https:\/\/arcticexcursions.com\/da\/wp-json\/wp\/v2\/media\/9644"}],"wp:attachment":[{"href":"https:\/\/arcticexcursions.com\/da\/wp-json\/wp\/v2\/media?parent=9819"}],"wp:term":[{"taxonomy":"product_brand","embeddable":true,"href":"https:\/\/arcticexcursions.com\/da\/wp-json\/wp\/v2\/product_brand?post=9819"},{"taxonomy":"product_cat","embeddable":true,"href":"https:\/\/arcticexcursions.com\/da\/wp-json\/wp\/v2\/product_cat?post=9819"},{"taxonomy":"product_tag","embeddable":true,"href":"https:\/\/arcticexcursions.com\/da\/wp-json\/wp\/v2\/product_tag?post=9819"}],"curies":[{"name":"wp","href":"https:\/\/api.w.org\/{rel}","templated":true}]}}