{"id":9905,"date":"2023-02-21T14:01:24","date_gmt":"2023-02-21T12:01:24","guid":{"rendered":"https:\/\/arcticexcursions.com\/?post_type=product&#038;p=9905"},"modified":"2026-03-27T21:42:11","modified_gmt":"2026-03-27T19:42:11","slug":"2-timers-snescooter-tur","status":"publish","type":"product","link":"https:\/\/arcticexcursions.com\/da\/udflugter\/2-timers-snescooter-tur\/","title":{"rendered":"2 timers snescooter tur"},"content":{"rendered":"<p>Her f\u00e5r du rig mulighed for at opleve naturen t\u00e6t p\u00e5.<br \/>\nHvis du har erfaring med at k\u00f8re snescooter, har du mulighed for at k\u00f8re selv, hvor din guide s\u00e5 k\u00f8rer en anden snescooter.<\/p>\n<p><b>Varighed:<\/b> 2 timer<\/p>\n<p><b>Deltagere:<\/b> Bem\u00e6rk venligst, at udflugten kun gennemf\u00f8res, hvis der er mindst 4 bookede billetter i alt. Hvis du for eksempel booker 2 billetter, skal der s\u00e6lges mindst 2 yderligere billetter til andre kunder, f\u00f8r turen kan finde sted. Der vil deltage maksimalt 4 personer.<\/p>\n<p><b>Sprog:<\/b> Guiden taler dansk, engelsk og gr\u00f8nlandsk<\/p>\n<p><b>Type af tur:<\/b> Guiden k\u00f8rer snescooteren. Deltagerne er passagerer.<\/p>\n<p><b>Anbefalet p\u00e5kl\u00e6dning:<\/b> Varmt t\u00f8j inkl. hue og handsker. Hjelm og varm dragt inkluderet.<\/p>\n","protected":false},"excerpt":{"rendered":"<p>Kom med ud p\u00e5 en snecootertur i Ilulissats baghave. <\/p>\n","protected":false},"featured_media":9521,"comment_status":"open","ping_status":"closed","template":"","meta":{"_acf_changed":false},"product_brand":[],"product_cat":[170],"product_tag":[],"class_list":{"0":"post-9905","1":"product","2":"type-product","3":"status-publish","4":"has-post-thumbnail","6":"product_cat-udflugt","7":"pa_dato-411","8":"pa_dato-343","9":"pa_dato-369","10":"pa_dato-412","11":"pa_dato-908","12":"pa_dato-883","13":"pa_dato-871","14":"pa_dato-857","15":"pa_dato-955","16":"pa_dato-872","17":"pa_dato-859","18":"pa_dato-886","19":"pa_dato-873","20":"pa_dato-861","21":"pa_dato-887","22":"pa_dato-874","23":"pa_dato-5987","24":"pa_dato-1266","25":"pa_dato-1348","26":"pa_dato-1351","27":"pa_dato-1267","28":"pa_dato-1352","29":"pa_dato-5998","30":"pa_dato-6426","31":"pa_dato-6323","32":"pa_tidspunkt-40","33":"pa_tidspunkt-304","34":"pa_tidspunkt-177","35":"pa_tidspunkt-190","36":"pa_tidspunkt-478","37":"tour_location-ilulissat-da","38":"tour_type-snescooter","39":"tour_tickettype-arctic_excursions","40":"tour_operator-authentic-greenland","42":"first","43":"instock","44":"shipping-taxable","45":"purchasable","46":"product-type-variable"},"acf":[],"yoast_head":"<!-- This site is optimized with the Yoast SEO plugin v23.6 - https:\/\/yoast.com\/wordpress\/plugins\/seo\/ -->\n<title>Arctic Excursions<\/title>\n<meta name=\"robots\" content=\"index, follow, max-snippet:-1, max-image-preview:large, max-video-preview:-1\" \/>\n<link rel=\"canonical\" href=\"https:\/\/arcticexcursions.com\/udflugter\/snowmobile-tour-2-hours\/\" \/>\n<meta property=\"og:locale\" content=\"da_DK\" \/>\n<meta property=\"og:type\" content=\"article\" \/>\n<meta property=\"og:title\" content=\"2 timers snescooter tur - Arctic Excursions\" \/>\n<meta property=\"og:description\" content=\"Kom med ud p\u00e5 en snecootertur i Ilulissats baghave.\" \/>\n<meta property=\"og:url\" content=\"https:\/\/arcticexcursions.com\/udflugter\/snowmobile-tour-2-hours\/\" \/>\n<meta property=\"og:site_name\" content=\"Arctic Excursions\" \/>\n<meta property=\"article:modified_time\" content=\"2026-03-27T19:42:11+00:00\" \/>\n<meta property=\"og:image\" content=\"https:\/\/arcticexcursions.com\/wp-content\/uploads\/2023\/02\/F627D368-4FBF-45CB-9798-DD6908383875-scaled.jpeg\" \/>\n\t<meta property=\"og:image:width\" content=\"2560\" \/>\n\t<meta property=\"og:image:height\" content=\"1441\" \/>\n\t<meta property=\"og:image:type\" content=\"image\/jpeg\" \/>\n<meta name=\"twitter:card\" content=\"summary_large_image\" \/>\n<meta name=\"twitter:label1\" content=\"Estimeret l\u00e6setid\" \/>\n\t<meta name=\"twitter:data1\" content=\"1 minut\" \/>\n<script type=\"application\/ld+json\" class=\"yoast-schema-graph\">{\"@context\":\"https:\/\/schema.org\",\"@graph\":[{\"@type\":\"WebPage\",\"@id\":\"https:\/\/arcticexcursions.com\/udflugter\/snowmobile-tour-2-hours\/\",\"url\":\"https:\/\/arcticexcursions.com\/udflugter\/snowmobile-tour-2-hours\/\",\"name\":\"2 timers snescooter tur - Arctic Excursions\",\"isPartOf\":{\"@id\":\"https:\/\/arcticexcursions.com\/#website\"},\"primaryImageOfPage\":{\"@id\":\"https:\/\/arcticexcursions.com\/udflugter\/snowmobile-tour-2-hours\/#primaryimage\"},\"image\":{\"@id\":\"https:\/\/arcticexcursions.com\/udflugter\/snowmobile-tour-2-hours\/#primaryimage\"},\"thumbnailUrl\":\"https:\/\/arcticexcursions.com\/wp-content\/uploads\/2023\/02\/F627D368-4FBF-45CB-9798-DD6908383875-scaled.jpeg\",\"datePublished\":\"2023-02-21T12:01:24+00:00\",\"dateModified\":\"2026-03-27T19:42:11+00:00\",\"breadcrumb\":{\"@id\":\"https:\/\/arcticexcursions.com\/udflugter\/snowmobile-tour-2-hours\/#breadcrumb\"},\"inLanguage\":\"da-DK\",\"potentialAction\":[{\"@type\":\"ReadAction\",\"target\":[\"https:\/\/arcticexcursions.com\/udflugter\/snowmobile-tour-2-hours\/\"]}]},{\"@type\":\"ImageObject\",\"inLanguage\":\"da-DK\",\"@id\":\"https:\/\/arcticexcursions.com\/udflugter\/snowmobile-tour-2-hours\/#primaryimage\",\"url\":\"https:\/\/arcticexcursions.com\/wp-content\/uploads\/2023\/02\/F627D368-4FBF-45CB-9798-DD6908383875-scaled.jpeg\",\"contentUrl\":\"https:\/\/arcticexcursions.com\/wp-content\/uploads\/2023\/02\/F627D368-4FBF-45CB-9798-DD6908383875-scaled.jpeg\",\"width\":2560,\"height\":1441},{\"@type\":\"BreadcrumbList\",\"@id\":\"https:\/\/arcticexcursions.com\/udflugter\/snowmobile-tour-2-hours\/#breadcrumb\",\"itemListElement\":[{\"@type\":\"ListItem\",\"position\":1,\"name\":\"Home\",\"item\":\"https:\/\/arcticexcursions.com\/da\/\"},{\"@type\":\"ListItem\",\"position\":2,\"name\":\"Udflugter i Gr\u00f8nland\",\"item\":\"https:\/\/arcticexcursions.com\/da\/udflugter\/\"},{\"@type\":\"ListItem\",\"position\":3,\"name\":\"2 timers snescooter tur\"}]},{\"@type\":\"WebSite\",\"@id\":\"https:\/\/arcticexcursions.com\/#website\",\"url\":\"https:\/\/arcticexcursions.com\/\",\"name\":\"Arctic Excursions\",\"description\":\"New adventures. Every day.\",\"publisher\":{\"@id\":\"https:\/\/arcticexcursions.com\/#organization\"},\"potentialAction\":[{\"@type\":\"SearchAction\",\"target\":{\"@type\":\"EntryPoint\",\"urlTemplate\":\"https:\/\/arcticexcursions.com\/?s={search_term_string}\"},\"query-input\":{\"@type\":\"PropertyValueSpecification\",\"valueRequired\":true,\"valueName\":\"search_term_string\"}}],\"inLanguage\":\"da-DK\"},{\"@type\":\"Organization\",\"@id\":\"https:\/\/arcticexcursions.com\/#organization\",\"name\":\"Arctic Excursions\",\"url\":\"https:\/\/arcticexcursions.com\/\",\"logo\":{\"@type\":\"ImageObject\",\"inLanguage\":\"da-DK\",\"@id\":\"https:\/\/arcticexcursions.com\/#\/schema\/logo\/image\/\",\"url\":\"https:\/\/arcticexcursions.com\/wp-content\/uploads\/2022\/11\/fb-logo.png\",\"contentUrl\":\"https:\/\/arcticexcursions.com\/wp-content\/uploads\/2022\/11\/fb-logo.png\",\"width\":523,\"height\":523,\"caption\":\"Arctic Excursions\"},\"image\":{\"@id\":\"https:\/\/arcticexcursions.com\/#\/schema\/logo\/image\/\"}}]}<\/script>\n<!-- \/ Yoast SEO plugin. -->","yoast_head_json":{"title":"Arctic Excursions","robots":{"index":"index","follow":"follow","max-snippet":"max-snippet:-1","max-image-preview":"max-image-preview:large","max-video-preview":"max-video-preview:-1"},"canonical":"https:\/\/arcticexcursions.com\/udflugter\/snowmobile-tour-2-hours\/","og_locale":"da_DK","og_type":"article","og_title":"2 timers snescooter tur - Arctic Excursions","og_description":"Kom med ud p\u00e5 en snecootertur i Ilulissats baghave.","og_url":"https:\/\/arcticexcursions.com\/udflugter\/snowmobile-tour-2-hours\/","og_site_name":"Arctic Excursions","article_modified_time":"2026-03-27T19:42:11+00:00","og_image":[{"width":2560,"height":1441,"url":"https:\/\/arcticexcursions.com\/wp-content\/uploads\/2023\/02\/F627D368-4FBF-45CB-9798-DD6908383875-scaled.jpeg","type":"image\/jpeg"}],"twitter_card":"summary_large_image","twitter_misc":{"Estimeret l\u00e6setid":"1 minut"},"schema":{"@context":"https:\/\/schema.org","@graph":[{"@type":"WebPage","@id":"https:\/\/arcticexcursions.com\/udflugter\/snowmobile-tour-2-hours\/","url":"https:\/\/arcticexcursions.com\/udflugter\/snowmobile-tour-2-hours\/","name":"2 timers snescooter tur - Arctic Excursions","isPartOf":{"@id":"https:\/\/arcticexcursions.com\/#website"},"primaryImageOfPage":{"@id":"https:\/\/arcticexcursions.com\/udflugter\/snowmobile-tour-2-hours\/#primaryimage"},"image":{"@id":"https:\/\/arcticexcursions.com\/udflugter\/snowmobile-tour-2-hours\/#primaryimage"},"thumbnailUrl":"https:\/\/arcticexcursions.com\/wp-content\/uploads\/2023\/02\/F627D368-4FBF-45CB-9798-DD6908383875-scaled.jpeg","datePublished":"2023-02-21T12:01:24+00:00","dateModified":"2026-03-27T19:42:11+00:00","breadcrumb":{"@id":"https:\/\/arcticexcursions.com\/udflugter\/snowmobile-tour-2-hours\/#breadcrumb"},"inLanguage":"da-DK","potentialAction":[{"@type":"ReadAction","target":["https:\/\/arcticexcursions.com\/udflugter\/snowmobile-tour-2-hours\/"]}]},{"@type":"ImageObject","inLanguage":"da-DK","@id":"https:\/\/arcticexcursions.com\/udflugter\/snowmobile-tour-2-hours\/#primaryimage","url":"https:\/\/arcticexcursions.com\/wp-content\/uploads\/2023\/02\/F627D368-4FBF-45CB-9798-DD6908383875-scaled.jpeg","contentUrl":"https:\/\/arcticexcursions.com\/wp-content\/uploads\/2023\/02\/F627D368-4FBF-45CB-9798-DD6908383875-scaled.jpeg","width":2560,"height":1441},{"@type":"BreadcrumbList","@id":"https:\/\/arcticexcursions.com\/udflugter\/snowmobile-tour-2-hours\/#breadcrumb","itemListElement":[{"@type":"ListItem","position":1,"name":"Home","item":"https:\/\/arcticexcursions.com\/da\/"},{"@type":"ListItem","position":2,"name":"Udflugter i Gr\u00f8nland","item":"https:\/\/arcticexcursions.com\/da\/udflugter\/"},{"@type":"ListItem","position":3,"name":"2 timers snescooter tur"}]},{"@type":"WebSite","@id":"https:\/\/arcticexcursions.com\/#website","url":"https:\/\/arcticexcursions.com\/","name":"Arctic Excursions","description":"New adventures. Every day.","publisher":{"@id":"https:\/\/arcticexcursions.com\/#organization"},"potentialAction":[{"@type":"SearchAction","target":{"@type":"EntryPoint","urlTemplate":"https:\/\/arcticexcursions.com\/?s={search_term_string}"},"query-input":{"@type":"PropertyValueSpecification","valueRequired":true,"valueName":"search_term_string"}}],"inLanguage":"da-DK"},{"@type":"Organization","@id":"https:\/\/arcticexcursions.com\/#organization","name":"Arctic Excursions","url":"https:\/\/arcticexcursions.com\/","logo":{"@type":"ImageObject","inLanguage":"da-DK","@id":"https:\/\/arcticexcursions.com\/#\/schema\/logo\/image\/","url":"https:\/\/arcticexcursions.com\/wp-content\/uploads\/2022\/11\/fb-logo.png","contentUrl":"https:\/\/arcticexcursions.com\/wp-content\/uploads\/2022\/11\/fb-logo.png","width":523,"height":523,"caption":"Arctic Excursions"},"image":{"@id":"https:\/\/arcticexcursions.com\/#\/schema\/logo\/image\/"}}]}},"_links":{"self":[{"href":"https:\/\/arcticexcursions.com\/da\/wp-json\/wp\/v2\/product\/9905"}],"collection":[{"href":"https:\/\/arcticexcursions.com\/da\/wp-json\/wp\/v2\/product"}],"about":[{"href":"https:\/\/arcticexcursions.com\/da\/wp-json\/wp\/v2\/types\/product"}],"replies":[{"embeddable":true,"href":"https:\/\/arcticexcursions.com\/da\/wp-json\/wp\/v2\/comments?post=9905"}],"wp:featuredmedia":[{"embeddable":true,"href":"https:\/\/arcticexcursions.com\/da\/wp-json\/wp\/v2\/media\/9521"}],"wp:attachment":[{"href":"https:\/\/arcticexcursions.com\/da\/wp-json\/wp\/v2\/media?parent=9905"}],"wp:term":[{"taxonomy":"product_brand","embeddable":true,"href":"https:\/\/arcticexcursions.com\/da\/wp-json\/wp\/v2\/product_brand?post=9905"},{"taxonomy":"product_cat","embeddable":true,"href":"https:\/\/arcticexcursions.com\/da\/wp-json\/wp\/v2\/product_cat?post=9905"},{"taxonomy":"product_tag","embeddable":true,"href":"https:\/\/arcticexcursions.com\/da\/wp-json\/wp\/v2\/product_tag?post=9905"}],"curies":[{"name":"wp","href":"https:\/\/api.w.org\/{rel}","templated":true}]}}